{"id":858,"date":"2020-07-28T10:38:52","date_gmt":"2020-07-28T08:38:52","guid":{"rendered":"https:\/\/agora.xtec.cat\/iesmollet\/?page_id=858"},"modified":"2020-08-05T10:09:19","modified_gmt":"2020-08-05T08:09:19","slug":"que-fem","status":"publish","type":"page","link":"https:\/\/agora.xtec.cat\/iesmollet\/que-fem\/","title":{"rendered":"Qu\u00e8 fem?"},"content":{"rendered":"<h5>ESO<\/h5>\n<p>La finalitat de l\u2019educaci\u00f3 secund\u00e0ria obligat\u00f2ria \u00e9s l\u2019assoliment de les compet\u00e8ncies que permeti a tots els alumnes:<br \/>\na) Assegurar un desenvolupament personal i social s\u00f2lid amb relaci\u00f3 a l\u2019autonomia personal, la interdepend\u00e8ncia amb altres persones i la gesti\u00f3 de l\u2019afectivitat.<br \/>\nb) Desenvolupar en el nivell adequat, com a forma de coneixement reflexiu, de formaci\u00f3 de pensament i d\u2019expressi\u00f3 d\u2019idees, les habilitats i compet\u00e8ncies culturals, personals i socials.<br \/>\nL\u2019educaci\u00f3 secund\u00e0ria obligat\u00f2ria ha de garantir la igualtat real d\u2019oportunitats per desenvolupar les capacitats individuals, socials, intel\u00b7lectuals, art\u00edstiques, culturals i emocionals de tots els nois i les noies que cursen aquesta etapa. Per aconseguir-ho, cal una educaci\u00f3 de qualitat adaptada a les necessitats de l\u2019alumnat que afavoreixi l\u2019\u00e8xit escolar i l\u2019equitat en la seva aplicaci\u00f3 i distribuci\u00f3 en el territori.<\/p>\n<table style=\"width: 983px;\">\n<tbody>\n<tr>\n<td style=\"width: 70px;\" rowspan=\"2\"><strong>ESO<\/strong><\/p>\n<p>&nbsp;<\/td>\n<td style=\"width: 63px;\"><strong>1r<\/strong><\/p>\n<p><strong>2n<\/strong><\/p>\n<p><strong>3r<\/strong><\/td>\n<td style=\"width: 840px;\" colspan=\"2\">Les mat\u00e8ries comunes dels tres primers cursos de l\u2019educaci\u00f3 secund\u00e0ria obligat\u00f2ria s\u00f3n:<\/p>\n<p>\u00b7\u00a0\u00a0\u00a0\u00a0\u00a0\u00a0\u00a0\u00a0 Ci\u00e8ncies de la naturalesa (biologia i geologia a primer i tercer; f\u00edsica i qu\u00edmica a segon i tercer)<\/p>\n<p>\u00b7\u00a0\u00a0\u00a0\u00a0\u00a0\u00a0\u00a0\u00a0 Ci\u00e8ncies socials: geografia i hist\u00f2ria.<\/p>\n<p>\u00b7\u00a0\u00a0\u00a0\u00a0\u00a0\u00a0\u00a0\u00a0 Educaci\u00f3 f\u00edsica.<\/p>\n<p>\u00b7\u00a0\u00a0\u00a0\u00a0\u00a0\u00a0\u00a0\u00a0 Educaci\u00f3 visual i pl\u00e0stica.<\/p>\n<p>\u00b7\u00a0\u00a0\u00a0\u00a0\u00a0\u00a0\u00a0\u00a0 Llengua catalana i literatura, llengua castellana i literatura.<\/p>\n<p>\u00b7\u00a0\u00a0\u00a0\u00a0\u00a0\u00a0\u00a0\u00a0 Llengua estrangera.<\/p>\n<p>\u00b7\u00a0\u00a0\u00a0\u00a0\u00a0\u00a0\u00a0\u00a0 Matem\u00e0tiques.<\/p>\n<p>\u00b7\u00a0\u00a0\u00a0\u00a0\u00a0\u00a0\u00a0\u00a0 M\u00fasica.<\/p>\n<p>\u00b7\u00a0\u00a0\u00a0\u00a0\u00a0\u00a0\u00a0\u00a0 Tecnologia.<\/p>\n<p>\u00b7\u00a0\u00a0\u00a0\u00a0\u00a0\u00a0\u00a0\u00a0 Religi\u00f3 o cultura i valors \u00e8tics.<\/p>\n<p>Mat\u00e8ries optatives de cultura cl\u00e0ssica, emprenedoria i segona llengua estrangera (franc\u00e8s).<\/td>\n<\/tr>\n<tr>\n<td style=\"width: 63px;\"><strong>4t<\/strong><\/td>\n<td style=\"width: 443px;\">Les mat\u00e8ries comunes:<\/p>\n<p>\u00b7\u00a0\u00a0\u00a0\u00a0\u00a0\u00a0\u00a0\u00a0 Ci\u00e8ncies socials (geografia i hist\u00f2ria)<\/p>\n<p>\u00b7\u00a0\u00a0\u00a0\u00a0\u00a0\u00a0\u00a0\u00a0 Educaci\u00f3 f\u00edsica.<\/p>\n<p>\u00b7\u00a0\u00a0\u00a0\u00a0\u00a0\u00a0\u00a0\u00a0 Llengua catalana i literatura, llengua castellana i literatura.<\/p>\n<p>\u00b7\u00a0\u00a0\u00a0\u00a0\u00a0\u00a0\u00a0\u00a0 Llengua estrangera.<\/p>\n<p>\u00b7\u00a0\u00a0\u00a0\u00a0\u00a0\u00a0\u00a0\u00a0 Matem\u00e0tiques.<\/p>\n<p>\u00b7\u00a0\u00a0\u00a0\u00a0\u00a0\u00a0\u00a0\u00a0 Religi\u00f3 o cultura i valors \u00e8tics<\/p>\n<p>&nbsp;<\/td>\n<td style=\"width: 395px;\">Les mat\u00e8ries optatives:<\/p>\n<p>\u00b7\u00a0\u00a0\u00a0\u00a0\u00a0\u00a0\u00a0\u00a0 Biologia i geologia.<\/p>\n<p>\u00b7\u00a0\u00a0\u00a0\u00a0\u00a0\u00a0\u00a0\u00a0 F\u00edsica i qu\u00edmica.<\/p>\n<p>\u00b7\u00a0\u00a0\u00a0\u00a0\u00a0\u00a0\u00a0\u00a0 Llat\u00ed.<\/p>\n<p>\u00b7\u00a0\u00a0\u00a0\u00a0\u00a0\u00a0\u00a0\u00a0 Economia.<\/p>\n<p>\u00b7\u00a0\u00a0\u00a0\u00a0\u00a0\u00a0\u00a0\u00a0 Emprenedoria.<\/p>\n<p>\u00b7\u00a0\u00a0\u00a0\u00a0\u00a0\u00a0\u00a0\u00a0 Tecnologia.<\/p>\n<p>\u00b7\u00a0\u00a0\u00a0\u00a0\u00a0\u00a0\u00a0\u00a0 Inform\u00e0tica.<\/p>\n<p>\u00b7\u00a0\u00a0\u00a0\u00a0\u00a0\u00a0\u00a0\u00a0 Segona llengua estrangera (franc\u00e8s).<\/p>\n<p>\u00b7\u00a0\u00a0\u00a0\u00a0\u00a0\u00a0\u00a0\u00a0 Educaci\u00f3 visual i pl\u00e0stica.<\/p>\n<p>\u00b7\u00a0\u00a0\u00a0\u00a0\u00a0\u00a0\u00a0\u00a0 Dibuix art\u00edstic.<\/p>\n<p>\u00b7\u00a0\u00a0\u00a0\u00a0\u00a0\u00a0\u00a0\u00a0 Filosofia.<\/p>\n<p>\u00b7\u00a0\u00a0\u00a0\u00a0\u00a0\u00a0\u00a0\u00a0 M\u00fasica.<\/p>\n<p>\u00b7\u00a0\u00a0\u00a0\u00a0\u00a0\u00a0\u00a0\u00a0 Cultura cient\u00edfica.<\/p>\n<p>\u00b7\u00a0\u00a0\u00a0\u00a0\u00a0\u00a0\u00a0\u00a0 Cultura cl\u00e0ssica<\/td>\n<\/tr>\n<\/tbody>\n<\/table>\n<p><strong>Activitats a l\u2019ESO que fem o hi participem <\/strong><\/p>\n<table>\n<tbody>\n<tr>\n<td style=\"width: 358.75px; text-align: center;\"><strong>Pla lector <\/strong><\/td>\n<td style=\"width: 233.75px; text-align: center;\"><strong>Picalletres<\/strong><\/td>\n<td style=\"width: 242.5px; text-align: center;\"><strong>\u00a0Concurs de lectura en veu alta<\/strong><\/td>\n<\/tr>\n<tr>\n<td style=\"width: 358.75px; text-align: center;\"><a href=\"https:\/\/agora.xtec.cat\/iesmollet\/wp-content\/uploads\/usu655\/2020\/08\/pla-lector.jpg\"><img loading=\"lazy\" decoding=\"async\" class=\"alignnone size-full wp-image-884 aligncenter\" src=\"https:\/\/agora.xtec.cat\/iesmollet\/wp-content\/uploads\/usu655\/2020\/08\/pla-lector.jpg\" alt=\"\" width=\"177\" height=\"118\" \/><\/a><\/td>\n<td style=\"width: 233.75px; text-align: center;\"><a href=\"https:\/\/agora.xtec.cat\/iesmollet\/wp-content\/uploads\/usu655\/2020\/08\/pica-lletres.jpg\"><img loading=\"lazy\" decoding=\"async\" class=\"alignnone size-full wp-image-883\" src=\"https:\/\/agora.xtec.cat\/iesmollet\/wp-content\/uploads\/usu655\/2020\/08\/pica-lletres.jpg\" alt=\"\" width=\"133\" height=\"124\" \/><\/a><\/td>\n<td style=\"width: 242.5px; text-align: center;\"><a href=\"https:\/\/agora.xtec.cat\/iesmollet\/wp-content\/uploads\/usu655\/2020\/08\/concurs-lectura.jpg\"><img loading=\"lazy\" decoding=\"async\" class=\"alignnone size-full wp-image-882\" src=\"https:\/\/agora.xtec.cat\/iesmollet\/wp-content\/uploads\/usu655\/2020\/08\/concurs-lectura.jpg\" alt=\"\" width=\"232\" height=\"129\" \/><\/a><\/td>\n<\/tr>\n<tr>\n<td style=\"width: 358.75px; text-align: center;\"><a href=\"http:\/\/xtec.gencat.cat\/ca\/projectes\/lectura\/pladelectura\/\">http:\/\/xtec.gencat.cat\/ca\/projectes\/lectura\/pladelectura\/<\/a><\/td>\n<td style=\"width: 233.75px; text-align: center;\"><a href=\"http:\/\/www.picalletres.net\/cms\/\">http:\/\/www.picalletres.net\/cms\/<\/a><\/td>\n<td style=\"width: 242.5px; text-align: center;\"><a href=\"https:\/\/www.lecturaenveualta.cat\/\">https:\/\/www.lecturaenveualta.cat\/<\/a><\/td>\n<\/tr>\n<tr>\n<td style=\"width: 358.75px; text-align: center;\"><strong>\u00a0Proves Cangur de matem\u00e0tiques<\/strong><\/td>\n<td style=\"width: 233.75px; text-align: center;\"><strong>Col\u00f2nies d&#8217;immersi\u00f3 d&#8217;angl\u00e8s a 2n d&#8217;ESO<\/strong><\/td>\n<td style=\"width: 242.5px; text-align: center;\">\u00a0<strong>R\u00e0dio Mollet<\/strong><\/td>\n<\/tr>\n<tr>\n<td style=\"width: 358.75px; text-align: center;\"><a href=\"https:\/\/agora.xtec.cat\/iesmollet\/wp-content\/uploads\/usu655\/2020\/08\/proves-cangur.jpg\"><img loading=\"lazy\" decoding=\"async\" class=\"alignnone size-full wp-image-881\" src=\"https:\/\/agora.xtec.cat\/iesmollet\/wp-content\/uploads\/usu655\/2020\/08\/proves-cangur.jpg\" alt=\"\" width=\"201\" height=\"134\" srcset=\"https:\/\/agora.xtec.cat\/iesmollet\/wp-content\/uploads\/usu655\/2020\/08\/proves-cangur.jpg 201w, https:\/\/agora.xtec.cat\/iesmollet\/wp-content\/uploads\/usu655\/2020\/08\/proves-cangur-200x134.jpg 200w\" sizes=\"auto, (max-width: 201px) 100vw, 201px\" \/><\/a><\/td>\n<td style=\"width: 233.75px; text-align: center;\"><a href=\"https:\/\/agora.xtec.cat\/iesmollet\/wp-content\/uploads\/usu655\/2020\/08\/xanascat.jpg\"><img loading=\"lazy\" decoding=\"async\" class=\"alignnone size-full wp-image-879\" src=\"https:\/\/agora.xtec.cat\/iesmollet\/wp-content\/uploads\/usu655\/2020\/08\/xanascat.jpg\" alt=\"\" width=\"190\" height=\"123\" \/><\/a><\/td>\n<td style=\"width: 242.5px; text-align: center;\"><a href=\"https:\/\/agora.xtec.cat\/iesmollet\/wp-content\/uploads\/usu655\/2020\/08\/radio-mollet.jpg\"><img loading=\"lazy\" decoding=\"async\" class=\"alignnone size-full wp-image-880\" src=\"https:\/\/agora.xtec.cat\/iesmollet\/wp-content\/uploads\/usu655\/2020\/08\/radio-mollet.jpg\" alt=\"\" width=\"225\" height=\"134\" \/><\/a><\/td>\n<\/tr>\n<tr>\n<td style=\"width: 358.75px; text-align: center;\">\u00a0<a href=\"https:\/\/www.cangur.org\/\">https:\/\/www.cangur.org\/<\/a><\/td>\n<td style=\"width: 233.75px; text-align: center;\"><a href=\"https:\/\/xanascat.gencat.cat\/ca\/inici\">https:\/\/xanascat.gencat.cat\/ca\/inici<\/a><\/td>\n<td style=\"width: 242.5px; text-align: center;\"><a href=\"https:\/\/www.radiomollet.com\/\">https:\/\/www.radiomollet.com\/<\/a><\/td>\n<\/tr>\n<\/tbody>\n<\/table>\n<p>&nbsp;<\/p>\n","protected":false},"excerpt":{"rendered":"<p>ESO<br \/>\nLa finalitat de l\u2019educaci\u00f3 secund\u00e0ria obligat\u00f2ria \u00e9s l\u2019assoliment de les compet\u00e8ncies que permeti a tots els alumnes:<br \/>\na) Assegurar un desenvolupament personal i social s\u00f2lid amb relaci\u00f3 a l\u2019autonomia personal, la interdepend\u00e8ncia amb altres persones i la gesti\u00f3 de l\u2019afectivitat.<br \/>\nb) Desenvolupar en el nivell adequat, com&hellip;  <a href=\"https:\/\/agora.xtec.cat\/iesmollet\/que-fem\/\" title=\"Read Qu\u00e8 fem?\">Llegeix m\u00e9s\u00bb<\/a><\/p>\n","protected":false},"author":1,"featured_media":0,"parent":0,"menu_order":0,"comment_status":"closed","ping_status":"closed","template":"","meta":{"_bbp_topic_count":0,"_bbp_reply_count":0,"_bbp_total_topic_count":0,"_bbp_total_reply_count":0,"_bbp_voice_count":0,"_bbp_anonymous_reply_count":0,"_bbp_topic_count_hidden":0,"_bbp_reply_count_hidden":0,"_bbp_forum_subforum_count":0,"footnotes":""},"class_list":["post-858","page","type-page","status-publish","hentry"],"post_mailing_queue_ids":[],"_links":{"self":[{"href":"https:\/\/agora.xtec.cat\/iesmollet\/wp-json\/wp\/v2\/pages\/858","targetHints":{"allow":["GET"]}}],"collection":[{"href":"https:\/\/agora.xtec.cat\/iesmollet\/wp-json\/wp\/v2\/pages"}],"about":[{"href":"https:\/\/agora.xtec.cat\/iesmollet\/wp-json\/wp\/v2\/types\/page"}],"author":[{"embeddable":true,"href":"https:\/\/agora.xtec.cat\/iesmollet\/wp-json\/wp\/v2\/users\/1"}],"replies":[{"embeddable":true,"href":"https:\/\/agora.xtec.cat\/iesmollet\/wp-json\/wp\/v2\/comments?post=858"}],"version-history":[{"count":3,"href":"https:\/\/agora.xtec.cat\/iesmollet\/wp-json\/wp\/v2\/pages\/858\/revisions"}],"predecessor-version":[{"id":886,"href":"https:\/\/agora.xtec.cat\/iesmollet\/wp-json\/wp\/v2\/pages\/858\/revisions\/886"}],"wp:attachment":[{"href":"https:\/\/agora.xtec.cat\/iesmollet\/wp-json\/wp\/v2\/media?parent=858"}],"curies":[{"name":"wp","href":"https:\/\/api.w.org\/{rel}","templated":true}]}}