{"id":77,"date":"2014-09-18T10:29:25","date_gmt":"2014-09-18T09:29:25","guid":{"rendered":"http:\/\/agora.xtec.cat\/iesmollet\/?page_id=77"},"modified":"2025-03-21T09:04:34","modified_gmt":"2025-03-21T08:04:34","slug":"transport-escolar","status":"publish","type":"page","link":"https:\/\/agora.xtec.cat\/iesmollet\/serveis\/transport-escolar\/","title":{"rendered":"Transport escolar"},"content":{"rendered":"<p data-start=\"97\" data-end=\"282\">Actualment, el nostre institut no disposa de servei de transport escolar organitzat. No obstant aix\u00f2, comptem amb diverses opcions de transport p\u00fablic que faciliten l\u2019acc\u00e9s al centre.<\/p>\n<p data-start=\"284\" data-end=\"569\">L\u2019institut es troba a poca dist\u00e0ncia de dues estacions de tren, fet que permet una connexi\u00f3 r\u00e0pida i c\u00f2moda amb diferents poblacions. A m\u00e9s, disposem d\u2019una parada d\u2019autob\u00fas de la companyia Sagal\u00e9s molt a prop del centre, oferint una alternativa de mobilitat pr\u00e0ctica per a l\u2019alumnat. Recomanem consultar els horaris i recorreguts disponibles per planificar el trajecte de manera eficient.<\/p>\n","protected":false},"excerpt":{"rendered":"<p>Actualment, el nostre institut no disposa de servei de transport escolar organitzat. No obstant aix\u00f2, comptem amb diverses opcions de transport p\u00fablic que faciliten l\u2019acc\u00e9s al centre.<br \/>\nL\u2019institut es troba a poca dist\u00e0ncia de dues estacions de tren, fet que permet una connexi\u00f3 r\u00e0pida i c\u00f2moda&hellip;  <a href=\"https:\/\/agora.xtec.cat\/iesmollet\/serveis\/transport-escolar\/\" title=\"Read Transport escolar\">Llegeix m\u00e9s\u00bb<\/a><\/p>\n","protected":false},"author":1,"featured_media":0,"parent":63,"menu_order":50,"comment_status":"closed","ping_status":"closed","template":"page-templates\/side-menu.php","meta":{"_bbp_topic_count":0,"_bbp_reply_count":0,"_bbp_total_topic_count":0,"_bbp_total_reply_count":0,"_bbp_voice_count":0,"_bbp_anonymous_reply_count":0,"_bbp_topic_count_hidden":0,"_bbp_reply_count_hidden":0,"_bbp_forum_subforum_count":0,"footnotes":""},"class_list":["post-77","page","type-page","status-publish","hentry"],"post_mailing_queue_ids":[],"_links":{"self":[{"href":"https:\/\/agora.xtec.cat\/iesmollet\/wp-json\/wp\/v2\/pages\/77","targetHints":{"allow":["GET"]}}],"collection":[{"href":"https:\/\/agora.xtec.cat\/iesmollet\/wp-json\/wp\/v2\/pages"}],"about":[{"href":"https:\/\/agora.xtec.cat\/iesmollet\/wp-json\/wp\/v2\/types\/page"}],"author":[{"embeddable":true,"href":"https:\/\/agora.xtec.cat\/iesmollet\/wp-json\/wp\/v2\/users\/1"}],"replies":[{"embeddable":true,"href":"https:\/\/agora.xtec.cat\/iesmollet\/wp-json\/wp\/v2\/comments?post=77"}],"version-history":[{"count":1,"href":"https:\/\/agora.xtec.cat\/iesmollet\/wp-json\/wp\/v2\/pages\/77\/revisions"}],"predecessor-version":[{"id":3386,"href":"https:\/\/agora.xtec.cat\/iesmollet\/wp-json\/wp\/v2\/pages\/77\/revisions\/3386"}],"up":[{"embeddable":true,"href":"https:\/\/agora.xtec.cat\/iesmollet\/wp-json\/wp\/v2\/pages\/63"}],"wp:attachment":[{"href":"https:\/\/agora.xtec.cat\/iesmollet\/wp-json\/wp\/v2\/media?parent=77"}],"curies":[{"name":"wp","href":"https:\/\/api.w.org\/{rel}","templated":true}]}}