{"id":727,"date":"2020-07-20T07:52:43","date_gmt":"2020-07-20T05:52:43","guid":{"rendered":"https:\/\/agora.xtec.cat\/iesmollet\/?page_id=727"},"modified":"2021-01-10T17:23:48","modified_gmt":"2021-01-10T16:23:48","slug":"modificacio-i-o-anul3lacio-de-matricula-en-ccff","status":"publish","type":"page","link":"https:\/\/agora.xtec.cat\/iesmollet\/modificacio-i-o-anul3lacio-de-matricula-en-ccff\/","title":{"rendered":"Modificaci\u00f3 i\/o anul\u00b7laci\u00f3 de matr\u00edcula en CCFF"},"content":{"rendered":"<p>L\u2019alumnat, o qui tingui la p\u00e0tria potestat si \u00e9s menor, pot sol\u00b7licitar, per qualsevol de les causes que s\u2019indiquen a continuaci\u00f3, la ren\u00fancia total o parcial a la matr\u00edcula de determinats m\u00f2duls o unitat formatives, per escrit i per una sola vegada, al director del centre. Cal presentar una sol\u00b7licitud juntament amb la documentaci\u00f3 que ho justifiqui.<\/p>\n<h5><strong>Ren\u00fancia total o parcial a la matr\u00edcula<\/strong><\/h5>\n<p>S\u00f3n causes suficients, si es justifiquen documentalment, per acceptar la ren\u00fancia total o parcial a la matr\u00edcula aquelles que generen una abs\u00e8ncia prolongada de classe, com ara:<\/p>\n<ul>\n<li>Malaltia o accident de l\u2019alumne o de familiars<\/li>\n<li>Atenci\u00f3 a familiars<\/li>\n<li>Maternitat o paternitat<\/li>\n<li>Canvi de condicions en el treball o incorporaci\u00f3 a un lloc de treball<\/li>\n<li>Altres circumst\u00e0ncies personals de car\u00e0cter extraordinari<\/li>\n<\/ul>\n<h5><strong>Els sup\u00f2sits d\u2019acceptaci\u00f3 de la ren\u00fancia a la matr\u00edcula<\/strong><\/h5>\n<p>En els sup\u00f2sits d\u2019acceptaci\u00f3 de la ren\u00fancia a la matr\u00edcula, l\u2019alumne afectat:<\/p>\n<ul>\n<li>Conserva el dret de reserva de pla\u00e7a per al curs seg\u00fcent.<\/li>\n<li>No perdre la qualificaci\u00f3 obtinguda en les unitats formatives superades.<\/li>\n<li>No se li computen les convocat\u00f2ries de les unitats formatives no qualificades.<\/li>\n<li>En el cas d\u2019haver-se iniciat, sense completar-la en anul\u00b7lar la matr\u00edcula, la formaci\u00f3 en centres de treball (FCT), es computen les hores de formaci\u00f3 en centre de treball efectivament realitzades.<\/li>\n<\/ul>\n","protected":false},"excerpt":{"rendered":"<p>L\u2019alumnat, o qui tingui la p\u00e0tria potestat si \u00e9s menor, pot sol\u00b7licitar, per qualsevol de les causes que s\u2019indiquen a continuaci\u00f3, la ren\u00fancia total o parcial a la matr\u00edcula de determinats m\u00f2duls o unitat formatives, per escrit i per una sola vegada, al director del&hellip;  <a href=\"https:\/\/agora.xtec.cat\/iesmollet\/modificacio-i-o-anul3lacio-de-matricula-en-ccff\/\" title=\"Read Modificaci\u00f3 i\/o anul\u00b7laci\u00f3 de matr\u00edcula en CCFF\">Llegeix m\u00e9s\u00bb<\/a><\/p>\n","protected":false},"author":1,"featured_media":0,"parent":0,"menu_order":0,"comment_status":"closed","ping_status":"closed","template":"","meta":{"_bbp_topic_count":0,"_bbp_reply_count":0,"_bbp_total_topic_count":0,"_bbp_total_reply_count":0,"_bbp_voice_count":0,"_bbp_anonymous_reply_count":0,"_bbp_topic_count_hidden":0,"_bbp_reply_count_hidden":0,"_bbp_forum_subforum_count":0,"footnotes":""},"class_list":["post-727","page","type-page","status-publish","hentry"],"post_mailing_queue_ids":[],"_links":{"self":[{"href":"https:\/\/agora.xtec.cat\/iesmollet\/wp-json\/wp\/v2\/pages\/727","targetHints":{"allow":["GET"]}}],"collection":[{"href":"https:\/\/agora.xtec.cat\/iesmollet\/wp-json\/wp\/v2\/pages"}],"about":[{"href":"https:\/\/agora.xtec.cat\/iesmollet\/wp-json\/wp\/v2\/types\/page"}],"author":[{"embeddable":true,"href":"https:\/\/agora.xtec.cat\/iesmollet\/wp-json\/wp\/v2\/users\/1"}],"replies":[{"embeddable":true,"href":"https:\/\/agora.xtec.cat\/iesmollet\/wp-json\/wp\/v2\/comments?post=727"}],"version-history":[{"count":3,"href":"https:\/\/agora.xtec.cat\/iesmollet\/wp-json\/wp\/v2\/pages\/727\/revisions"}],"predecessor-version":[{"id":1109,"href":"https:\/\/agora.xtec.cat\/iesmollet\/wp-json\/wp\/v2\/pages\/727\/revisions\/1109"}],"wp:attachment":[{"href":"https:\/\/agora.xtec.cat\/iesmollet\/wp-json\/wp\/v2\/media?parent=727"}],"curies":[{"name":"wp","href":"https:\/\/api.w.org\/{rel}","templated":true}]}}