{"id":726,"date":"2020-07-20T07:52:43","date_gmt":"2020-07-20T05:52:43","guid":{"rendered":"https:\/\/agora.xtec.cat\/iesmollet\/?page_id=726"},"modified":"2024-10-10T20:26:28","modified_gmt":"2024-10-10T18:26:28","slug":"sollicitud-de-convalidacions","status":"publish","type":"page","link":"https:\/\/agora.xtec.cat\/iesmollet\/sollicitud-de-convalidacions\/","title":{"rendered":"Sol\u00b7licitud de Convalidacions"},"content":{"rendered":"<p><strong>L\u2019alumnat que es matriculi per primera vegada en un cicle formatiu ha de demanar una \u00fanica sol\u00b7licitud, tant les convalidacions de primer com de segon curs. <\/strong><\/p>\n<p>La data l\u00edmit per presentar la sol\u00b7licitud de convalidaci\u00f3 a la secretaria del centre \u00e9s el 18 d\u2019octubre del 2024.<\/p>\n<p>L\u2019alumnat ha d\u2019assistir a classe de tots els m\u00f2duls o mat\u00e8ries en qu\u00e8 est\u00e0 matriculat mentre no tingui la resoluci\u00f3 positiva de les convalidacions sol\u00b7licitades.<\/p>\n<p>Per sol\u00b7licitar la convalidaci\u00f3 cal la seg\u00fcent documentaci\u00f3:<\/p>\n<ul>\n<li>Sol\u00b7licitud de convalidaci\u00f3 (document)<\/li>\n<li>Si l\u2019alumne t\u00e9 un altre cicle formatiu, cal presentar el t\u00edtol o resguard corresponent i el certificat acad\u00e8mic de qualificacions.<\/li>\n<li>Convalidacions de convalidacions no es poden fer, cal aportar el t\u00edtol i certificat corresponent.<\/li>\n<li>Si t\u00e9 unitats de compet\u00e8ncia acreditades, cal presentar certificat de professionalitat, certificat d\u2019acreditaci\u00f3 parcial d\u2019unitats de compet\u00e8ncia o certificat d\u2019acreditaci\u00f3 de compet\u00e8ncies.<\/li>\n<\/ul>\n<p><strong>\u00a0<\/strong>Efectes de les convalidacions<\/p>\n<ul>\n<li>El m\u00f2dul professional convalidat es traslladar\u00e0 la qualificaci\u00f3 obtinguda pel sol\u00b7licitant en el m\u00f2dul professional cursat que consti en el certificat de notes.<\/li>\n<li>Si l\u2019alumne ha fet formaci\u00f3 cont\u00ednua no reglada, aquesta no es pot convalidar amb cap unitat formativa ni m\u00f2dul de t\u00edtols oficials.<\/li>\n<\/ul>\n<ul>\n<li>En els cicles LOGSE: la qualificaci\u00f3 de \u201cconvalidat\u201d no es tindr\u00e0 en compte en el c\u00e0lcul de la qualificaci\u00f3 final del cicle.<\/li>\n<\/ul>\n<p><strong>\u00a0<\/strong><strong>CONVALIDACIONS DE CAR\u00c0CTER GENERAL<\/strong><\/p>\n<table>\n<tbody>\n<tr>\n<td width=\"191\">Formaci\u00f3 aportada<\/td>\n<td width=\"101\">Grau<\/td>\n<td width=\"193\">Formaci\u00f3 a convalidar<\/td>\n<td width=\"96\">Grau<\/td>\n<\/tr>\n<tr>\n<td width=\"191\">Formaci\u00f3 i orientaci\u00f3 laboral LOGSE (qualsevol cicle)<\/td>\n<td width=\"101\">Mig o Superior<\/td>\n<td width=\"193\">IPO I<\/p>\n<p>(qualsevol cicle)<\/td>\n<td width=\"96\">Mig o Superior<\/td>\n<\/tr>\n<tr>\n<td width=\"191\">Empresa i iniciativa Emprenedora LOE (qualsevol cicle)<\/td>\n<td width=\"101\">Mig o Superior<\/td>\n<td width=\"193\">IPO II<\/p>\n<p>(qualsevol cicle)<\/td>\n<td width=\"96\">Mig o Superior<\/td>\n<\/tr>\n<\/tbody>\n<\/table>\n<p>&nbsp;<\/p>\n<p>(*)Convalidaci\u00f3 de la UF2 de FOL:<\/p>\n<p>La UF2 de FOL, Prevenci\u00f3 de Riscos Laborals, es podr\u00e0 convalidar si l\u2019alumne est\u00e0 en posici\u00f3 del Certificat de Nivell B\u00e0sic en Prevenci\u00f3 de Riscos, expedit d\u2019acord amb el que es disposa al Reial Decret 39\/1997, de 17 de gener, pel qual s\u2019aprova el Reglament dels Serveis de Prevenci\u00f3.<\/p>\n<p>Requisits del certificat aportat per l\u2019alumne:<\/p>\n<ul>\n<li>Denominaci\u00f3 i segell de l\u2019entitat certificadora, i signatura de la persona responsable.<\/li>\n<li>Nom i cognoms de la persona que ha cursat la formaci\u00f3<\/li>\n<li>Denominaci\u00f3 i durada del curs (m\u00ednim 33 hores)<\/li>\n<li>Localitat i data d\u2019expedici\u00f3 del certificat.<\/li>\n<li>Text en que s\u2019indica \u201ccapacitat per al desenvolupament de funcions de nivell b\u00e0sic segons el RD 39\/1997\u201d<\/li>\n<\/ul>\n<p>Altres possibles convalidacions s\u2019han de resoldre com a convalidacions singulars a la Direcci\u00f3 General de Formaci\u00f3 Professional Inicial i Ensenyaments de R\u00e8gim Especial.<\/p>\n<h5><strong>CONVALIDACI\u00d3 D\u2019ANGL\u00c8S T\u00c8CNIC<\/strong><\/h5>\n<p>Per a unitats formatives de llengua estrangera de cicles de grau mitj\u00e0, cal aportar un nivell B1 (o superior) del Marc de Refer\u00e8ncia Europeu de Lleng\u00fces. Aquest nivell es correspon amb un 3r curs d\u2019Escola Oficial d\u2019Idiomes (havent-lo aprovat).<\/p>\n<p>En el cicles formatiu de grau mitj\u00e0 LOE, tamb\u00e9 es convalida si s\u2019ha cursat el m\u00f2dul professional \u201cAngl\u00e8s t\u00e8cnic\u201d en un altra cicle formatiu de grau mitj\u00e0 o grau superior LOE o grau superior (la convalidaci\u00f3 es resol en el propi centre).<\/p>\n<p>Per a unitats formatives de llengua estrangera de cicles de grau superior, cal aportat un nivell B2 (o superior) del Marc de Refer\u00e8ncia Europeu de Lleng\u00fces. Aquest nivell es correspon amb un 5\u00e8 d\u2019Escola Oficial d\u2019Idiomes (havent-lo aprovat).<\/p>\n<p>Altres certificacions reconegudes: First Certificate, Advance de la Universitat de Cambridge<\/p>\n<p>Podeu consultar les diferents convalidacions segons al cicle formatiu que us matriculeu segons la normativa.<\/p>\n<p><strong>CICLES FORMATIUS GRAU MITJ\u00c0<\/strong><\/p>\n<ul>\n<li><a href=\"http:\/\/xtec.gencat.cat\/ca\/curriculum\/professionals\/fp\/titolsloe\/instmanteniment\/\">Manteniment (IM10)<\/a><\/li>\n<li><a href=\"http:\/\/xtec.gencat.cat\/ca\/curriculum\/professionals\/fp\/titolsloe\/segumediambient\/\">Emerg\u00e8ncies i protecci\u00f3 civil (SM20)<\/a><\/li>\n<li><a href=\"http:\/\/xtec.gencat.cat\/ca\/curriculum\/professionals\/fp\/titolsloe\/electr\/\">Instal\u00b7lacions el\u00e8ctriques i autom\u00e0tiques (EE10)<\/a><\/li>\n<li><a href=\"http:\/\/xtec.gencat.cat\/ca\/curriculum\/professionals\/fp\/titolsloe\/transmantvehicles\/\">Electromec\u00e0nica de vehicles (TM10)<\/a><\/li>\n<li><a href=\"http:\/\/xtec.gencat.cat\/ca\/curriculum\/professionals\/fp\/titolsloe\/transmantvehicles\/\">Carrosseria (TM20)<\/a><\/li>\n<li><a href=\"http:\/\/xtec.gencat.cat\/ca\/curriculum\/professionals\/fp\/titolsloe\/quimica\/\">Operacions de laboratori (QU20)<\/a><\/li>\n<li><a href=\"http:\/\/xtec.gencat.cat\/ca\/curriculum\/professionals\/fp\/titolsloe\/fabmecanica\/\">Mecanitzaci\u00f3 (FM20)<\/a><\/li>\n<\/ul>\n<p><strong>CICLES FORMATIUS GRAU SUPERIOR<\/strong><\/p>\n<ul>\n<li><a href=\"http:\/\/xtec.gencat.cat\/ca\/curriculum\/professionals\/fp\/titolsloe\/instmanteniment\/\">Mecatr\u00f2nica (IMC0)<\/a><\/li>\n<li><a href=\"http:\/\/xtec.gencat.cat\/ca\/curriculum\/professionals\/fp\/titolsloe\/electr\/\">Automatitzaci\u00f3 i rob\u00f2tica industrial (EEB0)<\/a><\/li>\n<li><a href=\"http:\/\/xtec.gencat.cat\/ca\/curriculum\/professionals\/fp\/titolsloe\/transmantvehicles\/\">Automoci\u00f3 (TMA0)<\/a><\/li>\n<li><a href=\"http:\/\/xtec.gencat.cat\/ca\/curriculum\/professionals\/fp\/titolsloe\/quimica\/\">Qu\u00edmica industrial (QUA0)<\/a><\/li>\n<li><a href=\"http:\/\/xtec.gencat.cat\/ca\/curriculum\/professionals\/fp\/titolsloe\/fabmecanica\/\">Disseny en fabricaci\u00f3 mec\u00e0nica (FMC0)<\/a><\/li>\n<li><a href=\"http:\/\/xtec.gencat.cat\/ca\/curriculum\/professionals\/fp\/titolsloe\/fabmecanica\/\">Programaci\u00f3 de la producci\u00f3 en fabricaci\u00f3 mec\u00e0nica (FMB0)<\/a><\/li>\n<\/ul>\n<p><strong>\u00a0<\/strong><strong>CONVALIDACIONS PER ESTUDIS UNIVERSITARIS<\/strong><\/p>\n<p>Els alumnes matriculats en un cicle formatiu de grau superior que tingui aprovats un m\u00ednim de 30 cr\u00e8dits d\u2019un estudi universitari o 12 cr\u00e8dits ECTS poden sol\u00b7licitar la convalidaci\u00f3 d\u2019un o m\u00e9s m\u00f2duls o UF seg\u00fcents (aquesta convalidaci\u00f3 no s\u2019aplica a un alumne de grau mitj\u00e0)<\/p>\n<p>Cicle formatiu LOE:<\/p>\n<p>&#8211; UF1 \u201cIncorporaci\u00f3 al treball\u201d del m\u00f2dul de Formaci\u00f3 i Orientaci\u00f3 laboral.<\/p>\n<p>&#8211; Empresa i iniciativa emprenedora.<\/p>\n<p>Per determinar aquesta convalidaci\u00f3 \u00e9s d\u2019aplicaci\u00f3 el barem seg\u00fcent:<\/p>\n<ul>\n<li>entre 30 i 40 cr\u00e8dits universitaris o un m\u00ednim de 12 cr\u00e8dits ECTS dels estudis de grau aprovats: convalidaci\u00f3 d\u2019unitats formatives del cicle formatiu la suma dels quals no sigui superior a 66 hores lectives, \u2022 entre 41 i 50 cr\u00e8dits universitaris o un m\u00ednim de 16 cr\u00e8dits ECTS dels estudis de grau aprovats: convalidaci\u00f3 d\u2019unitats formatives del cicle formatiu la suma dels quals no sigui superior a 132 hores lectives,<\/li>\n<li>m\u00e9s de 50 cr\u00e8dits universitaris o m\u00e9s de 20 cr\u00e8dits ECTS dels estudis de grau aprovats: convalidaci\u00f3 d\u2019unitats formatives del cicle formatiu la suma dels quals no sigui superior a 198 hores lectives.<\/li>\n<\/ul>\n<p>En cap cas no es poden convalidar parts d\u2019unitats formatives.<\/p>\n<p><strong>\u00a0<\/strong>La tutoria del cicle formatiu ha de garantir a l\u2019alumne\/a interessat l\u2019orientaci\u00f3 suficient sobre les possibilitats de convalidaci\u00f3 en funci\u00f3 del curr\u00edculum universitari aprovat per l\u2019alumne\/a i la tipologia de les unitats formatives del cicle formatiu en qu\u00e8 s\u2019ha matriculat.<\/p>\n<p>Aix\u00ed mateix, es poden sol\u00b7licitar convalidacions d\u2019altres unitats formatives del cicle formatiu LOE que tinguin una relaci\u00f3 d\u2019afinitat amb els cr\u00e8dits universitaris aprovats. En aquest cas, amb la sol\u00b7licitud s\u2019ha d\u2019adjuntar el pla d\u2019estudis universitari cursat i el certificat acad\u00e8mic personal expedit pel centre universitari, amb indicaci\u00f3 de les hores de les diferents mat\u00e8ries i el programa de les mat\u00e8ries en qu\u00e8 es fonamenta la petici\u00f3 de convalidaci\u00f3.<\/p>\n<p>L\u2019ordre ECD\/1055\/2017 estableix que no existeix possibilitat de convalidaci\u00f3 entre estudis universitaris i ensenyaments professionals de grau mitj\u00e0.<\/p>\n<h5><strong>CONVALIDACIONS DERIVADES DEL RECONEIXEMENT DE L\u2019EXPERI\u00c8NCIA LABORAL<\/strong><\/h5>\n<p>Les persones que tenen experi\u00e8ncia laboral reconeguda acad\u00e8micament o formaci\u00f3 validada (acreditaci\u00f3 de compet\u00e8ncies, programa Qualifica\u2019t, programa d\u2019assessorament i reconeixement professional en la FP) han de presentar, un\u00a0 cop matriculats en el cicle formatiu corresponent, la sol\u00b7licitud de convalidaci\u00f3 dels m\u00f2duls o unitats formatives validades, aportant el corresponent certificat de validaci\u00f3<strong>.<\/strong><\/p>\n<h5><strong>CONVALIDACIONS DERIVADES D\u2019UNITATS DE COMPET\u00c8NCIES ACREDITADES<\/strong><\/h5>\n<p>Tenir acreditades oficialment alguna unitat de compet\u00e8ncia que formi part del cat\u00e0leg de qualificacions professionals permet convalidar els m\u00f2duls professionals corresponents establerts en la norma que regula cada t\u00edtol.\u00a0 Per fer-ho cal presentar algun dels documents seg\u00fcents:<\/p>\n<p>&#8211; Certificats de professionalitat elaborat en base al cat\u00e0leg de qualificacions professionals em\u00e8s pel SOC (Servei d\u2019Ocupaci\u00f3 de Catalunya)<\/p>\n<p>&#8211; Certificat d\u2019acreditaci\u00f3 parcial d\u2019unitats de compet\u00e8ncia del certificat de professionalitat, em\u00e8s pel SOC.<\/p>\n<ul>\n<li>Aquests certificats se sol\u00b7liciten a trav\u00e9s del web www.oficinadetreball.cat &gt; empreses i col\u00b7laboradors &gt; certificats de professionalitat<\/li>\n<\/ul>\n<p>o\u00a0\u00a0\u00a0 Els certificats emesos per un centre autoritzat pel SOC, NO tenen validesa a efectes de\u00a0 convalidaci\u00f3. Ha d\u2019estar em\u00e8s directament pel SOC<\/p>\n<p>&#8211; Certificat d\u2019acreditaci\u00f3 de compet\u00e8ncies professionals adquirides per experi\u00e8ncia laboral<\/p>\n<p>&nbsp;<\/p>\n<h5>Arxius:<\/h5>\n<ul>\n<li><img decoding=\"async\" src=\"http:\/\/www.insmollet.cat\/img\/file_icons\/pdf.png\" \/><a href=\"https:\/\/agora.xtec.cat\/iesmollet\/wp-content\/uploads\/usu655\/2020\/07\/Sol\u00b7licitud_de_Convalidacions_escriure.pdf\">\u00a0 Sol\u00b7licitud de convalidacions<\/a><\/li>\n<\/ul>\n","protected":false},"excerpt":{"rendered":"<p>L\u2019alumnat que es matriculi per primera vegada en un cicle formatiu ha de demanar una \u00fanica sol\u00b7licitud, tant les convalidacions de primer com de segon curs.<br \/>\nLa data l\u00edmit per presentar la sol\u00b7licitud de convalidaci\u00f3 a la secretaria del centre \u00e9s el 18 d\u2019octubre del&hellip;  <a href=\"https:\/\/agora.xtec.cat\/iesmollet\/sollicitud-de-convalidacions\/\" title=\"Read Sol\u00b7licitud de Convalidacions\">Llegeix m\u00e9s\u00bb<\/a><\/p>\n","protected":false},"author":1,"featured_media":0,"parent":0,"menu_order":0,"comment_status":"closed","ping_status":"closed","template":"","meta":{"_bbp_topic_count":0,"_bbp_reply_count":0,"_bbp_total_topic_count":0,"_bbp_total_reply_count":0,"_bbp_voice_count":0,"_bbp_anonymous_reply_count":0,"_bbp_topic_count_hidden":0,"_bbp_reply_count_hidden":0,"_bbp_forum_subforum_count":0,"footnotes":""},"class_list":["post-726","page","type-page","status-publish","hentry"],"post_mailing_queue_ids":[],"_links":{"self":[{"href":"https:\/\/agora.xtec.cat\/iesmollet\/wp-json\/wp\/v2\/pages\/726","targetHints":{"allow":["GET"]}}],"collection":[{"href":"https:\/\/agora.xtec.cat\/iesmollet\/wp-json\/wp\/v2\/pages"}],"about":[{"href":"https:\/\/agora.xtec.cat\/iesmollet\/wp-json\/wp\/v2\/types\/page"}],"author":[{"embeddable":true,"href":"https:\/\/agora.xtec.cat\/iesmollet\/wp-json\/wp\/v2\/users\/1"}],"replies":[{"embeddable":true,"href":"https:\/\/agora.xtec.cat\/iesmollet\/wp-json\/wp\/v2\/comments?post=726"}],"version-history":[{"count":4,"href":"https:\/\/agora.xtec.cat\/iesmollet\/wp-json\/wp\/v2\/pages\/726\/revisions"}],"predecessor-version":[{"id":3270,"href":"https:\/\/agora.xtec.cat\/iesmollet\/wp-json\/wp\/v2\/pages\/726\/revisions\/3270"}],"wp:attachment":[{"href":"https:\/\/agora.xtec.cat\/iesmollet\/wp-json\/wp\/v2\/media?parent=726"}],"curies":[{"name":"wp","href":"https:\/\/api.w.org\/{rel}","templated":true}]}}