{"id":714,"date":"2020-07-17T08:15:45","date_gmt":"2020-07-17T06:15:45","guid":{"rendered":"https:\/\/agora.xtec.cat\/iesmollet\/?page_id=714"},"modified":"2020-07-17T08:19:02","modified_gmt":"2020-07-17T06:19:02","slug":"innova","status":"publish","type":"page","link":"https:\/\/agora.xtec.cat\/iesmollet\/innova\/","title":{"rendered":"Innova"},"content":{"rendered":"<div class=\"col-md-12 tcenter\">\n<p><span class=\"bgc4 fotop\"><a class=\"fancybox\" title=\"Innova\" href=\"https:\/\/iesmollet.clickedu.eu\/private\/clickedu.iesmollet.net\/upload\/web_continguts\/fotos\/grans\/00000000113_1_Logo_blau.jpg\" rel=\"principal\"><img loading=\"lazy\" decoding=\"async\" class=\"img-responsive aligncenter\" title=\"Innova\" src=\"https:\/\/iesmollet.clickedu.eu\/private\/clickedu.iesmollet.net\/upload\/web_continguts\/fotos\/grans\/00000000113_1_Logo_blau.jpg\" alt=\"Innova\" width=\"421\" height=\"107\" \/><\/a><\/span><\/p>\n<\/div>\n<div class=\"col-md-12\">\n<div class=\"titular\">\n<p class=\"c5 bgpc1\"><strong style=\"font-family: inherit; font-size: 1em;\">En qu\u00e8 consisteix l\u2019innova FP?<\/strong><\/p>\n<\/div>\n<div class=\"text c3\">\n<p>\u00c9s una col\u00b7laboraci\u00f3 per a realitzar petits projectes que puguin ser d\u2019inter\u00e8s per l\u2019empresa i obtenir aix\u00ed una transfer\u00e8ncia de coneixements.<\/p>\n<p><strong>Qui ho fa?<\/strong><\/p>\n<p>Els alumnes dirigits pel seu professorat al centre docent.<\/p>\n<p><strong>Qui pot encarregar el projecte?<\/strong><\/p>\n<p>Qualsevol petita, mitjana o gran empresa o empresari aut\u00f2nom.<\/p>\n<p><strong>Quins s\u00f3n els \u00e0mbits?<\/strong><\/p>\n<p>Tots els que s\u2019imparteixen en el centre: electricitat, electr\u00f2nica, rob\u00f2tica, automoci\u00f3, qu\u00edmica, manteniment (Mecatr\u00f2nica) i fabricaci\u00f3 mec\u00e0nica.<\/p>\n<p><strong>Com es materialitza?<\/strong><\/p>\n<p>Mitjan\u00e7ant un conveni que signa el Centre docent i l\u2019empresa.<\/p>\n<p><strong>Quant costa?<\/strong><\/p>\n<p>No representa cap despesa extraordin\u00e0ria per l\u2019empresa, \u00fanicament el cost dels materials i una aportaci\u00f3 volunt\u00e0ria per part de l\u2019empresa que pot ser en diners o en materials pel desenvolupament del projecte.<\/p>\n<p><strong>Projectes realitzats:<\/strong><\/p>\n<p>Projecte d\u2019instal\u00b7laci\u00f3 el\u00e8ctrica (Mollet Auto) i Bra\u00e7 rob\u00f2tic (Bcn 3D tecnol\u00f2gics).<\/p>\n<p>Per qualsevol consulta o aclariment truqueu al 93.570.53.54<\/p>\n<p><b style=\"font-family: inherit; font-size: 1em;\">Arxius:<\/b><\/p>\n<\/div>\n<ul class=\"nolist\">\n<li><img decoding=\"async\" src=\"http:\/\/www.insmollet.cat\/img\/file_icons\/pdf.png\" \/><a href=\"https:\/\/agora.xtec.cat\/iesmollet\/wp-content\/uploads\/usu655\/2020\/07\/TRIPTIC_INNOVA.pdf\">\u00a0\u00a0Tr\u00edptic<\/a><\/li>\n<\/ul>\n<\/div>\n","protected":false},"excerpt":{"rendered":"<p><a class=\"fancybox\" title=\"Innova\" href=\"https:\/\/iesmollet.clickedu.eu\/private\/clickedu.iesmollet.net\/upload\/web_continguts\/fotos\/grans\/00000000113_1_Logo_blau.jpg\" rel=\"principal\"><\/a><\/p>\n<p>En qu\u00e8 consisteix l\u2019innova FP?<\/p>\n<p>\u00c9s una col\u00b7laboraci\u00f3 per a realitzar petits projectes que puguin ser d\u2019inter\u00e8s per l\u2019empresa i obtenir aix\u00ed una transfer\u00e8ncia de coneixements.<br \/>\nQui ho fa?<br \/>\nEls alumnes dirigits pel seu professorat al centre docent.<br \/>\nQui pot encarregar el projecte?<br \/>\nQualsevol petita, mitjana&hellip;  <a href=\"https:\/\/agora.xtec.cat\/iesmollet\/innova\/\" title=\"Read Innova\">Llegeix m\u00e9s\u00bb<\/a><\/p>\n","protected":false},"author":1,"featured_media":0,"parent":0,"menu_order":0,"comment_status":"closed","ping_status":"closed","template":"","meta":{"_bbp_topic_count":0,"_bbp_reply_count":0,"_bbp_total_topic_count":0,"_bbp_total_reply_count":0,"_bbp_voice_count":0,"_bbp_anonymous_reply_count":0,"_bbp_topic_count_hidden":0,"_bbp_reply_count_hidden":0,"_bbp_forum_subforum_count":0,"footnotes":""},"class_list":["post-714","page","type-page","status-publish","hentry"],"post_mailing_queue_ids":[],"_links":{"self":[{"href":"https:\/\/agora.xtec.cat\/iesmollet\/wp-json\/wp\/v2\/pages\/714","targetHints":{"allow":["GET"]}}],"collection":[{"href":"https:\/\/agora.xtec.cat\/iesmollet\/wp-json\/wp\/v2\/pages"}],"about":[{"href":"https:\/\/agora.xtec.cat\/iesmollet\/wp-json\/wp\/v2\/types\/page"}],"author":[{"embeddable":true,"href":"https:\/\/agora.xtec.cat\/iesmollet\/wp-json\/wp\/v2\/users\/1"}],"replies":[{"embeddable":true,"href":"https:\/\/agora.xtec.cat\/iesmollet\/wp-json\/wp\/v2\/comments?post=714"}],"version-history":[{"count":3,"href":"https:\/\/agora.xtec.cat\/iesmollet\/wp-json\/wp\/v2\/pages\/714\/revisions"}],"predecessor-version":[{"id":722,"href":"https:\/\/agora.xtec.cat\/iesmollet\/wp-json\/wp\/v2\/pages\/714\/revisions\/722"}],"wp:attachment":[{"href":"https:\/\/agora.xtec.cat\/iesmollet\/wp-json\/wp\/v2\/media?parent=714"}],"curies":[{"name":"wp","href":"https:\/\/api.w.org\/{rel}","templated":true}]}}