{"id":69,"date":"2014-09-18T10:15:07","date_gmt":"2014-09-18T09:15:07","guid":{"rendered":"http:\/\/agora.xtec.cat\/iesmollet\/?page_id=69"},"modified":"2025-03-21T08:57:10","modified_gmt":"2025-03-21T07:57:10","slug":"menjador-escolar","status":"publish","type":"page","link":"https:\/\/agora.xtec.cat\/iesmollet\/serveis\/menjador-escolar\/","title":{"rendered":"Menjador escolar"},"content":{"rendered":"<p>Actualment, el nostre institut no disposa de servei de menjador propi. No obstant aix\u00f2, oferim als nostres alumnes la possibilitat d\u2019accedir al servei de menjador del centre ve\u00ed Sant Jordi, amb el qual col\u00b7laborem per garantir aquest recurs a la nostra comunitat educativa.<\/p>\n<p>Aquest servei est\u00e0 pensat principalment per als alumnes de l\u2019ESO, per\u00f2 en cas de necessitat es pot valorar cada situaci\u00f3 de manera individual. Si esteu interessats en fer \u00fas del menjador escolar, podeu posar-vos en contacte directament amb l\u2019institut, i ens encarregarem de gestionar la sol\u00b7licitud.<\/p>\n","protected":false},"excerpt":{"rendered":"<p>Actualment, el nostre institut no disposa de servei de menjador propi. No obstant aix\u00f2, oferim als nostres alumnes la possibilitat d\u2019accedir al servei de menjador del centre ve\u00ed Sant Jordi, amb el qual col\u00b7laborem per garantir aquest recurs a la nostra comunitat educativa.<br \/>\nAquest servei est\u00e0&hellip;  <a href=\"https:\/\/agora.xtec.cat\/iesmollet\/serveis\/menjador-escolar\/\" title=\"Read Menjador escolar\">Llegeix m\u00e9s\u00bb<\/a><\/p>\n","protected":false},"author":1,"featured_media":0,"parent":63,"menu_order":20,"comment_status":"closed","ping_status":"closed","template":"page-templates\/side-menu.php","meta":{"_bbp_topic_count":0,"_bbp_reply_count":0,"_bbp_total_topic_count":0,"_bbp_total_reply_count":0,"_bbp_voice_count":0,"_bbp_anonymous_reply_count":0,"_bbp_topic_count_hidden":0,"_bbp_reply_count_hidden":0,"_bbp_forum_subforum_count":0,"footnotes":""},"class_list":["post-69","page","type-page","status-publish","hentry"],"post_mailing_queue_ids":[],"_links":{"self":[{"href":"https:\/\/agora.xtec.cat\/iesmollet\/wp-json\/wp\/v2\/pages\/69","targetHints":{"allow":["GET"]}}],"collection":[{"href":"https:\/\/agora.xtec.cat\/iesmollet\/wp-json\/wp\/v2\/pages"}],"about":[{"href":"https:\/\/agora.xtec.cat\/iesmollet\/wp-json\/wp\/v2\/types\/page"}],"author":[{"embeddable":true,"href":"https:\/\/agora.xtec.cat\/iesmollet\/wp-json\/wp\/v2\/users\/1"}],"replies":[{"embeddable":true,"href":"https:\/\/agora.xtec.cat\/iesmollet\/wp-json\/wp\/v2\/comments?post=69"}],"version-history":[{"count":1,"href":"https:\/\/agora.xtec.cat\/iesmollet\/wp-json\/wp\/v2\/pages\/69\/revisions"}],"predecessor-version":[{"id":3384,"href":"https:\/\/agora.xtec.cat\/iesmollet\/wp-json\/wp\/v2\/pages\/69\/revisions\/3384"}],"up":[{"embeddable":true,"href":"https:\/\/agora.xtec.cat\/iesmollet\/wp-json\/wp\/v2\/pages\/63"}],"wp:attachment":[{"href":"https:\/\/agora.xtec.cat\/iesmollet\/wp-json\/wp\/v2\/media?parent=69"}],"curies":[{"name":"wp","href":"https:\/\/api.w.org\/{rel}","templated":true}]}}