{"id":670,"date":"2020-07-17T07:26:51","date_gmt":"2020-07-17T05:26:51","guid":{"rendered":"https:\/\/agora.xtec.cat\/iesmollet\/?page_id=670"},"modified":"2021-07-23T16:26:17","modified_gmt":"2021-07-23T14:26:17","slug":"reconeixement","status":"publish","type":"page","link":"https:\/\/agora.xtec.cat\/iesmollet\/reconeixement\/","title":{"rendered":"Reconeixement"},"content":{"rendered":"<div id=\"contingut\" class=\"container-fluid\">\n<div class=\"container\">\n<div class=\"row\">\n<div class=\"col-md-9\">\n<div class=\"row\">\n<div class=\"col-md-12 contingut\">\n<div class=\"row\">\n<div class=\"col-md-12\">\n<div class=\"text c3\">\n<h5><b>SERVEI DE RECONEIXEMENT<\/b><\/h5>\n<p><span style=\"font-weight: 400;\">Aquest servei que com a objectiu recon\u00e8ixer els aprenentatges adquirits en amb l&#8217;experi\u00e8ncia laboral o en activitats socials relacionats amb un determinat cicle formatiu.<\/span><\/p>\n<p><span style=\"font-weight: 400;\">Una junta de reconeixement avalua al candidat. Aquesta est\u00e0 integrada per\u00a0 professors\u00a0del cicle formatiu-<\/span><\/p>\n<p><span style=\"font-weight: 400;\">La junta analitza l&#8217;informe d&#8217;assessorament,\u00a0i la documentaci\u00f3 que aporta la persona de les unitats formatives que vol que li siguin reconegudes. Es convocar\u00e0 al candidat per fer-li una entrevista personal i verificar els aprenentatges adquirits.<\/span><\/p>\n<p><span style=\"font-weight: 400;\">Les unitats formatives reconegudes per la junta permetran l\u00b4emissi\u00f3 d\u00b4un certificat per part de la secretaria del centre.<\/span><\/p>\n<p><span style=\"font-weight: 400;\">Posteriorment, si es vol\u00a0obtenir el t\u00edtol del cicle corresponent i convalidar les unitats formatives\u00a0 cal matricular-se, totalment o parcial, en el cicle formatiu corresponent, acreditant els requisits acad\u00e8mics d&#8217;acc\u00e9s que s&#8217;estableixen per als cicles formatius de grau mitj\u00e0 o superior.<\/span><\/p>\n<p><span style=\"font-weight: 400;\">Si es completa un cr\u00e8dit, una unitat formativa o un m\u00f2dul d&#8217;un cicle formatiu trav\u00e9s del reconeixement acad\u00e8mic, es far\u00e0 constar com a nota de \u201c5\u201den l&#8217;expedient<\/span><\/p>\n<p><b>Preu del Servei:<\/b><span style=\"font-weight: 400;\">\u00a018 \u20ac per Unitat Formativa.<\/span><\/p>\n<ul>\n<li style=\"font-weight: 400;\"><b>Bonificaci\u00f3 del 50 %<\/b><span style=\"font-weight: 400;\">\u00a0a les fam\u00edlies nombroses i monoparentals.<\/span><\/li>\n<\/ul>\n<ul>\n<li style=\"font-weight: 400;\"><b>Exempci\u00f3:<\/b><span style=\"font-weight: 400;\">\u00a0fam\u00edlies nombroses especials, minusv\u00e0lues igual o superior al 33%, persones subjectes a mesures privatives de llibertat, i v\u00edctimes d&#8217;actes terroristes (c\u00f2njuges i fills).<\/span><\/li>\n<\/ul>\n<h5><b>A qui va destinat?<\/b><\/h5>\n<p><span style=\"font-weight: 400;\">A les persones que han complert 18 anys i poden acreditar una experi\u00e8ncia laboral o una experi\u00e8ncia en activitats socials d\u2019almenys dos anys en el sector relacionat amb el cicle formatiu del qual volen recon\u00e8ixer els aprenentatges<\/span><\/p>\n<h5><b>On puc obtenir informaci\u00f3?<\/b><\/h5>\n<p><b>\u00a0<\/b><a href=\"http:\/\/queestudiar.gencat.cat\/ca\/estudis\/formacio_professional\/mesures_flexibilitzadores\/reconeixement_academic\/\"><b>http:\/\/queestudiar.gencat.cat\/ca\/estudis\/formacio_professional\/mesures_flexibilitzadores\/reconeixement_academic\/<\/b><\/a><\/p>\n<p><b>Sol\u00b7licitud del Servei:<\/b><b><br \/>\n<\/b><b>C<\/b><span style=\"font-weight: 400;\">al lliurar de forma personal a la secretaria del centre\u00a0una sol\u00b7licitud\u00a0escollint el cicle formatiu.<\/span><\/p>\n<ul>\n<li><img decoding=\"async\" src=\"http:\/\/www.insmollet.cat\/img\/file_icons\/pdf.png\" \/>\u00a0\u00a0<a href=\"https:\/\/agora.xtec.cat\/iesmollet\/wp-content\/uploads\/usu655\/2020\/07\/Sol\u00b7licitud-Reconeixement.pdf\">Sol\u00b7licitud servei reconeixement<\/a><\/li>\n<\/ul>\n<p>&nbsp;<\/p>\n<h5><b>Criteris d\u2019admissi\u00f3:<\/b><\/h5>\n<ul>\n<li style=\"font-weight: 400;\"><span style=\"font-weight: 400;\">L\u2019ordre d\u2019admissi\u00f3, als centres del Departament, es realitzar\u00e0 d\u2019acord als seg\u00fcents criteris:<\/span><\/li>\n<\/ul>\n<p><span style=\"font-weight: 400;\">Si el nombre de sol\u00b7licituds \u00e9s superior al nombre de places, en els centres p\u00fablics s\u2019aplicaran, successivament, els seg\u00fcents criteris:<\/span><\/p>\n<ul>\n<li style=\"font-weight: 400;\"><span style=\"font-weight: 400;\">a) Haver fet la fase d\u2019orientaci\u00f3 i assessorament o la fase d\u2019orientaci\u00f3, en qualsevol convocat\u00f2ria del proc\u00e9s per a l\u2019acreditaci\u00f3 de les compet\u00e8ncies professionals relatives a les unitats de compet\u00e8ncia establertes en els t\u00edtols de t\u00e8cnic i t\u00e8cnic superior de determinats cicles formatius de formaci\u00f3 professional del sistema educatiu, o b\u00e9 el servei d\u2019assessorament; en cas d\u2019empat es prioritzar\u00e0 la major edat.<\/span><\/li>\n<li style=\"font-weight: 400;\"><span style=\"font-weight: 400;\">b) El major temps de desenvolupament d\u2019experi\u00e8ncia laboral o en activitats socials relacionades amb el cicle formatiu.<\/span><\/li>\n<li style=\"font-weight: 400;\"><span style=\"font-weight: 400;\">C)Un cop aplicats els criteris precedents, si resten persones sense pla\u00e7a, se les podr\u00e0 reassignar a altres centres p\u00fablics o b\u00e9 tindran acc\u00e9s preferent per ser admeses en el mateix centre i cicle formatiu, en el curs acad\u00e8mic seg\u00fcent.<\/span><\/li>\n<\/ul>\n<h5><b>Oferta per fam\u00edlies professionals<\/b><\/h5>\n<p><b>Setembre 2020-juny 2021<\/b><\/p>\n<table>\n<tbody>\n<tr>\n<td><b>Cicle formatiu<\/b><\/td>\n<td><b>Places<\/b><\/td>\n<\/tr>\n<tr>\n<td><b>CFGM Operacions de laboratori<\/b><\/td>\n<td><b>3<\/b><\/td>\n<\/tr>\n<tr>\n<td><b>CFGS Qu\u00edmica Industrial<\/b><\/td>\n<td><b>3<\/b><\/td>\n<\/tr>\n<tr>\n<td><b>CFGS Mecatr\u00f2nica<\/b><\/td>\n<td><b>2<\/b><\/td>\n<\/tr>\n<tr>\n<td><b>CFGS Disseny en Fabricaci\u00f3 Mec\u00e0nica<\/b><\/td>\n<td><b>3<\/b><\/td>\n<\/tr>\n<tr>\n<td><b>CFGS Programaci\u00f3 de la producci\u00f3 en Fabricaci\u00f3 Mec\u00e0nica<\/b><\/td>\n<td><b>3<\/b><\/td>\n<\/tr>\n<tr>\n<td><b>CFGM. Instal\u00b7lacions el\u00e8ctriques i autom\u00e0tiques<\/b><\/td>\n<td><b>5<\/b><\/td>\n<\/tr>\n<tr>\n<td><b>CFGS. Automatitzaci\u00f3 i Rob\u00f2tica Industrial<\/b><\/td>\n<td><b>5<\/b><\/td>\n<\/tr>\n<tr>\n<td><b>CFGS. Automoci\u00f3<\/b><\/td>\n<td><b>2<\/b><\/td>\n<\/tr>\n<\/tbody>\n<\/table>\n<p>&nbsp;<\/p>\n<p>&nbsp;<\/p>\n<h5><b>INSCRIPCI\u00d3 AL SERVEI DE RECONEIXEMENT I PRESENTACI\u00d3 DE DOCUMENTACI\u00d3<\/b><\/h5>\n<p><span style=\"font-weight: 400;\">Per sol\u00b7licitar el servei\u00a0cal complir els requisits seg\u00fcents<\/span><span style=\"font-weight: 400;\">:<\/span><\/p>\n<ul>\n<li style=\"font-weight: 400;\"><span style=\"font-weight: 400;\">Haver complert\u00a018 anys,<\/span><\/li>\n<li style=\"font-weight: 400;\"><span style=\"font-weight: 400;\">Acreditar experi\u00e8ncia laboral o en activitats socials d&#8217;almenys\u00a02 anys en el sector,<\/span><\/li>\n<li style=\"font-weight: 400;\"><span style=\"font-weight: 400;\">Disposar de l&#8217;informe d&#8217;assessorament obtingut en el servei d&#8217;assessorament,\u00a0o document equivalent de convocat\u00f2ries d&#8217;acreditaci\u00f3 o validaci\u00f3 amb l&#8217;orientaci\u00f3 i\/o assessorament del mateix t\u00edtol o d&#8217;un t\u00edtol af\u00ed.<\/span><\/li>\n<\/ul>\n<p><b>Sol\u00b7licitud del Servei:<\/b> <span style=\"font-weight: 400;\">de forma presencial a la secretaria del centre o b\u00e9 online a <\/span><a href=\"mailto:secretaria@insmollet.cat\"><span style=\"font-weight: 400;\">secretaria@insmollet.cat<\/span><\/a><span style=\"font-weight: 400;\"> un cop finalitzat el proc\u00e9s d\u2019 assessorament.\u00a0<\/span><\/p>\n<p><b>Pagament del servei:<\/b><span style=\"font-weight: 400;\">\u00a0<\/span><\/p>\n<p><b>S&#8217;haur\u00e0 de fer un ingr\u00e9s de 18 \u20ac (per unitat formativa a recon\u00e8ixer) en el n\u00famero de compte ES04 2100 0372 71 0200055961, en l\u2019 apartat concepte \u00e9s imprescindible\u00a0 posar \u201cservei de reconeixement\u201d.<\/b><\/p>\n<p><span style=\"font-weight: 400;\">Atenci\u00f3: si sou clients de\u00a0La Caixa, potser us demanar\u00e0 introduir un codi d&#8217;entitat. El codi \u00e9s:\u00a00574590<\/span><b>.<\/b><\/p>\n<p><span style=\"font-weight: 400;\">La documentaci\u00f3 que caldr\u00e0 aportar \u00e9s:\u00a0<\/span><\/p>\n<ul>\n<li style=\"font-weight: 400;\"><span style=\"font-weight: 400;\">Full d\u00b4inscripci\u00f3 al servei de reconeixement.<\/span><\/li>\n<\/ul>\n<ul>\n<li style=\"font-weight: 400;\"><span style=\"font-weight: 400;\">Fotoc\u00f2pia del DNI, NIE o Passaport, acompanyat de l&#8217;original per a la seva verificaci\u00f3.<\/span><\/li>\n<li style=\"font-weight: 400;\"><span style=\"font-weight: 400;\">Informe d&#8217;assessorament.<\/span><\/li>\n<li style=\"font-weight: 400;\"><span style=\"font-weight: 400;\">Document justificatiu de la bonificaci\u00f3 o l&#8217;exempci\u00f3 del preu p\u00fablic, si \u00e9s el cas.<\/span><\/li>\n<li style=\"font-weight: 400;\"><span style=\"font-weight: 400;\">Resguard de pagament del preu establert<\/span><\/li>\n<\/ul>\n<p>&nbsp;<\/p>\n<ul>\n<li><img decoding=\"async\" src=\"http:\/\/www.insmollet.cat\/img\/file_icons\/pdf.png\" \/> <a href=\"https:\/\/agora.xtec.cat\/iesmollet\/wp-content\/uploads\/usu655\/2020\/07\/Inscripci\u00f3-reconeixement.pdf\"><span style=\"font-weight: 400;\">Full inscripci\u00f3<\/span><\/a><\/li>\n<\/ul>\n<h5><b>CALENDARI DEL SERVEI D\u00b4ASSESSORAMENT<\/b><\/h5>\n<p><b>Pendent de publicaci\u00f3.<\/b><\/p>\n<p><b>Per m\u00e9s informaci\u00f3 ens podeu escriure a <\/b><b><a href=\"mailto:assessorament@insmollet.cat\">assessorament@insmollet.cat<\/a><\/b><\/p>\n<\/div>\n<\/div>\n<\/div>\n<\/div>\n<\/div>\n<\/div>\n<\/div>\n<\/div>\n<\/div>\n","protected":false},"excerpt":{"rendered":"<p>SERVEI DE RECONEIXEMENT<br \/>\nAquest servei que com a objectiu recon\u00e8ixer els aprenentatges adquirits en amb l&#8217;experi\u00e8ncia laboral o en activitats socials relacionats amb un determinat cicle formatiu.<br \/>\nUna junta de reconeixement avalua al candidat. Aquesta est\u00e0 integrada per\u00a0 professors\u00a0del cicle formatiu-<br \/>\nLa junta analitza l&#8217;informe d&#8217;assessorament,\u00a0i la documentaci\u00f3&hellip;  <a href=\"https:\/\/agora.xtec.cat\/iesmollet\/reconeixement\/\" title=\"Read Reconeixement\">Llegeix m\u00e9s\u00bb<\/a><\/p>\n","protected":false},"author":1,"featured_media":0,"parent":0,"menu_order":0,"comment_status":"closed","ping_status":"closed","template":"","meta":{"_bbp_topic_count":0,"_bbp_reply_count":0,"_bbp_total_topic_count":0,"_bbp_total_reply_count":0,"_bbp_voice_count":0,"_bbp_anonymous_reply_count":0,"_bbp_topic_count_hidden":0,"_bbp_reply_count_hidden":0,"_bbp_forum_subforum_count":0,"footnotes":""},"class_list":["post-670","page","type-page","status-publish","hentry"],"post_mailing_queue_ids":[],"_links":{"self":[{"href":"https:\/\/agora.xtec.cat\/iesmollet\/wp-json\/wp\/v2\/pages\/670","targetHints":{"allow":["GET"]}}],"collection":[{"href":"https:\/\/agora.xtec.cat\/iesmollet\/wp-json\/wp\/v2\/pages"}],"about":[{"href":"https:\/\/agora.xtec.cat\/iesmollet\/wp-json\/wp\/v2\/types\/page"}],"author":[{"embeddable":true,"href":"https:\/\/agora.xtec.cat\/iesmollet\/wp-json\/wp\/v2\/users\/1"}],"replies":[{"embeddable":true,"href":"https:\/\/agora.xtec.cat\/iesmollet\/wp-json\/wp\/v2\/comments?post=670"}],"version-history":[{"count":4,"href":"https:\/\/agora.xtec.cat\/iesmollet\/wp-json\/wp\/v2\/pages\/670\/revisions"}],"predecessor-version":[{"id":1936,"href":"https:\/\/agora.xtec.cat\/iesmollet\/wp-json\/wp\/v2\/pages\/670\/revisions\/1936"}],"wp:attachment":[{"href":"https:\/\/agora.xtec.cat\/iesmollet\/wp-json\/wp\/v2\/media?parent=670"}],"curies":[{"name":"wp","href":"https:\/\/api.w.org\/{rel}","templated":true}]}}