{"id":67,"date":"2014-09-18T10:14:18","date_gmt":"2014-09-18T09:14:18","guid":{"rendered":"http:\/\/agora.xtec.cat\/iesmollet\/?page_id=67"},"modified":"2025-03-21T08:52:28","modified_gmt":"2025-03-21T07:52:28","slug":"biblioteca","status":"publish","type":"page","link":"https:\/\/agora.xtec.cat\/iesmollet\/serveis\/biblioteca\/","title":{"rendered":"Biblioteca"},"content":{"rendered":"<p><a href=\"https:\/\/agora.xtec.cat\/iesmollet\/wp-content\/uploads\/usu655\/2025\/03\/Rodoreda1_NoticiaAmpliada.jpg\"><img loading=\"lazy\" decoding=\"async\" class=\"wp-image-3382 alignleft\" src=\"https:\/\/agora.xtec.cat\/iesmollet\/wp-content\/uploads\/usu655\/2025\/03\/Rodoreda1_NoticiaAmpliada.jpg\" alt=\"\" width=\"250\" height=\"167\" srcset=\"https:\/\/agora.xtec.cat\/iesmollet\/wp-content\/uploads\/usu655\/2025\/03\/Rodoreda1_NoticiaAmpliada.jpg 720w, https:\/\/agora.xtec.cat\/iesmollet\/wp-content\/uploads\/usu655\/2025\/03\/Rodoreda1_NoticiaAmpliada-300x200.jpg 300w\" sizes=\"auto, (max-width: 250px) 100vw, 250px\" \/><\/a>L\u2019institut inaugura la seva nova biblioteca, un espai concebut per fomentar el benestar i l\u2019aprenentatge en un ambient tranquil i acollidor. A m\u00e9s de ser un punt de trobada per als amants de la lectura, la biblioteca tamb\u00e9 funcionar\u00e0 com a sala d\u2019estudi, oferint un entorn idoni per a la concentraci\u00f3 i el treball acad\u00e8mic.<a href=\"https:\/\/agora.xtec.cat\/iesmollet\/wp-content\/uploads\/usu655\/2025\/03\/371px-thumbnail.jpg\"><img loading=\"lazy\" decoding=\"async\" class=\"wp-image-3380 alignright\" src=\"https:\/\/agora.xtec.cat\/iesmollet\/wp-content\/uploads\/usu655\/2025\/03\/371px-thumbnail.jpg\" alt=\"\" width=\"232\" height=\"300\" srcset=\"https:\/\/agora.xtec.cat\/iesmollet\/wp-content\/uploads\/usu655\/2025\/03\/371px-thumbnail.jpg 371w, https:\/\/agora.xtec.cat\/iesmollet\/wp-content\/uploads\/usu655\/2025\/03\/371px-thumbnail-232x300.jpg 232w\" sizes=\"auto, (max-width: 232px) 100vw, 232px\" \/><\/a><\/p>\n<p>Amb una \u00e0mplia selecci\u00f3 de materials, que inclouen novel\u00b7les, c\u00f2mics, poesia, teatre i altres g\u00e8neres literaris, la biblioteca est\u00e0 orientada a despertar l\u2019inter\u00e8s per la lectura i a consolidar l\u2019h\u00e0bit lector com a eina fonamental per al progr\u00e9s acad\u00e8mic i professional.<\/p>\n<p>A m\u00e9s, dins de la biblioteca comptarem amb un Espai de la Calma, un rac\u00f3 especialment dissenyat per a aquells que necessitin un moment de desconnexi\u00f3 i tranquil\u00b7litat dins de la jornada escolar.<\/p>\n<p>Us convidem a visitar la nova biblioteca i a fer-la vostra: un espai per llegir, estudiar i cr\u00e9ixer acad\u00e8micament i personalment.<\/p>\n","protected":false},"excerpt":{"rendered":"<p><a href=\"https:\/\/agora.xtec.cat\/iesmollet\/wp-content\/uploads\/usu655\/2025\/03\/Rodoreda1_NoticiaAmpliada.jpg\"><\/a>L\u2019institut inaugura la seva nova biblioteca, un espai concebut per fomentar el benestar i l\u2019aprenentatge en un ambient tranquil i acollidor. A m\u00e9s de ser un punt de trobada per als amants de la lectura, la biblioteca tamb\u00e9 funcionar\u00e0 com a sala d\u2019estudi, oferint&hellip;  <a href=\"https:\/\/agora.xtec.cat\/iesmollet\/serveis\/biblioteca\/\" title=\"Read Biblioteca\">Llegeix m\u00e9s\u00bb<\/a><\/p>\n","protected":false},"author":1,"featured_media":0,"parent":63,"menu_order":20,"comment_status":"closed","ping_status":"closed","template":"page-templates\/side-menu.php","meta":{"_bbp_topic_count":0,"_bbp_reply_count":0,"_bbp_total_topic_count":0,"_bbp_total_reply_count":0,"_bbp_voice_count":0,"_bbp_anonymous_reply_count":0,"_bbp_topic_count_hidden":0,"_bbp_reply_count_hidden":0,"_bbp_forum_subforum_count":0,"footnotes":""},"class_list":["post-67","page","type-page","status-publish","hentry"],"post_mailing_queue_ids":[],"_links":{"self":[{"href":"https:\/\/agora.xtec.cat\/iesmollet\/wp-json\/wp\/v2\/pages\/67","targetHints":{"allow":["GET"]}}],"collection":[{"href":"https:\/\/agora.xtec.cat\/iesmollet\/wp-json\/wp\/v2\/pages"}],"about":[{"href":"https:\/\/agora.xtec.cat\/iesmollet\/wp-json\/wp\/v2\/types\/page"}],"author":[{"embeddable":true,"href":"https:\/\/agora.xtec.cat\/iesmollet\/wp-json\/wp\/v2\/users\/1"}],"replies":[{"embeddable":true,"href":"https:\/\/agora.xtec.cat\/iesmollet\/wp-json\/wp\/v2\/comments?post=67"}],"version-history":[{"count":5,"href":"https:\/\/agora.xtec.cat\/iesmollet\/wp-json\/wp\/v2\/pages\/67\/revisions"}],"predecessor-version":[{"id":3383,"href":"https:\/\/agora.xtec.cat\/iesmollet\/wp-json\/wp\/v2\/pages\/67\/revisions\/3383"}],"up":[{"embeddable":true,"href":"https:\/\/agora.xtec.cat\/iesmollet\/wp-json\/wp\/v2\/pages\/63"}],"wp:attachment":[{"href":"https:\/\/agora.xtec.cat\/iesmollet\/wp-json\/wp\/v2\/media?parent=67"}],"curies":[{"name":"wp","href":"https:\/\/api.w.org\/{rel}","templated":true}]}}