{"id":644,"date":"2020-07-17T07:02:32","date_gmt":"2020-07-17T05:02:32","guid":{"rendered":"https:\/\/agora.xtec.cat\/iesmollet\/?page_id=644"},"modified":"2025-03-21T08:58:32","modified_gmt":"2025-03-21T07:58:32","slug":"oferta-educativa","status":"publish","type":"page","link":"https:\/\/agora.xtec.cat\/iesmollet\/oferta-educativa\/","title":{"rendered":"Oferta Educativa"},"content":{"rendered":"<p>L\u2019INSTITUT MOLLET DEL VALL\u00c8S pel curs 2021-2022 disposa d\u2019aquests estudis.<\/p>\n<p><a href=\"https:\/\/agora.xtec.cat\/iesmollet\/wp-content\/uploads\/usu655\/2021\/04\/ESO_INFORME_OFERTA_OME_INFORME_OFERTA.pdf\">ESO_INFORME_OFERTA_OME_INFORME_OFERTA<\/a><\/p>\n<p><a href=\"https:\/\/agora.xtec.cat\/iesmollet\/wp-content\/uploads\/usu655\/2021\/06\/ESO_INFORME_OFERTA_OME_INFORME_FINAL.pdf\">ESO_INFORME_OFERTA_OME_INFORME_FINAL<\/a><\/p>\n<p><a href=\"https:\/\/agora.xtec.cat\/iesmollet\/wp-content\/uploads\/usu655\/2021\/05\/BAT_INFORME_OFERTA_OME_INFORME_OFERTA.pdf\">BAT_INFORME_OFERTA_OME_INFORME_OFERTA<\/a><\/p>\n<p><a href=\"https:\/\/agora.xtec.cat\/iesmollet\/wp-content\/uploads\/usu655\/2021\/05\/GM_INFORME_OFERTA_OME_INFORME_OFERTA-1.pdf\">GM_INFORME_OFERTA_OME_INFORME_OFERTA-1<\/a><\/p>\n<p><a href=\"https:\/\/agora.xtec.cat\/iesmollet\/wp-content\/uploads\/usu655\/2021\/05\/PFI_report_1050_oferta_inicial.pdf\">PFI_report_1050_oferta_inicial<\/a><\/p>\n<p><a href=\"https:\/\/agora.xtec.cat\/iesmollet\/wp-content\/uploads\/usu655\/2021\/05\/CFGB_INFORME_OFERTA_OME_INFORME_OFERTA.pdf\">CFGB_INFORME_OFERTA_OME_INFORME_OFERTA<\/a><\/p>\n<p><a href=\"https:\/\/agora.xtec.cat\/iesmollet\/wp-content\/uploads\/usu655\/2021\/05\/GS_INFORME_OFERTA_OME_INFORME_OFERTA.pdf\">GS_INFORME_OFERTA_OME_INFORME_OFERTA<\/a><\/p>\n<table width=\"581\">\n<tbody>\n<tr>\n<td colspan=\"2\" width=\"581\"><strong>ESO<\/strong><\/td>\n<\/tr>\n<tr>\n<td width=\"189\">NIVELLS<\/td>\n<td width=\"392\">1R, 2N, 3R I 4RT D\u2019ESO<\/td>\n<\/tr>\n<tr>\n<td width=\"189\">HORARI<\/td>\n<td width=\"392\">8:00 \u2013 14:40<\/td>\n<\/tr>\n<tr>\n<td width=\"189\"><em>Titulaci\u00f3<\/em><\/td>\n<td width=\"392\">T\u00edtol de Graduat en Educaci\u00f3 Secund\u00e0ria<\/td>\n<\/tr>\n<tr>\n<td width=\"189\"><em>Sortides acad\u00e8miques<\/em><\/td>\n<td width=\"392\">Batxillerat i cicles formatius de grau mig.<\/td>\n<\/tr>\n<tr>\n<td width=\"189\"><strong>\u00a0<\/strong><\/td>\n<td width=\"392\"><strong>\u00a0<\/strong><\/td>\n<\/tr>\n<tr>\n<td colspan=\"2\" width=\"581\"><strong>BATXILLERAT<\/strong><\/td>\n<\/tr>\n<tr>\n<td width=\"189\">MODALITAT<\/td>\n<td width=\"392\">ART\u00cdSTIC<\/p>\n<p>HUMAN\u00cdSTIC, SOCIAL, CI\u00c8NCIES I TECNOL\u00d2GIC<\/td>\n<\/tr>\n<tr>\n<td width=\"189\">HORARI<\/td>\n<td width=\"392\">8:00 \u2013 14:40<\/td>\n<\/tr>\n<tr>\n<td width=\"189\"><em>Titulaci\u00f3<\/em><\/td>\n<td width=\"392\">Batxillerat<\/td>\n<\/tr>\n<tr>\n<td width=\"189\"><em>Sortides acad\u00e8miques<\/em><\/td>\n<td width=\"392\">Cicles formatius i estudis universitaris<\/td>\n<\/tr>\n<tr>\n<td width=\"189\"><em>Requisits d\u2019acc\u00e9s<\/em><\/td>\n<td width=\"392\">T\u00edtol de Graduat en Educaci\u00f3 Secund\u00e0ria<\/td>\n<\/tr>\n<\/tbody>\n<\/table>\n<table width=\"581\">\n<tbody>\n<tr>\n<td colspan=\"5\" width=\"581\"><strong>CICLES FORMATIUS DE GRAU MITJ\u00c0<\/strong><\/td>\n<\/tr>\n<tr>\n<td rowspan=\"2\" width=\"167\"><strong>FAM\u00cdLIA PROFESSIONAL<\/strong><\/td>\n<td rowspan=\"2\" width=\"51\"><strong>CODI<\/strong><\/td>\n<td rowspan=\"2\" width=\"205\"><strong>DENOMINACI\u00d3 DEL CICLE<\/strong><\/td>\n<td colspan=\"2\" width=\"158\"><strong>TORN CURSOS<\/strong><\/td>\n<\/tr>\n<tr>\n<td width=\"103\"><strong>1R<\/strong><\/td>\n<td width=\"56\"><strong>2N<\/strong><\/td>\n<\/tr>\n<tr>\n<td width=\"167\">ELECTRICITAT<\/td>\n<td width=\"51\">EE10<\/td>\n<td width=\"205\">Instal\u00b7lacions el\u00e8ctriques i autom\u00e0tiques<\/td>\n<td width=\"103\">MAT\u00cd<\/td>\n<td width=\"56\">MAT\u00cd<\/td>\n<\/tr>\n<tr>\n<td rowspan=\"2\" width=\"167\">AUTOMOCI\u00d3<\/td>\n<td width=\"51\">TM10<\/td>\n<td width=\"205\">Electromec\u00e0nica de vehicles<\/td>\n<td width=\"103\">MAT\u00cd \/ TARDA<\/td>\n<td width=\"56\">MAT\u00cd<\/td>\n<\/tr>\n<tr>\n<td width=\"51\">TM20<\/td>\n<td width=\"205\">Carrosseria<\/td>\n<td width=\"103\">MAT\u00cd<\/td>\n<td width=\"56\">TARDA<\/td>\n<\/tr>\n<tr>\n<td width=\"167\">QU\u00cdMICA<\/td>\n<td width=\"51\">QU20<\/td>\n<td width=\"205\">Operacions de laboratori<\/td>\n<td width=\"103\">MAT\u00cd<\/td>\n<td width=\"56\">TARDA<\/td>\n<\/tr>\n<tr>\n<td width=\"167\">SEGURETAT I MEDI AMBIENT<\/td>\n<td width=\"51\">SM20<\/td>\n<td width=\"205\">Emerg\u00e8ncies i protecci\u00f3 civil<\/td>\n<td width=\"103\"><\/td>\n<td width=\"56\">TARDA<\/td>\n<\/tr>\n<tr>\n<td width=\"167\">FABRICACI\u00d3 MEC\u00c0NICA<\/td>\n<td width=\"51\">FM20<\/td>\n<td width=\"205\">Mecanitzaci\u00f3<\/td>\n<td width=\"103\">MAT\u00cd<\/td>\n<td width=\"56\">TARDA<\/td>\n<\/tr>\n<tr>\n<td width=\"167\">INSTAL\u00b7LACI\u00d3 I MANTENIMENT<\/td>\n<td width=\"51\">IM10<\/td>\n<td width=\"205\">Manteniment electromec\u00e0nic<\/td>\n<td width=\"103\"><\/td>\n<td width=\"56\"><\/td>\n<\/tr>\n<tr>\n<td width=\"167\"><em>Titulaci\u00f3<\/em><\/td>\n<td colspan=\"4\" width=\"415\">T\u00e8cnic en l\u2019especialitat estudiada<\/td>\n<\/tr>\n<tr>\n<td width=\"167\"><em>Sortides <\/em><\/td>\n<td colspan=\"4\" width=\"415\">Cicles formatius a grau superior i al m\u00f3n laboral<\/td>\n<\/tr>\n<tr>\n<td width=\"167\"><em>Requisits d\u2019acc\u00e9s<\/em><\/td>\n<td colspan=\"4\" width=\"415\">T\u00edtol de Graduat en Educaci\u00f3 Secund\u00e0ria o Prova d\u2019acc\u00e9s<\/td>\n<\/tr>\n<\/tbody>\n<\/table>\n<table width=\"581\">\n<tbody>\n<tr>\n<td colspan=\"5\" width=\"581\"><strong>CICLES FORMATIUS DE GRAU SUPERIOR<\/strong><\/td>\n<\/tr>\n<tr>\n<td rowspan=\"2\" width=\"167\"><strong>FAM\u00cdLIA PROFESSIONAL<\/strong><\/td>\n<td rowspan=\"2\" width=\"51\"><strong>CODI<\/strong><\/td>\n<td rowspan=\"2\" width=\"224\"><strong>DENOMINACI\u00d3 DEL CICLE<\/strong><\/td>\n<td colspan=\"2\" width=\"139\"><strong>TORN CURSOS<\/strong><\/td>\n<\/tr>\n<tr>\n<td width=\"76\"><strong>1R<\/strong><\/td>\n<td width=\"64\"><strong>2N<\/strong><\/td>\n<\/tr>\n<tr>\n<td width=\"167\">INSTAL\u00b7LACI\u00d3 I MANTENIMENT<\/td>\n<td width=\"51\">IMCO<\/td>\n<td width=\"224\">MECATR\u00d2NICA<\/td>\n<td width=\"76\">TARDA<\/td>\n<td width=\"64\">TARDA<\/td>\n<\/tr>\n<tr>\n<td width=\"167\">ELECTRICITAT<\/td>\n<td width=\"51\">EEB0<\/td>\n<td width=\"224\">Automatitzaci\u00f3 i rob\u00f2tica industrial<\/td>\n<td width=\"76\">TARDA<\/td>\n<td width=\"64\">TARDA<\/td>\n<\/tr>\n<tr>\n<td width=\"167\">AUTOMOCI\u00d3<\/td>\n<td width=\"51\">TMA0<\/td>\n<td width=\"224\">Automoci\u00f3<\/td>\n<td width=\"76\">MAT\u00cd<\/td>\n<td width=\"64\">TARDA<\/td>\n<\/tr>\n<tr>\n<td width=\"167\">QU\u00cdMICA<\/td>\n<td width=\"51\">QUA0<\/td>\n<td width=\"224\">Qu\u00edmica Industrial<\/td>\n<td width=\"76\">TARDA<\/td>\n<td width=\"64\">TARDA<\/td>\n<\/tr>\n<tr>\n<td rowspan=\"2\" width=\"167\">FABRICACI\u00d3 MEC\u00c0NICA<\/td>\n<td width=\"51\">FMB0<\/td>\n<td width=\"224\">Programaci\u00f3 de la producci\u00f3 en fabricaci\u00f3 mec\u00e0nica<\/td>\n<td width=\"76\">TARDA<\/td>\n<td width=\"64\">TARDA<\/td>\n<\/tr>\n<tr>\n<td width=\"51\">FMC0<\/td>\n<td width=\"224\">Disseny en fabricaci\u00f3 mec\u00e0nica<\/td>\n<td width=\"76\"><\/td>\n<td width=\"64\">TARDA<\/td>\n<\/tr>\n<tr>\n<td colspan=\"2\" width=\"218\"><em>Titulaci\u00f3<\/em><\/td>\n<td colspan=\"3\" width=\"364\">T\u00e8cnic superior en l\u2019especialitat estudiada<\/td>\n<\/tr>\n<tr>\n<td colspan=\"2\" width=\"218\"><em>Sortides <\/em><\/td>\n<td colspan=\"3\" width=\"364\">Universitat i al m\u00f3n laboral<\/td>\n<\/tr>\n<tr>\n<td colspan=\"2\" width=\"218\"><em>Requisits d\u2019acc\u00e9s<\/em><\/td>\n<td colspan=\"3\" width=\"364\">Batxillerat, Prova d\u2019acc\u00e9s o Cicle formatiu de grau mitj\u00e0 (excepte el cicle de la fam\u00edlia d\u2019esport)<\/td>\n<\/tr>\n<\/tbody>\n<\/table>\n<table width=\"581\">\n<tbody>\n<tr>\n<td colspan=\"3\" width=\"581\"><strong>PFI (Programes de formaci\u00f3 i inserci\u00f3)<\/strong><\/td>\n<\/tr>\n<tr>\n<td width=\"189\"><strong>FAM\u00cdLIA PROFESSIONAL<\/strong><\/td>\n<td width=\"281\"><strong>DENOMINACI\u00d3 DEL CICLE<\/strong><\/td>\n<td width=\"111\"><strong>TORN CURSOS<\/strong><\/td>\n<\/tr>\n<tr>\n<td width=\"189\">Instal\u00b7lacions i manteniment<\/td>\n<td width=\"281\">Auxiliar de fontaneria, calefacci\u00f3 i climatitzaci\u00f3<\/td>\n<td width=\"111\">TARDA<\/td>\n<\/tr>\n<tr>\n<td width=\"189\">Edificaci\u00f3 i obra civil<\/td>\n<td width=\"281\">Auxiliar de pintura<\/td>\n<td width=\"111\">TARDA<\/td>\n<\/tr>\n<tr>\n<td width=\"189\"><em>Titulaci\u00f3<\/em><\/td>\n<td colspan=\"2\" width=\"392\">T\u00edtol Professional B\u00e0sic<\/td>\n<\/tr>\n<tr>\n<td width=\"189\"><em>Sortides <\/em><\/td>\n<td colspan=\"2\" width=\"392\">Proves d\u2019acc\u00e9s a Grau Mitj\u00e0<\/td>\n<\/tr>\n<tr>\n<td width=\"189\"><em>Requisits d\u2019acc\u00e9s<\/em><\/td>\n<td colspan=\"2\" width=\"392\">Joves entre 16 i 21 anys que no han obtingut l\u2019ESO<\/td>\n<\/tr>\n<\/tbody>\n<\/table>\n<p>Nous estudis<\/p>\n<table>\n<tbody>\n<tr>\n<td colspan=\"3\" width=\"581\"><strong>Cicle formatiu grau b\u00e0sic<br \/>\n<\/strong><\/td>\n<\/tr>\n<tr>\n<td width=\"189\"><strong>FAM\u00cdLIA PROFESSIONAL<\/strong><\/td>\n<td width=\"281\"><strong>DENOMINACI\u00d3 DEL CICLE<\/strong><\/td>\n<td width=\"111\"><strong>TORN CURSOS<\/strong><\/td>\n<\/tr>\n<tr>\n<td width=\"189\">Fabricaci\u00f3 mec\u00e0nica I<\/td>\n<td width=\"281\">FABRICACI\u00d3 I MUNTATGE<\/td>\n<td width=\"111\">\u00a01r MAT\u00cd<\/td>\n<\/tr>\n<tr>\n<td width=\"189\">Instal\u00b7laci\u00f3 i manteniment<\/td>\n<td width=\"281\"><\/td>\n<td width=\"111\">\u00a02n MATI<\/td>\n<\/tr>\n<tr>\n<td width=\"189\"><em>Titulaci\u00f3<\/em><\/td>\n<td colspan=\"2\" width=\"392\">T\u00edtol Professional B\u00e0sic i ESO<\/td>\n<\/tr>\n<tr>\n<td width=\"189\"><em>Sortides <\/em><\/td>\n<td colspan=\"2\" width=\"392\">Batxillerat o cicle de grau mitj\u00e0<\/td>\n<\/tr>\n<tr>\n<td width=\"189\"><em>Requisits d\u2019acc\u00e9s<\/em><\/td>\n<td colspan=\"2\" width=\"392\">Derivaci\u00f3 obligat\u00f2ria del centre on actualment estudia l&#8217;ESO<\/td>\n<\/tr>\n<\/tbody>\n<\/table>\n<p><strong>Curs d&#8217;especialitzaci\u00f3 FABRICACI\u00d3 INTEL\u00b7LIGENT\u00a0 <\/strong>torn de tarda.<\/p>\n","protected":false},"excerpt":{"rendered":"<p>L\u2019INSTITUT MOLLET DEL VALL\u00c8S pel curs 2021-2022 disposa d\u2019aquests estudis.<br \/>\n<a href=\"https:\/\/agora.xtec.cat\/iesmollet\/wp-content\/uploads\/usu655\/2021\/04\/ESO_INFORME_OFERTA_OME_INFORME_OFERTA.pdf\">ESO_INFORME_OFERTA_OME_INFORME_OFERTA<\/a><br \/>\n<a href=\"https:\/\/agora.xtec.cat\/iesmollet\/wp-content\/uploads\/usu655\/2021\/06\/ESO_INFORME_OFERTA_OME_INFORME_FINAL.pdf\">ESO_INFORME_OFERTA_OME_INFORME_FINAL<\/a><br \/>\n<a href=\"https:\/\/agora.xtec.cat\/iesmollet\/wp-content\/uploads\/usu655\/2021\/05\/BAT_INFORME_OFERTA_OME_INFORME_OFERTA.pdf\">BAT_INFORME_OFERTA_OME_INFORME_OFERTA<\/a><br \/>\n<a href=\"https:\/\/agora.xtec.cat\/iesmollet\/wp-content\/uploads\/usu655\/2021\/05\/GM_INFORME_OFERTA_OME_INFORME_OFERTA-1.pdf\">GM_INFORME_OFERTA_OME_INFORME_OFERTA-1<\/a><br \/>\n<a href=\"https:\/\/agora.xtec.cat\/iesmollet\/wp-content\/uploads\/usu655\/2021\/05\/PFI_report_1050_oferta_inicial.pdf\">PFI_report_1050_oferta_inicial<\/a><br \/>\n<a href=\"https:\/\/agora.xtec.cat\/iesmollet\/wp-content\/uploads\/usu655\/2021\/05\/CFGB_INFORME_OFERTA_OME_INFORME_OFERTA.pdf\">CFGB_INFORME_OFERTA_OME_INFORME_OFERTA<\/a><br \/>\n<a href=\"https:\/\/agora.xtec.cat\/iesmollet\/wp-content\/uploads\/usu655\/2021\/05\/GS_INFORME_OFERTA_OME_INFORME_OFERTA.pdf\">GS_INFORME_OFERTA_OME_INFORME_OFERTA<\/a><\/p>\n<p>ESO<\/p>\n<p>NIVELLS<br \/>\n1R, 2N, 3R I 4RT D\u2019ESO<\/p>\n<p>HORARI<br \/>\n8:00 \u2013 14:40<\/p>\n<p>Titulaci\u00f3<br \/>\nT\u00edtol de Graduat en Educaci\u00f3 Secund\u00e0ria<\/p>\n<p>Sortides acad\u00e8miques<br \/>\nBatxillerat i cicles formatius de grau mig.<\/p>\n<p>\u00a0<br \/>\n\u00a0<\/p>\n<p>BATXILLERAT<\/p>\n<p>MODALITAT<br \/>\nART\u00cdSTIC<br \/>\nHUMAN\u00cdSTIC, SOCIAL, CI\u00c8NCIES I TECNOL\u00d2GIC<\/p>\n<p>HORARI<br \/>\n8:00 \u2013 14:40<\/p>\n<p>Titulaci\u00f3<br \/>\nBatxillerat<\/p>\n<p>Sortides acad\u00e8miques<br \/>\nCicles formatius i&hellip;  <a href=\"https:\/\/agora.xtec.cat\/iesmollet\/oferta-educativa\/\" title=\"Read Oferta Educativa\">Llegeix m\u00e9s\u00bb<\/a><\/p>\n","protected":false},"author":1,"featured_media":0,"parent":0,"menu_order":0,"comment_status":"closed","ping_status":"closed","template":"","meta":{"_bbp_topic_count":0,"_bbp_reply_count":0,"_bbp_total_topic_count":0,"_bbp_total_reply_count":0,"_bbp_voice_count":0,"_bbp_anonymous_reply_count":0,"_bbp_topic_count_hidden":0,"_bbp_reply_count_hidden":0,"_bbp_forum_subforum_count":0,"footnotes":""},"class_list":["post-644","page","type-page","status-publish","hentry"],"post_mailing_queue_ids":[],"_links":{"self":[{"href":"https:\/\/agora.xtec.cat\/iesmollet\/wp-json\/wp\/v2\/pages\/644","targetHints":{"allow":["GET"]}}],"collection":[{"href":"https:\/\/agora.xtec.cat\/iesmollet\/wp-json\/wp\/v2\/pages"}],"about":[{"href":"https:\/\/agora.xtec.cat\/iesmollet\/wp-json\/wp\/v2\/types\/page"}],"author":[{"embeddable":true,"href":"https:\/\/agora.xtec.cat\/iesmollet\/wp-json\/wp\/v2\/users\/1"}],"replies":[{"embeddable":true,"href":"https:\/\/agora.xtec.cat\/iesmollet\/wp-json\/wp\/v2\/comments?post=644"}],"version-history":[{"count":4,"href":"https:\/\/agora.xtec.cat\/iesmollet\/wp-json\/wp\/v2\/pages\/644\/revisions"}],"predecessor-version":[{"id":3385,"href":"https:\/\/agora.xtec.cat\/iesmollet\/wp-json\/wp\/v2\/pages\/644\/revisions\/3385"}],"wp:attachment":[{"href":"https:\/\/agora.xtec.cat\/iesmollet\/wp-json\/wp\/v2\/media?parent=644"}],"curies":[{"name":"wp","href":"https:\/\/api.w.org\/{rel}","templated":true}]}}