{"id":623,"date":"2020-07-17T00:10:21","date_gmt":"2020-07-16T22:10:21","guid":{"rendered":"https:\/\/agora.xtec.cat\/iesmollet\/?page_id=623"},"modified":"2024-04-23T10:25:50","modified_gmt":"2024-04-23T08:25:50","slug":"pfi-installacions-i-manteniment","status":"publish","type":"page","link":"https:\/\/agora.xtec.cat\/iesmollet\/pfi-installacions-i-manteniment\/","title":{"rendered":"PFI-Intal\u00b7lacions i manteniment"},"content":{"rendered":"<p>Auxiliar de fontaneria, calefacci\u00f3 i climatitzaci\u00f3<\/p>\n<p>Aquests estudis capaciten per dur a terme tasques auxiliars<br \/>\nd&#8217;instal\u00b7laci\u00f3 de canonades, manipulaci\u00f3 i uni\u00f3 de tubs de<br \/>\ndiferents tipus de materials, muntar i\/o desmuntar aparells<br \/>\nsanitaris, radiadors i aparells de climatitzaci\u00f3 d&#8217;\u00fas dom\u00e8stic,<br \/>\naix\u00ed com operacions auxiliars de muntatge d&#8217;instal\u00b7lacions<br \/>\nelectrot\u00e8cniques i de telecomunicacions en edificis.<\/p>\n<p>M\u00e9s informaci\u00f3, clickar: <a href=\"https:\/\/agora.xtec.cat\/iesmollet\/wp-content\/uploads\/usu655\/2024\/04\/PFI-Fontaneria.pdf\">PFI Fontaneria<\/a><\/p>\n","protected":false},"excerpt":{"rendered":"<p>Auxiliar de fontaneria, calefacci\u00f3 i climatitzaci\u00f3<br \/>\nAquests estudis capaciten per dur a terme tasques auxiliars<br \/>\nd&#8217;instal\u00b7laci\u00f3 de canonades, manipulaci\u00f3 i uni\u00f3 de tubs de<br \/>\ndiferents tipus de materials, muntar i\/o desmuntar aparells<br \/>\nsanitaris, radiadors i aparells de climatitzaci\u00f3 d&#8217;\u00fas dom\u00e8stic,<br \/>\naix\u00ed com operacions auxiliars de muntatge d&#8217;instal\u00b7lacions<br \/>\nelectrot\u00e8cniques i de telecomunicacions&hellip;  <a href=\"https:\/\/agora.xtec.cat\/iesmollet\/pfi-installacions-i-manteniment\/\" title=\"Read PFI-Intal\u00b7lacions i manteniment\">Llegeix m\u00e9s\u00bb<\/a><\/p>\n","protected":false},"author":1,"featured_media":0,"parent":0,"menu_order":0,"comment_status":"closed","ping_status":"closed","template":"","meta":{"_bbp_topic_count":0,"_bbp_reply_count":0,"_bbp_total_topic_count":0,"_bbp_total_reply_count":0,"_bbp_voice_count":0,"_bbp_anonymous_reply_count":0,"_bbp_topic_count_hidden":0,"_bbp_reply_count_hidden":0,"_bbp_forum_subforum_count":0,"footnotes":""},"class_list":["post-623","page","type-page","status-publish","hentry"],"post_mailing_queue_ids":[],"_links":{"self":[{"href":"https:\/\/agora.xtec.cat\/iesmollet\/wp-json\/wp\/v2\/pages\/623","targetHints":{"allow":["GET"]}}],"collection":[{"href":"https:\/\/agora.xtec.cat\/iesmollet\/wp-json\/wp\/v2\/pages"}],"about":[{"href":"https:\/\/agora.xtec.cat\/iesmollet\/wp-json\/wp\/v2\/types\/page"}],"author":[{"embeddable":true,"href":"https:\/\/agora.xtec.cat\/iesmollet\/wp-json\/wp\/v2\/users\/1"}],"replies":[{"embeddable":true,"href":"https:\/\/agora.xtec.cat\/iesmollet\/wp-json\/wp\/v2\/comments?post=623"}],"version-history":[{"count":3,"href":"https:\/\/agora.xtec.cat\/iesmollet\/wp-json\/wp\/v2\/pages\/623\/revisions"}],"predecessor-version":[{"id":2999,"href":"https:\/\/agora.xtec.cat\/iesmollet\/wp-json\/wp\/v2\/pages\/623\/revisions\/2999"}],"wp:attachment":[{"href":"https:\/\/agora.xtec.cat\/iesmollet\/wp-json\/wp\/v2\/media?parent=623"}],"curies":[{"name":"wp","href":"https:\/\/api.w.org\/{rel}","templated":true}]}}