{"id":607,"date":"2020-07-16T20:50:45","date_gmt":"2020-07-16T18:50:45","guid":{"rendered":"https:\/\/agora.xtec.cat\/iesmollet\/?page_id=607"},"modified":"2020-08-05T10:02:36","modified_gmt":"2020-08-05T08:02:36","slug":"assesorament-i-reconeixement","status":"publish","type":"page","link":"https:\/\/agora.xtec.cat\/iesmollet\/assesorament-i-reconeixement\/","title":{"rendered":"Assesorament i Reconeixement"},"content":{"rendered":"<div class=\"col-md-12 tcenter\"><span class=\"bgc4 fotop\"><img loading=\"lazy\" decoding=\"async\" class=\"img-responsive\" title=\"\" src=\"https:\/\/iesmollet.clickedu.eu\/private\/clickedu.iesmollet.net\/upload\/web_continguts\/fotos\/grans\/00000000110_1_logo_web_ass_rec.png\" alt=\"\" width=\"271\" height=\"135\" \/><\/span><\/div>\n<div class=\"col-md-12 tcenter\"><span class=\"bgc4 fotop\">\u00a0<\/span><\/div>\n<div class=\"col-md-12\">\n<h6 class=\"titular\"><span style=\"font-family: inherit; font-size: 1em; font-weight: normal;\">El centre <\/span><strong style=\"font-family: inherit; font-size: 1em;\">Institut Mollet del Vall\u00e8s<\/strong><span style=\"font-family: inherit; font-size: 1em; font-weight: normal;\"> ofereix el servei d&#8217;assessorament i reconeixement en algunes de les fam\u00edlies professionals existents al centre.<\/span><\/h6>\n<p>\u00c9s un servei per a treballadors que en el seu moment no van realitzar estudis i volen recon\u00e8ixer la seva experi\u00e8ncia laboral en un t\u00edtol formatiu de Grau Mitj\u00e0 o Superior.<\/p>\n<p>Entra als diferents apartats per tenir m\u00e9s informaci\u00f3.<\/p>\n<p><a href=\"https:\/\/agora.xtec.cat\/iesmollet\/wp-content\/uploads\/usu655\/2020\/08\/infografia_assessorament.jpg\"><img loading=\"lazy\" decoding=\"async\" class=\"alignnone size-large wp-image-877\" src=\"https:\/\/agora.xtec.cat\/iesmollet\/wp-content\/uploads\/usu655\/2020\/08\/infografia_assessorament-410x1024.jpg\" alt=\"\" width=\"410\" height=\"1024\" srcset=\"https:\/\/agora.xtec.cat\/iesmollet\/wp-content\/uploads\/usu655\/2020\/08\/infografia_assessorament-410x1024.jpg 410w, https:\/\/agora.xtec.cat\/iesmollet\/wp-content\/uploads\/usu655\/2020\/08\/infografia_assessorament-120x300.jpg 120w, https:\/\/agora.xtec.cat\/iesmollet\/wp-content\/uploads\/usu655\/2020\/08\/infografia_assessorament-768x1920.jpg 768w, https:\/\/agora.xtec.cat\/iesmollet\/wp-content\/uploads\/usu655\/2020\/08\/infografia_assessorament.jpg 800w\" sizes=\"auto, (max-width: 410px) 100vw, 410px\" \/><\/a><\/p>\n<\/div>\n","protected":false},"excerpt":{"rendered":"<p>\u00a0<\/p>\n<p>El centre Institut Mollet del Vall\u00e8s ofereix el servei d&#8217;assessorament i reconeixement en algunes de les fam\u00edlies professionals existents al centre.<br \/>\n\u00c9s un servei per a treballadors que en el seu moment no van realitzar estudis i volen recon\u00e8ixer la seva experi\u00e8ncia laboral en un t\u00edtol&hellip;  <a href=\"https:\/\/agora.xtec.cat\/iesmollet\/assesorament-i-reconeixement\/\" title=\"Read Assesorament i Reconeixement\">Llegeix m\u00e9s\u00bb<\/a><\/p>\n","protected":false},"author":1,"featured_media":0,"parent":0,"menu_order":0,"comment_status":"closed","ping_status":"closed","template":"","meta":{"_bbp_topic_count":0,"_bbp_reply_count":0,"_bbp_total_topic_count":0,"_bbp_total_reply_count":0,"_bbp_voice_count":0,"_bbp_anonymous_reply_count":0,"_bbp_topic_count_hidden":0,"_bbp_reply_count_hidden":0,"_bbp_forum_subforum_count":0,"footnotes":""},"class_list":["post-607","page","type-page","status-publish","hentry"],"post_mailing_queue_ids":[],"_links":{"self":[{"href":"https:\/\/agora.xtec.cat\/iesmollet\/wp-json\/wp\/v2\/pages\/607","targetHints":{"allow":["GET"]}}],"collection":[{"href":"https:\/\/agora.xtec.cat\/iesmollet\/wp-json\/wp\/v2\/pages"}],"about":[{"href":"https:\/\/agora.xtec.cat\/iesmollet\/wp-json\/wp\/v2\/types\/page"}],"author":[{"embeddable":true,"href":"https:\/\/agora.xtec.cat\/iesmollet\/wp-json\/wp\/v2\/users\/1"}],"replies":[{"embeddable":true,"href":"https:\/\/agora.xtec.cat\/iesmollet\/wp-json\/wp\/v2\/comments?post=607"}],"version-history":[{"count":3,"href":"https:\/\/agora.xtec.cat\/iesmollet\/wp-json\/wp\/v2\/pages\/607\/revisions"}],"predecessor-version":[{"id":878,"href":"https:\/\/agora.xtec.cat\/iesmollet\/wp-json\/wp\/v2\/pages\/607\/revisions\/878"}],"wp:attachment":[{"href":"https:\/\/agora.xtec.cat\/iesmollet\/wp-json\/wp\/v2\/media?parent=607"}],"curies":[{"name":"wp","href":"https:\/\/api.w.org\/{rel}","templated":true}]}}