{"id":513,"date":"2020-07-15T23:31:56","date_gmt":"2020-07-15T21:31:56","guid":{"rendered":"https:\/\/agora.xtec.cat\/iesmollet\/?page_id=513"},"modified":"2026-02-13T15:55:30","modified_gmt":"2026-02-13T14:55:30","slug":"expedicio-de-titols","status":"publish","type":"page","link":"https:\/\/agora.xtec.cat\/iesmollet\/expedicio-de-titols\/","title":{"rendered":"Expedici\u00f3 de t\u00edtols"},"content":{"rendered":"<h5>Les taxes per a l\u2019expedici\u00f3 de t\u00edtols acad\u00e8mics s\u00f3n:<\/h5>\n<ul>\n<li>T\u00edtol de t\u00e8cnic: 69.65\u20ac<\/li>\n<li>T\u00edtol de t\u00e8cnic superior: 78\u20ac<\/li>\n<li>T\u00edtol de Batxillerat: 69.65\u20ac<\/li>\n<li>T\u00edtol de la ESO: GRATU\u00cfT<\/li>\n<\/ul>\n<h5>Bonificacions i exempcions:<\/h5>\n<ul>\n<li>Bonificaci\u00f3 del 50% de l\u2019import per a:\n<ul>\n<li>membres de fam\u00edlia nombrosa de categoria general<\/li>\n<li>membres de fam\u00edlies monoparentals<\/li>\n<\/ul>\n<\/li>\n<li>Exempci\u00f3 del 100% del pagament per a:\n<ul>\n<li>membres de fam\u00edlia nombrosa de categoria especial<\/li>\n<li>v\u00edctimes del terrorisme (i els seus c\u00f2njuges i els seus fills)<\/li>\n<li>persones amb discapacitat igual o superior al 33%<\/li>\n<li>infants o adolescents en acolliment familiar<\/li>\n<\/ul>\n<\/li>\n<\/ul>\n<h5><strong>Com sol\u00b7licitar el t\u00edtol:<\/strong><\/h5>\n<p><span style=\"font-family: arial, sans-serif; color: #333333;\">Des del 15 de desembre de 2025, els t\u00edtols dels cicles formatius no es tramiten des del centre educatiu.<\/span><\/p>\n<p><span style=\"font-family: arial, sans-serif; color: #333333;\">At\u00e8s que aquests t\u00edtols corresponen a ensenyaments no obligatoris, la seva tramitaci\u00f3 no s&#8217;inicia\u00a0d&#8217;ofici sin\u00f3 que el propi alumne qui haur\u00e0 de sol\u00b7licitar el seu t\u00edtol des del tr\u00e0mit espec\u00edfic\u00a0<a style=\"color: #333333;\" title=\"Ves al tr\u00e0mit\" href=\"https:\/\/web.gencat.cat\/ca\/tramits\/tramits-temes\/titols-academics-no-universitaris?category=742b7874-a82c-11e3-a972-000c29052e2c\" target=\"_blank\" rel=\"noopener\" data-saferedirecturl=\"https:\/\/www.google.com\/url?q=https:\/\/web.gencat.cat\/ca\/tramits\/tramits-temes\/titols-academics-no-universitaris?category%3D742b7874-a82c-11e3-a972-000c29052e2c&amp;source=gmail&amp;ust=1768501532912000&amp;usg=AOvVaw1ZVA5o81Mh_as-PPt0BxlR\"><strong>Tramitaci\u00f3 de t\u00edtols acad\u00e8mics i professionals no universitaris<\/strong><\/a>.<\/span><\/p>\n<p><i><u><span style=\"color: #0000ff;\"><a href=\"https:\/\/tramits.gencat.cat\/ca\/tramits\/tramits-temes\/titols-academics-no-universitaris?category=742b7874-a82c-11e3-a972-000c29052e2c\" target=\"_blank\" rel=\"noopener\" data-saferedirecturl=\"https:\/\/www.google.com\/url?q=https:\/\/tramits.gencat.cat\/ca\/tramits\/tramits-temes\/titols-academics-no-universitaris?category%3D742b7874-a82c-11e3-a972-000c29052e2c&amp;source=gmail&amp;ust=1768501532912000&amp;usg=AOvVaw3vFjI8dwoTQCHjdhngeW0U\">https:\/\/tramits.gencat.cat\/ca\/<wbr \/>tramits\/tramits-temes\/titols-<wbr \/>academics-no-universitaris?<wbr \/>category=742b7874-a82c-11e3-<wbr \/>a972-000c29052e2c<\/a><\/span><\/u><\/i><\/p>\n<p>El t\u00edtol original acostuma a tardar aprosimadament dos anys en arribar al centre educatiu.<\/p>\n<p>Qualsevol aclariment sobre la sol\u00b7licitud del t\u00edtol la podeu fer a <a href=\"mailto:secretaria@insmollet.cat\">secretaria@insmollet.cat<\/a><\/p>\n<h5><\/h5>\n<h5><strong>Com recollir el t\u00edtol:<\/strong><\/h5>\n<p>Per recollir el t\u00edtol original heu de portar a secretaria<\/p>\n<ul>\n<li>Resguard del t\u00edtol<\/li>\n<\/ul>\n<p>En el cas que sigui una persona autoritzada qui reculli el t\u00edtol, haur\u00e0 de portar la seg\u00fcent documentaci\u00f3:<\/p>\n<ul>\n<li>Autoritzaci\u00f3 signada<\/li>\n<li>Fotoc\u00f2pia del DNI\/NIE de l\u2019alumne\/a<\/li>\n<li>Fotoc\u00f2pia del DNI\/NIE de la persona autoritzada<\/li>\n<li>Resguard del t\u00edtol<\/li>\n<\/ul>\n<p>Cal comprovar les dades per part de l\u2019alumne\/a que recull el t\u00edtol. Si no est\u00e0 d\u2019acord amb el seu contingut, retornar\u00e0 el t\u00edtol a la Secretaria del centre, indicant l\u2019errada que cont\u00e9. Si tot \u00e9s correcte, signar\u00e0 el t\u00edtol en prova de conformitat. CAL TENIR EN COMPTE QUE, UNA VEGADA SIGNAT, EL T\u00cdTOL NO ES PODR\u00c0 REIMPRIMIR, SIN\u00d3 QUE, PER MODIFICAR-LO, CALDR\u00c0 DEMANAR UN DUPLICAT (amb el pagament de la taxa corresponent per part de l\u2019alumne\/a)<\/p>\n<h5>Arxius:<\/h5>\n<ul>\n<li><img decoding=\"async\" src=\"http:\/\/www.insmollet.cat\/img\/file_icons\/pdf.png\" \/> <a href=\"https:\/\/agora.xtec.cat\/iesmollet\/wp-content\/uploads\/usu655\/2020\/07\/Tramits_Autoritzacions.pdf\">Autoritzaci\u00f3 tr\u00e0mits<\/a><\/li>\n<\/ul>\n","protected":false},"excerpt":{"rendered":"<p>Les taxes per a l\u2019expedici\u00f3 de t\u00edtols acad\u00e8mics s\u00f3n:<\/p>\n<ul>\n<li>T\u00edtol de t\u00e8cnic: 69.65\u20ac<\/li>\n<li>T\u00edtol de t\u00e8cnic superior: 78\u20ac<\/li>\n<li>T\u00edtol de Batxillerat: 69.65\u20ac<\/li>\n<li>T\u00edtol de la ESO: GRATU\u00cfT<\/li>\n<\/ul>\n<p>Bonificacions i exempcions:<\/p>\n<ul>\n<li>Bonificaci\u00f3 del 50% de l\u2019import per a:\n<ul>\n<li>membres de fam\u00edlia nombrosa de categoria general<\/li>\n<li>membres de fam\u00edlies monoparentals<\/li>\n<\/ul>\n<\/li>\n<li>Exempci\u00f3 del 100% del pagament per&hellip;  <a href=\"https:\/\/agora.xtec.cat\/iesmollet\/expedicio-de-titols\/\" title=\"Read Expedici\u00f3 de t\u00edtols\">Llegeix m\u00e9s\u00bb<\/a><br \/>\n","protected":false},"author":1,"featured_media":0,"parent":0,"menu_order":0,"comment_status":"closed","ping_status":"closed","template":"","meta":{"_bbp_topic_count":0,"_bbp_reply_count":0,"_bbp_total_topic_count":0,"_bbp_total_reply_count":0,"_bbp_voice_count":0,"_bbp_anonymous_reply_count":0,"_bbp_topic_count_hidden":0,"_bbp_reply_count_hidden":0,"_bbp_forum_subforum_count":0,"footnotes":""},"class_list":["post-513","page","type-page","status-publish","hentry"],"post_mailing_queue_ids":[],"_links":{"self":[{"href":"https:\/\/agora.xtec.cat\/iesmollet\/wp-json\/wp\/v2\/pages\/513","targetHints":{"allow":["GET"]}}],"collection":[{"href":"https:\/\/agora.xtec.cat\/iesmollet\/wp-json\/wp\/v2\/pages"}],"about":[{"href":"https:\/\/agora.xtec.cat\/iesmollet\/wp-json\/wp\/v2\/types\/page"}],"author":[{"embeddable":true,"href":"https:\/\/agora.xtec.cat\/iesmollet\/wp-json\/wp\/v2\/users\/1"}],"replies":[{"embeddable":true,"href":"https:\/\/agora.xtec.cat\/iesmollet\/wp-json\/wp\/v2\/comments?post=513"}],"version-history":[{"count":6,"href":"https:\/\/agora.xtec.cat\/iesmollet\/wp-json\/wp\/v2\/pages\/513\/revisions"}],"predecessor-version":[{"id":3820,"href":"https:\/\/agora.xtec.cat\/iesmollet\/wp-json\/wp\/v2\/pages\/513\/revisions\/3820"}],"wp:attachment":[{"href":"https:\/\/agora.xtec.cat\/iesmollet\/wp-json\/wp\/v2\/media?parent=513"}],"curies":[{"name":"wp","href":"https:\/\/api.w.org\/{rel}","templated":true}]}}