{"id":43,"date":"2014-09-17T16:45:07","date_gmt":"2014-09-17T16:45:07","guid":{"rendered":"http:\/\/agora.xtec.cat\/iesmollet\/?page_id=43"},"modified":"2026-04-13T12:54:39","modified_gmt":"2026-04-13T10:54:39","slug":"consell-escolar","status":"publish","type":"page","link":"https:\/\/agora.xtec.cat\/iesmollet\/linstitut\/consell-escolar\/","title":{"rendered":"Consell escolar"},"content":{"rendered":"<p>El Consell Escolar del centre \u00e9s l\u2019\u00f2rgan de participaci\u00f3 de la comunitat educativa en el govern del centre i l\u2019\u00f2rgan de programaci\u00f3, seguiment i avaluaci\u00f3 general de les seves activitats.<\/p>\n<p>Hi s\u00f3n representants l\u2019Equip Directiu, el Professorat, les Fam\u00edlies, l\u2019Alumnat, l\u2019Ajuntament, l\u2019AMPA i el Personal d\u2019Administraci\u00f3 i Serveis.<\/p>\n<p>Actualment el Consell Escolar de l\u2019Institut Mollet de Vall\u00e8s est\u00e0 constitu\u00eft pels seg\u00fcents representants:<\/p>\n<table style=\"border-color: #ff7b00; width: 100%; height: 224px;\" border=\"1\">\n<tbody>\n<tr style=\"height: 32px;\">\n<td style=\"background-color: #ff0000; height: 32px;\" colspan=\"2\"><span style=\"color: #ffffff;\"><strong>CONSELL ESCOLAR INSTITUT MOLLET DEL VALL\u00c8S<\/strong><\/span><\/td>\n<\/tr>\n<tr style=\"height: 48px;\">\n<td style=\"height: 48px;\"><strong>\u00a0EQUIP DIRECTIU\u00a0<\/strong><\/td>\n<td style=\"height: 48px;\">Juan Carlos Tajafuerce, Mari Mart\u00ednez i Ester Muela.<\/td>\n<\/tr>\n<tr style=\"height: 48px;\">\n<td style=\"height: 48px;\"><strong>\u00a0PROFESSORAT<\/strong><\/td>\n<td style=\"height: 48px;\"><span style=\"font-weight: 400;\">\u00a0Juan Jos\u00e9 Ciriano, <\/span>\u00c0ngels Collell, Mireia Rebollo, Juan Jes\u00fas Noguera, Miguel Angel Tornay i Santi Cu\u00e9lliga.<\/td>\n<\/tr>\n<tr style=\"height: 32px;\">\n<td style=\"height: 32px;\"><strong>\u00a0FAM\u00cdLIES\u00a0<\/strong><\/td>\n<td style=\"height: 32px;\"><span style=\"font-weight: 400;\">Merc\u00e8 Fern\u00e1ndez,\u00a0 Concepci\u00f3n Moreno, Maria Toribio, Maria Laura Villanueva<br \/>\n<\/span><\/td>\n<\/tr>\n<tr style=\"height: 32px;\">\n<td style=\"height: 32px;\"><strong>\u00a0ALUMNAT<\/strong><\/td>\n<td style=\"height: 32px;\">Ferran Alfaro, Bet Dan\u00e9s, Pol Par\u00e9 i Lu\u00eds Avecilla<\/td>\n<\/tr>\n<tr style=\"height: 32px;\">\n<td style=\"height: 32px;\"><strong>\u00a0AJUNTAMENT<\/strong><\/td>\n<td style=\"height: 32px;\"><span style=\"font-weight: 400;\">Sandra Palma<\/span><\/td>\n<\/tr>\n<tr>\n<td><strong>AFA<\/strong><\/td>\n<td><span style=\"font-weight: 400;\">M\u00edriam Luque Escobar<\/span><\/td>\n<\/tr>\n<tr>\n<td><strong>PAS<\/strong><\/td>\n<td><span style=\"font-weight: 400;\">Nora Font<\/span><\/td>\n<\/tr>\n<\/tbody>\n<\/table>\n<p>&nbsp;<\/p>\n","protected":false},"excerpt":{"rendered":"<p>El Consell Escolar del centre \u00e9s l\u2019\u00f2rgan de participaci\u00f3 de la comunitat educativa en el govern del centre i l\u2019\u00f2rgan de programaci\u00f3, seguiment i avaluaci\u00f3 general de les seves activitats.<br \/>\nHi s\u00f3n representants l\u2019Equip Directiu, el Professorat, les Fam\u00edlies, l\u2019Alumnat, l\u2019Ajuntament, l\u2019AMPA i el Personal d\u2019Administraci\u00f3&hellip;  <a href=\"https:\/\/agora.xtec.cat\/iesmollet\/linstitut\/consell-escolar\/\" title=\"Read Consell escolar\">Llegeix m\u00e9s\u00bb<\/a><\/p>\n","protected":false},"author":1,"featured_media":0,"parent":19,"menu_order":40,"comment_status":"closed","ping_status":"closed","template":"page-templates\/side-menu.php","meta":{"_bbp_topic_count":0,"_bbp_reply_count":0,"_bbp_total_topic_count":0,"_bbp_total_reply_count":0,"_bbp_voice_count":0,"_bbp_anonymous_reply_count":0,"_bbp_topic_count_hidden":0,"_bbp_reply_count_hidden":0,"_bbp_forum_subforum_count":0,"footnotes":""},"class_list":["post-43","page","type-page","status-publish","hentry"],"post_mailing_queue_ids":[],"_links":{"self":[{"href":"https:\/\/agora.xtec.cat\/iesmollet\/wp-json\/wp\/v2\/pages\/43","targetHints":{"allow":["GET"]}}],"collection":[{"href":"https:\/\/agora.xtec.cat\/iesmollet\/wp-json\/wp\/v2\/pages"}],"about":[{"href":"https:\/\/agora.xtec.cat\/iesmollet\/wp-json\/wp\/v2\/types\/page"}],"author":[{"embeddable":true,"href":"https:\/\/agora.xtec.cat\/iesmollet\/wp-json\/wp\/v2\/users\/1"}],"replies":[{"embeddable":true,"href":"https:\/\/agora.xtec.cat\/iesmollet\/wp-json\/wp\/v2\/comments?post=43"}],"version-history":[{"count":6,"href":"https:\/\/agora.xtec.cat\/iesmollet\/wp-json\/wp\/v2\/pages\/43\/revisions"}],"predecessor-version":[{"id":3882,"href":"https:\/\/agora.xtec.cat\/iesmollet\/wp-json\/wp\/v2\/pages\/43\/revisions\/3882"}],"up":[{"embeddable":true,"href":"https:\/\/agora.xtec.cat\/iesmollet\/wp-json\/wp\/v2\/pages\/19"}],"wp:attachment":[{"href":"https:\/\/agora.xtec.cat\/iesmollet\/wp-json\/wp\/v2\/media?parent=43"}],"curies":[{"name":"wp","href":"https:\/\/api.w.org\/{rel}","templated":true}]}}