{"id":3846,"date":"2026-03-17T10:46:38","date_gmt":"2026-03-17T09:46:38","guid":{"rendered":"https:\/\/agora.xtec.cat\/iesmollet\/?page_id=3846"},"modified":"2026-03-17T10:59:08","modified_gmt":"2026-03-17T09:59:08","slug":"homologacio-de-proveidors","status":"publish","type":"page","link":"https:\/\/agora.xtec.cat\/iesmollet\/linstitut\/homologacio-de-proveidors\/","title":{"rendered":"Homologaci\u00f3 de prove\u00efdors"},"content":{"rendered":"<h1 data-section-id=\"1ndvzt7\" data-start=\"159\" data-end=\"187\">\ud83e\uddfe Avaluaci\u00f3 de Prove\u00efdors<\/h1>\n<h2 style=\"padding-left: 40px;\" data-section-id=\"l7zpdh\" data-start=\"189\" data-end=\"203\">\ud83d\udccb Aspectes d&#8217;Avaluaci\u00f3<\/h2>\n<ul>\n<li style=\"list-style-type: none;\">\n<ul data-start=\"153\" data-end=\"535\">\n<li data-section-id=\"ssdjbx\" data-start=\"153\" data-end=\"219\">\n<p data-start=\"155\" data-end=\"219\"><strong data-start=\"155\" data-end=\"182\">Freq\u00fc\u00e8ncia d\u2019Avaluaci\u00f3:<\/strong> Es realitza l&#8217;avaluaci\u00f3 dels prove\u00efdors al final de cada curs.<\/p>\n<\/li>\n<li data-section-id=\"1y04zev\" data-start=\"220\" data-end=\"303\">\n<p data-start=\"222\" data-end=\"303\"><strong data-start=\"222\" data-end=\"246\">Prove\u00efdors Avaluats:<\/strong> Es valoren aquells que hagin tingut alguna reclamaci\u00f3.<\/p>\n<ul data-start=\"153\" data-end=\"535\">\n<li data-section-id=\"1vxnlx8\" data-start=\"304\" data-end=\"362\">\n<p data-start=\"306\" data-end=\"362\"><strong data-start=\"306\" data-end=\"329\">Avaluaci\u00f3 Positiva:<\/strong> Prove\u00efdors sense reclamacions.<\/p>\n<\/li>\n<li data-section-id=\"mts2su\" data-start=\"363\" data-end=\"448\">\n<p data-start=\"365\" data-end=\"448\"><strong data-start=\"365\" data-end=\"388\">Avaluaci\u00f3 Negativa:<\/strong> S\u2019apliquen mesures correctores per corregir les defici\u00e8ncies.<\/p>\n<\/li>\n<li data-section-id=\"16pqtjd\" data-start=\"449\" data-end=\"535\">\n<p data-start=\"451\" data-end=\"535\"><strong data-start=\"451\" data-end=\"473\">Possibles Accions:<\/strong> Si no es poden corregir les defici\u00e8ncies, es podr\u00e0 seleccionar un nou prove\u00efdor.<\/p>\n<\/li>\n<\/ul>\n<\/li>\n<\/ul>\n<\/li>\n<\/ul>\n<p>&nbsp;<\/p>\n<h2 style=\"padding-left: 40px;\" data-section-id=\"1qh76u1\" data-start=\"925\" data-end=\"951\">\ud83d\udcca Criteris d\u2019Avaluaci\u00f3<\/h2>\n<ul>\n<li style=\"list-style-type: none;\">\n<ul data-start=\"567\" data-end=\"931\">\n<li data-section-id=\"bet7fv\" data-start=\"567\" data-end=\"639\">\n<p data-start=\"569\" data-end=\"639\"><strong data-start=\"569\" data-end=\"593\">Qualitat del Servei:<\/strong> S\u2019avalua el rendiment global del prove\u00efdor.<\/p>\n<\/li>\n<li data-section-id=\"44nwbv\" data-start=\"640\" data-end=\"704\">\n<p data-start=\"642\" data-end=\"704\"><strong data-start=\"642\" data-end=\"662\">Temps de Servei:<\/strong> Compliment dels terminis de lliurament.<\/p>\n<\/li>\n<li data-section-id=\"skdgo8\" data-start=\"705\" data-end=\"794\">\n<p data-start=\"707\" data-end=\"794\"><strong data-start=\"707\" data-end=\"733\">Relaci\u00f3 Qualitat-Preu:<\/strong> Equilibri entre el cost i la qualitat del servei\/producte.<\/p>\n<\/li>\n<li data-section-id=\"1adzd7c\" data-start=\"795\" data-end=\"859\">\n<p data-start=\"797\" data-end=\"859\"><strong data-start=\"797\" data-end=\"817\">Tracte Personal:<\/strong> Atenci\u00f3 i comunicaci\u00f3 amb el prove\u00efdor.<\/p>\n<\/li>\n<li data-section-id=\"1mur35a\" data-start=\"860\" data-end=\"931\">\n<p data-start=\"862\" data-end=\"931\"><strong data-start=\"862\" data-end=\"896\">Responsabilitat Mediambiental:<\/strong> Comprom\u00eds amb la sostenibilitat.<\/p>\n<\/li>\n<\/ul>\n<\/li>\n<\/ul>\n<p>&nbsp;<\/p>\n<h2 data-section-id=\"hsjcy0\" data-start=\"1646\" data-end=\"1682\">\ud83c\udd95 Homologaci\u00f3 de Nous Prove\u00efdors<\/h2>\n<h3 style=\"padding-left: 40px;\" data-section-id=\"og2boh\" data-start=\"973\" data-end=\"986\">Requisits<\/h3>\n<ul>\n<li style=\"list-style-type: none;\">\n<ul data-start=\"988\" data-end=\"1218\">\n<li data-section-id=\"88iy9k\" data-start=\"988\" data-end=\"1080\">\n<p data-start=\"990\" data-end=\"1080\"><strong data-start=\"990\" data-end=\"1015\">Prove\u00efdor Acceptable:<\/strong> Empreses de prestigi reconegut o amb certificaci\u00f3 de qualitat.<\/p>\n<\/li>\n<li data-section-id=\"1whvfx4\" data-start=\"1081\" data-end=\"1149\">\n<p data-start=\"1083\" data-end=\"1149\"><strong data-start=\"1083\" data-end=\"1103\">Primera Comanda:<\/strong> Ha de ser satisfact\u00f2ria per a ser un prove\u00efdor acceptat.<\/p>\n<\/li>\n<li data-section-id=\"1rapt8p\" data-start=\"1150\" data-end=\"1218\">\n<p data-start=\"1152\" data-end=\"1218\"><strong data-start=\"1152\" data-end=\"1173\">Comanda de Prova:<\/strong> Necess\u00e0ria per homologar un nou prove\u00efdor.<\/p>\n<\/li>\n<\/ul>\n<\/li>\n<\/ul>\n<p>&nbsp;<\/p>\n<h2 style=\"padding-left: 40px;\" data-section-id=\"16reeqy\" data-start=\"2144\" data-end=\"2173\">\ud83c\udf31 Criteris Mediambientals<\/h2>\n<p style=\"padding-left: 40px;\" data-start=\"1253\" data-end=\"1360\">El producte i\/o l\u2019empresa subministradora respectuosa amb el medi ambient. Aquest aspecte es concretar\u00e0 en:<\/p>\n<ul>\n<li style=\"list-style-type: none;\">\n<ul data-start=\"1362\" data-end=\"1547\">\n<li data-section-id=\"1jgrqzb\" data-start=\"1362\" data-end=\"1413\">\n<p data-start=\"1364\" data-end=\"1413\">El prove\u00efdor t\u00e9 la certificaci\u00f3 ISO 14001:2015.<\/p>\n<\/li>\n<li data-section-id=\"129ir6f\" data-start=\"1414\" data-end=\"1448\">\n<p data-start=\"1416\" data-end=\"1448\">\u00c9s un prove\u00efdor de proximitat.<\/p>\n<\/li>\n<li data-section-id=\"t6hzbi\" data-start=\"1449\" data-end=\"1547\">\n<p data-start=\"1451\" data-end=\"1547\">\u00c9s un prove\u00efdor que calcula la petjada de carboni en les seves activitats i intenta reduir-la.<\/p>\n<\/li>\n<\/ul>\n<\/li>\n<\/ul>\n","protected":false},"excerpt":{"rendered":"<p>\ud83e\uddfe Avaluaci\u00f3 de Prove\u00efdors<br \/>\n\ud83d\udccb Aspectes d&#8217;Avaluaci\u00f3<\/p>\n<ul>\n<li style=\"list-style-type: none;\">\n<ul data-start=\"153\" data-end=\"535\">\n<li data-section-id=\"ssdjbx\" data-start=\"153\" data-end=\"219\">\nFreq\u00fc\u00e8ncia d\u2019Avaluaci\u00f3: Es realitza l&#8217;avaluaci\u00f3 dels prove\u00efdors al final de cada curs.\n<\/li>\n<li data-section-id=\"1y04zev\" data-start=\"220\" data-end=\"303\">\nProve\u00efdors Avaluats: Es valoren aquells que hagin tingut alguna reclamaci\u00f3.<\/p>\n<ul data-start=\"153\" data-end=\"535\">\n<li data-section-id=\"1vxnlx8\" data-start=\"304\" data-end=\"362\">\nAvaluaci\u00f3 Positiva: Prove\u00efdors sense reclamacions.\n<\/li>\n<li&hellip;  <a href=\"https:\/\/agora.xtec.cat\/iesmollet\/linstitut\/homologacio-de-proveidors\/\" title=\"Read Homologaci\u00f3 de prove\u00efdors\">Llegeix m\u00e9s\u00bb<\/a><br \/>\n","protected":false},"author":1,"featured_media":0,"parent":19,"menu_order":120,"comment_status":"closed","ping_status":"closed","template":"","meta":{"_bbp_topic_count":0,"_bbp_reply_count":0,"_bbp_total_topic_count":0,"_bbp_total_reply_count":0,"_bbp_voice_count":0,"_bbp_anonymous_reply_count":0,"_bbp_topic_count_hidden":0,"_bbp_reply_count_hidden":0,"_bbp_forum_subforum_count":0,"footnotes":""},"class_list":["post-3846","page","type-page","status-publish","hentry"],"post_mailing_queue_ids":[],"_links":{"self":[{"href":"https:\/\/agora.xtec.cat\/iesmollet\/wp-json\/wp\/v2\/pages\/3846","targetHints":{"allow":["GET"]}}],"collection":[{"href":"https:\/\/agora.xtec.cat\/iesmollet\/wp-json\/wp\/v2\/pages"}],"about":[{"href":"https:\/\/agora.xtec.cat\/iesmollet\/wp-json\/wp\/v2\/types\/page"}],"author":[{"embeddable":true,"href":"https:\/\/agora.xtec.cat\/iesmollet\/wp-json\/wp\/v2\/users\/1"}],"replies":[{"embeddable":true,"href":"https:\/\/agora.xtec.cat\/iesmollet\/wp-json\/wp\/v2\/comments?post=3846"}],"version-history":[{"count":4,"href":"https:\/\/agora.xtec.cat\/iesmollet\/wp-json\/wp\/v2\/pages\/3846\/revisions"}],"predecessor-version":[{"id":3848,"href":"https:\/\/agora.xtec.cat\/iesmollet\/wp-json\/wp\/v2\/pages\/3846\/revisions\/3848"}],"up":[{"embeddable":true,"href":"https:\/\/agora.xtec.cat\/iesmollet\/wp-json\/wp\/v2\/pages\/19"}],"wp:attachment":[{"href":"https:\/\/agora.xtec.cat\/iesmollet\/wp-json\/wp\/v2\/media?parent=3846"}],"curies":[{"name":"wp","href":"https:\/\/api.w.org\/{rel}","templated":true}]}}