{"id":3487,"date":"2025-04-30T17:32:52","date_gmt":"2025-04-30T15:32:52","guid":{"rendered":"https:\/\/agora.xtec.cat\/iesmollet\/?page_id=3487"},"modified":"2025-05-05T07:44:23","modified_gmt":"2025-05-05T05:44:23","slug":"pla-devacuacio","status":"publish","type":"page","link":"https:\/\/agora.xtec.cat\/iesmollet\/linstitut\/pla-devacuacio\/","title":{"rendered":"Pla d&#8217;evacuaci\u00f3"},"content":{"rendered":"<p style=\"text-align: center;\">Documents de consulta:<\/p>\n<p style=\"text-align: center;\">&#8211; <a href=\"https:\/\/agora.xtec.cat\/iesmollet\/wp-content\/uploads\/usu655\/2025\/04\/Procediment-devacuacio.pdf\">Procediment d&#8217;evacuaci\u00f3 de l&#8217;Institut de Mollet<\/a><\/p>\n<p style=\"text-align: center;\">&#8211; <a href=\"https:\/\/agora.xtec.cat\/iesmollet\/wp-content\/uploads\/usu655\/2025\/04\/pla-devacuacio_planols.pdf\">Pl\u00e0nol d&#8217;evacuaci\u00f3 de l&#8217;Institut de Mollet<\/a><\/p>\n<p>1. EL PLA D&#8217;EVACUACI\u00d3<br \/>\n\u00c9s un pla que ha de permetre abandonar els edificis de l\u2019institut en el menor temps possible i tenint com a objectiu la preservaci\u00f3 de la integritat f\u00edsica de tots els membres de la comunitat escolar.<br \/>\nEn primer lloc s\u2019ha de tenir en compte la senyalitzaci\u00f3 visual i ac\u00fastica.<br \/>\nEls pl\u00e0nols de les aules indiquen on ens situem i les vies d\u2019evacuaci\u00f3.<br \/>\nLa senyalitzaci\u00f3 vertical fotoluminiscent que hi ha a les parets dels passadissos indica les vies de sortida.<br \/>\nEls llums d\u2019emerg\u00e8ncia s\u2019han d\u2019encendre quan els llums estiguin apagats (els llums d\u2019emerg\u00e8ncia estan situats a la part superior de les portes de cada espai i a les escales).<\/p>\n<p>2. NORMES EVACUACI\u00d3<br \/>\n-En sonar l\u2019alarma, mantingueu la calma i l\u2019ordre de la classe. L\u2019alumnat ha de retornar a la seva aula quan es troba a la mateixa planta. Si es troba en una altra planta, anir\u00e0 a l\u2019aula m\u00e9s propera i s\u2019unir\u00e0 al seu grup en el punt de trobada.<br \/>\n-A l\u2019aula, el professorat far\u00e0 aixecar l\u2019alumnat evitant que agafin objectes personals, que s\u2019aturin o tornin enrere.<br \/>\n-El professorat far\u00e0 tancar les finestres.<br \/>\n-No s\u2019han d\u2019utilitzar els ascensors.<br \/>\n-El professorat designar\u00e0 quins\/es alumnes s\u2019encarregaran de traslladar les persones amb dificultats motrius o sensorials.<br \/>\n-Si hi ha alumnes amb mobilitat redu\u00efda que no es poden traslladar, es comunicar\u00e0 a Direcci\u00f3 del Centre pr\u00e8viament per part del tutor, assignant per a cada cas un lloc de confinament que s\u2019haur\u00e0 de comunicar al punt de trobada.<br \/>\n-L\u2019alumne designat (el delegat) com a responsable encap\u00e7ala el grup i el professorat el posar\u00e0 a la porta i comptar\u00e0 l\u2019alumnat que surt de l\u2019aula. Sempre ha de sortir l\u2019\u00faltim.<br \/>\n-El professorat ha de comprovar que no quedi ning\u00fa a l\u2019aula i tancar\u00e0 la porta amb clau. Quan el grup-classe sigui fora de l\u2019aula, el professorat l\u2019encap\u00e7alar\u00e0 fins al punt de trobada.<br \/>\n-Cal respectar l\u2019ordre de sortida de les aules del passad\u00eds i la planta.<br \/>\n-El professorat ha d\u2019acompanyar l\u2019alumnat per l\u2019itinerari previst, sense c\u00f3rrer, per\u00f2 amb flu\u00efdesa, fins al punt de trobada.<br \/>\n-Quan s\u2019arribi al punt de trobada, el professorat ha de comunicar al coordinador del punt de reuni\u00f3 grup al qual correspon, el nombre d\u2019alumnes de la seva aula i les incid\u00e8ncies.<br \/>\n-Quan s\u2019acabi el simulacre, es retornar\u00e0 amb el grup a l\u2019aula i es comptar\u00e0 de nou l\u2019alumnat.<\/p>\n<p>3. COORDINADORS DE PLANTA<br \/>\n-Ser\u00e0 el\/la professor\/a que, en una planta, es trobi a l\u2019aula m\u00e9s llunyana de la sortida de la planta.<br \/>\n-Han de vigilar que l\u2019evacuaci\u00f3 es faci ordenadament, per les vies d\u2019evacuaci\u00f3 establertes.<br \/>\n-\u00c9s el\/la \u201cprofessor\/a escombra\u201d, ja que ha de vigilar que no s\u2019hagi quedat ning\u00fa als lavabos, ni a les aules, ni a qualsevol altre lloc. Ser\u00e0 l\u2019ultima persona dels extrem de cada planta dels edificis A, B i N . Guiar\u00e0 els seus alumnes cap a la sortida. Informar\u00e0 al coordinador del punt de reuni\u00f3.<\/p>\n<p>4. ALUMNAT QUE ES TROBA FORA DE CLASSE<br \/>\nSi quan sona l\u2019alarma s\u00f3n a la seva planta, hauran d\u2019anar a la seva aula.<br \/>\nSi quan sona l\u2019alarma estan en una planta que no es la seva, hauran d\u2019anar a l\u2019aula m\u00e9s pr\u00f2xima i unir-se a un grup. Quan arribin al punt de trobada, hauran de buscar el grup de la seva classe i informar al\/a la professor\/a del grup.<\/p>\n<p>5. ORDRE D\u2019EVACUACI\u00d3<br \/>\nL\u2019evacuaci\u00f3 comen\u00e7ar\u00e0 per la planta baixa.<br \/>\nA l\u2019edifici A i B, l\u2019evacuaci\u00f3 s\u2019ha de fer per les escales m\u00e9s properes. Simult\u00e0niament, els ocupants de les altres plantes es mobilitzaran cap a les escales m\u00e9s properes, de manera ordenada, i respectant la prioritat de les classes anteriors i de les plantes inferiors.<br \/>\nPrimer han de sortir les aules m\u00e9s properes a les escales o portes d\u2019emerg\u00e8ncia edifici N, les altres aniran sortint successivament.<\/p>\n<p>6. FLUX D\u2019EVACUACI\u00d3<\/p>\n<p><a href=\"https:\/\/agora.xtec.cat\/iesmollet\/wp-content\/uploads\/usu655\/2025\/04\/Procediment-devacuacio.pdf\">Procediment-devacuacio<\/a><\/p>\n<p><a href=\"https:\/\/agora.xtec.cat\/iesmollet\/wp-content\/uploads\/usu655\/2025\/04\/pla-devacuacio_planols.pdf\">pla-devacuacio_planols<\/a> <a href=\"https:\/\/agora.xtec.cat\/iesmollet\/wp-content\/uploads\/usu655\/2025\/04\/Flux-devacuacio-Institut-de-Mollet.png\"><img loading=\"lazy\" decoding=\"async\" class=\"alignnone size-large wp-image-3490\" src=\"https:\/\/agora.xtec.cat\/iesmollet\/wp-content\/uploads\/usu655\/2025\/04\/Flux-devacuacio-Institut-de-Mollet-1024x457.png\" alt=\"\" width=\"1024\" height=\"457\" srcset=\"https:\/\/agora.xtec.cat\/iesmollet\/wp-content\/uploads\/usu655\/2025\/04\/Flux-devacuacio-Institut-de-Mollet-1024x457.png 1024w, https:\/\/agora.xtec.cat\/iesmollet\/wp-content\/uploads\/usu655\/2025\/04\/Flux-devacuacio-Institut-de-Mollet-300x134.png 300w, https:\/\/agora.xtec.cat\/iesmollet\/wp-content\/uploads\/usu655\/2025\/04\/Flux-devacuacio-Institut-de-Mollet-768x343.png 768w, https:\/\/agora.xtec.cat\/iesmollet\/wp-content\/uploads\/usu655\/2025\/04\/Flux-devacuacio-Institut-de-Mollet.png 1409w\" sizes=\"auto, (max-width: 1024px) 100vw, 1024px\" \/><\/a><\/p>\n<p>EDIFICI A&#8230;&#8230;&#8230;&#8230;&#8230;&#8230;&#8230;&#8230;&#8230;&#8230;.. CUNYA-FALCA- PISTES ESPORTIVES<br \/>\nEDIFICI B&#8230;&#8230;&#8230;&#8230;&#8230;&#8230;&#8230;&#8230;&#8230;&#8230;.. SORRAL<br \/>\nEDIFICI N&#8230;&#8230;&#8230;&#8230;&#8230;&#8230;&#8230;&#8230;&#8230;&#8230;. SORRAL<\/p>\n<p>7. RESPONSABLES SEGONS LES ARMILLES<br \/>\nCUNYA-FALCA&#8230;&#8230;&#8230;. ARMILLA TARONJA Recompta els grups i professors de gu\u00e0rdia i trasllada la informaci\u00f3 al responsable de l\u2019evacuaci\u00f3 que hi s\u00f3n tots.<br \/>\nSORRAL&#8230;&#8230;&#8230;&#8230;&#8230;&#8230;. ARMILLA TARONJA Recompta els grups i personal PAS i trasllada la informaci\u00f3 al responsable de l\u2019evacuaci\u00f3 que hi s\u00f3n tots.<br \/>\nRAMPA&#8230;&#8230;&#8230;&#8230;&#8230;&#8230;&#8230;. ARMILLA GROGA Espera que els responsables de la falca-cunya i del sorral li confirmen que no hi falta cap grup o professor i dona per finalitzada l\u2019evacuaci\u00f3 \/ simulacre.<\/p>\n<p>&nbsp;<\/p>\n","protected":false},"excerpt":{"rendered":"<p>Documents de consulta:<br \/>\n&#8211; <a href=\"https:\/\/agora.xtec.cat\/iesmollet\/wp-content\/uploads\/usu655\/2025\/04\/Procediment-devacuacio.pdf\">Procediment d&#8217;evacuaci\u00f3 de l&#8217;Institut de Mollet<\/a><br \/>\n&#8211; <a href=\"https:\/\/agora.xtec.cat\/iesmollet\/wp-content\/uploads\/usu655\/2025\/04\/pla-devacuacio_planols.pdf\">Pl\u00e0nol d&#8217;evacuaci\u00f3 de l&#8217;Institut de Mollet<\/a><br \/>\n1. EL PLA D&#8217;EVACUACI\u00d3<br \/>\n\u00c9s un pla que ha de permetre abandonar els edificis de l\u2019institut en el menor temps possible i tenint com a objectiu la preservaci\u00f3 de la&hellip;  <a href=\"https:\/\/agora.xtec.cat\/iesmollet\/linstitut\/pla-devacuacio\/\" title=\"Read Pla d&#8217;evacuaci\u00f3\">Llegeix m\u00e9s\u00bb<\/a><\/p>\n","protected":false},"author":1,"featured_media":0,"parent":19,"menu_order":110,"comment_status":"closed","ping_status":"closed","template":"","meta":{"_bbp_topic_count":0,"_bbp_reply_count":0,"_bbp_total_topic_count":0,"_bbp_total_reply_count":0,"_bbp_voice_count":0,"_bbp_anonymous_reply_count":0,"_bbp_topic_count_hidden":0,"_bbp_reply_count_hidden":0,"_bbp_forum_subforum_count":0,"footnotes":""},"class_list":["post-3487","page","type-page","status-publish","hentry"],"post_mailing_queue_ids":[],"_links":{"self":[{"href":"https:\/\/agora.xtec.cat\/iesmollet\/wp-json\/wp\/v2\/pages\/3487","targetHints":{"allow":["GET"]}}],"collection":[{"href":"https:\/\/agora.xtec.cat\/iesmollet\/wp-json\/wp\/v2\/pages"}],"about":[{"href":"https:\/\/agora.xtec.cat\/iesmollet\/wp-json\/wp\/v2\/types\/page"}],"author":[{"embeddable":true,"href":"https:\/\/agora.xtec.cat\/iesmollet\/wp-json\/wp\/v2\/users\/1"}],"replies":[{"embeddable":true,"href":"https:\/\/agora.xtec.cat\/iesmollet\/wp-json\/wp\/v2\/comments?post=3487"}],"version-history":[{"count":4,"href":"https:\/\/agora.xtec.cat\/iesmollet\/wp-json\/wp\/v2\/pages\/3487\/revisions"}],"predecessor-version":[{"id":3492,"href":"https:\/\/agora.xtec.cat\/iesmollet\/wp-json\/wp\/v2\/pages\/3487\/revisions\/3492"}],"up":[{"embeddable":true,"href":"https:\/\/agora.xtec.cat\/iesmollet\/wp-json\/wp\/v2\/pages\/19"}],"wp:attachment":[{"href":"https:\/\/agora.xtec.cat\/iesmollet\/wp-json\/wp\/v2\/media?parent=3487"}],"curies":[{"name":"wp","href":"https:\/\/api.w.org\/{rel}","templated":true}]}}