{"id":3458,"date":"2025-04-29T11:48:16","date_gmt":"2025-04-29T09:48:16","guid":{"rendered":"https:\/\/agora.xtec.cat\/iesmollet\/?page_id=3458"},"modified":"2025-04-29T12:46:10","modified_gmt":"2025-04-29T10:46:10","slug":"politica-de-qualitat","status":"publish","type":"page","link":"https:\/\/agora.xtec.cat\/iesmollet\/linstitut\/politica-de-qualitat\/","title":{"rendered":"Pol\u00edtica de Qualitat"},"content":{"rendered":"<p>La pol\u00edtica de qualitat de l\u2019Institut de Mollet del Vall\u00e8s est\u00e0 orientada a satisfer les necessitats educatives del nostre alumnat i de la societat en general, oferint uns ensenyaments i serveis de qualitat.<br \/>\nL\u2019Institut de Mollet del Vall\u00e8s ha establert un sistema de gesti\u00f3 i ensenyament basat en la norma ISO 9001-2015 amb la finalitat de generar una din\u00e0mica de millora cont\u00ednua que satisfaci els requisits de la nostra comunitat educativa.<br \/>\nAquesta estrat\u00e8gia est\u00e0 suportada per l\u2019equip hum\u00e0 de l\u2019Institut i dirigida per l\u2019Equip Directiu i la Comissi\u00f3 de Qualitat.<br \/>\nL\u2019Institut Mollet del Vall\u00e8s es compromet a oferir un servei educatiu de qualitat, certificat per la empresa Bureau Veritas, en les etapes d\u2019ESO, Batxillerat i Cicles Formatius, garantint un entorn d\u2019aprenentatge inclusiu, innovador i orientat a l\u2019excel\u00b7l\u00e8ncia acad\u00e8mica i personal de l\u2019alumnat.<br \/>\nPer assolir aquest comprom\u00eds, establim els seg\u00fcents principis:<br \/>\n1. Comprom\u00eds amb l\u2019alumnat: Proporcionar una formaci\u00f3 integral basada en valors com el respecte, la responsabilitat i l\u2019esperit cr\u00edtic, fomentant el desenvolupament de les compet\u00e8ncies necess\u00e0ries per a la societat actual.<br \/>\n2. Innovaci\u00f3 i millora cont\u00ednua: Aplicar metodologies actives i innovadores, promovent la formaci\u00f3 cont\u00ednua del professorat i l\u2019\u00fas de les noves tecnologies com a eines d\u2019ensenyament-aprenentatge.<br \/>\n3. Inclusi\u00f3 i equitat: Garantir un entorn educatiu que respecti la diversitat i promogui la igualtat d\u2019oportunitats, atenent les necessitats individuals de cada alumne.<br \/>\n4. Orientaci\u00f3 acad\u00e8mica i professional: Acompanyar l\u2019alumnat en el seu proc\u00e9s d\u2019elecci\u00f3 acad\u00e8mica i professional, facilitant informaci\u00f3 i assessorament sobre itineraris formatius i sortides laborals.<br \/>\n5. Sostenibilitat i responsabilitat social: Fomentar una consci\u00e8ncia ecol\u00f2gica i una actitud responsable envers l\u2019entorn, impulsant iniciatives que contribueixin al desenvolupament sostenible.<br \/>\n6. Participaci\u00f3 i treball en equip: Afavorir la implicaci\u00f3 de tota la comunitat educativa (alumnat, fam\u00edlies, professorat i personal d\u2019administraci\u00f3 i serveis) per construir un projecte educatiu compartit.<br \/>\n7. Avaluaci\u00f3 i efici\u00e8ncia: Implementar mecanismes de seguiment i avaluaci\u00f3 per garantir la qualitat del servei educatiu i la seva millora cont\u00ednua.<br \/>\nAquesta pol\u00edtica de qualitat \u00e9s el marc de refer\u00e8ncia per establir els objectius i accions de millora del centre, amb la finalitat de formar ciutadans responsables i preparats per als reptes del futur.<br \/>\nMissi\u00f3 de l\u2019Institut de Mollet del Vall\u00e8s<br \/>\nA l\u2019Ensenyament Secundari Obligatori, formar alumnat per aconseguir seu desenvolupament integral, l\u2019assoliment de les compet\u00e8ncies b\u00e0siques, la integraci\u00f3 social i la maduraci\u00f3 individual diferenciada.<br \/>\nAl Batxillerat, formar alumnat amb les capacitats necess\u00e0ries per a qu\u00e8 pugui ampliar estudis per la via de la FP o per la via dels estudis universitaris, mitjan\u00e7ant el desenvolupament d\u2019un model d\u2019estudis que sigui integrador, polivalent, flexible i orientador.<br \/>\nA la Formaci\u00f3 Professional, formar alumnat com professionals capacitats en compet\u00e8ncies tecnol\u00f2giques actuals que donin resposta a les necessitats del sector productiu de l\u2019entorn i facilitin la seva inserci\u00f3 social i laboral en les fam\u00edlies professionals d\u2019Electricitat-Electr\u00f2nica, de Fabricaci\u00f3 Mec\u00e0nica, de Qu\u00edmica, de Manteniment i Serveis a la Producci\u00f3, de Manteniment de Vehicles Autopropulsats i d\u2019Emerg\u00e8ncies.<br \/>\nVisi\u00f3 de l\u2019Institut de Mollet del Vall\u00e8s<br \/>\nL\u2019 Institut de Mollet del Vall\u00e8s vol proporcionar un servei educatiu a la seva comunitat escolar que vetlli permanentment per la millora cont\u00ednua dels aprenentatges de cada etapa educativa. Atenent les singularitats pr\u00f2pies de l\u2019 Institut, volem ser centre de refer\u00e8ncia en els ensenyaments professionals i art\u00edstics.<br \/>\nValors de l\u2019Institut de Mollet del Vall\u00e8s<br \/>\n1. L\u2019Institut de Mollet del Vall\u00e8s es defineix com a escola p\u00fablica, no discriminat\u00f2ria, integradora, democr\u00e0tica, catalana i progressista, laica i respectuosa amb totes les creences.<br \/>\n2. La l\u00ednia metodol\u00f2gica estar\u00e0 inspirada en els seg\u00fcents principis:<br \/>\n\u25cf educaci\u00f3 per a l\u2019autonomia personal i intel\u00b7lectual, desenvolupant les capacitats cognitives, emocionals, motrius, socials i professionals.<br \/>\n\u25cf participaci\u00f3 activa de l\u2019alumnat en la vida acad\u00e8mica, social i cultural de l\u2019institut.<br \/>\n\u25cf corresponsabilitat de tot l\u2019equip docent en el seguiment tutorial i en la coordinaci\u00f3 de les diverses mat\u00e8ries i unitats formatives.<br \/>\n\u25cf orientaci\u00f3 personal, acad\u00e8mica i professional de l\u2019alumnat.<br \/>\n\u25cf atenci\u00f3 a la diversitat de capacitats, interessos i ritmes d\u2019aprenentatge de l\u2019alumnat.<br \/>\n\u25cf col\u00b7laboraci\u00f3 entre les fam\u00edlies i l\u2019escola per tal de contribuir a una millor consecuci\u00f3 dels objectius educatius.<br \/>\n3. El catal\u00e0 com a llengua pr\u00f2pia de Catalunya, ho \u00e9s tamb\u00e9 de l\u2019ensenyament. S\u2019utilitzar\u00e0 com a llengua vehicular i d\u2019aprenentatge.<br \/>\n4. La gesti\u00f3 de l\u2019organitzaci\u00f3 es basar\u00e0 en els principis de la millora continua.<br \/>\n5. Formaci\u00f3 educativa tenint en compte la relaci\u00f3 amb l\u2019entorn social, professional, econ\u00f2mic i cultural.<br \/>\n6. L\u2019Institut fomentar\u00e0 els h\u00e0bits de comportament democr\u00e0tic, la formaci\u00f3 en el respecte dels drets i en el compliment dels deures fonamentals.<br \/>\n7. L\u2019Institut practicar\u00e0 i promour\u00e0 la igualtat de drets entre els sexes.<br \/>\n8. L\u2019Institut formar\u00e0 en el respecte al medi ambient i en la conscienciaci\u00f3 dels problemes mediambientals.<br \/>\n9. Foment de la seguretat, la prevenci\u00f3 i la salut a l\u2019\u00e0mbit escolar i laboral.<br \/>\n10. Marc de conviv\u00e8ncia clar i compartit i aplicat per tota la comunitat educativa pel funcionament educatiu del centre.<br \/>\nMissi\u00f3 i visi\u00f3 de la pol\u00edtica de Qualitat<br \/>\nLa Missi\u00f3 de la pol\u00edtica de Qualitat de l\u2019Institut de Mollet \u00e9s vetllar per a la plena implantaci\u00f3 de la Millora Cont\u00ednua en tots els \u00e0mbits de l\u2019organitzaci\u00f3 del nostre centre. Entenem que la Millora Cont\u00ednua consisteix es la implantaci\u00f3 el m\u00e9s efectiva possible del sistema Planificaci\u00f3, Execuci\u00f3, Avaluaci\u00f3 i Millora.<br \/>\nLa Visi\u00f3 de la pol\u00edtica de Qualitat de l\u2019Institut de Mollet \u00e9s fer avan\u00e7ar l\u2019organitzaci\u00f3 cap a implementaci\u00f3 en el centre d\u2019una aplicaci\u00f3 que automatitzi la obtenci\u00f3 i gesti\u00f3 de les dades dels processos, per aix\u00ed poder dedicar millor els recursos humans a la Millora Cont\u00ednua.<br \/>\nDirecci\u00f3 de l\u2019Institut Mollet del Vall\u00e8s<br \/>\nMar\u00e7 de 2025<\/p>\n<p>&nbsp;<\/p>\n<p><a href=\"https:\/\/agora.xtec.cat\/iesmollet\/wp-content\/uploads\/usu655\/2025\/04\/certificacio-de-qualitat-Institut-de-Mollet.jpg\"><img loading=\"lazy\" decoding=\"async\" class=\"alignnone size-full wp-image-3482\" src=\"https:\/\/agora.xtec.cat\/iesmollet\/wp-content\/uploads\/usu655\/2025\/04\/certificacio-de-qualitat-Institut-de-Mollet.jpg\" alt=\"\" width=\"643\" height=\"915\" srcset=\"https:\/\/agora.xtec.cat\/iesmollet\/wp-content\/uploads\/usu655\/2025\/04\/certificacio-de-qualitat-Institut-de-Mollet.jpg 643w, https:\/\/agora.xtec.cat\/iesmollet\/wp-content\/uploads\/usu655\/2025\/04\/certificacio-de-qualitat-Institut-de-Mollet-211x300.jpg 211w\" sizes=\"auto, (max-width: 643px) 100vw, 643px\" \/><\/a><\/p>\n<p><a href=\"https:\/\/agora.xtec.cat\/iesmollet\/wp-content\/uploads\/usu655\/2025\/04\/CERTIFICAT-ISO-BUP-INSTITUT-DE-FORMACIO-PROFESSIONAL-DE-MOLLET.pdf\">CERTIFICAT ISO INSTITUT DE MOLLET<\/a><\/p>\n<p>&nbsp;<\/p>\n<p>&nbsp;<\/p>\n<p>&nbsp;<\/p>\n<p>&nbsp;<\/p>\n<p>&nbsp;<\/p>\n<p>&nbsp;<\/p>\n<p>&nbsp;<\/p>\n<p>&nbsp;<\/p>\n<p>&nbsp;<\/p>\n","protected":false},"excerpt":{"rendered":"<p>La pol\u00edtica de qualitat de l\u2019Institut de Mollet del Vall\u00e8s est\u00e0 orientada a satisfer les necessitats educatives del nostre alumnat i de la societat en general, oferint uns ensenyaments i serveis de qualitat.<br \/>\nL\u2019Institut de Mollet del Vall\u00e8s ha establert un sistema de gesti\u00f3 i ensenyament&hellip;  <a href=\"https:\/\/agora.xtec.cat\/iesmollet\/linstitut\/politica-de-qualitat\/\" title=\"Read Pol\u00edtica de Qualitat\">Llegeix m\u00e9s\u00bb<\/a><\/p>\n","protected":false},"author":1,"featured_media":0,"parent":19,"menu_order":100,"comment_status":"closed","ping_status":"closed","template":"page-templates\/side-menu.php","meta":{"_bbp_topic_count":0,"_bbp_reply_count":0,"_bbp_total_topic_count":0,"_bbp_total_reply_count":0,"_bbp_voice_count":0,"_bbp_anonymous_reply_count":0,"_bbp_topic_count_hidden":0,"_bbp_reply_count_hidden":0,"_bbp_forum_subforum_count":0,"footnotes":""},"class_list":["post-3458","page","type-page","status-publish","hentry"],"post_mailing_queue_ids":[],"_links":{"self":[{"href":"https:\/\/agora.xtec.cat\/iesmollet\/wp-json\/wp\/v2\/pages\/3458","targetHints":{"allow":["GET"]}}],"collection":[{"href":"https:\/\/agora.xtec.cat\/iesmollet\/wp-json\/wp\/v2\/pages"}],"about":[{"href":"https:\/\/agora.xtec.cat\/iesmollet\/wp-json\/wp\/v2\/types\/page"}],"author":[{"embeddable":true,"href":"https:\/\/agora.xtec.cat\/iesmollet\/wp-json\/wp\/v2\/users\/1"}],"replies":[{"embeddable":true,"href":"https:\/\/agora.xtec.cat\/iesmollet\/wp-json\/wp\/v2\/comments?post=3458"}],"version-history":[{"count":5,"href":"https:\/\/agora.xtec.cat\/iesmollet\/wp-json\/wp\/v2\/pages\/3458\/revisions"}],"predecessor-version":[{"id":3483,"href":"https:\/\/agora.xtec.cat\/iesmollet\/wp-json\/wp\/v2\/pages\/3458\/revisions\/3483"}],"up":[{"embeddable":true,"href":"https:\/\/agora.xtec.cat\/iesmollet\/wp-json\/wp\/v2\/pages\/19"}],"wp:attachment":[{"href":"https:\/\/agora.xtec.cat\/iesmollet\/wp-json\/wp\/v2\/media?parent=3458"}],"curies":[{"name":"wp","href":"https:\/\/api.w.org\/{rel}","templated":true}]}}