{"id":3392,"date":"2025-03-25T11:02:15","date_gmt":"2025-03-25T10:02:15","guid":{"rendered":"https:\/\/agora.xtec.cat\/iesmollet\/?page_id=3392"},"modified":"2026-04-13T12:58:37","modified_gmt":"2026-04-13T10:58:37","slug":"fp-basica","status":"publish","type":"page","link":"https:\/\/agora.xtec.cat\/iesmollet\/estudis\/fp-basica\/","title":{"rendered":"FP B\u00e0sica"},"content":{"rendered":"<p><strong><u>Qu\u00e8 \u00e9s el Cicle Formatiu de Grau B\u00e0sic?<\/u><\/strong><\/p>\n<p>S\u00f3n estudis dirigits a joves que no han acabat l&#8217;ESO i volen obtenir una titulaci\u00f3 per accedir al m\u00f3n laboral o continuar els seus estudis. Aquests cicles tenen una durada de\u00a0<strong>dos anys<\/strong>\u00a0acad\u00e8mics (2.000 hores).<\/p>\n<p>Quan l&#8217;estudiant supera un cicle de CFGB, obt\u00e9 el t\u00edtol de\u00a0Graduat en Educaci\u00f3 Secund\u00e0ria Obligat\u00f2ria (ESO) i el t\u00edtol de t\u00e8cnic\/a b\u00e0sic 1, corresponent als estudis cursats. Aquesta titulaci\u00f3 dona acc\u00e9s als cicles formatius de grau mitj\u00e0, al Batxillerat i a altres opcions formatives.<\/p>\n<p>Els CFGB s\u00f3n una oportunitat perqu\u00e8 l&#8217;alumnat torni a connectar amb la formaci\u00f3 reglada i pugui continuar els seus estudis seguint diferents itineraris acad\u00e8mics.<\/p>\n<p>Cada CFGB consta de continguts organitzats en aquests \u00e0mbits:<\/p>\n<ul>\n<li>\u00c0mbit de Comunicaci\u00f3 i Ci\u00e8ncies Socials:s&#8217;hi treballa de manera integrada la llengua catalana, castellana, una llengua estrangera i les ci\u00e8ncies socials.<\/li>\n<li>\u00c0mbit de Ci\u00e8ncies Aplicades: inclou continguts de matem\u00e0tiques i ci\u00e8ncies.<\/li>\n<li>\u00c0mbit Professional:compr\u00e8n els m\u00f2duls professionals associats, com a m\u00ednim, a un Certificat Professional de nivell 1 i inclou la assignatura d\u2019Itinerari Personal per a l\u2019Ocupabilitat.<\/li>\n<\/ul>\n<ol>\n<li><strong><u> Requisits<\/u><\/strong><\/li>\n<\/ol>\n<p>Per accedir a un Cicle Formatiu de Grau B\u00e0sic, s\u2019han de complir els seg\u00fcents requisits:<\/p>\n<ul>\n<li>Tenir15 anys o complir-los durant l&#8217;any d&#8217;inici del cicle .<\/li>\n<li>Haver cursat 3r d&#8217;ESO, tot i que, de manera excepcional, es pot accedir despr\u00e9s de 2n d&#8217;ESO. Aquest requisit no s&#8217;aplica als joves que no hagin estat escolaritzats en el sistema educatiu espanyol.<\/li>\n<li>Haver rebut, en elConsell Orientador, una recomanaci\u00f3 de l&#8217;equip docent de l&#8217;ESO en aquest sentit\u00a0i\u00a0amb el vistiplau de la direcci\u00f3 del centre, la fam\u00edlia i d\u2019inspecci\u00f3 educativa.<\/li>\n<\/ul>\n<ol>\n<li><strong><u>Assignatures i distribuci\u00f3 hor\u00e0ria<\/u><\/strong><\/li>\n<\/ol>\n<table>\n<tbody>\n<tr>\n<td><strong>1er curs<\/strong><\/td>\n<td><strong>2on curs<\/strong><\/td>\n<\/tr>\n<tr>\n<td>Ci\u00e8ncies aplicades I: 132h<\/p>\n<p>Comunicaci\u00f3 i ci\u00e8ncies socials I: 165h<\/p>\n<p>3159. Itinerari personal per a l&#8217;ocupabilitat: 99h<\/p>\n<p>3022. Tancaments d&#8217;alumini i PVC: 165h<\/p>\n<p>3024. Fontaneria i calefacci\u00f3 b\u00e0sica: 251h<\/p>\n<p>3021. Soldadura i tancaments met\u00e0l\u00b7lics: 165h<\/p>\n<p>3020. Operacions b\u00e0siques de fabricaci\u00f3: 231h<\/td>\n<td>Tutoria II: 33h<\/p>\n<p>Ci\u00e8ncies aplicades II: 132h<\/p>\n<p>Comunicaci\u00f3 i ci\u00e8ncies socials II: 132h<\/p>\n<p>3023. Xarxes d&#8217;evacuaci\u00f3: 198h<\/p>\n<p>3025. Muntatge d&#8217;equips de climatitzaci\u00f3: 165h<\/p>\n<p>3160. Projecte intermodular d&#8217;aprenentatge col\u00b7laboratiu: 99h<\/td>\n<\/tr>\n<\/tbody>\n<\/table>\n<p>&nbsp;<\/p>\n<p><strong><u>3.Calendari de preinscripci\u00f3 i matr\u00edcula<\/u><\/strong><\/p>\n<p>&#8211;\u00a0 \u00a0 \u00a0 \u00a0Heu d&#8217;estar atents a la p\u00e0gina web nostra i del departament d&#8217;ensenyament. \u00c9s imprescindible ajustar-se a les dates que determina el departament.<\/p>\n","protected":false},"excerpt":{"rendered":"<p>Qu\u00e8 \u00e9s el Cicle Formatiu de Grau B\u00e0sic?<br \/>\nS\u00f3n estudis dirigits a joves que no han acabat l&#8217;ESO i volen obtenir una titulaci\u00f3 per accedir al m\u00f3n laboral o continuar els seus estudis. Aquests cicles tenen una durada de\u00a0dos anys\u00a0acad\u00e8mics (2.000 hores).<br \/>\nQuan l&#8217;estudiant supera un cicle&hellip;  <a href=\"https:\/\/agora.xtec.cat\/iesmollet\/estudis\/fp-basica\/\" title=\"Read FP B\u00e0sica\">Llegeix m\u00e9s\u00bb<\/a><\/p>\n","protected":false},"author":1,"featured_media":0,"parent":195,"menu_order":0,"comment_status":"closed","ping_status":"closed","template":"","meta":{"_bbp_topic_count":0,"_bbp_reply_count":0,"_bbp_total_topic_count":0,"_bbp_total_reply_count":0,"_bbp_voice_count":0,"_bbp_anonymous_reply_count":0,"_bbp_topic_count_hidden":0,"_bbp_reply_count_hidden":0,"_bbp_forum_subforum_count":0,"footnotes":""},"class_list":["post-3392","page","type-page","status-publish","hentry"],"post_mailing_queue_ids":[],"_links":{"self":[{"href":"https:\/\/agora.xtec.cat\/iesmollet\/wp-json\/wp\/v2\/pages\/3392","targetHints":{"allow":["GET"]}}],"collection":[{"href":"https:\/\/agora.xtec.cat\/iesmollet\/wp-json\/wp\/v2\/pages"}],"about":[{"href":"https:\/\/agora.xtec.cat\/iesmollet\/wp-json\/wp\/v2\/types\/page"}],"author":[{"embeddable":true,"href":"https:\/\/agora.xtec.cat\/iesmollet\/wp-json\/wp\/v2\/users\/1"}],"replies":[{"embeddable":true,"href":"https:\/\/agora.xtec.cat\/iesmollet\/wp-json\/wp\/v2\/comments?post=3392"}],"version-history":[{"count":3,"href":"https:\/\/agora.xtec.cat\/iesmollet\/wp-json\/wp\/v2\/pages\/3392\/revisions"}],"predecessor-version":[{"id":3883,"href":"https:\/\/agora.xtec.cat\/iesmollet\/wp-json\/wp\/v2\/pages\/3392\/revisions\/3883"}],"up":[{"embeddable":true,"href":"https:\/\/agora.xtec.cat\/iesmollet\/wp-json\/wp\/v2\/pages\/195"}],"wp:attachment":[{"href":"https:\/\/agora.xtec.cat\/iesmollet\/wp-json\/wp\/v2\/media?parent=3392"}],"curies":[{"name":"wp","href":"https:\/\/api.w.org\/{rel}","templated":true}]}}