{"id":1541,"date":"2021-04-13T12:30:09","date_gmt":"2021-04-13T10:30:09","guid":{"rendered":"https:\/\/agora.xtec.cat\/iesmollet\/?page_id=1541"},"modified":"2021-04-13T12:49:27","modified_gmt":"2021-04-13T10:49:27","slug":"tecniques-dexpressio-graficoplastica-treballs-alumnes","status":"publish","type":"page","link":"https:\/\/agora.xtec.cat\/iesmollet\/tecniques-dexpressio-graficoplastica-treballs-alumnes\/","title":{"rendered":"T\u00e8cniques d&#8217;Expressi\u00f3 graficopl\u00e0stica \/ Treballs alumnes"},"content":{"rendered":"<p>&nbsp;<\/p>\n<p><a href=\"https:\/\/agora.xtec.cat\/iesmollet\/wp-content\/uploads\/usu655\/2021\/04\/POMA3.jpg\"><img loading=\"lazy\" decoding=\"async\" class=\"alignnone wp-image-1543 \" src=\"https:\/\/agora.xtec.cat\/iesmollet\/wp-content\/uploads\/usu655\/2021\/04\/POMA3-300x212.jpg\" alt=\"\" width=\"535\" height=\"378\" srcset=\"https:\/\/agora.xtec.cat\/iesmollet\/wp-content\/uploads\/usu655\/2021\/04\/POMA3-300x212.jpg 300w, https:\/\/agora.xtec.cat\/iesmollet\/wp-content\/uploads\/usu655\/2021\/04\/POMA3-768x543.jpg 768w, https:\/\/agora.xtec.cat\/iesmollet\/wp-content\/uploads\/usu655\/2021\/04\/POMA3-1024x724.jpg 1024w, https:\/\/agora.xtec.cat\/iesmollet\/wp-content\/uploads\/usu655\/2021\/04\/POMA3.jpg 1753w\" sizes=\"auto, (max-width: 535px) 100vw, 535px\" \/><\/a><a href=\"https:\/\/agora.xtec.cat\/iesmollet\/wp-content\/uploads\/usu655\/2021\/04\/VENUS.jpg\"><img loading=\"lazy\" decoding=\"async\" class=\"alignnone wp-image-1545\" src=\"https:\/\/agora.xtec.cat\/iesmollet\/wp-content\/uploads\/usu655\/2021\/04\/VENUS-724x1024.jpg\" alt=\"\" width=\"330\" height=\"466\" srcset=\"https:\/\/agora.xtec.cat\/iesmollet\/wp-content\/uploads\/usu655\/2021\/04\/VENUS-724x1024.jpg 724w, https:\/\/agora.xtec.cat\/iesmollet\/wp-content\/uploads\/usu655\/2021\/04\/VENUS-212x300.jpg 212w, https:\/\/agora.xtec.cat\/iesmollet\/wp-content\/uploads\/usu655\/2021\/04\/VENUS-768x1086.jpg 768w, https:\/\/agora.xtec.cat\/iesmollet\/wp-content\/uploads\/usu655\/2021\/04\/VENUS.jpg 1240w\" sizes=\"auto, (max-width: 330px) 100vw, 330px\" \/><\/a><a style=\"font-family: inherit; font-size: 1em;\" href=\"https:\/\/agora.xtec.cat\/iesmollet\/wp-content\/uploads\/usu655\/2021\/04\/proposta-final.jpg\"><img loading=\"lazy\" decoding=\"async\" class=\"alignnone wp-image-1548\" src=\"https:\/\/agora.xtec.cat\/iesmollet\/wp-content\/uploads\/usu655\/2021\/04\/proposta-final-1024x724.jpg\" alt=\"\" width=\"642\" height=\"453\" srcset=\"https:\/\/agora.xtec.cat\/iesmollet\/wp-content\/uploads\/usu655\/2021\/04\/proposta-final-1024x724.jpg 1024w, https:\/\/agora.xtec.cat\/iesmollet\/wp-content\/uploads\/usu655\/2021\/04\/proposta-final-300x212.jpg 300w, https:\/\/agora.xtec.cat\/iesmollet\/wp-content\/uploads\/usu655\/2021\/04\/proposta-final-768x543.jpg 768w\" sizes=\"auto, (max-width: 642px) 100vw, 642px\" \/><\/a><a href=\"https:\/\/agora.xtec.cat\/iesmollet\/wp-content\/uploads\/usu655\/2021\/04\/20200113161216_001-1.jpg\"><img loading=\"lazy\" decoding=\"async\" class=\"alignnone wp-image-1582\" src=\"https:\/\/agora.xtec.cat\/iesmollet\/wp-content\/uploads\/usu655\/2021\/04\/20200113161216_001-1-1024x724.jpg\" alt=\"\" width=\"493\" height=\"349\" srcset=\"https:\/\/agora.xtec.cat\/iesmollet\/wp-content\/uploads\/usu655\/2021\/04\/20200113161216_001-1-1024x724.jpg 1024w, https:\/\/agora.xtec.cat\/iesmollet\/wp-content\/uploads\/usu655\/2021\/04\/20200113161216_001-1-300x212.jpg 300w, https:\/\/agora.xtec.cat\/iesmollet\/wp-content\/uploads\/usu655\/2021\/04\/20200113161216_001-1-768x543.jpg 768w\" sizes=\"auto, (max-width: 493px) 100vw, 493px\" \/><\/a><a style=\"font-family: inherit; font-size: 1em;\" href=\"https:\/\/agora.xtec.cat\/iesmollet\/wp-content\/uploads\/usu655\/2021\/04\/fruites-1.jpg\"><img loading=\"lazy\" decoding=\"async\" class=\"alignnone wp-image-1547\" src=\"https:\/\/agora.xtec.cat\/iesmollet\/wp-content\/uploads\/usu655\/2021\/04\/fruites-1-1024x724.jpg\" alt=\"\" width=\"482\" height=\"341\" srcset=\"https:\/\/agora.xtec.cat\/iesmollet\/wp-content\/uploads\/usu655\/2021\/04\/fruites-1-1024x724.jpg 1024w, https:\/\/agora.xtec.cat\/iesmollet\/wp-content\/uploads\/usu655\/2021\/04\/fruites-1-300x212.jpg 300w, https:\/\/agora.xtec.cat\/iesmollet\/wp-content\/uploads\/usu655\/2021\/04\/fruites-1-768x543.jpg 768w\" sizes=\"auto, (max-width: 482px) 100vw, 482px\" \/><\/a><img loading=\"lazy\" decoding=\"async\" class=\"alignnone wp-image-1574\" src=\"https:\/\/agora.xtec.cat\/iesmollet\/wp-content\/uploads\/usu655\/2021\/04\/TINTA-TRAMA.-PAULA-SERRANO-724x1024.jpg\" alt=\"\" width=\"366\" height=\"517\" srcset=\"https:\/\/agora.xtec.cat\/iesmollet\/wp-content\/uploads\/usu655\/2021\/04\/TINTA-TRAMA.-PAULA-SERRANO-724x1024.jpg 724w, https:\/\/agora.xtec.cat\/iesmollet\/wp-content\/uploads\/usu655\/2021\/04\/TINTA-TRAMA.-PAULA-SERRANO-212x300.jpg 212w, https:\/\/agora.xtec.cat\/iesmollet\/wp-content\/uploads\/usu655\/2021\/04\/TINTA-TRAMA.-PAULA-SERRANO-768x1086.jpg 768w\" sizes=\"auto, (max-width: 366px) 100vw, 366px\" \/><a style=\"font-family: inherit; font-size: 1em;\" href=\"https:\/\/agora.xtec.cat\/iesmollet\/wp-content\/uploads\/usu655\/2021\/04\/20200130123256_008.jpg\"><img loading=\"lazy\" decoding=\"async\" class=\"alignnone wp-image-1552\" src=\"https:\/\/agora.xtec.cat\/iesmollet\/wp-content\/uploads\/usu655\/2021\/04\/20200130123256_008-1024x743.jpg\" alt=\"\" width=\"515\" height=\"373\" srcset=\"https:\/\/agora.xtec.cat\/iesmollet\/wp-content\/uploads\/usu655\/2021\/04\/20200130123256_008-1024x743.jpg 1024w, https:\/\/agora.xtec.cat\/iesmollet\/wp-content\/uploads\/usu655\/2021\/04\/20200130123256_008-300x218.jpg 300w, https:\/\/agora.xtec.cat\/iesmollet\/wp-content\/uploads\/usu655\/2021\/04\/20200130123256_008-768x557.jpg 768w\" sizes=\"auto, (max-width: 515px) 100vw, 515px\" \/><\/a><img loading=\"lazy\" decoding=\"async\" class=\"alignnone wp-image-1575\" style=\"font-family: inherit; font-size: 1em;\" src=\"https:\/\/agora.xtec.cat\/iesmollet\/wp-content\/uploads\/usu655\/2021\/04\/Tinta.-J\u00falia-20-21-724x1024.jpg\" alt=\"\" width=\"334\" height=\"472\" srcset=\"https:\/\/agora.xtec.cat\/iesmollet\/wp-content\/uploads\/usu655\/2021\/04\/Tinta.-J\u00falia-20-21-724x1024.jpg 724w, https:\/\/agora.xtec.cat\/iesmollet\/wp-content\/uploads\/usu655\/2021\/04\/Tinta.-J\u00falia-20-21-212x300.jpg 212w, https:\/\/agora.xtec.cat\/iesmollet\/wp-content\/uploads\/usu655\/2021\/04\/Tinta.-J\u00falia-20-21-768x1086.jpg 768w\" sizes=\"auto, (max-width: 334px) 100vw, 334px\" \/> <img loading=\"lazy\" decoding=\"async\" class=\"alignnone wp-image-1573 \" style=\"font-family: inherit; font-size: 1em;\" src=\"https:\/\/agora.xtec.cat\/iesmollet\/wp-content\/uploads\/usu655\/2021\/04\/TIinta.-Oriol-Dominguez-20-21-212x300.jpg\" alt=\"\" width=\"336\" height=\"476\" srcset=\"https:\/\/agora.xtec.cat\/iesmollet\/wp-content\/uploads\/usu655\/2021\/04\/TIinta.-Oriol-Dominguez-20-21-212x300.jpg 212w, https:\/\/agora.xtec.cat\/iesmollet\/wp-content\/uploads\/usu655\/2021\/04\/TIinta.-Oriol-Dominguez-20-21-768x1086.jpg 768w, https:\/\/agora.xtec.cat\/iesmollet\/wp-content\/uploads\/usu655\/2021\/04\/TIinta.-Oriol-Dominguez-20-21-724x1024.jpg 724w\" sizes=\"auto, (max-width: 336px) 100vw, 336px\" \/><a style=\"font-family: inherit; font-size: 1em;\" href=\"https:\/\/agora.xtec.cat\/iesmollet\/wp-content\/uploads\/usu655\/2021\/04\/20200113161631_005.jpg\"><img loading=\"lazy\" decoding=\"async\" class=\"alignnone wp-image-1559\" src=\"https:\/\/agora.xtec.cat\/iesmollet\/wp-content\/uploads\/usu655\/2021\/04\/20200113161631_005-724x1024.jpg\" alt=\"\" width=\"347\" height=\"491\" srcset=\"https:\/\/agora.xtec.cat\/iesmollet\/wp-content\/uploads\/usu655\/2021\/04\/20200113161631_005-724x1024.jpg 724w, https:\/\/agora.xtec.cat\/iesmollet\/wp-content\/uploads\/usu655\/2021\/04\/20200113161631_005-212x300.jpg 212w, https:\/\/agora.xtec.cat\/iesmollet\/wp-content\/uploads\/usu655\/2021\/04\/20200113161631_005-768x1086.jpg 768w\" sizes=\"auto, (max-width: 347px) 100vw, 347px\" \/><\/a><a style=\"font-family: inherit; font-size: 1em;\" href=\"https:\/\/agora.xtec.cat\/iesmollet\/wp-content\/uploads\/usu655\/2021\/04\/20200113161631_003.jpg\"><img loading=\"lazy\" decoding=\"async\" class=\"alignnone wp-image-1558\" src=\"https:\/\/agora.xtec.cat\/iesmollet\/wp-content\/uploads\/usu655\/2021\/04\/20200113161631_003-724x1024.jpg\" alt=\"\" width=\"340\" height=\"482\" srcset=\"https:\/\/agora.xtec.cat\/iesmollet\/wp-content\/uploads\/usu655\/2021\/04\/20200113161631_003-724x1024.jpg 724w, https:\/\/agora.xtec.cat\/iesmollet\/wp-content\/uploads\/usu655\/2021\/04\/20200113161631_003-212x300.jpg 212w, https:\/\/agora.xtec.cat\/iesmollet\/wp-content\/uploads\/usu655\/2021\/04\/20200113161631_003-768x1086.jpg 768w\" sizes=\"auto, (max-width: 340px) 100vw, 340px\" \/><\/a><a style=\"font-family: inherit; font-size: 1em;\" href=\"https:\/\/agora.xtec.cat\/iesmollet\/wp-content\/uploads\/usu655\/2021\/04\/20200113161721_003-1.jpg\"><img loading=\"lazy\" decoding=\"async\" class=\"alignnone wp-image-1561\" src=\"https:\/\/agora.xtec.cat\/iesmollet\/wp-content\/uploads\/usu655\/2021\/04\/20200113161721_003-1-724x1024.jpg\" alt=\"\" width=\"656\" height=\"463\" \/><\/a> <a style=\"font-family: inherit; font-size: 1em;\" href=\"https:\/\/agora.xtec.cat\/iesmollet\/wp-content\/uploads\/usu655\/2021\/04\/20200113161751_001.jpg\"><img loading=\"lazy\" decoding=\"async\" class=\"alignnone wp-image-1562\" src=\"https:\/\/agora.xtec.cat\/iesmollet\/wp-content\/uploads\/usu655\/2021\/04\/20200113161751_001-724x1024.jpg\" alt=\"\" width=\"378\" height=\"535\" srcset=\"https:\/\/agora.xtec.cat\/iesmollet\/wp-content\/uploads\/usu655\/2021\/04\/20200113161751_001-724x1024.jpg 724w, https:\/\/agora.xtec.cat\/iesmollet\/wp-content\/uploads\/usu655\/2021\/04\/20200113161751_001-212x300.jpg 212w, https:\/\/agora.xtec.cat\/iesmollet\/wp-content\/uploads\/usu655\/2021\/04\/20200113161751_001-768x1086.jpg 768w\" sizes=\"auto, (max-width: 378px) 100vw, 378px\" \/><\/a><a style=\"font-family: inherit; font-size: 1em;\" href=\"https:\/\/agora.xtec.cat\/iesmollet\/wp-content\/uploads\/usu655\/2021\/04\/20200113161437_003.jpg\"><img loading=\"lazy\" decoding=\"async\" class=\"alignnone wp-image-1556\" src=\"https:\/\/agora.xtec.cat\/iesmollet\/wp-content\/uploads\/usu655\/2021\/04\/20200113161437_003-724x1024.jpg\" alt=\"\" width=\"355\" height=\"500\" \/><\/a><a style=\"font-family: inherit; font-size: 1em;\" href=\"https:\/\/agora.xtec.cat\/iesmollet\/wp-content\/uploads\/usu655\/2021\/04\/20200130123256_009.jpg\"><img loading=\"lazy\" decoding=\"async\" class=\"alignnone wp-image-1554\" src=\"https:\/\/agora.xtec.cat\/iesmollet\/wp-content\/uploads\/usu655\/2021\/04\/20200130123256_009-724x1024.jpg\" alt=\"\" width=\"352\" height=\"498\" srcset=\"https:\/\/agora.xtec.cat\/iesmollet\/wp-content\/uploads\/usu655\/2021\/04\/20200130123256_009-724x1024.jpg 724w, https:\/\/agora.xtec.cat\/iesmollet\/wp-content\/uploads\/usu655\/2021\/04\/20200130123256_009-212x300.jpg 212w, https:\/\/agora.xtec.cat\/iesmollet\/wp-content\/uploads\/usu655\/2021\/04\/20200130123256_009-768x1086.jpg 768w\" sizes=\"auto, (max-width: 352px) 100vw, 352px\" \/><\/a><a style=\"font-family: inherit; font-size: 1em;\" href=\"https:\/\/agora.xtec.cat\/iesmollet\/wp-content\/uploads\/usu655\/2021\/04\/Tinta.-Paula-Tura-Corcho.jpg\"><img loading=\"lazy\" decoding=\"async\" class=\"alignnone wp-image-1563\" src=\"https:\/\/agora.xtec.cat\/iesmollet\/wp-content\/uploads\/usu655\/2021\/04\/Tinta.-Paula-Tura-Corcho-714x1024.jpg\" alt=\"\" width=\"502\" height=\"350\" \/><\/a><a style=\"font-family: inherit; font-size: 1em;\" href=\"https:\/\/agora.xtec.cat\/iesmollet\/wp-content\/uploads\/usu655\/2021\/04\/20200130123256_003.jpg\"><img loading=\"lazy\" decoding=\"async\" class=\"alignnone wp-image-1553\" src=\"https:\/\/agora.xtec.cat\/iesmollet\/wp-content\/uploads\/usu655\/2021\/04\/20200130123256_003-724x1024.jpg\" alt=\"\" width=\"264\" height=\"374\" srcset=\"https:\/\/agora.xtec.cat\/iesmollet\/wp-content\/uploads\/usu655\/2021\/04\/20200130123256_003-724x1024.jpg 724w, https:\/\/agora.xtec.cat\/iesmollet\/wp-content\/uploads\/usu655\/2021\/04\/20200130123256_003-212x300.jpg 212w, https:\/\/agora.xtec.cat\/iesmollet\/wp-content\/uploads\/usu655\/2021\/04\/20200130123256_003-768x1086.jpg 768w\" sizes=\"auto, (max-width: 264px) 100vw, 264px\" \/><\/a><a style=\"font-family: inherit; font-size: 1em;\" href=\"https:\/\/agora.xtec.cat\/iesmollet\/wp-content\/uploads\/usu655\/2021\/04\/Martina-Anglada-L\u00f3pez-20-21-Aq2.jpg\"><img loading=\"lazy\" decoding=\"async\" class=\"alignnone wp-image-1572\" src=\"https:\/\/agora.xtec.cat\/iesmollet\/wp-content\/uploads\/usu655\/2021\/04\/Martina-Anglada-L\u00f3pez-20-21-Aq2-724x1024.jpg\" alt=\"\" width=\"350\" height=\"495\" srcset=\"https:\/\/agora.xtec.cat\/iesmollet\/wp-content\/uploads\/usu655\/2021\/04\/Martina-Anglada-L\u00f3pez-20-21-Aq2-724x1024.jpg 724w, https:\/\/agora.xtec.cat\/iesmollet\/wp-content\/uploads\/usu655\/2021\/04\/Martina-Anglada-L\u00f3pez-20-21-Aq2-212x300.jpg 212w, https:\/\/agora.xtec.cat\/iesmollet\/wp-content\/uploads\/usu655\/2021\/04\/Martina-Anglada-L\u00f3pez-20-21-Aq2-768x1087.jpg 768w, https:\/\/agora.xtec.cat\/iesmollet\/wp-content\/uploads\/usu655\/2021\/04\/Martina-Anglada-L\u00f3pez-20-21-Aq2.jpg 1753w\" sizes=\"auto, (max-width: 350px) 100vw, 350px\" \/><\/a> <a style=\"font-family: inherit; font-size: 1em;\" href=\"https:\/\/agora.xtec.cat\/iesmollet\/wp-content\/uploads\/usu655\/2021\/04\/Martina-Anglada-L\u00f3pez-20-21-Aq1.jpg\"><img loading=\"lazy\" decoding=\"async\" class=\"alignnone wp-image-1571\" src=\"https:\/\/agora.xtec.cat\/iesmollet\/wp-content\/uploads\/usu655\/2021\/04\/Martina-Anglada-L\u00f3pez-20-21-Aq1-724x1024.jpg\" alt=\"\" width=\"353\" height=\"499\" srcset=\"https:\/\/agora.xtec.cat\/iesmollet\/wp-content\/uploads\/usu655\/2021\/04\/Martina-Anglada-L\u00f3pez-20-21-Aq1-724x1024.jpg 724w, https:\/\/agora.xtec.cat\/iesmollet\/wp-content\/uploads\/usu655\/2021\/04\/Martina-Anglada-L\u00f3pez-20-21-Aq1-212x300.jpg 212w, https:\/\/agora.xtec.cat\/iesmollet\/wp-content\/uploads\/usu655\/2021\/04\/Martina-Anglada-L\u00f3pez-20-21-Aq1-768x1087.jpg 768w, https:\/\/agora.xtec.cat\/iesmollet\/wp-content\/uploads\/usu655\/2021\/04\/Martina-Anglada-L\u00f3pez-20-21-Aq1.jpg 1753w\" sizes=\"auto, (max-width: 353px) 100vw, 353px\" \/><\/a> <a style=\"font-family: inherit; font-size: 1em;\" href=\"https:\/\/agora.xtec.cat\/iesmollet\/wp-content\/uploads\/usu655\/2021\/04\/Aquarel\u00b7la.-Paula-Serrano-Egea-20-21.jpg\"><img loading=\"lazy\" decoding=\"async\" class=\"alignnone wp-image-1570\" src=\"https:\/\/agora.xtec.cat\/iesmollet\/wp-content\/uploads\/usu655\/2021\/04\/Aquarel\u00b7la.-Paula-Serrano-Egea-20-21-724x1024.jpg\" alt=\"\" width=\"403\" height=\"571\" srcset=\"https:\/\/agora.xtec.cat\/iesmollet\/wp-content\/uploads\/usu655\/2021\/04\/Aquarel\u00b7la.-Paula-Serrano-Egea-20-21-724x1024.jpg 724w, https:\/\/agora.xtec.cat\/iesmollet\/wp-content\/uploads\/usu655\/2021\/04\/Aquarel\u00b7la.-Paula-Serrano-Egea-20-21-212x300.jpg 212w, https:\/\/agora.xtec.cat\/iesmollet\/wp-content\/uploads\/usu655\/2021\/04\/Aquarel\u00b7la.-Paula-Serrano-Egea-20-21-768x1086.jpg 768w\" sizes=\"auto, (max-width: 403px) 100vw, 403px\" \/><\/a> <a style=\"font-family: inherit; font-size: 1em;\" href=\"https:\/\/agora.xtec.cat\/iesmollet\/wp-content\/uploads\/usu655\/2021\/04\/Aquarel\u00b7la-J\u00falia-20-21.jpg\"><img loading=\"lazy\" decoding=\"async\" class=\"alignnone wp-image-1569\" src=\"https:\/\/agora.xtec.cat\/iesmollet\/wp-content\/uploads\/usu655\/2021\/04\/Aquarel\u00b7la-J\u00falia-20-21-724x1024.jpg\" alt=\"\" width=\"442\" height=\"626\" srcset=\"https:\/\/agora.xtec.cat\/iesmollet\/wp-content\/uploads\/usu655\/2021\/04\/Aquarel\u00b7la-J\u00falia-20-21-724x1024.jpg 724w, https:\/\/agora.xtec.cat\/iesmollet\/wp-content\/uploads\/usu655\/2021\/04\/Aquarel\u00b7la-J\u00falia-20-21-212x300.jpg 212w, https:\/\/agora.xtec.cat\/iesmollet\/wp-content\/uploads\/usu655\/2021\/04\/Aquarel\u00b7la-J\u00falia-20-21-768x1086.jpg 768w\" sizes=\"auto, (max-width: 442px) 100vw, 442px\" \/><\/a> <a style=\"font-family: inherit; font-size: 1em;\" href=\"https:\/\/agora.xtec.cat\/iesmollet\/wp-content\/uploads\/usu655\/2021\/04\/Aqurel\u00b7la-5.jpg\"><img loading=\"lazy\" decoding=\"async\" class=\"alignnone wp-image-1567\" src=\"https:\/\/agora.xtec.cat\/iesmollet\/wp-content\/uploads\/usu655\/2021\/04\/Aqurel\u00b7la-5-1024x724.jpg\" alt=\"\" width=\"538\" height=\"380\" srcset=\"https:\/\/agora.xtec.cat\/iesmollet\/wp-content\/uploads\/usu655\/2021\/04\/Aqurel\u00b7la-5-1024x724.jpg 1024w, https:\/\/agora.xtec.cat\/iesmollet\/wp-content\/uploads\/usu655\/2021\/04\/Aqurel\u00b7la-5-300x212.jpg 300w, https:\/\/agora.xtec.cat\/iesmollet\/wp-content\/uploads\/usu655\/2021\/04\/Aqurel\u00b7la-5-768x543.jpg 768w\" sizes=\"auto, (max-width: 538px) 100vw, 538px\" \/><\/a> <a style=\"font-family: inherit; font-size: 1em;\" href=\"https:\/\/agora.xtec.cat\/iesmollet\/wp-content\/uploads\/usu655\/2021\/04\/Aqurel\u00b7la-2.jpg\"><img loading=\"lazy\" decoding=\"async\" class=\"alignnone wp-image-1566\" src=\"https:\/\/agora.xtec.cat\/iesmollet\/wp-content\/uploads\/usu655\/2021\/04\/Aqurel\u00b7la-2-725x1024.jpg\" alt=\"\" width=\"333\" height=\"470\" srcset=\"https:\/\/agora.xtec.cat\/iesmollet\/wp-content\/uploads\/usu655\/2021\/04\/Aqurel\u00b7la-2-725x1024.jpg 725w, https:\/\/agora.xtec.cat\/iesmollet\/wp-content\/uploads\/usu655\/2021\/04\/Aqurel\u00b7la-2-212x300.jpg 212w, https:\/\/agora.xtec.cat\/iesmollet\/wp-content\/uploads\/usu655\/2021\/04\/Aqurel\u00b7la-2-768x1084.jpg 768w\" sizes=\"auto, (max-width: 333px) 100vw, 333px\" \/><\/a> <a style=\"font-family: inherit; font-size: 1em;\" href=\"https:\/\/agora.xtec.cat\/iesmollet\/wp-content\/uploads\/usu655\/2021\/04\/20200130122004_005.jpg\"><img loading=\"lazy\" decoding=\"async\" class=\"alignnone wp-image-1565\" src=\"https:\/\/agora.xtec.cat\/iesmollet\/wp-content\/uploads\/usu655\/2021\/04\/20200130122004_005-1024x724.jpg\" alt=\"\" width=\"652\" height=\"461\" srcset=\"https:\/\/agora.xtec.cat\/iesmollet\/wp-content\/uploads\/usu655\/2021\/04\/20200130122004_005-1024x724.jpg 1024w, https:\/\/agora.xtec.cat\/iesmollet\/wp-content\/uploads\/usu655\/2021\/04\/20200130122004_005-300x212.jpg 300w, https:\/\/agora.xtec.cat\/iesmollet\/wp-content\/uploads\/usu655\/2021\/04\/20200130122004_005-768x543.jpg 768w\" sizes=\"auto, (max-width: 652px) 100vw, 652px\" \/><\/a> <a style=\"font-family: inherit; font-size: 1em;\" href=\"https:\/\/agora.xtec.cat\/iesmollet\/wp-content\/uploads\/usu655\/2021\/04\/20200130122004_003.jpg\"><img loading=\"lazy\" decoding=\"async\" class=\"alignnone wp-image-1564\" src=\"https:\/\/agora.xtec.cat\/iesmollet\/wp-content\/uploads\/usu655\/2021\/04\/20200130122004_003-724x1024.jpg\" alt=\"\" width=\"324\" height=\"458\" srcset=\"https:\/\/agora.xtec.cat\/iesmollet\/wp-content\/uploads\/usu655\/2021\/04\/20200130122004_003-724x1024.jpg 724w, https:\/\/agora.xtec.cat\/iesmollet\/wp-content\/uploads\/usu655\/2021\/04\/20200130122004_003-212x300.jpg 212w, https:\/\/agora.xtec.cat\/iesmollet\/wp-content\/uploads\/usu655\/2021\/04\/20200130122004_003-768x1086.jpg 768w\" sizes=\"auto, (max-width: 324px) 100vw, 324px\" \/><\/a> <span style=\"font-family: inherit; font-size: 1em;\">\u00a0<\/span><\/p>\n<p>&nbsp;<\/p>\n","protected":false},"excerpt":{"rendered":"<p>&nbsp;<br \/>\n<a href=\"https:\/\/agora.xtec.cat\/iesmollet\/wp-content\/uploads\/usu655\/2021\/04\/POMA3.jpg\"><\/a><a href=\"https:\/\/agora.xtec.cat\/iesmollet\/wp-content\/uploads\/usu655\/2021\/04\/VENUS.jpg\"><\/a><a style=\"font-family: inherit; font-size: 1em;\" href=\"https:\/\/agora.xtec.cat\/iesmollet\/wp-content\/uploads\/usu655\/2021\/04\/proposta-final.jpg\"><\/a><a href=\"https:\/\/agora.xtec.cat\/iesmollet\/wp-content\/uploads\/usu655\/2021\/04\/20200113161216_001-1.jpg\"><\/a><a style=\"font-family: inherit; font-size: 1em;\" href=\"https:\/\/agora.xtec.cat\/iesmollet\/wp-content\/uploads\/usu655\/2021\/04\/fruites-1.jpg\"><\/a><a style=\"font-family: inherit; font-size: 1em;\" href=\"https:\/\/agora.xtec.cat\/iesmollet\/wp-content\/uploads\/usu655\/2021\/04\/20200130123256_008.jpg\"><\/a> <a style=\"font-family: inherit; font-size: 1em;\" href=\"https:\/\/agora.xtec.cat\/iesmollet\/wp-content\/uploads\/usu655\/2021\/04\/20200113161631_005.jpg\"><\/a><a style=\"font-family: inherit; font-size: 1em;\" href=\"https:\/\/agora.xtec.cat\/iesmollet\/wp-content\/uploads\/usu655\/2021\/04\/20200113161631_003.jpg\"><\/a><a style=\"font-family: inherit; font-size: 1em;\" href=\"https:\/\/agora.xtec.cat\/iesmollet\/wp-content\/uploads\/usu655\/2021\/04\/20200113161721_003-1.jpg\"><\/a> <a style=\"font-family: inherit; font-size: 1em;\" href=\"https:\/\/agora.xtec.cat\/iesmollet\/wp-content\/uploads\/usu655\/2021\/04\/20200113161751_001.jpg\"><\/a><a style=\"font-family: inherit; font-size: 1em;\"&hellip;  <a href=\"https:\/\/agora.xtec.cat\/iesmollet\/tecniques-dexpressio-graficoplastica-treballs-alumnes\/\" title=\"Read T\u00e8cniques d&#8217;Expressi\u00f3 graficopl\u00e0stica \/ Treballs alumnes\">Llegeix m\u00e9s\u00bb<\/a><\/p>\n","protected":false},"author":4,"featured_media":0,"parent":0,"menu_order":0,"comment_status":"closed","ping_status":"closed","template":"","meta":{"_bbp_topic_count":0,"_bbp_reply_count":0,"_bbp_total_topic_count":0,"_bbp_total_reply_count":0,"_bbp_voice_count":0,"_bbp_anonymous_reply_count":0,"_bbp_topic_count_hidden":0,"_bbp_reply_count_hidden":0,"_bbp_forum_subforum_count":0,"footnotes":""},"class_list":["post-1541","page","type-page","status-publish","hentry"],"post_mailing_queue_ids":[],"_links":{"self":[{"href":"https:\/\/agora.xtec.cat\/iesmollet\/wp-json\/wp\/v2\/pages\/1541","targetHints":{"allow":["GET"]}}],"collection":[{"href":"https:\/\/agora.xtec.cat\/iesmollet\/wp-json\/wp\/v2\/pages"}],"about":[{"href":"https:\/\/agora.xtec.cat\/iesmollet\/wp-json\/wp\/v2\/types\/page"}],"author":[{"embeddable":true,"href":"https:\/\/agora.xtec.cat\/iesmollet\/wp-json\/wp\/v2\/users\/4"}],"replies":[{"embeddable":true,"href":"https:\/\/agora.xtec.cat\/iesmollet\/wp-json\/wp\/v2\/comments?post=1541"}],"version-history":[{"count":3,"href":"https:\/\/agora.xtec.cat\/iesmollet\/wp-json\/wp\/v2\/pages\/1541\/revisions"}],"predecessor-version":[{"id":1587,"href":"https:\/\/agora.xtec.cat\/iesmollet\/wp-json\/wp\/v2\/pages\/1541\/revisions\/1587"}],"wp:attachment":[{"href":"https:\/\/agora.xtec.cat\/iesmollet\/wp-json\/wp\/v2\/media?parent=1541"}],"curies":[{"name":"wp","href":"https:\/\/api.w.org\/{rel}","templated":true}]}}