{"id":1387,"date":"2021-03-24T12:24:33","date_gmt":"2021-03-24T11:24:33","guid":{"rendered":"https:\/\/agora.xtec.cat\/iesmollet\/?page_id=1387"},"modified":"2021-03-24T12:24:33","modified_gmt":"2021-03-24T11:24:33","slug":"historia","status":"publish","type":"page","link":"https:\/\/agora.xtec.cat\/iesmollet\/historia\/","title":{"rendered":"Hist\u00f2ria"},"content":{"rendered":"<p>La hist\u00f2ria \u00e9s una disciplina cient\u00edfica que t\u00e9 per objecte l&#8217;estudi de les societats del passat a partir de la cr\u00edtica de fonts prim\u00e0ries i secund\u00e0ries. Actualment la hist\u00f2ria es considera una disciplina multidimensional perqu\u00e8 ha integrat moltes de les dimensions epistemol\u00f2giques procedents d&#8217;altres ci\u00e8ncies socials, de tal manera que avui tendeix a convertir-se en ci\u00e8ncia de la complexitat de les societats humanes<\/p>\n<p>Pel mateix objecte del seu coneixement situa els esdeveniments en el temps i intenta proporcionar-hi un marc explicatiu complex i alhora globalitzador des d&#8217;una perspectiva din\u00e0mica, \u00e9s a dir, des de la persona fins al grup social i des de la concreci\u00f3 de la font fins a la construcci\u00f3 dels models explicatius.<\/p>\n","protected":false},"excerpt":{"rendered":"<p>La hist\u00f2ria \u00e9s una disciplina cient\u00edfica que t\u00e9 per objecte l&#8217;estudi de les societats del passat a partir de la cr\u00edtica de fonts prim\u00e0ries i secund\u00e0ries. Actualment la hist\u00f2ria es considera una disciplina multidimensional perqu\u00e8 ha integrat moltes de les dimensions epistemol\u00f2giques procedents d&#8217;altres ci\u00e8ncies&hellip;  <a href=\"https:\/\/agora.xtec.cat\/iesmollet\/historia\/\" title=\"Read Hist\u00f2ria\">Llegeix m\u00e9s\u00bb<\/a><\/p>\n","protected":false},"author":4,"featured_media":0,"parent":0,"menu_order":0,"comment_status":"closed","ping_status":"closed","template":"","meta":{"_bbp_topic_count":0,"_bbp_reply_count":0,"_bbp_total_topic_count":0,"_bbp_total_reply_count":0,"_bbp_voice_count":0,"_bbp_anonymous_reply_count":0,"_bbp_topic_count_hidden":0,"_bbp_reply_count_hidden":0,"_bbp_forum_subforum_count":0,"footnotes":""},"class_list":["post-1387","page","type-page","status-publish","hentry"],"post_mailing_queue_ids":[],"_links":{"self":[{"href":"https:\/\/agora.xtec.cat\/iesmollet\/wp-json\/wp\/v2\/pages\/1387","targetHints":{"allow":["GET"]}}],"collection":[{"href":"https:\/\/agora.xtec.cat\/iesmollet\/wp-json\/wp\/v2\/pages"}],"about":[{"href":"https:\/\/agora.xtec.cat\/iesmollet\/wp-json\/wp\/v2\/types\/page"}],"author":[{"embeddable":true,"href":"https:\/\/agora.xtec.cat\/iesmollet\/wp-json\/wp\/v2\/users\/4"}],"replies":[{"embeddable":true,"href":"https:\/\/agora.xtec.cat\/iesmollet\/wp-json\/wp\/v2\/comments?post=1387"}],"version-history":[{"count":1,"href":"https:\/\/agora.xtec.cat\/iesmollet\/wp-json\/wp\/v2\/pages\/1387\/revisions"}],"predecessor-version":[{"id":1388,"href":"https:\/\/agora.xtec.cat\/iesmollet\/wp-json\/wp\/v2\/pages\/1387\/revisions\/1388"}],"wp:attachment":[{"href":"https:\/\/agora.xtec.cat\/iesmollet\/wp-json\/wp\/v2\/media?parent=1387"}],"curies":[{"name":"wp","href":"https:\/\/api.w.org\/{rel}","templated":true}]}}