{"id":1384,"date":"2021-03-24T12:19:48","date_gmt":"2021-03-24T11:19:48","guid":{"rendered":"https:\/\/agora.xtec.cat\/iesmollet\/?page_id=1384"},"modified":"2021-03-24T12:19:48","modified_gmt":"2021-03-24T11:19:48","slug":"ciencies-per-al-mon-contemporani","status":"publish","type":"page","link":"https:\/\/agora.xtec.cat\/iesmollet\/ciencies-per-al-mon-contemporani\/","title":{"rendered":"Ci\u00e8ncies per al M\u00f3n Contemporani"},"content":{"rendered":"<p>Les ci\u00e8ncies per al m\u00f3n contemporani s\u00f3n una mat\u00e8ria comuna que s&#8217;implanta al curr\u00edculum del batxillerat en un moment en qu\u00e8 s&#8217;est\u00e0 instituint un nou paradigma que el sistema educatiu no pot ignorar: la societat de la informaci\u00f3 i el coneixement.<\/p>\n<p>Aquesta mat\u00e8ria ha d&#8217;afavorir que l&#8217;alumnat de batxillerat adquireixi les compet\u00e8ncies necess\u00e0ries per comprendre el m\u00f3n actual, tant en els aspectes relacionats amb el seu entorn immediat i vital com en aquells de car\u00e0cter global que governen el funcionament de la natura i el sistema social.<\/p>\n","protected":false},"excerpt":{"rendered":"<p>Les ci\u00e8ncies per al m\u00f3n contemporani s\u00f3n una mat\u00e8ria comuna que s&#8217;implanta al curr\u00edculum del batxillerat en un moment en qu\u00e8 s&#8217;est\u00e0 instituint un nou paradigma que el sistema educatiu no pot ignorar: la societat de la informaci\u00f3 i el coneixement.<br \/>\nAquesta mat\u00e8ria ha d&#8217;afavorir que&hellip;  <a href=\"https:\/\/agora.xtec.cat\/iesmollet\/ciencies-per-al-mon-contemporani\/\" title=\"Read Ci\u00e8ncies per al M\u00f3n Contemporani\">Llegeix m\u00e9s\u00bb<\/a><\/p>\n","protected":false},"author":4,"featured_media":0,"parent":0,"menu_order":0,"comment_status":"closed","ping_status":"closed","template":"","meta":{"_bbp_topic_count":0,"_bbp_reply_count":0,"_bbp_total_topic_count":0,"_bbp_total_reply_count":0,"_bbp_voice_count":0,"_bbp_anonymous_reply_count":0,"_bbp_topic_count_hidden":0,"_bbp_reply_count_hidden":0,"_bbp_forum_subforum_count":0,"footnotes":""},"class_list":["post-1384","page","type-page","status-publish","hentry"],"post_mailing_queue_ids":[],"_links":{"self":[{"href":"https:\/\/agora.xtec.cat\/iesmollet\/wp-json\/wp\/v2\/pages\/1384","targetHints":{"allow":["GET"]}}],"collection":[{"href":"https:\/\/agora.xtec.cat\/iesmollet\/wp-json\/wp\/v2\/pages"}],"about":[{"href":"https:\/\/agora.xtec.cat\/iesmollet\/wp-json\/wp\/v2\/types\/page"}],"author":[{"embeddable":true,"href":"https:\/\/agora.xtec.cat\/iesmollet\/wp-json\/wp\/v2\/users\/4"}],"replies":[{"embeddable":true,"href":"https:\/\/agora.xtec.cat\/iesmollet\/wp-json\/wp\/v2\/comments?post=1384"}],"version-history":[{"count":1,"href":"https:\/\/agora.xtec.cat\/iesmollet\/wp-json\/wp\/v2\/pages\/1384\/revisions"}],"predecessor-version":[{"id":1385,"href":"https:\/\/agora.xtec.cat\/iesmollet\/wp-json\/wp\/v2\/pages\/1384\/revisions\/1385"}],"wp:attachment":[{"href":"https:\/\/agora.xtec.cat\/iesmollet\/wp-json\/wp\/v2\/media?parent=1384"}],"curies":[{"name":"wp","href":"https:\/\/api.w.org\/{rel}","templated":true}]}}