{"id":1378,"date":"2021-03-24T12:11:27","date_gmt":"2021-03-24T11:11:27","guid":{"rendered":"https:\/\/agora.xtec.cat\/iesmollet\/?page_id=1378"},"modified":"2021-03-24T12:11:27","modified_gmt":"2021-03-24T11:11:27","slug":"treball-de-recerca","status":"publish","type":"page","link":"https:\/\/agora.xtec.cat\/iesmollet\/treball-de-recerca\/","title":{"rendered":"Treball de Recerca"},"content":{"rendered":"<p>El treball de recerca consisteix en un conjunt d&#8217;activitats estructurades i orientades amb vista a la investigaci\u00f3 que realitza l&#8217;alumnat en un \u00e0mbit que ha escollit i ha delimitat, amb l&#8217;orientaci\u00f3 del professorat. Aix\u00f2 implica tant la realitzaci\u00f3 d&#8217;activitats de laboratori o de camp com activitats de documentaci\u00f3 bibliogr\u00e0fica.<\/p>\n<p>L&#8217;objectiu del treball \u00e9s que l&#8217;alumnat posi en marxa determinats procediments, i que ho faci en \u00e0mbits de recerca que poden ser diferents d&#8217;aquells on els va adquirir, aprofundint sobre algun tema d&#8217;inter\u00e8s que estigui al seu abast. D&#8217;aquesta manera, l&#8217;alumnat es prepara per adaptar-se a situacions semblants de la vida acad\u00e8mica o professional posterior, en les quals hagi d&#8217;aplicar diferents procediments, fer transfer\u00e8ncia de coneixements d&#8217;un camp a un altre i mostrar capacitat per organitzar-se i planificar la feina de manera aut\u00f2noma.<\/p>\n","protected":false},"excerpt":{"rendered":"<p>El treball de recerca consisteix en un conjunt d&#8217;activitats estructurades i orientades amb vista a la investigaci\u00f3 que realitza l&#8217;alumnat en un \u00e0mbit que ha escollit i ha delimitat, amb l&#8217;orientaci\u00f3 del professorat. Aix\u00f2 implica tant la realitzaci\u00f3 d&#8217;activitats de laboratori o de camp com&hellip;  <a href=\"https:\/\/agora.xtec.cat\/iesmollet\/treball-de-recerca\/\" title=\"Read Treball de Recerca\">Llegeix m\u00e9s\u00bb<\/a><\/p>\n","protected":false},"author":4,"featured_media":0,"parent":0,"menu_order":0,"comment_status":"closed","ping_status":"closed","template":"","meta":{"_bbp_topic_count":0,"_bbp_reply_count":0,"_bbp_total_topic_count":0,"_bbp_total_reply_count":0,"_bbp_voice_count":0,"_bbp_anonymous_reply_count":0,"_bbp_topic_count_hidden":0,"_bbp_reply_count_hidden":0,"_bbp_forum_subforum_count":0,"footnotes":""},"class_list":["post-1378","page","type-page","status-publish","hentry"],"post_mailing_queue_ids":[],"_links":{"self":[{"href":"https:\/\/agora.xtec.cat\/iesmollet\/wp-json\/wp\/v2\/pages\/1378","targetHints":{"allow":["GET"]}}],"collection":[{"href":"https:\/\/agora.xtec.cat\/iesmollet\/wp-json\/wp\/v2\/pages"}],"about":[{"href":"https:\/\/agora.xtec.cat\/iesmollet\/wp-json\/wp\/v2\/types\/page"}],"author":[{"embeddable":true,"href":"https:\/\/agora.xtec.cat\/iesmollet\/wp-json\/wp\/v2\/users\/4"}],"replies":[{"embeddable":true,"href":"https:\/\/agora.xtec.cat\/iesmollet\/wp-json\/wp\/v2\/comments?post=1378"}],"version-history":[{"count":1,"href":"https:\/\/agora.xtec.cat\/iesmollet\/wp-json\/wp\/v2\/pages\/1378\/revisions"}],"predecessor-version":[{"id":1379,"href":"https:\/\/agora.xtec.cat\/iesmollet\/wp-json\/wp\/v2\/pages\/1378\/revisions\/1379"}],"wp:attachment":[{"href":"https:\/\/agora.xtec.cat\/iesmollet\/wp-json\/wp\/v2\/media?parent=1378"}],"curies":[{"name":"wp","href":"https:\/\/api.w.org\/{rel}","templated":true}]}}