{"id":1376,"date":"2021-03-24T12:08:21","date_gmt":"2021-03-24T11:08:21","guid":{"rendered":"https:\/\/agora.xtec.cat\/iesmollet\/?page_id=1376"},"modified":"2021-03-24T12:08:21","modified_gmt":"2021-03-24T11:08:21","slug":"fonaments-de-les-arts","status":"publish","type":"page","link":"https:\/\/agora.xtec.cat\/iesmollet\/fonaments-de-les-arts\/","title":{"rendered":"Fonaments de les Arts"},"content":{"rendered":"<p>Fonaments de les Arts \u00e9s una mat\u00e8ria que t\u00e9 com a objecte d\u2019estudi les obres i les produccions art\u00edstiques, incloent-hi les manifestacions de la cultura visual, les arts esc\u00e8niques i la m\u00fasica, enteses com a produccions resultants de la creativitat i actuaci\u00f3 humanes, que s&#8217;expressen amb codis propis i enriqueixen la visi\u00f3 global de la realitat i les seves m\u00faltiples formes de manifestar-se. Compr\u00e8n diferents per\u00edodes hist\u00f2rics i diferents civilitzacions perqu\u00e8 es pret\u00e9n donar una visi\u00f3 global dels canvis i continu\u00eftats de les arts, centrant l\u2019atenci\u00f3 especialment en les manifestacions<br \/>\nart\u00edstiques dels per\u00edodes m\u00e9s recents.<\/p>\n<p>Aquesta mat\u00e8ria, comuna d\u2019opci\u00f3 de la modalitat d\u2019arts, est\u00e0 directament vinculada amb Hist\u00f2ria de l\u2019Art, una disciplina tradicionalment present en l\u2019educaci\u00f3, i comparteix amb ella la finalitat d\u2019identificar, analitzar i interpretar les obres d\u2019art, tot i que el camp<br \/>\nd\u2019estudi de Fonaments de les Arts va m\u00e9s enll\u00e0 de l\u2019estudi de la pintura, l\u2019escultura i l\u2019arquitectura propis de la Hist\u00f2ria de l\u2019Art per ampliar la visi\u00f3 a altres formes de creaci\u00f3 art\u00edstica. Aix\u00ed, compr\u00e8n manifestacions creatives contempor\u00e0nies com el disseny, la fotografia, el cinema, el c\u00f2mic, la televisi\u00f3 i els nous mitjans digitals.<\/p>\n","protected":false},"excerpt":{"rendered":"<p>Fonaments de les Arts \u00e9s una mat\u00e8ria que t\u00e9 com a objecte d\u2019estudi les obres i les produccions art\u00edstiques, incloent-hi les manifestacions de la cultura visual, les arts esc\u00e8niques i la m\u00fasica, enteses com a produccions resultants de la creativitat i actuaci\u00f3 humanes, que s&#8217;expressen&hellip;  <a href=\"https:\/\/agora.xtec.cat\/iesmollet\/fonaments-de-les-arts\/\" title=\"Read Fonaments de les Arts\">Llegeix m\u00e9s\u00bb<\/a><\/p>\n","protected":false},"author":4,"featured_media":0,"parent":0,"menu_order":0,"comment_status":"closed","ping_status":"closed","template":"","meta":{"_bbp_topic_count":0,"_bbp_reply_count":0,"_bbp_total_topic_count":0,"_bbp_total_reply_count":0,"_bbp_voice_count":0,"_bbp_anonymous_reply_count":0,"_bbp_topic_count_hidden":0,"_bbp_reply_count_hidden":0,"_bbp_forum_subforum_count":0,"footnotes":""},"class_list":["post-1376","page","type-page","status-publish","hentry"],"post_mailing_queue_ids":[],"_links":{"self":[{"href":"https:\/\/agora.xtec.cat\/iesmollet\/wp-json\/wp\/v2\/pages\/1376","targetHints":{"allow":["GET"]}}],"collection":[{"href":"https:\/\/agora.xtec.cat\/iesmollet\/wp-json\/wp\/v2\/pages"}],"about":[{"href":"https:\/\/agora.xtec.cat\/iesmollet\/wp-json\/wp\/v2\/types\/page"}],"author":[{"embeddable":true,"href":"https:\/\/agora.xtec.cat\/iesmollet\/wp-json\/wp\/v2\/users\/4"}],"replies":[{"embeddable":true,"href":"https:\/\/agora.xtec.cat\/iesmollet\/wp-json\/wp\/v2\/comments?post=1376"}],"version-history":[{"count":1,"href":"https:\/\/agora.xtec.cat\/iesmollet\/wp-json\/wp\/v2\/pages\/1376\/revisions"}],"predecessor-version":[{"id":1377,"href":"https:\/\/agora.xtec.cat\/iesmollet\/wp-json\/wp\/v2\/pages\/1376\/revisions\/1377"}],"wp:attachment":[{"href":"https:\/\/agora.xtec.cat\/iesmollet\/wp-json\/wp\/v2\/media?parent=1376"}],"curies":[{"name":"wp","href":"https:\/\/api.w.org\/{rel}","templated":true}]}}