{"id":1371,"date":"2021-03-24T12:03:57","date_gmt":"2021-03-24T11:03:57","guid":{"rendered":"https:\/\/agora.xtec.cat\/iesmollet\/?page_id=1371"},"modified":"2021-03-24T12:03:57","modified_gmt":"2021-03-24T11:03:57","slug":"dibuix-tecnic","status":"publish","type":"page","link":"https:\/\/agora.xtec.cat\/iesmollet\/dibuix-tecnic\/","title":{"rendered":"Dibuix T\u00e8cnic"},"content":{"rendered":"<p>La mat\u00e8ria de dibuix t\u00e8cnic desenvolupa les estrat\u00e8gies necess\u00e0ries per a la comprensi\u00f3 i posterior soluci\u00f3 gr\u00e0fica dels problemes, amb un component de recerca i planificaci\u00f3 dels processos. Els continguts de la mat\u00e8ria proporcionen a l&#8217;alumnat els coneixements propis del batxillerat i el prepara per afrontar estudis futurs m\u00e9s complexos. Pel seu car\u00e0cter instrumental, esdev\u00e9 una eina imprescindible per a la formaci\u00f3 acad\u00e8mica i tamb\u00e9 per a futures activitats professionals.<\/p>\n<p>El dibuix t\u00e8cnic \u00e9s una eina amb un llenguatge propi, que s&#8217;utilitza en disciplines que s&#8217;ocupen principalment del disseny de la forma i la funci\u00f3 dels objectes i els espais, i esdev\u00e9 en molts casos un instrument d&#8217;investigaci\u00f3 i de creaci\u00f3 de les solucions que demanen els projectes de disseny gr\u00e0fic i industrial, d&#8217;arquitectura, d&#8217;enginyeria o d&#8217;urbanisme, entre altres.<\/p>\n","protected":false},"excerpt":{"rendered":"<p>La mat\u00e8ria de dibuix t\u00e8cnic desenvolupa les estrat\u00e8gies necess\u00e0ries per a la comprensi\u00f3 i posterior soluci\u00f3 gr\u00e0fica dels problemes, amb un component de recerca i planificaci\u00f3 dels processos. Els continguts de la mat\u00e8ria proporcionen a l&#8217;alumnat els coneixements propis del batxillerat i el prepara per&hellip;  <a href=\"https:\/\/agora.xtec.cat\/iesmollet\/dibuix-tecnic\/\" title=\"Read Dibuix T\u00e8cnic\">Llegeix m\u00e9s\u00bb<\/a><\/p>\n","protected":false},"author":4,"featured_media":0,"parent":0,"menu_order":0,"comment_status":"closed","ping_status":"closed","template":"","meta":{"_bbp_topic_count":0,"_bbp_reply_count":0,"_bbp_total_topic_count":0,"_bbp_total_reply_count":0,"_bbp_voice_count":0,"_bbp_anonymous_reply_count":0,"_bbp_topic_count_hidden":0,"_bbp_reply_count_hidden":0,"_bbp_forum_subforum_count":0,"footnotes":""},"class_list":["post-1371","page","type-page","status-publish","hentry"],"post_mailing_queue_ids":[],"_links":{"self":[{"href":"https:\/\/agora.xtec.cat\/iesmollet\/wp-json\/wp\/v2\/pages\/1371","targetHints":{"allow":["GET"]}}],"collection":[{"href":"https:\/\/agora.xtec.cat\/iesmollet\/wp-json\/wp\/v2\/pages"}],"about":[{"href":"https:\/\/agora.xtec.cat\/iesmollet\/wp-json\/wp\/v2\/types\/page"}],"author":[{"embeddable":true,"href":"https:\/\/agora.xtec.cat\/iesmollet\/wp-json\/wp\/v2\/users\/4"}],"replies":[{"embeddable":true,"href":"https:\/\/agora.xtec.cat\/iesmollet\/wp-json\/wp\/v2\/comments?post=1371"}],"version-history":[{"count":1,"href":"https:\/\/agora.xtec.cat\/iesmollet\/wp-json\/wp\/v2\/pages\/1371\/revisions"}],"predecessor-version":[{"id":1372,"href":"https:\/\/agora.xtec.cat\/iesmollet\/wp-json\/wp\/v2\/pages\/1371\/revisions\/1372"}],"wp:attachment":[{"href":"https:\/\/agora.xtec.cat\/iesmollet\/wp-json\/wp\/v2\/media?parent=1371"}],"curies":[{"name":"wp","href":"https:\/\/api.w.org\/{rel}","templated":true}]}}