{"id":1367,"date":"2021-03-24T11:56:22","date_gmt":"2021-03-24T10:56:22","guid":{"rendered":"https:\/\/agora.xtec.cat\/iesmollet\/?page_id=1367"},"modified":"2021-04-06T17:35:44","modified_gmt":"2021-04-06T15:35:44","slug":"dibuix-artistic","status":"publish","type":"page","link":"https:\/\/agora.xtec.cat\/iesmollet\/dibuix-artistic\/","title":{"rendered":"Dibuix Art\u00edstic"},"content":{"rendered":"<p><a href=\"https:\/\/agora.xtec.cat\/iesmollet\/wp-content\/uploads\/usu655\/2021\/04\/IMG_20181129_093212_HDR.jpg\"><img loading=\"lazy\" decoding=\"async\" class=\"wp-image-1459 alignleft\" src=\"https:\/\/agora.xtec.cat\/iesmollet\/wp-content\/uploads\/usu655\/2021\/04\/IMG_20181129_093212_HDR-1024x768.jpg\" alt=\"\" width=\"299\" height=\"225\" srcset=\"https:\/\/agora.xtec.cat\/iesmollet\/wp-content\/uploads\/usu655\/2021\/04\/IMG_20181129_093212_HDR-1024x768.jpg 1024w, https:\/\/agora.xtec.cat\/iesmollet\/wp-content\/uploads\/usu655\/2021\/04\/IMG_20181129_093212_HDR-300x225.jpg 300w, https:\/\/agora.xtec.cat\/iesmollet\/wp-content\/uploads\/usu655\/2021\/04\/IMG_20181129_093212_HDR-768x576.jpg 768w, https:\/\/agora.xtec.cat\/iesmollet\/wp-content\/uploads\/usu655\/2021\/04\/IMG_20181129_093212_HDR-200x150.jpg 200w\" sizes=\"auto, (max-width: 299px) 100vw, 299px\" \/><\/a>El dibuix art\u00edstic constitueix el recurs intel\u00b7lectual b\u00e0sic per a l&#8217;expressi\u00f3 gr\u00e0fica del pensament visual i interv\u00e9 en el medi cultural tant per transmetre coneixements com per contribuir a crear-ne. Permet elaborar imatges capaces de comunicar el resultat de l&#8217;an\u00e0lisi objectiva de les caracter\u00edstiques formals observades o inventades i esdev\u00e9 el vehicle sensible per a l&#8217;expressi\u00f3 gr\u00e0fica de les idees personals, dels sentiments o de les emocions.<\/p>\n<p>&nbsp;<\/p>\n<p>&nbsp;<\/p>\n<p>&nbsp;<\/p>\n<p>&nbsp;<\/p>\n<p>&nbsp;<\/p>\n<p>&nbsp;<\/p>\n","protected":false},"excerpt":{"rendered":"<p><a href=\"https:\/\/agora.xtec.cat\/iesmollet\/wp-content\/uploads\/usu655\/2021\/04\/IMG_20181129_093212_HDR.jpg\"><\/a>El dibuix art\u00edstic constitueix el recurs intel\u00b7lectual b\u00e0sic per a l&#8217;expressi\u00f3 gr\u00e0fica del pensament visual i interv\u00e9 en el medi cultural tant per transmetre coneixements com per contribuir a crear-ne. Permet elaborar imatges capaces de comunicar el resultat de l&#8217;an\u00e0lisi objectiva de les caracter\u00edstiques&hellip;  <a href=\"https:\/\/agora.xtec.cat\/iesmollet\/dibuix-artistic\/\" title=\"Read Dibuix Art\u00edstic\">Llegeix m\u00e9s\u00bb<\/a><\/p>\n","protected":false},"author":4,"featured_media":0,"parent":0,"menu_order":0,"comment_status":"closed","ping_status":"closed","template":"","meta":{"_bbp_topic_count":0,"_bbp_reply_count":0,"_bbp_total_topic_count":0,"_bbp_total_reply_count":0,"_bbp_voice_count":0,"_bbp_anonymous_reply_count":0,"_bbp_topic_count_hidden":0,"_bbp_reply_count_hidden":0,"_bbp_forum_subforum_count":0,"footnotes":""},"class_list":["post-1367","page","type-page","status-publish","hentry"],"post_mailing_queue_ids":[],"_links":{"self":[{"href":"https:\/\/agora.xtec.cat\/iesmollet\/wp-json\/wp\/v2\/pages\/1367","targetHints":{"allow":["GET"]}}],"collection":[{"href":"https:\/\/agora.xtec.cat\/iesmollet\/wp-json\/wp\/v2\/pages"}],"about":[{"href":"https:\/\/agora.xtec.cat\/iesmollet\/wp-json\/wp\/v2\/types\/page"}],"author":[{"embeddable":true,"href":"https:\/\/agora.xtec.cat\/iesmollet\/wp-json\/wp\/v2\/users\/4"}],"replies":[{"embeddable":true,"href":"https:\/\/agora.xtec.cat\/iesmollet\/wp-json\/wp\/v2\/comments?post=1367"}],"version-history":[{"count":3,"href":"https:\/\/agora.xtec.cat\/iesmollet\/wp-json\/wp\/v2\/pages\/1367\/revisions"}],"predecessor-version":[{"id":1462,"href":"https:\/\/agora.xtec.cat\/iesmollet\/wp-json\/wp\/v2\/pages\/1367\/revisions\/1462"}],"wp:attachment":[{"href":"https:\/\/agora.xtec.cat\/iesmollet\/wp-json\/wp\/v2\/media?parent=1367"}],"curies":[{"name":"wp","href":"https:\/\/api.w.org\/{rel}","templated":true}]}}