{"id":1365,"date":"2021-03-24T11:53:49","date_gmt":"2021-03-24T10:53:49","guid":{"rendered":"https:\/\/agora.xtec.cat\/iesmollet\/?page_id=1365"},"modified":"2021-04-06T17:10:36","modified_gmt":"2021-04-06T15:10:36","slug":"cultura-audiovisual","status":"publish","type":"page","link":"https:\/\/agora.xtec.cat\/iesmollet\/cultura-audiovisual\/","title":{"rendered":"Cultura Audiovisual"},"content":{"rendered":"<figure class=\"figure wp-caption alignleft\"><a href=\"https:\/\/agora.xtec.cat\/iesmollet\/wp-content\/uploads\/usu655\/2021\/04\/Captura.png\"><img loading=\"lazy\" decoding=\"async\" class=\"wp-image-1450\" src=\"https:\/\/agora.xtec.cat\/iesmollet\/wp-content\/uploads\/usu655\/2021\/04\/Captura.png\" alt=\"Fotografia: Oriol Dom\u00ednguez\" width=\"352\" height=\"242\" srcset=\"https:\/\/agora.xtec.cat\/iesmollet\/wp-content\/uploads\/usu655\/2021\/04\/Captura.png 616w, https:\/\/agora.xtec.cat\/iesmollet\/wp-content\/uploads\/usu655\/2021\/04\/Captura-300x206.png 300w\" sizes=\"auto, (max-width: 352px) 100vw, 352px\" \/><\/a><figcaption class=\"wp-caption-text\">Fotografia: Oriol Dom\u00ednguez<\/figcaption><\/figure>\n<p>La mat\u00e8ria de Cultura Audiovisual t\u00e9 com a objectiu fonamental l\u2019enriquiment de la capacitat de l\u2019alumnat d\u2019observar, analitzar, relacionar i comprendre la diversitat d\u2019elements i fen\u00f2mens que constitueixen la Cultura Audiovisual del seu temps. Aquesta mat\u00e8ria t\u00e9 com a prioritat promoure la formaci\u00f3 de ciutadans i ciutadanes competents, reflexius, participatius i selectius respecte de la realitat audiovisual que els envolta.<br \/>\nL\u2019alumnat ha d\u2019adquirir progressivament la capacitat d\u2019apreciar les creacions audiovisuals, ha d\u2019esdevenir alhora productor, comunicador actiu, emissor i consumidor cr\u00edtic de missatges audiovisuals, i ha de dirigir les seves reflexions i propostes de treball, individuals o col\u00b7lectives, cap a un \u00e0mbit m\u00e9s ampli, indagant i incidint en l\u2019entorn cultural, social i p\u00fablic en el qual est\u00e0 immers.<\/p>\n<p><a href=\"https:\/\/agora.xtec.cat\/iesmollet\/cultura-audiovisual-treballs-dalumnes\/\">Treballs Alumnes<\/a><\/p>\n","protected":false},"excerpt":{"rendered":"<p><a href=\"https:\/\/agora.xtec.cat\/iesmollet\/wp-content\/uploads\/usu655\/2021\/04\/Captura.png\"><\/a>Fotografia: Oriol Dom\u00ednguez<br \/>\nLa mat\u00e8ria de Cultura Audiovisual t\u00e9 com a objectiu fonamental l\u2019enriquiment de la capacitat de l\u2019alumnat d\u2019observar, analitzar, relacionar i comprendre la diversitat d\u2019elements i fen\u00f2mens que constitueixen la Cultura Audiovisual del seu temps. Aquesta mat\u00e8ria t\u00e9 com a prioritat promoure la&hellip;  <a href=\"https:\/\/agora.xtec.cat\/iesmollet\/cultura-audiovisual\/\" title=\"Read Cultura Audiovisual\">Llegeix m\u00e9s\u00bb<\/a><\/p>\n","protected":false},"author":4,"featured_media":0,"parent":0,"menu_order":0,"comment_status":"closed","ping_status":"closed","template":"","meta":{"_bbp_topic_count":0,"_bbp_reply_count":0,"_bbp_total_topic_count":0,"_bbp_total_reply_count":0,"_bbp_voice_count":0,"_bbp_anonymous_reply_count":0,"_bbp_topic_count_hidden":0,"_bbp_reply_count_hidden":0,"_bbp_forum_subforum_count":0,"footnotes":""},"class_list":["post-1365","page","type-page","status-publish","hentry"],"post_mailing_queue_ids":[],"_links":{"self":[{"href":"https:\/\/agora.xtec.cat\/iesmollet\/wp-json\/wp\/v2\/pages\/1365","targetHints":{"allow":["GET"]}}],"collection":[{"href":"https:\/\/agora.xtec.cat\/iesmollet\/wp-json\/wp\/v2\/pages"}],"about":[{"href":"https:\/\/agora.xtec.cat\/iesmollet\/wp-json\/wp\/v2\/types\/page"}],"author":[{"embeddable":true,"href":"https:\/\/agora.xtec.cat\/iesmollet\/wp-json\/wp\/v2\/users\/4"}],"replies":[{"embeddable":true,"href":"https:\/\/agora.xtec.cat\/iesmollet\/wp-json\/wp\/v2\/comments?post=1365"}],"version-history":[{"count":3,"href":"https:\/\/agora.xtec.cat\/iesmollet\/wp-json\/wp\/v2\/pages\/1365\/revisions"}],"predecessor-version":[{"id":1453,"href":"https:\/\/agora.xtec.cat\/iesmollet\/wp-json\/wp\/v2\/pages\/1365\/revisions\/1453"}],"wp:attachment":[{"href":"https:\/\/agora.xtec.cat\/iesmollet\/wp-json\/wp\/v2\/media?parent=1365"}],"curies":[{"name":"wp","href":"https:\/\/api.w.org\/{rel}","templated":true}]}}