{"id":1361,"date":"2021-03-23T13:23:25","date_gmt":"2021-03-23T12:23:25","guid":{"rendered":"https:\/\/agora.xtec.cat\/iesmollet\/?page_id=1361"},"modified":"2021-04-13T12:31:41","modified_gmt":"2021-04-13T10:31:41","slug":"tecniques-dexpressio-graficoplastica","status":"publish","type":"page","link":"https:\/\/agora.xtec.cat\/iesmollet\/tecniques-dexpressio-graficoplastica\/","title":{"rendered":"T\u00e8cniques d&#8217;Expressi\u00f3 Graficoplastica"},"content":{"rendered":"<p><a href=\"https:\/\/agora.xtec.cat\/iesmollet\/wp-content\/uploads\/usu655\/2021\/04\/20200130122004_013.jpg\"><img loading=\"lazy\" decoding=\"async\" class=\"wp-image-1456 alignleft\" src=\"https:\/\/agora.xtec.cat\/iesmollet\/wp-content\/uploads\/usu655\/2021\/04\/20200130122004_013-1024x725.jpg\" alt=\"\" width=\"369\" height=\"261\" srcset=\"https:\/\/agora.xtec.cat\/iesmollet\/wp-content\/uploads\/usu655\/2021\/04\/20200130122004_013-1024x725.jpg 1024w, https:\/\/agora.xtec.cat\/iesmollet\/wp-content\/uploads\/usu655\/2021\/04\/20200130122004_013-300x212.jpg 300w, https:\/\/agora.xtec.cat\/iesmollet\/wp-content\/uploads\/usu655\/2021\/04\/20200130122004_013-768x544.jpg 768w\" sizes=\"auto, (max-width: 369px) 100vw, 369px\" \/><\/a><\/p>\n<p>La mat\u00e8ria de t\u00e8cniques d&#8217;expressi\u00f3 graficopl\u00e0stica pret\u00e9n estimular l&#8217;alumnat en la descoberta del m\u00f3n gr\u00e0fic pl\u00e0stic i visual i amb aquesta finalitat el dota, durant el proc\u00e9s d&#8217;ensenyament i aprenentatge, d&#8217;eines, recursos, estrat\u00e8gies i metodologies. Pret\u00e9n tamb\u00e9 despertar la creativitat, trencar esquemes i estereotips i convidar l&#8217;alumnat a renovar l&#8217;entorn o fer una nova mirada envers l&#8217;entorn, amb esperit cr\u00edtic, positiu i reflexiu, obrint noves possibilitats d&#8217;interacci\u00f3 i comunicaci\u00f3.<\/p>\n<p>&nbsp;<\/p>\n<p><a href=\"https:\/\/agora.xtec.cat\/iesmollet\/tecniques-dexpressio-graficoplastica-treballs-alumnes\/\">Treballs alumnes<\/a><\/p>\n<p>&nbsp;<\/p>\n<p>&nbsp;<\/p>\n<p>&nbsp;<\/p>\n<p>&nbsp;<\/p>\n","protected":false},"excerpt":{"rendered":"<p><a href=\"https:\/\/agora.xtec.cat\/iesmollet\/wp-content\/uploads\/usu655\/2021\/04\/20200130122004_013.jpg\"><\/a><br \/>\nLa mat\u00e8ria de t\u00e8cniques d&#8217;expressi\u00f3 graficopl\u00e0stica pret\u00e9n estimular l&#8217;alumnat en la descoberta del m\u00f3n gr\u00e0fic pl\u00e0stic i visual i amb aquesta finalitat el dota, durant el proc\u00e9s d&#8217;ensenyament i aprenentatge, d&#8217;eines, recursos, estrat\u00e8gies i metodologies. Pret\u00e9n tamb\u00e9 despertar la creativitat, trencar esquemes i estereotips&hellip;  <a href=\"https:\/\/agora.xtec.cat\/iesmollet\/tecniques-dexpressio-graficoplastica\/\" title=\"Read T\u00e8cniques d&#8217;Expressi\u00f3 Graficoplastica\">Llegeix m\u00e9s\u00bb<\/a><\/p>\n","protected":false},"author":4,"featured_media":0,"parent":0,"menu_order":0,"comment_status":"closed","ping_status":"closed","template":"","meta":{"_bbp_topic_count":0,"_bbp_reply_count":0,"_bbp_total_topic_count":0,"_bbp_total_reply_count":0,"_bbp_voice_count":0,"_bbp_anonymous_reply_count":0,"_bbp_topic_count_hidden":0,"_bbp_reply_count_hidden":0,"_bbp_forum_subforum_count":0,"footnotes":""},"class_list":["post-1361","page","type-page","status-publish","hentry"],"post_mailing_queue_ids":[],"_links":{"self":[{"href":"https:\/\/agora.xtec.cat\/iesmollet\/wp-json\/wp\/v2\/pages\/1361","targetHints":{"allow":["GET"]}}],"collection":[{"href":"https:\/\/agora.xtec.cat\/iesmollet\/wp-json\/wp\/v2\/pages"}],"about":[{"href":"https:\/\/agora.xtec.cat\/iesmollet\/wp-json\/wp\/v2\/types\/page"}],"author":[{"embeddable":true,"href":"https:\/\/agora.xtec.cat\/iesmollet\/wp-json\/wp\/v2\/users\/4"}],"replies":[{"embeddable":true,"href":"https:\/\/agora.xtec.cat\/iesmollet\/wp-json\/wp\/v2\/comments?post=1361"}],"version-history":[{"count":3,"href":"https:\/\/agora.xtec.cat\/iesmollet\/wp-json\/wp\/v2\/pages\/1361\/revisions"}],"predecessor-version":[{"id":1577,"href":"https:\/\/agora.xtec.cat\/iesmollet\/wp-json\/wp\/v2\/pages\/1361\/revisions\/1577"}],"wp:attachment":[{"href":"https:\/\/agora.xtec.cat\/iesmollet\/wp-json\/wp\/v2\/media?parent=1361"}],"curies":[{"name":"wp","href":"https:\/\/api.w.org\/{rel}","templated":true}]}}