{"id":1354,"date":"2021-03-23T13:11:48","date_gmt":"2021-03-23T12:11:48","guid":{"rendered":"https:\/\/agora.xtec.cat\/iesmollet\/?page_id=1354"},"modified":"2021-04-06T15:21:59","modified_gmt":"2021-04-06T13:21:59","slug":"disseny","status":"publish","type":"page","link":"https:\/\/agora.xtec.cat\/iesmollet\/disseny\/","title":{"rendered":"Disseny"},"content":{"rendered":"<p><a href=\"https:\/\/agora.xtec.cat\/iesmollet\/wp-content\/uploads\/usu655\/2021\/04\/mistbornportada.jpg\"><img loading=\"lazy\" decoding=\"async\" class=\" wp-image-1432 alignleft\" src=\"https:\/\/agora.xtec.cat\/iesmollet\/wp-content\/uploads\/usu655\/2021\/04\/mistbornportada.jpg\" alt=\"\" width=\"218\" height=\"310\" srcset=\"https:\/\/agora.xtec.cat\/iesmollet\/wp-content\/uploads\/usu655\/2021\/04\/mistbornportada.jpg 706w, https:\/\/agora.xtec.cat\/iesmollet\/wp-content\/uploads\/usu655\/2021\/04\/mistbornportada-212x300.jpg 212w\" sizes=\"auto, (max-width: 218px) 100vw, 218px\" \/><\/a>La mat\u00e8ria de disseny pret\u00e9n donar a con\u00e8ixer els mecanismes i les condicions<br \/>\ndel disseny dels espais, dels objectes i de les imatges gr\u00e0fiques que ens<br \/>\nenvolten, i aportar a l&#8217;alumnat les eines necess\u00e0ries per a la seva comprensi\u00f3 i<br \/>\nper abordar la seva concepci\u00f3 i pr\u00e0ctica de manera introduct\u00f2ria. Tanmateix,<br \/>\naquesta pretensi\u00f3 mai no ser\u00e0 de formar especialistes, per\u00f2 s\u00ed d&#8217;iniciar<br \/>\nl&#8217;alumnat en el proc\u00e9s i la realitzaci\u00f3 d&#8217;un projecte de disseny, aix\u00ed com en la<br \/>\nreflexi\u00f3 i l&#8217;an\u00e0lisi d&#8217;aquesta pr\u00e0ctica, sempre establint un pont de connexi\u00f3 amb<br \/>\nels coneixements adquirits anteriorment i principalment els referits a les arts<br \/>\npl\u00e0stiques de dibuix i a la tecnologia.<\/p>\n<p><a href=\"https:\/\/agora.xtec.cat\/iesmollet\/disseny-treballs-dalumnes\/\">Treballs d&#8217;alumnes<\/a><\/p>\n<p><a href=\"https:\/\/agora.xtec.cat\/iesmollet\/wp-content\/uploads\/usu655\/2021\/03\/disseny.pdf\">Curr\u00edculum<\/a><\/p>\n","protected":false},"excerpt":{"rendered":"<p><a href=\"https:\/\/agora.xtec.cat\/iesmollet\/wp-content\/uploads\/usu655\/2021\/04\/mistbornportada.jpg\"><\/a>La mat\u00e8ria de disseny pret\u00e9n donar a con\u00e8ixer els mecanismes i les condicions<br \/>\ndel disseny dels espais, dels objectes i de les imatges gr\u00e0fiques que ens<br \/>\nenvolten, i aportar a l&#8217;alumnat les eines necess\u00e0ries per a la seva comprensi\u00f3 i<br \/>\nper abordar la seva concepci\u00f3 i pr\u00e0ctica&hellip;  <a href=\"https:\/\/agora.xtec.cat\/iesmollet\/disseny\/\" title=\"Read Disseny\">Llegeix m\u00e9s\u00bb<\/a><\/p>\n","protected":false},"author":4,"featured_media":0,"parent":0,"menu_order":0,"comment_status":"closed","ping_status":"closed","template":"","meta":{"_bbp_topic_count":0,"_bbp_reply_count":0,"_bbp_total_topic_count":0,"_bbp_total_reply_count":0,"_bbp_voice_count":0,"_bbp_anonymous_reply_count":0,"_bbp_topic_count_hidden":0,"_bbp_reply_count_hidden":0,"_bbp_forum_subforum_count":0,"footnotes":""},"class_list":["post-1354","page","type-page","status-publish","hentry"],"post_mailing_queue_ids":[],"_links":{"self":[{"href":"https:\/\/agora.xtec.cat\/iesmollet\/wp-json\/wp\/v2\/pages\/1354","targetHints":{"allow":["GET"]}}],"collection":[{"href":"https:\/\/agora.xtec.cat\/iesmollet\/wp-json\/wp\/v2\/pages"}],"about":[{"href":"https:\/\/agora.xtec.cat\/iesmollet\/wp-json\/wp\/v2\/types\/page"}],"author":[{"embeddable":true,"href":"https:\/\/agora.xtec.cat\/iesmollet\/wp-json\/wp\/v2\/users\/4"}],"replies":[{"embeddable":true,"href":"https:\/\/agora.xtec.cat\/iesmollet\/wp-json\/wp\/v2\/comments?post=1354"}],"version-history":[{"count":3,"href":"https:\/\/agora.xtec.cat\/iesmollet\/wp-json\/wp\/v2\/pages\/1354\/revisions"}],"predecessor-version":[{"id":1434,"href":"https:\/\/agora.xtec.cat\/iesmollet\/wp-json\/wp\/v2\/pages\/1354\/revisions\/1434"}],"wp:attachment":[{"href":"https:\/\/agora.xtec.cat\/iesmollet\/wp-json\/wp\/v2\/media?parent=1354"}],"curies":[{"name":"wp","href":"https:\/\/api.w.org\/{rel}","templated":true}]}}