{"id":1349,"date":"2021-03-23T13:00:59","date_gmt":"2021-03-23T12:00:59","guid":{"rendered":"https:\/\/agora.xtec.cat\/iesmollet\/?page_id=1349"},"modified":"2021-03-23T13:00:59","modified_gmt":"2021-03-23T12:00:59","slug":"acces-al-batxilleart-artistic","status":"publish","type":"page","link":"https:\/\/agora.xtec.cat\/iesmollet\/acces-al-batxilleart-artistic\/","title":{"rendered":"Acc\u00e9s al Batxilleart Art\u00edstic"},"content":{"rendered":"<p>Per accedir al batxillerat cal:<\/p>\n<ul>\n<li>Tenir el t\u00edtol de graduat o graduada en educaci\u00f3<br \/>\nsecund\u00e0ria obligat\u00f2ria (GESO) o<\/li>\n<li>Tenir el t\u00edtol de t\u00e8cnic o t\u00e8cnica d&#8217;un cicle formatiu de grau<br \/>\nmitj\u00e0 o t\u00e8cnic superior o t\u00e8cnica superior d&#8217;un cicle<br \/>\nformatiu de grau superior (en aquests casos es pot<br \/>\ndemanar la convalidaci\u00f3 de mat\u00e8ries optatives i del treball<br \/>\nde recerca) o<\/li>\n<li>Haver cursat estudis de sistemes educatius estrangers<br \/>\nque hagin estat homologats amb el t\u00edtol de GESO o el de<br \/>\nt\u00e8cnic o t\u00e8cnica. L&#8217;homologaci\u00f3 s&#8217;acredita mitjan\u00e7ant la<br \/>\ncredencial corresponent o b\u00e9, si encara es troba en tr\u00e0mit,<br \/>\npresentant el \u201cvolant per a la inscripci\u00f3 condicional en<br \/>\ncentres educatius\u201d.<\/li>\n<\/ul>\n","protected":false},"excerpt":{"rendered":"<p>Per accedir al batxillerat cal:<\/p>\n<ul>\n<li>Tenir el t\u00edtol de graduat o graduada en educaci\u00f3<br \/>\nsecund\u00e0ria obligat\u00f2ria (GESO) o<\/li>\n<li>Tenir el t\u00edtol de t\u00e8cnic o t\u00e8cnica d&#8217;un cicle formatiu de grau<br \/>\nmitj\u00e0 o t\u00e8cnic superior o t\u00e8cnica superior d&#8217;un cicle<br \/>\nformatiu de grau superior (en aquests casos es pot<br \/>\ndemanar la convalidaci\u00f3&hellip;  <a href=\"https:\/\/agora.xtec.cat\/iesmollet\/acces-al-batxilleart-artistic\/\" title=\"Read Acc\u00e9s al Batxilleart Art\u00edstic\">Llegeix m\u00e9s\u00bb<\/a><\/p>\n","protected":false},"author":4,"featured_media":0,"parent":0,"menu_order":0,"comment_status":"closed","ping_status":"closed","template":"","meta":{"_bbp_topic_count":0,"_bbp_reply_count":0,"_bbp_total_topic_count":0,"_bbp_total_reply_count":0,"_bbp_voice_count":0,"_bbp_anonymous_reply_count":0,"_bbp_topic_count_hidden":0,"_bbp_reply_count_hidden":0,"_bbp_forum_subforum_count":0,"footnotes":""},"class_list":["post-1349","page","type-page","status-publish","hentry"],"post_mailing_queue_ids":[],"_links":{"self":[{"href":"https:\/\/agora.xtec.cat\/iesmollet\/wp-json\/wp\/v2\/pages\/1349","targetHints":{"allow":["GET"]}}],"collection":[{"href":"https:\/\/agora.xtec.cat\/iesmollet\/wp-json\/wp\/v2\/pages"}],"about":[{"href":"https:\/\/agora.xtec.cat\/iesmollet\/wp-json\/wp\/v2\/types\/page"}],"author":[{"embeddable":true,"href":"https:\/\/agora.xtec.cat\/iesmollet\/wp-json\/wp\/v2\/users\/4"}],"replies":[{"embeddable":true,"href":"https:\/\/agora.xtec.cat\/iesmollet\/wp-json\/wp\/v2\/comments?post=1349"}],"version-history":[{"count":1,"href":"https:\/\/agora.xtec.cat\/iesmollet\/wp-json\/wp\/v2\/pages\/1349\/revisions"}],"predecessor-version":[{"id":1350,"href":"https:\/\/agora.xtec.cat\/iesmollet\/wp-json\/wp\/v2\/pages\/1349\/revisions\/1350"}],"wp:attachment":[{"href":"https:\/\/agora.xtec.cat\/iesmollet\/wp-json\/wp\/v2\/media?parent=1349"}],"curies":[{"name":"wp","href":"https:\/\/api.w.org\/{rel}","templated":true}]}}