{"id":1341,"date":"2021-03-23T12:48:18","date_gmt":"2021-03-23T11:48:18","guid":{"rendered":"https:\/\/agora.xtec.cat\/iesmollet\/?page_id=1341"},"modified":"2021-03-23T12:48:18","modified_gmt":"2021-03-23T11:48:18","slug":"continuitat-academica","status":"publish","type":"page","link":"https:\/\/agora.xtec.cat\/iesmollet\/continuitat-academica\/","title":{"rendered":"Continu\u00eftat acad\u00e8mica"},"content":{"rendered":"<ul>\n<li>Acc\u00e9s a la Universitat ( un cop superades les proves d&#8217;acc\u00e9s)<\/li>\n<li>Acc\u00e9s a un cicle formatiu de grau superior de formaci\u00f3 professional espec\u00edfica o d&#8217;arts pl\u00e0stiques i disseny.<\/li>\n<li>Acc\u00e9s a un cicle formatiu de grau superior d&#8217;ensenyament esportius.<\/li>\n<\/ul>\n","protected":false},"excerpt":{"rendered":"<ul>\n<li>Acc\u00e9s a la Universitat ( un cop superades les proves d&#8217;acc\u00e9s)<\/li>\n<li>Acc\u00e9s a un cicle formatiu de grau superior de formaci\u00f3 professional espec\u00edfica o d&#8217;arts pl\u00e0stiques i disseny.<\/li>\n<li>Acc\u00e9s a un cicle formatiu de grau superior d&#8217;ensenyament esportius.<\/li>\n<\/ul>\n","protected":false},"author":4,"featured_media":0,"parent":0,"menu_order":0,"comment_status":"closed","ping_status":"closed","template":"","meta":{"_bbp_topic_count":0,"_bbp_reply_count":0,"_bbp_total_topic_count":0,"_bbp_total_reply_count":0,"_bbp_voice_count":0,"_bbp_anonymous_reply_count":0,"_bbp_topic_count_hidden":0,"_bbp_reply_count_hidden":0,"_bbp_forum_subforum_count":0,"footnotes":""},"class_list":["post-1341","page","type-page","status-publish","hentry"],"post_mailing_queue_ids":[],"_links":{"self":[{"href":"https:\/\/agora.xtec.cat\/iesmollet\/wp-json\/wp\/v2\/pages\/1341","targetHints":{"allow":["GET"]}}],"collection":[{"href":"https:\/\/agora.xtec.cat\/iesmollet\/wp-json\/wp\/v2\/pages"}],"about":[{"href":"https:\/\/agora.xtec.cat\/iesmollet\/wp-json\/wp\/v2\/types\/page"}],"author":[{"embeddable":true,"href":"https:\/\/agora.xtec.cat\/iesmollet\/wp-json\/wp\/v2\/users\/4"}],"replies":[{"embeddable":true,"href":"https:\/\/agora.xtec.cat\/iesmollet\/wp-json\/wp\/v2\/comments?post=1341"}],"version-history":[{"count":1,"href":"https:\/\/agora.xtec.cat\/iesmollet\/wp-json\/wp\/v2\/pages\/1341\/revisions"}],"predecessor-version":[{"id":1342,"href":"https:\/\/agora.xtec.cat\/iesmollet\/wp-json\/wp\/v2\/pages\/1341\/revisions\/1342"}],"wp:attachment":[{"href":"https:\/\/agora.xtec.cat\/iesmollet\/wp-json\/wp\/v2\/media?parent=1341"}],"curies":[{"name":"wp","href":"https:\/\/api.w.org\/{rel}","templated":true}]}}