{"id":349,"date":"2015-04-05T09:12:51","date_gmt":"2015-04-05T08:12:51","guid":{"rendered":"http:\/\/agora.xtec.cat\/iesmolidelavila\/?page_id=349"},"modified":"2017-11-06T09:56:32","modified_gmt":"2017-11-06T08:56:32","slug":"trets-didentitat","status":"publish","type":"page","link":"https:\/\/agora.xtec.cat\/iesmolidelavila\/projecte-educatiu-2\/trets-didentitat\/","title":{"rendered":"Trets d&#8217;identitat"},"content":{"rendered":"<ul style=\"list-style-type: disc;\">\n<li>\u00a0Educaci\u00f3 en valors: concepte de l\u2019educaci\u00f3 com a formaci\u00f3 integral de la persona: foment de l&#8217;actitud respectuosa, dels h\u00e0bits de conviv\u00e8ncia i de la col\u00b7laboraci\u00f3 amb els altres.<\/li>\n<li>Metodologies actives: promoci\u00f3 de les metodologies actives i de grup, en qu\u00e8 cal la participaci\u00f3 i iniciativa de l&#8217;alumnat, a fi de desenvolupar les habilitats socials i l&#8217;autonomia personal.<\/li>\n<li>Actualitzaci\u00f3 tecnol\u00f2gica: facilitaci\u00f3 de l&#8217;\u00fas de les noves tecnologies, aix\u00ed com dels moderns mitjans de comunicaci\u00f3.<\/li>\n<li>Participaci\u00f3: foment de la participaci\u00f3 activa de tots els sectors de la comunitat educativa per a un millor funcionament del centre.<\/li>\n<\/ul>\n<p><a href=\"http:\/\/agora.xtec.cat\/iesmolidelavila\/wp-content\/uploads\/usu131\/2015\/04\/TRETS-IDENTITAT-MOLI\u0301.jpg\"><img loading=\"lazy\" decoding=\"async\" class=\"alignnone wp-image-406 size-full\" src=\"http:\/\/agora.xtec.cat\/iesmolidelavila\/wp-content\/uploads\/usu131\/2015\/04\/TRETS-IDENTITAT-MOLI\u0301.jpg\" alt=\"TRETS IDENTITAT MOLI\u0301\" width=\"516\" height=\"525\" srcset=\"https:\/\/agora.xtec.cat\/iesmolidelavila\/wp-content\/uploads\/usu131\/2015\/04\/TRETS-IDENTITAT-MOLI\u0301.jpg 516w, https:\/\/agora.xtec.cat\/iesmolidelavila\/wp-content\/uploads\/usu131\/2015\/04\/TRETS-IDENTITAT-MOLI\u0301-294x300.jpg 294w\" sizes=\"auto, (max-width: 516px) 100vw, 516px\" \/><\/a><\/p>\n","protected":false},"excerpt":{"rendered":"<ul style=\"list-style-type: disc;\">\n<li>\u00a0Educaci\u00f3 en valors: concepte de l\u2019educaci\u00f3 com a formaci\u00f3 integral de la persona: foment de l&#8217;actitud respectuosa, dels h\u00e0bits de conviv\u00e8ncia i de la col\u00b7laboraci\u00f3 amb els altres.<\/li>\n<li>Metodologies actives: promoci\u00f3 de les metodologies actives i de grup, en qu\u00e8 cal la participaci\u00f3 i&hellip;  <a href=\"https:\/\/agora.xtec.cat\/iesmolidelavila\/projecte-educatiu-2\/trets-didentitat\/\" title=\"Read Trets d&#8217;identitat\">Llegeix m\u00e9s\u00bb<\/a><br \/>\n","protected":false},"author":3,"featured_media":0,"parent":1354,"menu_order":0,"comment_status":"closed","ping_status":"closed","template":"page-templates\/side-menu.php","meta":{"footnotes":""},"class_list":["post-349","page","type-page","status-publish","hentry"],"post_mailing_queue_ids":[],"_links":{"self":[{"href":"https:\/\/agora.xtec.cat\/iesmolidelavila\/wp-json\/wp\/v2\/pages\/349","targetHints":{"allow":["GET"]}}],"collection":[{"href":"https:\/\/agora.xtec.cat\/iesmolidelavila\/wp-json\/wp\/v2\/pages"}],"about":[{"href":"https:\/\/agora.xtec.cat\/iesmolidelavila\/wp-json\/wp\/v2\/types\/page"}],"author":[{"embeddable":true,"href":"https:\/\/agora.xtec.cat\/iesmolidelavila\/wp-json\/wp\/v2\/users\/3"}],"replies":[{"embeddable":true,"href":"https:\/\/agora.xtec.cat\/iesmolidelavila\/wp-json\/wp\/v2\/comments?post=349"}],"version-history":[{"count":3,"href":"https:\/\/agora.xtec.cat\/iesmolidelavila\/wp-json\/wp\/v2\/pages\/349\/revisions"}],"predecessor-version":[{"id":407,"href":"https:\/\/agora.xtec.cat\/iesmolidelavila\/wp-json\/wp\/v2\/pages\/349\/revisions\/407"}],"up":[{"embeddable":true,"href":"https:\/\/agora.xtec.cat\/iesmolidelavila\/wp-json\/wp\/v2\/pages\/1354"}],"wp:attachment":[{"href":"https:\/\/agora.xtec.cat\/iesmolidelavila\/wp-json\/wp\/v2\/media?parent=349"}],"curies":[{"name":"wp","href":"https:\/\/api.w.org\/{rel}","templated":true}]}}