{"id":2469,"date":"2021-03-08T12:32:57","date_gmt":"2021-03-08T11:32:57","guid":{"rendered":"https:\/\/agora.xtec.cat\/iesmolidelavila\/?page_id=2469"},"modified":"2021-03-08T12:40:14","modified_gmt":"2021-03-08T11:40:14","slug":"sollicitud-de-reconeixement-dequivalencies-de-coneixements-de-catala","status":"publish","type":"page","link":"https:\/\/agora.xtec.cat\/iesmolidelavila\/secretaria\/sollicitud-de-reconeixement-dequivalencies-de-coneixements-de-catala\/","title":{"rendered":"Sol\u00b7licitud de reconeixement nivell de catal\u00e0"},"content":{"rendered":"<p>Per demanar el reconeixement de l\u2019equival\u00e8ncia entre els estudis cursats i el certificat de nivell B2 i\/o nivell C1 de la Direcci\u00f3 General de Pol\u00edtica Ling\u00fc\u00edstica. Per saber si teniu dret a l\u2019obtenci\u00f3 del reconeixement, <span style=\"color: #0000ff;\">consulteu la normativa vigent sobre titulacions equivalents als certificats de coneixement de catal\u00e0<\/span>.Com a requisit general, per\u00f2, cal haver comen\u00e7at l\u2019educaci\u00f3 prim\u00e0ria a partir de l\u2019any 1978-1979.<\/p>\n<p><a href=\"https:\/\/agora.xtec.cat\/iesmolidelavila\/wp-content\/uploads\/usu131\/2021\/03\/Sol%C2%B7licitud-de-reconeixement-de-l%E2%80%99equival%C3%A8ncia-del-nivell-B2-C1-de-llengua-catalana.pdf\" target=\"_blank\" rel=\"noopener noreferrer\">Descarregar sol\u00b7licitud<\/a><\/p>\n<p>Juntament amb la sol\u00b7licitud, haureu d\u2019aportar la documentaci\u00f3 que s\u2019escaigui segons el quadre:<\/p>\n<p><strong>Nivell B2<\/strong><\/p>\n<table style=\"height: 125px; width: 831px; border-style: solid; border-color: #000000;\" width=\"831\">\n<tbody>\n<tr class=\"row-1 odd\" role=\"row\">\n<td class=\"column-1 sorting_disabled\" style=\"width: 223.267px; background-color: #4766ed; border-style: solid; border-color: #000000;\"><span style=\"background-color: #3366ff; color: #ffffff;\">Si tens&#8230;<\/span><\/td>\n<td style=\"width: 325.4px; background-color: #4766ed; border-style: solid; border-color: #000000;\"><span style=\"background-color: #3366ff; color: #ffffff;\"><strong>Cal haver estudiat<\/strong><\/span><\/td>\n<td class=\"column-3 sorting_disabled\" style=\"width: 272.333px; background-color: #4766ed; border-style: solid; border-color: #000000;\"><span style=\"background-color: #3366ff; color: #ffffff;\">Documents que cal presentar<\/span><\/td>\n<\/tr>\n<tr>\n<td style=\"width: 223.267px; border-style: solid; border-color: #000000;\">T\u00edtol graduat escolar (EGB)<\/td>\n<td style=\"width: 325.4px; border-style: solid; border-color: #000000;\">Haver cursat tota l\u2019EGB a Catalunya i s\u2019hagi cursat la mat\u00e8ria de<br \/>\nllengua catalana en la totalitat dels estudis esmentats a partir<br \/>\ndel curs 1978-1979.<\/td>\n<td style=\"width: 272.333px; border-style: solid; border-color: #000000;\">Original i fotoc\u00f2pia de:<br \/>\n\u2013 DNI<br \/>\n\u2013 Llibre\/certificat d\u2019EGB<br \/>\n\u2013 T\u00edtol d\u2019EGB<\/td>\n<\/tr>\n<tr>\n<td style=\"width: 223.267px; border-style: solid; border-color: #000000;\">T\u00edtol FP1<\/td>\n<td style=\"width: 325.4px; border-style: solid; border-color: #000000;\">Haver cursat tota l\u2019EGB i l\u2019FP1 a Catalunya i s\u2019hagi cursat la mat\u00e8ria de<br \/>\nllengua catalana en la totalitat dels estudis esmentats a partir del<br \/>\ncurs 1978-1979 (curs d\u2019inici d\u2019EGB)<\/td>\n<td style=\"width: 272.333px; border-style: solid; border-color: #000000;\">Original i fotoc\u00f2pia de:<br \/>\n\u2013 DNI<br \/>\n\u2013 Llibre\/certificat d\u2019EGB<br \/>\n\u2013 Certificat d\u2019FP1<br \/>\n\u2013 T\u00edtol d\u2019FP1<\/td>\n<\/tr>\n<\/tbody>\n<\/table>\n<p>.<br \/>\n<strong>Nivell C1<\/strong><\/p>\n<table style=\"width: 822px;\">\n<tbody>\n<tr class=\"row-1 odd\" role=\"row\">\n<td class=\"column-1 sorting_disabled\" style=\"width: 223px; background-color: #4766ed; border-style: solid; border-color: #000000;\"><strong><span style=\"color: #ffffff;\">Si tens&#8230;<\/span><\/strong><\/td>\n<td style=\"width: 327px; background-color: #4766ed; border-style: solid; border-color: #000000;\"><strong><span style=\"color: #ffffff;\">Cal haver estudiat<\/span><\/strong><\/td>\n<td class=\"column-3 sorting_disabled\" style=\"width: 272px; background-color: #4766ed; border-style: solid; border-color: #000000;\"><strong><span style=\"color: #ffffff;\">Documents que cal presentar<\/span><\/strong><\/td>\n<\/tr>\n<tr>\n<td style=\"width: 223px; border-style: solid; border-color: #000000;\">T\u00edtol BUP<\/td>\n<td style=\"width: 327px; border-style: solid; border-color: #000000;\">Haver cursat tota l\u2019EGB i BUP a Catalunya i s\u2019hagi cursat de manera<br \/>\noficial la mat\u00e8ria de llengua catalana en la totalitat dels estudis esmentats<br \/>\na partir del curs 1978-1979 (curs d\u2019inici d\u2019EGB).<\/td>\n<td style=\"width: 272px; border-style: solid; border-color: #000000;\">Original i fotoc\u00f2pia de:<br \/>\n\u2013 DNI<br \/>\n\u2013 Llibre\/certificat d\u2019EGB<br \/>\n\u2013 Llibre\/certificat de BUP<br \/>\n\u2013 T\u00edtol de BUP<\/td>\n<\/tr>\n<tr>\n<td style=\"width: 223px; border-style: solid; border-color: #000000;\">T\u00edtol FP2<\/td>\n<td style=\"width: 327px; border-style: solid; border-color: #000000;\">\u00a0Haver cursat tota l\u2019EGB, FP1 i FP2 a Catalunya i s\u2019hagi cursat de manera<br \/>\noficial la mat\u00e8ria de llengua catalana en la totalitat dels estudis<br \/>\nesmentats a partir del curs 1978-1979 (curs d\u2019inici d\u2019EGB)<\/td>\n<td style=\"width: 272px; border-style: solid; border-color: #000000;\">Original i fotoc\u00f2pia de:<br \/>\n\u2013 DNI<br \/>\n\u2013 Llibre\/certificat d\u2019EGB<br \/>\n\u2013 Certificat d\u2019FP1 i FP2<br \/>\n\u2013 T\u00edtol d\u2019FP2<\/td>\n<\/tr>\n<tr>\n<td style=\"width: 223px; border-style: solid; border-color: #000000;\">T\u00edtol BATXILLERAT<\/td>\n<td style=\"width: 327px; border-style: solid; border-color: #000000;\">Haver cursat almenys 3 cursos de PRIM\u00c0RIA i 5 entre ESO i<br \/>\nBATX a Catalunya i s\u2019hagi cursat la mat\u00e8ria de llengua catalana<br \/>\nen la totalitat dels estudis m\u00ednims esmentats.<\/td>\n<td style=\"width: 272px; border-style: solid; border-color: #000000;\">Original i fotoc\u00f2pia de:<br \/>\n\u2013 DNI<br \/>\n\u2013 Llibre\/certificat de prim\u00e0ria, d\u2019ESO i batxillerat<br \/>\n\u2013 T\u00edtol de batxillerat<\/td>\n<\/tr>\n<tr>\n<td style=\"width: 223px; border-style: solid; border-color: #000000;\">T\u00edtol ESO<\/td>\n<td style=\"width: 327px; border-style: solid; border-color: #000000;\">Haver cursat almenys 3 cursos de PRIM\u00c0RIA i tota l\u2019ESO a Catalunya i<br \/>\ns\u2019hagi cursat i aprovat la mat\u00e8ria de llengua catalana en la totalitat dels<br \/>\nestudis m\u00ednims esmentats. El requisit d\u2019acreditaci\u00f3 d\u2019haver aprovat la<br \/>\nmat\u00e8ria de llengua catalana \u00e9s d\u2019aplicaci\u00f3 als t\u00edtols de graduaci\u00f3 en<br \/>\neducaci\u00f3 secund\u00e0ria obtinguts a partir del curs 2007\/2008.<\/td>\n<td style=\"width: 272px; border-style: solid; border-color: #000000;\">Original i fotoc\u00f2pia de :<br \/>\n\u2013 DNI<br \/>\n\u2013 Llibre\/certificat de prim\u00e0ria i d\u2019ESO<br \/>\n\u2013 T\u00edtol d\u2019ESO<\/td>\n<\/tr>\n<\/tbody>\n<\/table>\n<p>&nbsp;<\/p>\n","protected":false},"excerpt":{"rendered":"<p>Per demanar el reconeixement de l\u2019equival\u00e8ncia entre els estudis cursats i el certificat de nivell B2 i\/o nivell C1 de la Direcci\u00f3 General de Pol\u00edtica Ling\u00fc\u00edstica. Per saber si teniu dret a l\u2019obtenci\u00f3 del reconeixement, consulteu la normativa vigent sobre titulacions equivalents als certificats de&hellip;  <a href=\"https:\/\/agora.xtec.cat\/iesmolidelavila\/secretaria\/sollicitud-de-reconeixement-dequivalencies-de-coneixements-de-catala\/\" title=\"Read Sol\u00b7licitud de reconeixement nivell de catal\u00e0\">Llegeix m\u00e9s\u00bb<\/a><\/p>\n","protected":false},"author":3,"featured_media":0,"parent":81,"menu_order":0,"comment_status":"closed","ping_status":"closed","template":"","meta":{"footnotes":""},"class_list":["post-2469","page","type-page","status-publish","hentry"],"post_mailing_queue_ids":[],"_links":{"self":[{"href":"https:\/\/agora.xtec.cat\/iesmolidelavila\/wp-json\/wp\/v2\/pages\/2469","targetHints":{"allow":["GET"]}}],"collection":[{"href":"https:\/\/agora.xtec.cat\/iesmolidelavila\/wp-json\/wp\/v2\/pages"}],"about":[{"href":"https:\/\/agora.xtec.cat\/iesmolidelavila\/wp-json\/wp\/v2\/types\/page"}],"author":[{"embeddable":true,"href":"https:\/\/agora.xtec.cat\/iesmolidelavila\/wp-json\/wp\/v2\/users\/3"}],"replies":[{"embeddable":true,"href":"https:\/\/agora.xtec.cat\/iesmolidelavila\/wp-json\/wp\/v2\/comments?post=2469"}],"version-history":[{"count":2,"href":"https:\/\/agora.xtec.cat\/iesmolidelavila\/wp-json\/wp\/v2\/pages\/2469\/revisions"}],"predecessor-version":[{"id":2473,"href":"https:\/\/agora.xtec.cat\/iesmolidelavila\/wp-json\/wp\/v2\/pages\/2469\/revisions\/2473"}],"up":[{"embeddable":true,"href":"https:\/\/agora.xtec.cat\/iesmolidelavila\/wp-json\/wp\/v2\/pages\/81"}],"wp:attachment":[{"href":"https:\/\/agora.xtec.cat\/iesmolidelavila\/wp-json\/wp\/v2\/media?parent=2469"}],"curies":[{"name":"wp","href":"https:\/\/api.w.org\/{rel}","templated":true}]}}