{"id":1341,"date":"2017-11-02T10:13:45","date_gmt":"2017-11-02T09:13:45","guid":{"rendered":"http:\/\/agora.xtec.cat\/iesmolidelavila\/?page_id=1341"},"modified":"2023-03-02T08:12:02","modified_gmt":"2023-03-02T07:12:02","slug":"sintesis-del-projecte-educatiu","status":"publish","type":"page","link":"https:\/\/agora.xtec.cat\/iesmolidelavila\/projecte-educatiu-2\/sintesis-del-projecte-educatiu\/","title":{"rendered":"S\u00edntesi del Projecte Educatiu"},"content":{"rendered":"<p><span style=\"font-size: 14pt;\"><strong>S\u00cdNTESI DEL PROJECTE EDUCATIU DE CENTRE<\/strong><\/span><\/p>\n<p><em><strong>A. IDENTITAT DEL CENTRE<\/strong><\/em><br \/>\n&gt;Educaci\u00f3 en valors: concepte de l\u2019educaci\u00f3 com a formaci\u00f3 integral de la persona: foment de l&#8217;actitud respectuosa, dels h\u00e0bits de conviv\u00e8ncia i de la col\u00b7laboraci\u00f3 amb els altres.<br \/>\n&gt;Metodologies actives: promoci\u00f3 de les metodologies actives i de grup, en qu\u00e8 cal la participaci\u00f3 i iniciativa de l&#8217;alumnat, a fi de desenvolupar les habilitats socials i l&#8217;autonomia personal.<br \/>\n&gt;Actualitzaci\u00f3 tecnol\u00f2gica: facilitaci\u00f3 de l&#8217;\u00fas de les noves tecnologies, aix\u00ed com dels moderns mitjans de comunicaci\u00f3.<br \/>\n&gt;Participaci\u00f3: foment de la participaci\u00f3 activa de tots els sectors de la comunitat educativa per a un millor funcionament del centre.<\/p>\n<p><em><strong>B. OBJECTIUS DEL CENTRE I ESTRAT\u00c8GIES<\/strong><\/em><br \/>\n<strong>1. Millorar els resultats educatius<\/strong><br \/>\na. Treball competencial<br \/>\nb. Impuls de la lectura<br \/>\nc. Promoci\u00f3 de metodologies actives<br \/>\n<strong>2. Millorar la cohesi\u00f3 social<\/strong><br \/>\na. Educaci\u00f3 emocional<br \/>\nb. Potenciaci\u00f3 de la conviv\u00e8ncia<\/p>\n<p><em><strong>C. CRITERIS CURRICULARS, ORGANITZATIUS, DE CONVIV\u00c8NCIA I DE PARTICIPACI\u00d3<\/strong><\/em><br \/>\n1. Curr\u00edculum, avaluaci\u00f3, diversitat, relaci\u00f3 amb les fam\u00edlies i conviv\u00e8ncia (al PCC)<br \/>\n2. Conviv\u00e8ncia, recursos, participaci\u00f3 i avaluaci\u00f3 (a les NOFC)<br \/>\n3. Concreci\u00f3 anual de l\u2019organitzaci\u00f3 (a la PGA)<br \/>\nAprovat 11\/02\/2008<\/p>\n<p><em><strong>D. SISTEMA DE QUALITAT<\/strong><\/em><br \/>\n<strong>&gt;Indicadors de progr\u00e9s del centre<\/strong><br \/>\na. Promoci\u00f3 de curs<br \/>\nb. Superaci\u00f3 de les proves de CB de 4t ESO<br \/>\nc. Graduaci\u00f3 en ESO<br \/>\nd. Graduaci\u00f3 en batxillerat<br \/>\ne. Superaci\u00f3 de les PAU<br \/>\nf. Abandonament d\u2019estudis a ESO<br \/>\ng. Abandonament d\u2019estudis a batxillerat<\/p>\n","protected":false},"excerpt":{"rendered":"<p>S\u00cdNTESI DEL PROJECTE EDUCATIU DE CENTRE<br \/>\nA. IDENTITAT DEL CENTRE<br \/>\n&gt;Educaci\u00f3 en valors: concepte de l\u2019educaci\u00f3 com a formaci\u00f3 integral de la persona: foment de l&#8217;actitud respectuosa, dels h\u00e0bits de conviv\u00e8ncia i de la col\u00b7laboraci\u00f3 amb els altres.<br \/>\n&gt;Metodologies actives: promoci\u00f3 de les metodologies actives i de grup,&hellip;  <a href=\"https:\/\/agora.xtec.cat\/iesmolidelavila\/projecte-educatiu-2\/sintesis-del-projecte-educatiu\/\" title=\"Read S\u00edntesi del Projecte Educatiu\">Llegeix m\u00e9s\u00bb<\/a><\/p>\n","protected":false},"author":3,"featured_media":0,"parent":1354,"menu_order":3,"comment_status":"closed","ping_status":"closed","template":"page-templates\/side-menu.php","meta":{"footnotes":""},"class_list":["post-1341","page","type-page","status-publish","hentry"],"post_mailing_queue_ids":[],"_links":{"self":[{"href":"https:\/\/agora.xtec.cat\/iesmolidelavila\/wp-json\/wp\/v2\/pages\/1341","targetHints":{"allow":["GET"]}}],"collection":[{"href":"https:\/\/agora.xtec.cat\/iesmolidelavila\/wp-json\/wp\/v2\/pages"}],"about":[{"href":"https:\/\/agora.xtec.cat\/iesmolidelavila\/wp-json\/wp\/v2\/types\/page"}],"author":[{"embeddable":true,"href":"https:\/\/agora.xtec.cat\/iesmolidelavila\/wp-json\/wp\/v2\/users\/3"}],"replies":[{"embeddable":true,"href":"https:\/\/agora.xtec.cat\/iesmolidelavila\/wp-json\/wp\/v2\/comments?post=1341"}],"version-history":[{"count":3,"href":"https:\/\/agora.xtec.cat\/iesmolidelavila\/wp-json\/wp\/v2\/pages\/1341\/revisions"}],"predecessor-version":[{"id":2301,"href":"https:\/\/agora.xtec.cat\/iesmolidelavila\/wp-json\/wp\/v2\/pages\/1341\/revisions\/2301"}],"up":[{"embeddable":true,"href":"https:\/\/agora.xtec.cat\/iesmolidelavila\/wp-json\/wp\/v2\/pages\/1354"}],"wp:attachment":[{"href":"https:\/\/agora.xtec.cat\/iesmolidelavila\/wp-json\/wp\/v2\/media?parent=1341"}],"curies":[{"name":"wp","href":"https:\/\/api.w.org\/{rel}","templated":true}]}}