{"id":1338,"date":"2017-11-02T10:01:04","date_gmt":"2017-11-02T09:01:04","guid":{"rendered":"http:\/\/agora.xtec.cat\/iesmolidelavila\/?page_id=1338"},"modified":"2023-03-02T08:10:31","modified_gmt":"2023-03-02T07:10:31","slug":"missio","status":"publish","type":"page","link":"https:\/\/agora.xtec.cat\/iesmolidelavila\/projecte-educatiu-2\/missio\/","title":{"rendered":"Missi\u00f3"},"content":{"rendered":"<p>MISSI\u00d3<br \/>\n(ra\u00f3 de ser del centre)<\/p>\n<p>L\u2019Institut Mol\u00ed de la Vila \u00e9s un centre p\u00fablic d\u2019educaci\u00f3 secund\u00e0ria que t\u00e9 per missi\u00f3 educar nois i noies a partir de 12 anys, de manera que esdevinguin persones responsables, respectuoses i preparades per formar part de la societat.<br \/>\nLa ra\u00f3 de ser del nostre centre \u00e9s donar una formaci\u00f3 acad\u00e8mica i personal a l\u2019alumnat que li proporcioni les compet\u00e8ncies i habilitats necess\u00e0ries per a la seva incorporaci\u00f3 a la societat. Aquesta formaci\u00f3 la concebem en un sentit ampli, ja que el ser hum\u00e0 \u00e9s educable en moltes dimensions: formaci\u00f3 intel\u00b7lectual, motriu, social, afectiva, moral, etc.<br \/>\nConsiderem que l\u2019educaci\u00f3 ha de ser integral i s\u2019ha de basar en els seg\u00fcents valors: cultura de l\u2019esfor\u00e7 i del treball ben fet, foment del raonament i l\u2019esperit cr\u00edtic, de l\u2019actitud respectuosa i dialogant, de la col\u00b7laboraci\u00f3 i la participaci\u00f3, del pluralisme i els valors democr\u00e0tics.<\/p>\n","protected":false},"excerpt":{"rendered":"<p>MISSI\u00d3<br \/>\n(ra\u00f3 de ser del centre)<br \/>\nL\u2019Institut Mol\u00ed de la Vila \u00e9s un centre p\u00fablic d\u2019educaci\u00f3 secund\u00e0ria que t\u00e9 per missi\u00f3 educar nois i noies a partir de 12 anys, de manera que esdevinguin persones responsables, respectuoses i preparades per formar part de la societat.<br \/>\nLa ra\u00f3 de&hellip;  <a href=\"https:\/\/agora.xtec.cat\/iesmolidelavila\/projecte-educatiu-2\/missio\/\" title=\"Read Missi\u00f3\">Llegeix m\u00e9s\u00bb<\/a><\/p>\n","protected":false},"author":3,"featured_media":0,"parent":1354,"menu_order":1,"comment_status":"closed","ping_status":"closed","template":"page-templates\/side-menu.php","meta":{"footnotes":""},"class_list":["post-1338","page","type-page","status-publish","hentry"],"post_mailing_queue_ids":[],"_links":{"self":[{"href":"https:\/\/agora.xtec.cat\/iesmolidelavila\/wp-json\/wp\/v2\/pages\/1338","targetHints":{"allow":["GET"]}}],"collection":[{"href":"https:\/\/agora.xtec.cat\/iesmolidelavila\/wp-json\/wp\/v2\/pages"}],"about":[{"href":"https:\/\/agora.xtec.cat\/iesmolidelavila\/wp-json\/wp\/v2\/types\/page"}],"author":[{"embeddable":true,"href":"https:\/\/agora.xtec.cat\/iesmolidelavila\/wp-json\/wp\/v2\/users\/3"}],"replies":[{"embeddable":true,"href":"https:\/\/agora.xtec.cat\/iesmolidelavila\/wp-json\/wp\/v2\/comments?post=1338"}],"version-history":[{"count":2,"href":"https:\/\/agora.xtec.cat\/iesmolidelavila\/wp-json\/wp\/v2\/pages\/1338\/revisions"}],"predecessor-version":[{"id":1340,"href":"https:\/\/agora.xtec.cat\/iesmolidelavila\/wp-json\/wp\/v2\/pages\/1338\/revisions\/1340"}],"up":[{"embeddable":true,"href":"https:\/\/agora.xtec.cat\/iesmolidelavila\/wp-json\/wp\/v2\/pages\/1354"}],"wp:attachment":[{"href":"https:\/\/agora.xtec.cat\/iesmolidelavila\/wp-json\/wp\/v2\/media?parent=1338"}],"curies":[{"name":"wp","href":"https:\/\/api.w.org\/{rel}","templated":true}]}}