{"id":1335,"date":"2017-11-02T09:51:43","date_gmt":"2017-11-02T08:51:43","guid":{"rendered":"http:\/\/agora.xtec.cat\/iesmolidelavila\/?page_id=1335"},"modified":"2023-03-02T08:11:19","modified_gmt":"2023-03-02T07:11:19","slug":"visio","status":"publish","type":"page","link":"https:\/\/agora.xtec.cat\/iesmolidelavila\/projecte-educatiu-2\/visio\/","title":{"rendered":"Visi\u00f3"},"content":{"rendered":"<p>VISI\u00d3<br \/>\n(futur del centre a mitj\u00e0 i llarg termini)<br \/>\nL\u2019Institut Mol\u00ed de la Vila vol arribar a ser un centre en qu\u00e8:<br \/>\n&#8211; hi hagi un bon ambient de treball, on es respectin les normes de conviv\u00e8ncia, on es promoguin els drets i deures de tothom, i on la mediaci\u00f3 sigui un recurs integrat en la vida escolar.<br \/>\n&#8211; no es discrimini ning\u00fa, s\u2019integri l\u2019alumnat amb necessitats educatives especials i es respectin els diferents ritmes d\u2019aprenentatge.<br \/>\n&#8211; s\u2019impulsin les activitats complement\u00e0ries i extraescolars que facilitin la implicaci\u00f3 de l\u2019alumnat en el centre i la cohesi\u00f3 social.<br \/>\n&#8211; es fomenti en l\u2019alumnat el raonament, l\u2019esperit cr\u00edtic, la iniciativa i autonomia personals, i la capacitat de comunicaci\u00f3.<br \/>\n&#8211; s\u2019incorporin en l\u2019aprenentatge de les diferents mat\u00e8ries els continguts de coeducaci\u00f3, conviv\u00e8ncia, educaci\u00f3 ambiental, salut, comunicaci\u00f3 audiovisual, etc.<br \/>\n&#8211; es potenci\u00efn els \u00e0mbits de treball interdisciplinaris mitjan\u00e7ant la coordinaci\u00f3 del professorat de diferents mat\u00e8ries.<br \/>\n&#8211; el tipus d\u2019ensenyament inclogui innovaci\u00f3 pedag\u00f2gica, i metodologies actives i pr\u00e0ctiques.<br \/>\n&#8211; s\u2019incorporin les noves tecnologies (TIC i TAC) en l\u2019aprenentatge de les mat\u00e8ries i en l\u2019avaluaci\u00f3.<br \/>\n&#8211; hi hagi un projecte educatiu pluriling\u00fce on el catal\u00e0 sigui l\u2019eix principal.<br \/>\n&#8211; es millori l\u2019aprenentatge de les lleng\u00fces estrangeres potenciant la seva utilitzaci\u00f3 en mat\u00e8ries no ling\u00fc\u00edstiques.<br \/>\n&#8211; tots els sectors de la comunitat educativa -pares, professorat, alumnat i personal no docent- participin activament en la millora cont\u00ednua del centre.<br \/>\n&#8211; s\u2019impulsin i es promoguin accions educatives i culturals que influeixin en l\u2019entorn.<br \/>\n&#8211; s\u2019ampli\u00ef l\u2019oferta postobligat\u00f2ria amb estudis de formaci\u00f3 professional per tal d\u2019atendre les necessitats dels municipis de la zona.<\/p>\n","protected":false},"excerpt":{"rendered":"<p>VISI\u00d3<br \/>\n(futur del centre a mitj\u00e0 i llarg termini)<br \/>\nL\u2019Institut Mol\u00ed de la Vila vol arribar a ser un centre en qu\u00e8:<br \/>\n&#8211; hi hagi un bon ambient de treball, on es respectin les normes de conviv\u00e8ncia, on es promoguin els drets i deures de tothom, i on&hellip;  <a href=\"https:\/\/agora.xtec.cat\/iesmolidelavila\/projecte-educatiu-2\/visio\/\" title=\"Read Visi\u00f3\">Llegeix m\u00e9s\u00bb<\/a><\/p>\n","protected":false},"author":3,"featured_media":0,"parent":1354,"menu_order":2,"comment_status":"closed","ping_status":"closed","template":"page-templates\/side-menu.php","meta":{"footnotes":""},"class_list":["post-1335","page","type-page","status-publish","hentry"],"post_mailing_queue_ids":[],"_links":{"self":[{"href":"https:\/\/agora.xtec.cat\/iesmolidelavila\/wp-json\/wp\/v2\/pages\/1335","targetHints":{"allow":["GET"]}}],"collection":[{"href":"https:\/\/agora.xtec.cat\/iesmolidelavila\/wp-json\/wp\/v2\/pages"}],"about":[{"href":"https:\/\/agora.xtec.cat\/iesmolidelavila\/wp-json\/wp\/v2\/types\/page"}],"author":[{"embeddable":true,"href":"https:\/\/agora.xtec.cat\/iesmolidelavila\/wp-json\/wp\/v2\/users\/3"}],"replies":[{"embeddable":true,"href":"https:\/\/agora.xtec.cat\/iesmolidelavila\/wp-json\/wp\/v2\/comments?post=1335"}],"version-history":[{"count":1,"href":"https:\/\/agora.xtec.cat\/iesmolidelavila\/wp-json\/wp\/v2\/pages\/1335\/revisions"}],"predecessor-version":[{"id":1336,"href":"https:\/\/agora.xtec.cat\/iesmolidelavila\/wp-json\/wp\/v2\/pages\/1335\/revisions\/1336"}],"up":[{"embeddable":true,"href":"https:\/\/agora.xtec.cat\/iesmolidelavila\/wp-json\/wp\/v2\/pages\/1354"}],"wp:attachment":[{"href":"https:\/\/agora.xtec.cat\/iesmolidelavila\/wp-json\/wp\/v2\/media?parent=1335"}],"curies":[{"name":"wp","href":"https:\/\/api.w.org\/{rel}","templated":true}]}}