{"id":848,"date":"2016-06-15T08:10:57","date_gmt":"2016-06-15T07:10:57","guid":{"rendered":"http:\/\/agora.xtec.cat\/iesmoianes\/?page_id=848"},"modified":"2026-04-15T12:54:34","modified_gmt":"2026-04-15T10:54:34","slug":"cicles-formatius","status":"publish","type":"page","link":"https:\/\/agora.xtec.cat\/iesmoianes\/estudis-2\/cicles-formatius\/","title":{"rendered":"Cicles formatius grau mitj\u00e0"},"content":{"rendered":"<p><a class=\"tac-player-processed\" href=\"https:\/\/agora.xtec.cat\/iesmoianes\/wp-content\/uploads\/usu258\/2023\/04\/Captura-272-copia.png\"><img loading=\"lazy\" decoding=\"async\" class=\"size-medium wp-image-6742 alignleft\" src=\"https:\/\/agora.xtec.cat\/iesmoianes\/wp-content\/uploads\/usu258\/2023\/04\/Captura-272-copia-161x300.png\" alt=\"\" width=\"161\" height=\"300\" srcset=\"https:\/\/agora.xtec.cat\/iesmoianes\/wp-content\/uploads\/usu258\/2023\/04\/Captura-272-copia-161x300.png 161w, https:\/\/agora.xtec.cat\/iesmoianes\/wp-content\/uploads\/usu258\/2023\/04\/Captura-272-copia.png 369w\" sizes=\"auto, (max-width: 161px) 100vw, 161px\" \/><\/a>L&#8217;institut Moian\u00e8s \u00e9s un centre educatiu que imparteix els estudis del\u00a0 <a class=\"tac-player-processed\" href=\"http:\/\/queestudiar.gencat.cat\/ca\/estudis\/fp\/cicles-families\/serv-socioculturals-comunitat\/?p_id=1570&amp;estudi\"><strong>Cicle Formatiu de Grau Mitj\u00e0 d&#8217;atenci\u00f3 a les persones en situaci\u00f3 de depend\u00e8ncia<\/strong><\/a> des de l&#8217;any 2011.<\/p>\n<p>Estudiant aquest cicle formatiu s&#8217;obt\u00e9 la titulaci\u00f3 de <span class=\"ioc-accent\">t\u00e8cnic o t\u00e8cnica en atenci\u00f3 a persones en situaci\u00f3 de depend\u00e8ncia<\/span>, i s&#8217;apr\u00e8n a atendre les persones en situaci\u00f3 de depend\u00e8ncia, en l&#8217;\u00e0mbit domiciliari i institucional, per tal de mantenir i millorar la seva qualitat de vida.<\/p>\n<p>Es tracta d&#8217;un cicle de la fam\u00edlia professional de <a class=\"tac-player-processed\" href=\"http:\/\/queestudiar.gencat.cat\/ca\/estudis\/fp\/cicles-families\/serv-socioculturals-comunitat\/?p_id=1570&amp;estudi\">serveis socioculturals i a la comunitat<\/a> que capaciten per atendre les persones en situaci\u00f3 de depend\u00e8ncia, en l&#8217;\u00e0mbit domiciliari i institucional, a fi de mantenir i millorar la seva qualitat de vida, fent activitats assistencials, no sanit\u00e0ries, psicosocials i de suport a la gesti\u00f3 dom\u00e8stica, i aplicant mesures i normes de prevenci\u00f3 i seguretat i derivant-les a altres serveis quan calgui.<\/p>\n<p>En aquesta p\u00e0gina trobareu tota la informaci\u00f3 sobre les caracter\u00edstiques del cicle en el nostre centre.<\/p>\n<table style=\"border-collapse: collapse; width: 100%;\">\n<tbody>\n<tr>\n<td style=\"width: 17.6935%;\"><a class=\"tac-player-processed\" href=\"https:\/\/agora.xtec.cat\/iesmoianes\/wp-content\/uploads\/usu258\/2025\/03\/CFGM.jpg\"><img loading=\"lazy\" decoding=\"async\" class=\"alignnone size-large wp-image-7208\" src=\"https:\/\/agora.xtec.cat\/iesmoianes\/wp-content\/uploads\/usu258\/2025\/03\/CFGM-1024x791.jpg\" alt=\"\" width=\"1024\" height=\"791\" srcset=\"https:\/\/agora.xtec.cat\/iesmoianes\/wp-content\/uploads\/usu258\/2025\/03\/CFGM-1024x791.jpg 1024w, https:\/\/agora.xtec.cat\/iesmoianes\/wp-content\/uploads\/usu258\/2025\/03\/CFGM-300x232.jpg 300w, https:\/\/agora.xtec.cat\/iesmoianes\/wp-content\/uploads\/usu258\/2025\/03\/CFGM-768x593.jpg 768w, https:\/\/agora.xtec.cat\/iesmoianes\/wp-content\/uploads\/usu258\/2025\/03\/CFGM.jpg 1500w\" sizes=\"auto, (max-width: 1024px) 100vw, 1024px\" \/><\/a><\/td>\n<td style=\"width: 48.9731%;\"><a class=\"tac-player-processed\" href=\"https:\/\/agora.xtec.cat\/iesmoianes\/wp-content\/uploads\/usu258\/2025\/03\/2CFGM.jpg\"><img loading=\"lazy\" decoding=\"async\" class=\"alignnone size-large wp-image-7209\" src=\"https:\/\/agora.xtec.cat\/iesmoianes\/wp-content\/uploads\/usu258\/2025\/03\/2CFGM-1024x791.jpg\" alt=\"\" width=\"1024\" height=\"791\" srcset=\"https:\/\/agora.xtec.cat\/iesmoianes\/wp-content\/uploads\/usu258\/2025\/03\/2CFGM-1024x791.jpg 1024w, https:\/\/agora.xtec.cat\/iesmoianes\/wp-content\/uploads\/usu258\/2025\/03\/2CFGM-300x232.jpg 300w, https:\/\/agora.xtec.cat\/iesmoianes\/wp-content\/uploads\/usu258\/2025\/03\/2CFGM-768x593.jpg 768w, https:\/\/agora.xtec.cat\/iesmoianes\/wp-content\/uploads\/usu258\/2025\/03\/2CFGM.jpg 1500w\" sizes=\"auto, (max-width: 1024px) 100vw, 1024px\" \/><\/a><\/td>\n<\/tr>\n<tr>\n<td style=\"width: 17.6935%;\"><a class=\"tac-player-processed\" href=\"https:\/\/preinscripcio.gencat.cat\/ca\/estudis\/fp-grau-mitja\/informat\/calendari\/\">PREINSCRIPCIONS:<\/a>Del 23 al 29 de maig de 2025: presentaci\u00f3 de sol\u00b7licituds<\/p>\n<p>27 de juny de 2025: publicaci\u00f3 llista provisional<\/p>\n<p>Del 27 de juny al 2 de juliol de 2025: presentaci\u00f3 de reclamacions<\/p>\n<p>Tota la informaci\u00f3 a: <a class=\"tac-player-processed\" href=\"https:\/\/espai.educacio.gencat.cat\/Alumnes\/PreinscripcioMatricula\/Preins-FP\/Pagines\/default.aspx\">https:\/\/espai.educacio.gencat.cat\/Alumnes\/PreinscripcioMatricula\/Preins-FP\/Pagines\/default.aspx<\/a><\/td>\n<td style=\"width: 48.9731%;\"><a class=\"tac-player-processed\" href=\"https:\/\/agora.xtec.cat\/iesmoianes\/estudis-2\/cicles-formatius\/descripcio-del-cicle\/\">Descripci\u00f3 del cicle<\/a><a class=\"tac-player-processed\" href=\"https:\/\/agora.xtec.cat\/iesmoianes\/estudis-2\/cicles-formatius\/valor-afegit-del-cicle-a-linstitut-moianes\/\">Valor afegit del cicle a l&#8217;Institut Moian\u00e8s<\/a><\/p>\n<p><a class=\"tac-player-processed\" href=\"https:\/\/agora.xtec.cat\/iesmoianes\/estudis-2\/cicles-formatius\/continguts\/\">Continguts<\/a><\/p>\n<p><a class=\"tac-player-processed\" href=\"https:\/\/agora.xtec.cat\/iesmoianes\/estudis-2\/cicles-formatius\/sortides-professionals\/\">Sortides professionals<\/a><\/p>\n<p><a class=\"tac-player-processed\" href=\"https:\/\/agora.xtec.cat\/iesmoianes\/estudis-2\/cicles-formatius\/estudis-posteriors\/\">Estudis posteriors<\/a><\/p>\n<p><a class=\"tac-player-processed\" href=\"https:\/\/agora.xtec.cat\/iesmoianes\/estudis-2\/cicles-formatius\/acces\/\">Acc\u00e9s<\/a><\/td>\n<\/tr>\n<\/tbody>\n<\/table>\n<p><a class=\"tac-player-processed\" href=\"https:\/\/drive.google.com\/file\/d\/1Md5ZTxtkvsAarYhGy6-UjvCdyZQv1fqF\/view?usp=sharing\"><img loading=\"lazy\" decoding=\"async\" class=\"alignnone size-large wp-image-6981\" src=\"https:\/\/agora.xtec.cat\/iesmoianes\/wp-content\/uploads\/usu258\/2023\/11\/Captura-de-pantalla-2023-11-05-a-les-12.49.36-1024x605.jpg\" alt=\"\" width=\"1024\" height=\"605\" srcset=\"https:\/\/agora.xtec.cat\/iesmoianes\/wp-content\/uploads\/usu258\/2023\/11\/Captura-de-pantalla-2023-11-05-a-les-12.49.36-1024x605.jpg 1024w, https:\/\/agora.xtec.cat\/iesmoianes\/wp-content\/uploads\/usu258\/2023\/11\/Captura-de-pantalla-2023-11-05-a-les-12.49.36-300x177.jpg 300w, https:\/\/agora.xtec.cat\/iesmoianes\/wp-content\/uploads\/usu258\/2023\/11\/Captura-de-pantalla-2023-11-05-a-les-12.49.36-768x454.jpg 768w, https:\/\/agora.xtec.cat\/iesmoianes\/wp-content\/uploads\/usu258\/2023\/11\/Captura-de-pantalla-2023-11-05-a-les-12.49.36-1536x908.jpg 1536w, https:\/\/agora.xtec.cat\/iesmoianes\/wp-content\/uploads\/usu258\/2023\/11\/Captura-de-pantalla-2023-11-05-a-les-12.49.36-2048x1211.jpg 2048w\" sizes=\"auto, (max-width: 1024px) 100vw, 1024px\" \/><\/a><\/p>\n","protected":false},"excerpt":{"rendered":"<p>L&#8217;institut Moian\u00e8s \u00e9s un centre educatiu que imparteix els estudis del\u00a0 Cicle Formatiu de Grau Mitj\u00e0 d&#8217;atenci\u00f3 a les persones en situaci\u00f3 de depend\u00e8ncia des de l&#8217;any 2011. Estudiant aquest cicle formatiu s&#8217;obt\u00e9 la titulaci\u00f3 de t\u00e8cnic o t\u00e8cnica en atenci\u00f3 a persones en situaci\u00f3 de depend\u00e8ncia, i s&#8217;apr\u00e8n a atendre les persones en situaci\u00f3 [&hellip;]<\/p>\n","protected":false},"author":1,"featured_media":0,"parent":834,"menu_order":30,"comment_status":"closed","ping_status":"closed","template":"page-templates\/side-menu.php","meta":{"_bbp_topic_count":0,"_bbp_reply_count":0,"_bbp_total_topic_count":0,"_bbp_total_reply_count":0,"_bbp_voice_count":0,"_bbp_anonymous_reply_count":0,"_bbp_topic_count_hidden":0,"_bbp_reply_count_hidden":0,"_bbp_forum_subforum_count":0,"site-sidebar-layout":"default","site-content-layout":"","ast-site-content-layout":"","site-content-style":"default","site-sidebar-style":"default","ast-global-header-display":"","ast-banner-title-visibility":"","ast-main-header-display":"","ast-hfb-above-header-display":"","ast-hfb-below-header-display":"","ast-hfb-mobile-header-display":"","site-post-title":"","ast-breadcrumbs-content":"","ast-featured-img":"","footer-sml-layout":"","theme-transparent-header-meta":"","adv-header-id-meta":"","stick-header-meta":"","header-above-stick-meta":"","header-main-stick-meta":"","header-below-stick-meta":"","astra-migrate-meta-layouts":"default","ast-page-background-enabled":"default","ast-page-background-meta":{"desktop":{"background-color":"var(--ast-global-color-4)","background-image":"","background-repeat":"repeat","background-position":"center center","background-size":"auto","background-attachment":"scroll","background-type":"","background-media":"","overlay-type":"","overlay-color":"","overlay-opacity":"","overlay-gradient":""},"tablet":{"background-color":"","background-image":"","background-repeat":"repeat","background-position":"center center","background-size":"auto","background-attachment":"scroll","background-type":"","background-media":"","overlay-type":"","overlay-color":"","overlay-opacity":"","overlay-gradient":""},"mobile":{"background-color":"","background-image":"","background-repeat":"repeat","background-position":"center center","background-size":"auto","background-attachment":"scroll","background-type":"","background-media":"","overlay-type":"","overlay-color":"","overlay-opacity":"","overlay-gradient":""}},"ast-content-background-meta":{"desktop":{"background-color":"var(--ast-global-color-5)","background-image":"","background-repeat":"repeat","background-position":"center center","background-size":"auto","background-attachment":"scroll","background-type":"","background-media":"","overlay-type":"","overlay-color":"","overlay-opacity":"","overlay-gradient":""},"tablet":{"background-color":"var(--ast-global-color-5)","background-image":"","background-repeat":"repeat","background-position":"center center","background-size":"auto","background-attachment":"scroll","background-type":"","background-media":"","overlay-type":"","overlay-color":"","overlay-opacity":"","overlay-gradient":""},"mobile":{"background-color":"var(--ast-global-color-5)","background-image":"","background-repeat":"repeat","background-position":"center center","background-size":"auto","background-attachment":"scroll","background-type":"","background-media":"","overlay-type":"","overlay-color":"","overlay-opacity":"","overlay-gradient":""}},"footnotes":""},"class_list":["post-848","page","type-page","status-publish","hentry"],"post_mailing_queue_ids":[],"_links":{"self":[{"href":"https:\/\/agora.xtec.cat\/iesmoianes\/wp-json\/wp\/v2\/pages\/848","targetHints":{"allow":["GET"]}}],"collection":[{"href":"https:\/\/agora.xtec.cat\/iesmoianes\/wp-json\/wp\/v2\/pages"}],"about":[{"href":"https:\/\/agora.xtec.cat\/iesmoianes\/wp-json\/wp\/v2\/types\/page"}],"author":[{"embeddable":true,"href":"https:\/\/agora.xtec.cat\/iesmoianes\/wp-json\/wp\/v2\/users\/1"}],"replies":[{"embeddable":true,"href":"https:\/\/agora.xtec.cat\/iesmoianes\/wp-json\/wp\/v2\/comments?post=848"}],"version-history":[{"count":6,"href":"https:\/\/agora.xtec.cat\/iesmoianes\/wp-json\/wp\/v2\/pages\/848\/revisions"}],"predecessor-version":[{"id":7513,"href":"https:\/\/agora.xtec.cat\/iesmoianes\/wp-json\/wp\/v2\/pages\/848\/revisions\/7513"}],"up":[{"embeddable":true,"href":"https:\/\/agora.xtec.cat\/iesmoianes\/wp-json\/wp\/v2\/pages\/834"}],"wp:attachment":[{"href":"https:\/\/agora.xtec.cat\/iesmoianes\/wp-json\/wp\/v2\/media?parent=848"}],"curies":[{"name":"wp","href":"https:\/\/api.w.org\/{rel}","templated":true}]}}