{"id":834,"date":"2016-06-15T07:50:33","date_gmt":"2016-06-15T06:50:33","guid":{"rendered":"http:\/\/agora.xtec.cat\/iesmoianes\/?page_id=834"},"modified":"2026-04-15T12:59:00","modified_gmt":"2026-04-15T10:59:00","slug":"estudis-2","status":"publish","type":"page","link":"https:\/\/agora.xtec.cat\/iesmoianes\/estudis-2\/","title":{"rendered":"Estudis"},"content":{"rendered":"<p>Oferta formativa<\/p>\n<p>La nostra oferta formativa inclou: ESO, batxillerat, cicles formatius de grau b\u00e0sic i mitj\u00e0 i PFI.<\/p>\n<p>Pel que fa al curs vinent 25\/26 l&#8217;oferta inicial de places a ESO \u00e9s:<\/p>\n<p><a class=\"tac-player-processed\" href=\"https:\/\/drive.google.com\/file\/d\/1p32Vtz2NwROZrWSl-c0yJz2dA93-jali\/view?usp=sharing\">https:\/\/drive.google.com\/file\/d\/1p32Vtz2NwROZrWSl-c0yJz2dA93-jali\/view?usp=sharing<\/a><\/p>\n<ul>\n<li><strong>Centres adscrits<\/strong> a l&#8217;INS Moian\u00e8s: Ve d&#8217;un centre adscrit tot aquell alumnat de les seg\u00fcents escoles:\n<ul>\n<li>Escola Josep Orriols i Roca<\/li>\n<li>Escola Pia<\/li>\n<li>Escola de l&#8217;Estany<\/li>\n<li>Escola de Collsuspina<\/li>\n<\/ul>\n<\/li>\n<li><strong>Zona Educativa<\/strong>: tota persona que visqui a Moi\u00e0, L&#8217;Estany o Collsuspina<\/li>\n<li>Els <strong>criteris d&#8217;admissi\u00f3<\/strong> es poden consultar en el seg\u00fcent enlla\u00e7:\u00a0<a class=\"tac-player-processed\" href=\"https:\/\/preinscripcio.gencat.cat\/ca\/estudis\/eso\/informat\/criteris-assignacio\/\">https:\/\/preinscripcio.gencat.cat\/ca\/estudis\/eso\/informat\/criteris-assignacio\/<\/a><\/li>\n<li>La <strong>informaci\u00f3<\/strong> sobre criteris, calendaris i la resta d&#8217;informaci\u00f3 respecte el proc\u00e9s de preinscripci\u00f3 a la p\u00e0gina web:\u00a0<a class=\"tac-player-processed\" href=\"https:\/\/preinscripcio.gencat.cat\/ca\/inici\/index.html\">https:\/\/preinscripcio.gencat.cat\/ca\/inici\/index.html<\/a><\/li>\n<\/ul>\n","protected":false},"excerpt":{"rendered":"<p>Oferta formativa La nostra oferta formativa inclou: ESO, batxillerat, cicles formatius de grau b\u00e0sic i mitj\u00e0 i PFI. Pel que fa al curs vinent 25\/26 l&#8217;oferta inicial de places a ESO \u00e9s: https:\/\/drive.google.com\/file\/d\/1p32Vtz2NwROZrWSl-c0yJz2dA93-jali\/view?usp=sharing Centres adscrits a l&#8217;INS Moian\u00e8s: Ve d&#8217;un centre adscrit tot aquell alumnat de les seg\u00fcents escoles: Escola Josep Orriols i Roca Escola [&hellip;]<\/p>\n","protected":false},"author":1,"featured_media":0,"parent":0,"menu_order":0,"comment_status":"closed","ping_status":"closed","template":"page-templates\/side-menu.php","meta":{"_bbp_topic_count":0,"_bbp_reply_count":0,"_bbp_total_topic_count":0,"_bbp_total_reply_count":0,"_bbp_voice_count":0,"_bbp_anonymous_reply_count":0,"_bbp_topic_count_hidden":0,"_bbp_reply_count_hidden":0,"_bbp_forum_subforum_count":0,"site-sidebar-layout":"default","site-content-layout":"","ast-site-content-layout":"","site-content-style":"default","site-sidebar-style":"default","ast-global-header-display":"","ast-banner-title-visibility":"","ast-main-header-display":"","ast-hfb-above-header-display":"","ast-hfb-below-header-display":"","ast-hfb-mobile-header-display":"","site-post-title":"","ast-breadcrumbs-content":"","ast-featured-img":"","footer-sml-layout":"","theme-transparent-header-meta":"","adv-header-id-meta":"","stick-header-meta":"","header-above-stick-meta":"","header-main-stick-meta":"","header-below-stick-meta":"","astra-migrate-meta-layouts":"default","ast-page-background-enabled":"default","ast-page-background-meta":{"desktop":{"background-color":"var(--ast-global-color-4)","background-image":"","background-repeat":"repeat","background-position":"center center","background-size":"auto","background-attachment":"scroll","background-type":"","background-media":"","overlay-type":"","overlay-color":"","overlay-opacity":"","overlay-gradient":""},"tablet":{"background-color":"","background-image":"","background-repeat":"repeat","background-position":"center center","background-size":"auto","background-attachment":"scroll","background-type":"","background-media":"","overlay-type":"","overlay-color":"","overlay-opacity":"","overlay-gradient":""},"mobile":{"background-color":"","background-image":"","background-repeat":"repeat","background-position":"center center","background-size":"auto","background-attachment":"scroll","background-type":"","background-media":"","overlay-type":"","overlay-color":"","overlay-opacity":"","overlay-gradient":""}},"ast-content-background-meta":{"desktop":{"background-color":"var(--ast-global-color-5)","background-image":"","background-repeat":"repeat","background-position":"center center","background-size":"auto","background-attachment":"scroll","background-type":"","background-media":"","overlay-type":"","overlay-color":"","overlay-opacity":"","overlay-gradient":""},"tablet":{"background-color":"var(--ast-global-color-5)","background-image":"","background-repeat":"repeat","background-position":"center center","background-size":"auto","background-attachment":"scroll","background-type":"","background-media":"","overlay-type":"","overlay-color":"","overlay-opacity":"","overlay-gradient":""},"mobile":{"background-color":"var(--ast-global-color-5)","background-image":"","background-repeat":"repeat","background-position":"center center","background-size":"auto","background-attachment":"scroll","background-type":"","background-media":"","overlay-type":"","overlay-color":"","overlay-opacity":"","overlay-gradient":""}},"footnotes":""},"class_list":["post-834","page","type-page","status-publish","hentry"],"post_mailing_queue_ids":[],"_links":{"self":[{"href":"https:\/\/agora.xtec.cat\/iesmoianes\/wp-json\/wp\/v2\/pages\/834","targetHints":{"allow":["GET"]}}],"collection":[{"href":"https:\/\/agora.xtec.cat\/iesmoianes\/wp-json\/wp\/v2\/pages"}],"about":[{"href":"https:\/\/agora.xtec.cat\/iesmoianes\/wp-json\/wp\/v2\/types\/page"}],"author":[{"embeddable":true,"href":"https:\/\/agora.xtec.cat\/iesmoianes\/wp-json\/wp\/v2\/users\/1"}],"replies":[{"embeddable":true,"href":"https:\/\/agora.xtec.cat\/iesmoianes\/wp-json\/wp\/v2\/comments?post=834"}],"version-history":[{"count":6,"href":"https:\/\/agora.xtec.cat\/iesmoianes\/wp-json\/wp\/v2\/pages\/834\/revisions"}],"predecessor-version":[{"id":7515,"href":"https:\/\/agora.xtec.cat\/iesmoianes\/wp-json\/wp\/v2\/pages\/834\/revisions\/7515"}],"wp:attachment":[{"href":"https:\/\/agora.xtec.cat\/iesmoianes\/wp-json\/wp\/v2\/media?parent=834"}],"curies":[{"name":"wp","href":"https:\/\/api.w.org\/{rel}","templated":true}]}}