{"id":802,"date":"2016-06-14T12:06:15","date_gmt":"2016-06-14T11:06:15","guid":{"rendered":"http:\/\/agora.xtec.cat\/iesmoianes\/?page_id=802"},"modified":"2023-06-19T10:25:27","modified_gmt":"2023-06-19T08:25:27","slug":"revista-etcetera","status":"publish","type":"page","link":"https:\/\/agora.xtec.cat\/iesmoianes\/projecte-educatiu\/revista-etcetera\/","title":{"rendered":"Revista Etc\u00e8tera"},"content":{"rendered":"<table style=\"width: 100%;\" border=\"0px\">\n<tbody>\n<tr style=\"height: 301px;\">\n<td style=\"height: 301px; width: 32.9615%;\">\n<div>\n<div>\n<div style=\"text-align: center;\">\n<div style=\"text-align: center;\">\n<div style=\"margin: 8px 0px 4px;\"><a href=\"https:\/\/www.calameo.com\/books\/0039868622e6d24403258\" target=\"_blank\" rel=\"noopener\">Etce\u0300tera 2022-2023 N29<\/a><\/div>\n<p><iframe loading=\"lazy\" style=\"margin: 0 auto;\" src=\"\/\/v.calameo.com\/?bkcode=0039868622e6d24403258&amp;mode=mini&amp;clickto=view&amp;clicktarget=_self\" width=\"300\" height=\"194\" frameborder=\"0\" scrolling=\"no\" allowfullscreen=\"allowfullscreen\"><span style=\"display: inline-block; width: 0px; overflow: hidden; line-height: 0;\" data-mce-type=\"bookmark\" class=\"mce_SELRES_start\">\ufeff<\/span><span style=\"display: inline-block; width: 0px; overflow: hidden; line-height: 0;\" data-mce-type=\"bookmark\" class=\"mce_SELRES_start\">\ufeff<\/span><\/iframe><\/p>\n<div style=\"margin: 4px 0px 8px;\"><\/div>\n<\/div>\n<\/div>\n<\/div>\n<\/div>\n<div><\/div>\n<\/td>\n<td style=\"height: 301px; width: 32.9615%;\"><a href=\"https:\/\/agora.xtec.cat\/iesmoianes\/wp-content\/uploads\/usu258\/2023\/06\/Projecte-nou19.jpg\"><img loading=\"lazy\" decoding=\"async\" class=\"alignnone size-full wp-image-6887\" src=\"https:\/\/agora.xtec.cat\/iesmoianes\/wp-content\/uploads\/usu258\/2023\/06\/Projecte-nou19.jpg\" alt=\"\" width=\"300\" height=\"194\" \/><\/a><\/td>\n<td style=\"height: 301px; width: 32.9615%;\"><a href=\"https:\/\/agora.xtec.cat\/iesmoianes\/wp-content\/uploads\/usu258\/2023\/06\/Projecte-nou19.jpg\"><img loading=\"lazy\" decoding=\"async\" class=\"alignnone size-full wp-image-6887\" src=\"https:\/\/agora.xtec.cat\/iesmoianes\/wp-content\/uploads\/usu258\/2023\/06\/Projecte-nou19.jpg\" alt=\"\" width=\"300\" height=\"194\" \/><\/a><\/td>\n<\/tr>\n<tr>\n<td style=\"width: 32.9615%;\">\n<div>\n<div style=\"text-align: center;\">\n<div style=\"margin: 8px 0px 4px;\"><a href=\"https:\/\/www.calameo.com\/books\/00398686207259aa46a3a\" target=\"_blank\" rel=\"noopener\">Etc\u00e8tera 2021 2022 N28<\/a><\/div>\n<p><iframe loading=\"lazy\" style=\"margin: 0 auto;\" src=\"\/\/v.calameo.com\/?bkcode=00398686207259aa46a3a&amp;mode=mini&amp;clickto=view&amp;clicktarget=_self\" width=\"300\" height=\"194\" frameborder=\"0\" scrolling=\"no\" allowfullscreen=\"allowfullscreen\"><\/iframe><\/p>\n<\/div>\n<\/div>\n<div><\/div>\n<\/td>\n<td style=\"width: 32.9615%;\">\n<div>\n<div style=\"text-align: center;\">\n<div style=\"margin: 8px 0px 4px;\"><a href=\"https:\/\/www.calameo.com\/books\/0039868623664a87a31e4\" target=\"_blank\" rel=\"noopener\">Etc\u00e8tera 2020 2021 N27<\/a><\/div>\n<p><iframe loading=\"lazy\" style=\"margin: 0 auto;\" src=\"\/\/v.calameo.com\/?bkcode=0039868623664a87a31e4&amp;mode=mini&amp;clickto=view&amp;clicktarget=_self\" width=\"300\" height=\"194\" frameborder=\"0\" scrolling=\"no\" allowfullscreen=\"allowfullscreen\"><\/iframe><\/p>\n<\/div>\n<\/div>\n<div><\/div>\n<\/td>\n<td style=\"width: 32.9615%;\">\n<div>\n<div>\n<div>\n<div style=\"text-align: center;\">\n<div style=\"margin: 8px 0px 4px;\"><a href=\"https:\/\/www.calameo.com\/books\/003986862b24d2e7123bb\" target=\"_blank\" rel=\"noopener\">Etc\u00e8tera 2019 2020\u00a0 N26<\/a><\/div>\n<p><iframe loading=\"lazy\" style=\"margin: 0 auto;\" src=\"\/\/v.calameo.com\/?bkcode=003986862b24d2e7123bb&amp;mode=mini&amp;clickto=view&amp;clicktarget=_self\" width=\"300\" height=\"194\" frameborder=\"0\" scrolling=\"no\" allowfullscreen=\"allowfullscreen\"><span style=\"display: inline-block; width: 0px; overflow: hidden; line-height: 0;\" data-mce-type=\"bookmark\" class=\"mce_SELRES_start\">\ufeff<\/span><\/iframe><\/p>\n<\/div>\n<\/div>\n<\/div>\n<\/div>\n<\/td>\n<\/tr>\n<tr>\n<td style=\"width: 32.9615%;\">\n<div>\n<div><a href=\"https:\/\/www.calameo.com\/books\/003986862ae160889a3cf\" target=\"_blank\" rel=\"noopener noreferrer\">Etc\u00e8tera 2018 2019 N25<\/a><\/div>\n<p><iframe loading=\"lazy\" src=\"\/\/v.calameo.com\/?bkcode=003986862ae160889a3cf&amp;mode=mini\" width=\"300\" height=\"194\" frameborder=\"0\" scrolling=\"no\" allowfullscreen=\"allowfullscreen\"><\/iframe><\/p>\n<\/div>\n<div><\/div>\n<\/td>\n<td style=\"width: 32.9615%;\">\n<div>\n<div><a href=\"https:\/\/www.calameo.com\/books\/0039868625237f6b902a9\" target=\"_blank\" rel=\"noopener noreferrer\">Etc\u00e8tera 2017 2018 N24<\/a><\/div>\n<p><iframe loading=\"lazy\" src=\"\/\/v.calameo.com\/?bkcode=0039868625237f6b902a9&amp;mode=mini\" width=\"300\" height=\"194\" frameborder=\"0\" scrolling=\"no\" allowfullscreen=\"allowfullscreen\"><\/iframe><\/p>\n<\/div>\n<div><\/div>\n<\/td>\n<td style=\"width: 32.9615%;\">\n<div>\n<div>\n<div>\n<div><a href=\"https:\/\/www.calameo.com\/books\/003986862b8863c25e150\" target=\"_blank\" rel=\"noopener noreferrer\">Etc\u00e8tera 2016 2017 N23<\/a><\/div>\n<p><iframe loading=\"lazy\" src=\"\/\/v.calameo.com\/?bkcode=003986862b8863c25e150&amp;mode=mini\" width=\"300\" height=\"194\" frameborder=\"0\" scrolling=\"no\" allowfullscreen=\"allowfullscreen\"><\/iframe><\/p>\n<\/div>\n<\/div>\n<\/div>\n<\/td>\n<\/tr>\n<tr>\n<td style=\"width: 32.9615%;\">\n<div style=\"text-align: center;\">\n<div style=\"margin: 8px 0px 4px;\"><a href=\"http:\/\/www.calameo.com\/books\/003986862d3f7c78d041b\" target=\"_blank\" rel=\"noopener noreferrer\">Etc\u00e8tera 2015 2016 N22<\/a><\/div>\n<p><iframe loading=\"lazy\" style=\"margin: 0 auto;\" src=\"\/\/v.calameo.com\/?bkcode=003986862d3f7c78d041b\" width=\"300\" height=\"194\" frameborder=\"0\" scrolling=\"no\" allowfullscreen=\"allowfullscreen\"><\/iframe><\/p>\n<div style=\"margin: 4px 0px 8px;\"><\/div>\n<\/div>\n<\/td>\n<td style=\"width: 32.9615%;\">\n<div style=\"text-align: center;\">\n<div style=\"margin: 8px 0px 4px;\"><a href=\"http:\/\/www.calameo.com\/books\/00398686208690107d016\" target=\"_blank\" rel=\"noopener noreferrer\">Etc\u00e8tera 2014 2015 N21<\/a><\/div>\n<p><iframe loading=\"lazy\" style=\"margin: 0 auto;\" src=\"\/\/v.calameo.com\/?bkcode=00398686208690107d016\" width=\"300\" height=\"194\" frameborder=\"0\" scrolling=\"no\" allowfullscreen=\"allowfullscreen\"><\/iframe><\/p>\n<div style=\"margin: 4px 0px 8px;\"><\/div>\n<\/div>\n<\/td>\n<td style=\"width: 32.9615%;\">\n<div style=\"text-align: center;\">\n<div style=\"margin: 8px 0px 4px;\"><a href=\"http:\/\/www.calameo.com\/books\/0039868629cdebf4b1c55\" target=\"_blank\" rel=\"noopener noreferrer\">Etc\u00e8tera 2013 2014 N20<\/a><\/div>\n<p><iframe loading=\"lazy\" style=\"margin: 0 auto;\" src=\"\/\/v.calameo.com\/?bkcode=0039868629cdebf4b1c55\" width=\"300\" height=\"194\" frameborder=\"0\" scrolling=\"no\" allowfullscreen=\"allowfullscreen\"><\/iframe><\/p>\n<div style=\"margin: 4px 0px 8px;\"><\/div>\n<\/div>\n<\/td>\n<\/tr>\n<tr>\n<td style=\"width: 32.9615%;\">\n<div style=\"text-align: center;\">\n<div style=\"margin: 8px 0px 4px;\"><a href=\"http:\/\/www.calameo.com\/books\/003986862d3f7c78d041b\" target=\"_blank\" rel=\"noopener noreferrer\">Etc\u00e8tera 2015 2016 N22<\/a><\/div>\n<p><iframe loading=\"lazy\" style=\"margin: 0 auto;\" src=\"\/\/v.calameo.com\/?bkcode=003986862d3f7c78d041b\" width=\"300\" height=\"194\" frameborder=\"0\" scrolling=\"no\" allowfullscreen=\"allowfullscreen\"><\/iframe><\/p>\n<div style=\"margin: 4px 0px 8px;\"><\/div>\n<\/div>\n<\/td>\n<td style=\"width: 32.9615%;\">\n<div style=\"text-align: center;\">\n<div style=\"margin: 8px 0px 4px;\"><a href=\"http:\/\/www.calameo.com\/books\/00398686208690107d016\" target=\"_blank\" rel=\"noopener noreferrer\">Etc\u00e8tera 2014 2015 N21<\/a><\/div>\n<p><iframe loading=\"lazy\" style=\"margin: 0 auto;\" src=\"\/\/v.calameo.com\/?bkcode=00398686208690107d016\" width=\"300\" height=\"194\" frameborder=\"0\" scrolling=\"no\" allowfullscreen=\"allowfullscreen\"><\/iframe><\/p>\n<div style=\"margin: 4px 0px 8px;\"><\/div>\n<\/div>\n<\/td>\n<td style=\"width: 32.9615%;\">\n<div style=\"text-align: center;\">\n<div style=\"margin: 8px 0px 4px;\"><a href=\"http:\/\/www.calameo.com\/books\/0039868629cdebf4b1c55\" target=\"_blank\" rel=\"noopener noreferrer\">Etc\u00e8tera 2013 2014 N20<\/a><\/div>\n<p><iframe loading=\"lazy\" style=\"margin: 0 auto;\" src=\"\/\/v.calameo.com\/?bkcode=0039868629cdebf4b1c55\" width=\"300\" height=\"194\" frameborder=\"0\" scrolling=\"no\" allowfullscreen=\"allowfullscreen\"><\/iframe><\/p>\n<div style=\"margin: 4px 0px 8px;\"><\/div>\n<\/div>\n<\/td>\n<\/tr>\n<tr>\n<td style=\"width: 32.9615%;\">\n<div style=\"text-align: center;\">\n<div style=\"margin: 8px 0px 4px;\"><a href=\"http:\/\/www.calameo.com\/books\/0039868628a9810db915c\" target=\"_blank\" rel=\"noopener noreferrer\">Etc\u00e8tera 2012 2013 N19<\/a><\/div>\n<p><iframe loading=\"lazy\" style=\"margin: 0 auto;\" src=\"\/\/v.calameo.com\/?bkcode=0039868628a9810db915c\" width=\"300\" height=\"194\" frameborder=\"0\" scrolling=\"no\" allowfullscreen=\"allowfullscreen\"><\/iframe><\/p>\n<\/div>\n<\/td>\n<td style=\"width: 32.9615%;\">\n<div style=\"text-align: center;\">\n<div style=\"margin: 8px 0px 4px;\"><a href=\"http:\/\/www.calameo.com\/books\/0039868629580f2bf4f0d\" target=\"_blank\" rel=\"noopener noreferrer\">Etc\u00e8tera 2011 2012 N18<\/a><\/div>\n<p><iframe loading=\"lazy\" style=\"margin: 0 auto;\" src=\"\/\/v.calameo.com\/?bkcode=0039868629580f2bf4f0d\" width=\"300\" height=\"194\" frameborder=\"0\" scrolling=\"no\" allowfullscreen=\"allowfullscreen\"><\/iframe><\/p>\n<div style=\"margin: 4px 0px 8px;\"><\/div>\n<\/div>\n<\/td>\n<td style=\"width: 32.9615%;\">\n<div style=\"text-align: center;\">\n<div style=\"margin: 8px 0px 4px;\"><a href=\"http:\/\/www.calameo.com\/books\/003986862dd8d9b275946\" target=\"_blank\" rel=\"noopener noreferrer\">Etc\u00e8tera 2010 2011 N17<\/a><\/div>\n<p><iframe loading=\"lazy\" style=\"margin: 0 auto;\" src=\"\/\/v.calameo.com\/?bkcode=003986862dd8d9b275946\" width=\"300\" height=\"194\" frameborder=\"0\" scrolling=\"no\" allowfullscreen=\"allowfullscreen\"><\/iframe><\/p>\n<div style=\"margin: 4px 0px 8px;\"><\/div>\n<\/div>\n<\/td>\n<\/tr>\n<tr>\n<td style=\"width: 32.9615%;\">\n<div style=\"text-align: center;\">\n<div style=\"margin: 8px 0px 4px;\"><a href=\"http:\/\/www.calameo.com\/books\/0039868629a53f89ccc96\" target=\"_blank\" rel=\"noopener noreferrer\">Etc\u00e8tera 2009 2010 N16<\/a><\/div>\n<p><iframe loading=\"lazy\" style=\"margin: 0 auto;\" src=\"\/\/v.calameo.com\/?bkcode=0039868629a53f89ccc96\" width=\"300\" height=\"194\" frameborder=\"0\" scrolling=\"no\" allowfullscreen=\"allowfullscreen\"><\/iframe><\/p>\n<div style=\"margin: 4px 0px 8px;\"><\/div>\n<\/div>\n<\/td>\n<td style=\"width: 32.9615%;\">\n<div style=\"text-align: center;\">\n<div style=\"margin: 8px 0px 4px;\"><a href=\"http:\/\/www.calameo.com\/books\/003986862e455de568740\" target=\"_blank\" rel=\"noopener noreferrer\">Etc\u00e8tera 2008 2009 N15<\/a><\/div>\n<p><iframe loading=\"lazy\" style=\"margin: 0 auto;\" src=\"\/\/v.calameo.com\/?bkcode=003986862e455de568740\" width=\"300\" height=\"194\" frameborder=\"0\" scrolling=\"no\" allowfullscreen=\"allowfullscreen\"><\/iframe><\/p>\n<div style=\"margin: 4px 0px 8px;\"><\/div>\n<\/div>\n<\/td>\n<td style=\"width: 32.9615%;\">\n<div style=\"text-align: center;\">\n<div style=\"margin: 8px 0px 4px;\"><a href=\"http:\/\/www.calameo.com\/books\/00189277508845453e891\" target=\"_blank\" rel=\"noopener noreferrer\">Etc\u00e8tera n.14 2008<\/a><\/div>\n<p><iframe loading=\"lazy\" style=\"margin: 0 auto;\" src=\"\/\/v.calameo.com\/?bkcode=00189277508845453e891\" width=\"300\" height=\"194\" frameborder=\"0\" scrolling=\"no\" allowfullscreen=\"allowfullscreen\"><\/iframe><\/p>\n<div style=\"margin: 4px 0px 8px;\"><\/div>\n<\/div>\n<\/td>\n<\/tr>\n<tr>\n<td style=\"width: 32.9615%;\"><\/td>\n<td style=\"width: 32.9615%;\">\n<div style=\"text-align: center;\">\n<div style=\"margin: 8px 0px 4px;\"><a href=\"http:\/\/www.calameo.com\/books\/0039868626fb7604ae1c7\" target=\"_blank\" rel=\"noopener noreferrer\">Etc\u00e8tera 2006 2007 N13<\/a><\/div>\n<p><iframe loading=\"lazy\" style=\"margin: 0 auto;\" src=\"\/\/v.calameo.com\/?bkcode=0039868626fb7604ae1c7\" width=\"300\" height=\"194\" frameborder=\"0\" scrolling=\"no\" allowfullscreen=\"allowfullscreen\"><\/iframe><\/p>\n<div style=\"margin: 4px 0px 8px;\"><\/div>\n<\/div>\n<\/td>\n<td style=\"width: 32.9615%;\"><\/td>\n<\/tr>\n<\/tbody>\n<\/table>\n","protected":false},"excerpt":{"rendered":"<p>Etce\u0300tera 2022-2023 N29 \ufeff\ufeff Etc\u00e8tera 2021 2022 N28 Etc\u00e8tera 2020 2021 N27 Etc\u00e8tera 2019 2020\u00a0 N26 \ufeff Etc\u00e8tera 2018 2019 N25 Etc\u00e8tera 2017 2018 N24 Etc\u00e8tera 2016 2017 N23 Etc\u00e8tera 2015 2016 N22 Etc\u00e8tera 2014 2015 N21 Etc\u00e8tera 2013 2014 N20 Etc\u00e8tera 2015 2016 N22 Etc\u00e8tera 2014 2015 N21 Etc\u00e8tera 2013 2014 N20 Etc\u00e8tera 2012 [&hellip;]<\/p>\n","protected":false},"author":1,"featured_media":0,"parent":57,"menu_order":70,"comment_status":"closed","ping_status":"closed","template":"page-templates\/side-menu.php","meta":{"_bbp_topic_count":0,"_bbp_reply_count":0,"_bbp_total_topic_count":0,"_bbp_total_reply_count":0,"_bbp_voice_count":0,"_bbp_anonymous_reply_count":0,"_bbp_topic_count_hidden":0,"_bbp_reply_count_hidden":0,"_bbp_forum_subforum_count":0,"site-sidebar-layout":"default","site-content-layout":"","ast-site-content-layout":"","site-content-style":"default","site-sidebar-style":"default","ast-global-header-display":"","ast-banner-title-visibility":"","ast-main-header-display":"","ast-hfb-above-header-display":"","ast-hfb-below-header-display":"","ast-hfb-mobile-header-display":"","site-post-title":"","ast-breadcrumbs-content":"","ast-featured-img":"","footer-sml-layout":"","theme-transparent-header-meta":"","adv-header-id-meta":"","stick-header-meta":"","header-above-stick-meta":"","header-main-stick-meta":"","header-below-stick-meta":"","astra-migrate-meta-layouts":"default","ast-page-background-enabled":"default","ast-page-background-meta":{"desktop":{"background-color":"var(--ast-global-color-4)","background-image":"","background-repeat":"repeat","background-position":"center center","background-size":"auto","background-attachment":"scroll","background-type":"","background-media":"","overlay-type":"","overlay-color":"","overlay-opacity":"","overlay-gradient":""},"tablet":{"background-color":"","background-image":"","background-repeat":"repeat","background-position":"center center","background-size":"auto","background-attachment":"scroll","background-type":"","background-media":"","overlay-type":"","overlay-color":"","overlay-opacity":"","overlay-gradient":""},"mobile":{"background-color":"","background-image":"","background-repeat":"repeat","background-position":"center center","background-size":"auto","background-attachment":"scroll","background-type":"","background-media":"","overlay-type":"","overlay-color":"","overlay-opacity":"","overlay-gradient":""}},"ast-content-background-meta":{"desktop":{"background-color":"var(--ast-global-color-5)","background-image":"","background-repeat":"repeat","background-position":"center center","background-size":"auto","background-attachment":"scroll","background-type":"","background-media":"","overlay-type":"","overlay-color":"","overlay-opacity":"","overlay-gradient":""},"tablet":{"background-color":"var(--ast-global-color-5)","background-image":"","background-repeat":"repeat","background-position":"center center","background-size":"auto","background-attachment":"scroll","background-type":"","background-media":"","overlay-type":"","overlay-color":"","overlay-opacity":"","overlay-gradient":""},"mobile":{"background-color":"var(--ast-global-color-5)","background-image":"","background-repeat":"repeat","background-position":"center center","background-size":"auto","background-attachment":"scroll","background-type":"","background-media":"","overlay-type":"","overlay-color":"","overlay-opacity":"","overlay-gradient":""}},"footnotes":""},"class_list":["post-802","page","type-page","status-publish","hentry"],"post_mailing_queue_ids":[],"_links":{"self":[{"href":"https:\/\/agora.xtec.cat\/iesmoianes\/wp-json\/wp\/v2\/pages\/802","targetHints":{"allow":["GET"]}}],"collection":[{"href":"https:\/\/agora.xtec.cat\/iesmoianes\/wp-json\/wp\/v2\/pages"}],"about":[{"href":"https:\/\/agora.xtec.cat\/iesmoianes\/wp-json\/wp\/v2\/types\/page"}],"author":[{"embeddable":true,"href":"https:\/\/agora.xtec.cat\/iesmoianes\/wp-json\/wp\/v2\/users\/1"}],"replies":[{"embeddable":true,"href":"https:\/\/agora.xtec.cat\/iesmoianes\/wp-json\/wp\/v2\/comments?post=802"}],"version-history":[{"count":4,"href":"https:\/\/agora.xtec.cat\/iesmoianes\/wp-json\/wp\/v2\/pages\/802\/revisions"}],"predecessor-version":[{"id":6889,"href":"https:\/\/agora.xtec.cat\/iesmoianes\/wp-json\/wp\/v2\/pages\/802\/revisions\/6889"}],"up":[{"embeddable":true,"href":"https:\/\/agora.xtec.cat\/iesmoianes\/wp-json\/wp\/v2\/pages\/57"}],"wp:attachment":[{"href":"https:\/\/agora.xtec.cat\/iesmoianes\/wp-json\/wp\/v2\/media?parent=802"}],"curies":[{"name":"wp","href":"https:\/\/api.w.org\/{rel}","templated":true}]}}