{"id":6331,"date":"2022-10-26T14:36:42","date_gmt":"2022-10-26T12:36:42","guid":{"rendered":"https:\/\/agora.xtec.cat\/iesmoianes\/?page_id=6331"},"modified":"2023-01-27T19:19:50","modified_gmt":"2023-01-27T18:19:50","slug":"objectius","status":"publish","type":"page","link":"https:\/\/agora.xtec.cat\/iesmoianes\/documents-de-gestio-de-centre\/pla-tac\/estrategia-digital\/objectius\/","title":{"rendered":"Objectius"},"content":{"rendered":"<p style=\"text-align: justify;\">En funci\u00f3 dels resultats obtesos a la diagnosi i amb la finalitat de millorar els punts d\u00e8bils detectats, s&#8217;han definit i temporitzat els seg\u00fcents objectius:<\/p>\n<table style=\"height: 515px; width: 100%; border-collapse: collapse; border-style: solid; border-color: #ff585d;\">\n<tbody>\n<tr style=\"height: 43px;\">\n<td style=\"text-align: center; border-style: solid; border-color: #0b5394; background-color: #cfe2f3;\">\n<h6><strong>OBJECTIU<\/strong><\/h6>\n<\/td>\n<td style=\"border-style: solid; border-color: #0b5394; background-color: #cfe2f3; text-align: center; width: 5%;\">\n<h6><strong>DATA INICI<\/strong><\/h6>\n<\/td>\n<td style=\"text-align: center; height: 43px; border-style: solid; border-color: #0b5394; background-color: #cfe2f3; width: 5%;\">\n<h6><strong>DATA FI<\/strong><\/h6>\n<\/td>\n<\/tr>\n<tr style=\"height: 47px;\">\n<td style=\"width: 33.3333%; height: 47px; border-style: solid; border-color: #0b5394;\" data-sheets-value=\"{&quot;1&quot;:2,&quot;2&quot;:&quot;1.Planificar i potenciar la formaci\u00f3 permanent per millorar la Compet\u00e8ncia digital del professorat.&quot;}\" data-sheets-numberformat=\"{&quot;1&quot;:1}\">1. Planificar i potenciar la formaci\u00f3 permanent per millorar la Compet\u00e8ncia digital del professorat.<\/td>\n<td style=\"height: 47px; border-style: solid; border-color: #0b5394; text-align: center; width: 5%;\" data-sheets-value=\"{&quot;1&quot;:3,&quot;3&quot;:44805}\" data-sheets-numberformat=\"{&quot;1&quot;:5,&quot;2&quot;:&quot;d\/MM\/yyyy&quot;,&quot;3&quot;:1}\">1\/09\/2022<\/td>\n<td style=\"height: 47px; border-style: solid; border-color: #0b5394; text-align: center; width: 5%;\" data-sheets-value=\"{&quot;1&quot;:3,&quot;3&quot;:46233}\" data-sheets-numberformat=\"{&quot;1&quot;:5,&quot;2&quot;:&quot;d\/MM\/yyyy&quot;,&quot;3&quot;:1}\">30\/07\/2026<\/td>\n<\/tr>\n<tr style=\"height: 63px;\">\n<td style=\"width: 33.3333%; height: 63px; border-style: solid; border-color: #0b5394;\" data-sheets-value=\"{&quot;1&quot;:2,&quot;2&quot;:&quot;2. Facilitar espais conjunts amb la finalitat d'intercanviar experi\u00e8ncies i recursos d'\u00e8xit per crear situacions d'aprenentatge.&quot;}\" data-sheets-numberformat=\"{&quot;1&quot;:1}\">2. Facilitar espais conjunts amb la finalitat d&#8217;intercanviar experi\u00e8ncies i recursos d&#8217;\u00e8xit per crear situacions d&#8217;aprenentatge.<\/td>\n<td style=\"height: 63px; border-style: solid; border-color: #0b5394; text-align: center; width: 5%;\" data-sheets-value=\"{&quot;1&quot;:3,&quot;3&quot;:44805}\" data-sheets-numberformat=\"{&quot;1&quot;:5,&quot;2&quot;:&quot;d\/MM\/yyyy&quot;,&quot;3&quot;:1}\">1\/09\/2022<\/td>\n<td style=\"height: 63px; border-style: solid; border-color: #0b5394; text-align: center; width: 5%;\" data-sheets-value=\"{&quot;1&quot;:3,&quot;3&quot;:46233}\" data-sheets-numberformat=\"{&quot;1&quot;:5,&quot;2&quot;:&quot;d\/MM\/yyyy&quot;,&quot;3&quot;:1}\">30\/07\/2026<\/td>\n<\/tr>\n<tr style=\"height: 47px;\">\n<td style=\"width: 33.3333%; height: 47px; border-style: solid; border-color: #0b5394;\" data-sheets-value=\"{&quot;1&quot;:2,&quot;2&quot;:&quot;3. Definir l\u2019Estrat\u00e8gia Digital de Centre (EDC) per millorar la Compet\u00e8ncia Digital de l\u2019alumnat.&quot;}\" data-sheets-numberformat=\"{&quot;1&quot;:1}\">3. Definir l\u2019Estrat\u00e8gia Digital de Centre (EDC) per millorar la Compet\u00e8ncia Digital de l\u2019alumnat.<\/td>\n<td style=\"height: 47px; border-style: solid; border-color: #0b5394; text-align: center; width: 5%;\" data-sheets-value=\"{&quot;1&quot;:3,&quot;3&quot;:44805}\" data-sheets-numberformat=\"{&quot;1&quot;:5,&quot;2&quot;:&quot;d\/MM\/yyyy&quot;,&quot;3&quot;:1}\">1\/09\/2022<\/td>\n<td style=\"height: 47px; border-style: solid; border-color: #0b5394; text-align: center; width: 5%;\" data-sheets-value=\"{&quot;1&quot;:3,&quot;3&quot;:45137}\" data-sheets-numberformat=\"{&quot;1&quot;:5,&quot;2&quot;:&quot;d\/MM\/yyyy&quot;,&quot;3&quot;:1}\">30\/07\/2023<\/td>\n<\/tr>\n<tr style=\"height: 63px;\">\n<td style=\"width: 33.3333%; height: 63px; border-style: solid; border-color: #0b5394;\" data-sheets-value=\"{&quot;1&quot;:2,&quot;2&quot;:&quot;4. Promoure l'intercanvi d'experi\u00e8ncies educatives entre centres educatius de l'entorn per ampliar els coneixements digital de la comunitat educativa. &quot;}\" data-sheets-numberformat=\"{&quot;1&quot;:1}\">4. Promoure l&#8217;intercanvi d&#8217;experi\u00e8ncies educatives entre centres educatius de l&#8217;entorn per ampliar els coneixements digital de la comunitat educativa.<\/td>\n<td style=\"height: 63px; border-style: solid; border-color: #0b5394; text-align: center; width: 5%;\" data-sheets-value=\"{&quot;1&quot;:3,&quot;3&quot;:45108}\" data-sheets-numberformat=\"{&quot;1&quot;:5,&quot;2&quot;:&quot;d\/MM\/yyyy&quot;,&quot;3&quot;:1}\">1\/07\/2023<\/td>\n<td style=\"height: 63px; border-style: solid; border-color: #0b5394; text-align: center; width: 5%;\" data-sheets-value=\"{&quot;1&quot;:3,&quot;3&quot;:46233}\" data-sheets-numberformat=\"{&quot;1&quot;:5,&quot;2&quot;:&quot;d\/MM\/yyyy&quot;,&quot;3&quot;:1}\">30\/07\/2026<\/td>\n<\/tr>\n<tr style=\"height: 63px;\">\n<td style=\"width: 33.3333%; height: 63px; border-style: solid; border-color: #0b5394;\" data-sheets-value=\"{&quot;1&quot;:2,&quot;2&quot;:&quot;5. Potenciar l'\u00fas d'eines que permetin analitzar el proc\u00e9s d'aprenentatge de l'alumnat per millorar la Compet\u00e8ncia Digital dels docents.&quot;}\" data-sheets-numberformat=\"{&quot;1&quot;:1}\">5. Potenciar l&#8217;\u00fas d&#8217;eines que permetin analitzar el proc\u00e9s d&#8217;aprenentatge de l&#8217;alumnat per millorar la Compet\u00e8ncia Digital dels docents.<\/td>\n<td style=\"height: 63px; border-style: solid; border-color: #0b5394; text-align: center; width: 5%;\" data-sheets-value=\"{&quot;1&quot;:3,&quot;3&quot;:44986}\" data-sheets-numberformat=\"{&quot;1&quot;:5,&quot;2&quot;:&quot;d\/MM\/yyyy&quot;,&quot;3&quot;:1}\">1\/03\/2023<\/td>\n<td style=\"height: 63px; border-style: solid; border-color: #0b5394; text-align: center; width: 5%;\" data-sheets-value=\"{&quot;1&quot;:3,&quot;3&quot;:45503}\" data-sheets-numberformat=\"{&quot;1&quot;:5,&quot;2&quot;:&quot;d\/MM\/yyyy&quot;,&quot;3&quot;:1}\">30\/07\/2024<\/td>\n<\/tr>\n<tr style=\"height: 47px;\">\n<td style=\"width: 33.3333%; height: 47px; border-style: solid; border-color: #0b5394;\" data-sheets-value=\"{&quot;1&quot;:2,&quot;2&quot;:&quot;6. Capacitar els docents en l'\u00fas de les eines de rob\u00f2tica per tal de desenvolupar projectes transversals.&quot;}\" data-sheets-numberformat=\"{&quot;1&quot;:1}\">6. Capacitar els docents en l&#8217;\u00fas de les eines de rob\u00f2tica per tal de desenvolupar projectes transversals.<\/td>\n<td style=\"height: 47px; border-style: solid; border-color: #0b5394; text-align: center; width: 5%;\" data-sheets-value=\"{&quot;1&quot;:3,&quot;3&quot;:45536}\" data-sheets-numberformat=\"{&quot;1&quot;:5,&quot;2&quot;:&quot;d\/MM\/yyyy&quot;,&quot;3&quot;:1}\" data-sheets-validation-definition=\"{&quot;1&quot;:{&quot;1&quot;:{&quot;1&quot;:30},&quot;2&quot;:{&quot;1&quot;:{&quot;1&quot;:[{&quot;1&quot;:4,&quot;6&quot;:0},{&quot;1&quot;:2,&quot;3&quot;:&quot;ISDATE&quot;,&quot;4&quot;:1},{&quot;1&quot;:1,&quot;2&quot;:&quot;=&quot;}]},&quot;3&quot;:&quot;R0]FISDATE:1]S&quot;},&quot;3&quot;:[{&quot;1&quot;:{&quot;1&quot;:0,&quot;2&quot;:1,&quot;3&quot;:0,&quot;4&quot;:1,&quot;5&quot;:1118464},&quot;2&quot;:0}]},&quot;2&quot;:&quot;&quot;,&quot;3&quot;:0,&quot;4&quot;:0}\" data-sheets-validation-id=\"0\">1\/09\/2024<\/td>\n<td style=\"height: 47px; border-style: solid; border-color: #0b5394; text-align: center; width: 5%;\" data-sheets-value=\"{&quot;1&quot;:3,&quot;3&quot;:46233}\" data-sheets-numberformat=\"{&quot;1&quot;:5,&quot;2&quot;:&quot;d\/MM\/yyyy&quot;,&quot;3&quot;:1}\" data-sheets-validation-id=\"0\">30\/07\/2026<\/td>\n<\/tr>\n<tr style=\"height: 79px;\">\n<td style=\"width: 33.3333%; height: 79px; border-style: solid; border-color: #0b5394;\" data-sheets-value=\"{&quot;1&quot;:2,&quot;2&quot;:&quot;7.Dissenyar un conjunt d'unitat de xarxes amb una estructura coneguda i comuna a nivell de centre per endre\u00e7ar la informaci\u00f3 i facilitar la informaci\u00f3 entre docents.&quot;}\" data-sheets-numberformat=\"{&quot;1&quot;:1}\">7.Dissenyar un conjunt d&#8217;unitat de xarxes amb una estructura coneguda i comuna a nivell de centre per endre\u00e7ar la informaci\u00f3 i facilitar la informaci\u00f3 entre docents.<\/td>\n<td style=\"height: 79px; border-style: solid; border-color: #0b5394; text-align: center; width: 5%;\" data-sheets-value=\"{&quot;1&quot;:3,&quot;3&quot;:45413}\" data-sheets-numberformat=\"{&quot;1&quot;:5,&quot;2&quot;:&quot;d\/MM\/yyyy&quot;,&quot;3&quot;:1}\" data-sheets-validation-id=\"0\">1\/05\/2024<\/td>\n<td style=\"height: 79px; border-style: solid; border-color: #0b5394; text-align: center; width: 5%;\" data-sheets-value=\"{&quot;1&quot;:3,&quot;3&quot;:45503}\" data-sheets-numberformat=\"{&quot;1&quot;:5,&quot;2&quot;:&quot;d\/MM\/yyyy&quot;,&quot;3&quot;:1}\" data-sheets-validation-id=\"0\">30\/07\/2024<\/td>\n<\/tr>\n<tr style=\"height: 63px;\">\n<td style=\"width: 33.3333%; height: 63px; border-style: solid; border-color: #0b5394;\" data-sheets-value=\"{&quot;1&quot;:2,&quot;2&quot;:&quot;8. Recon\u00e8ixer l'autoria de la generaci\u00f3 de produccions digitals per tal de donar valor al treball dels altres i respectar els drets d'autor.&quot;}\" data-sheets-numberformat=\"{&quot;1&quot;:1}\">8. Recon\u00e8ixer l&#8217;autoria de la generaci\u00f3 de produccions digitals per tal de donar valor al treball dels altres i respectar els drets d&#8217;autor.<\/td>\n<td style=\"height: 63px; border-style: solid; border-color: #0b5394; text-align: center; width: 5%;\" data-sheets-value=\"{&quot;1&quot;:3,&quot;3&quot;:45170}\" data-sheets-numberformat=\"{&quot;1&quot;:5,&quot;2&quot;:&quot;d\/MM\/yyyy&quot;,&quot;3&quot;:1}\" data-sheets-validation-id=\"0\">1\/09\/2023<\/td>\n<td style=\"height: 63px; border-style: solid; border-color: #0b5394; text-align: center; width: 5%;\" data-sheets-value=\"{&quot;1&quot;:3,&quot;3&quot;:46233}\" data-sheets-numberformat=\"{&quot;1&quot;:5,&quot;2&quot;:&quot;d\/MM\/yyyy&quot;,&quot;3&quot;:1}\" data-sheets-validation-id=\"0\">30\/07\/2026<\/td>\n<\/tr>\n<\/tbody>\n<\/table>\n","protected":false},"excerpt":{"rendered":"<p>En funci\u00f3 dels resultats obtesos a la diagnosi i amb la finalitat de millorar els punts d\u00e8bils detectats, s&#8217;han definit i temporitzat els seg\u00fcents objectius: OBJECTIU DATA INICI DATA FI 1. Planificar i potenciar la formaci\u00f3 permanent per millorar la Compet\u00e8ncia digital del professorat. 1\/09\/2022 30\/07\/2026 2. Facilitar espais conjunts amb la finalitat d&#8217;intercanviar experi\u00e8ncies [&hellip;]<\/p>\n","protected":false},"author":63,"featured_media":0,"parent":6145,"menu_order":20,"comment_status":"closed","ping_status":"closed","template":"page-templates\/side-menu.php","meta":{"_bbp_topic_count":0,"_bbp_reply_count":0,"_bbp_total_topic_count":0,"_bbp_total_reply_count":0,"_bbp_voice_count":0,"_bbp_anonymous_reply_count":0,"_bbp_topic_count_hidden":0,"_bbp_reply_count_hidden":0,"_bbp_forum_subforum_count":0,"site-sidebar-layout":"default","site-content-layout":"","ast-site-content-layout":"","site-content-style":"default","site-sidebar-style":"default","ast-global-header-display":"","ast-banner-title-visibility":"","ast-main-header-display":"","ast-hfb-above-header-display":"","ast-hfb-below-header-display":"","ast-hfb-mobile-header-display":"","site-post-title":"","ast-breadcrumbs-content":"","ast-featured-img":"","footer-sml-layout":"","theme-transparent-header-meta":"","adv-header-id-meta":"","stick-header-meta":"","header-above-stick-meta":"","header-main-stick-meta":"","header-below-stick-meta":"","astra-migrate-meta-layouts":"default","ast-page-background-enabled":"default","ast-page-background-meta":{"desktop":{"background-color":"var(--ast-global-color-4)","background-image":"","background-repeat":"repeat","background-position":"center center","background-size":"auto","background-attachment":"scroll","background-type":"","background-media":"","overlay-type":"","overlay-color":"","overlay-opacity":"","overlay-gradient":""},"tablet":{"background-color":"","background-image":"","background-repeat":"repeat","background-position":"center center","background-size":"auto","background-attachment":"scroll","background-type":"","background-media":"","overlay-type":"","overlay-color":"","overlay-opacity":"","overlay-gradient":""},"mobile":{"background-color":"","background-image":"","background-repeat":"repeat","background-position":"center center","background-size":"auto","background-attachment":"scroll","background-type":"","background-media":"","overlay-type":"","overlay-color":"","overlay-opacity":"","overlay-gradient":""}},"ast-content-background-meta":{"desktop":{"background-color":"var(--ast-global-color-5)","background-image":"","background-repeat":"repeat","background-position":"center center","background-size":"auto","background-attachment":"scroll","background-type":"","background-media":"","overlay-type":"","overlay-color":"","overlay-opacity":"","overlay-gradient":""},"tablet":{"background-color":"var(--ast-global-color-5)","background-image":"","background-repeat":"repeat","background-position":"center center","background-size":"auto","background-attachment":"scroll","background-type":"","background-media":"","overlay-type":"","overlay-color":"","overlay-opacity":"","overlay-gradient":""},"mobile":{"background-color":"var(--ast-global-color-5)","background-image":"","background-repeat":"repeat","background-position":"center center","background-size":"auto","background-attachment":"scroll","background-type":"","background-media":"","overlay-type":"","overlay-color":"","overlay-opacity":"","overlay-gradient":""}},"footnotes":""},"class_list":["post-6331","page","type-page","status-publish","hentry"],"post_mailing_queue_ids":[],"_links":{"self":[{"href":"https:\/\/agora.xtec.cat\/iesmoianes\/wp-json\/wp\/v2\/pages\/6331","targetHints":{"allow":["GET"]}}],"collection":[{"href":"https:\/\/agora.xtec.cat\/iesmoianes\/wp-json\/wp\/v2\/pages"}],"about":[{"href":"https:\/\/agora.xtec.cat\/iesmoianes\/wp-json\/wp\/v2\/types\/page"}],"author":[{"embeddable":true,"href":"https:\/\/agora.xtec.cat\/iesmoianes\/wp-json\/wp\/v2\/users\/63"}],"replies":[{"embeddable":true,"href":"https:\/\/agora.xtec.cat\/iesmoianes\/wp-json\/wp\/v2\/comments?post=6331"}],"version-history":[{"count":3,"href":"https:\/\/agora.xtec.cat\/iesmoianes\/wp-json\/wp\/v2\/pages\/6331\/revisions"}],"predecessor-version":[{"id":6494,"href":"https:\/\/agora.xtec.cat\/iesmoianes\/wp-json\/wp\/v2\/pages\/6331\/revisions\/6494"}],"up":[{"embeddable":true,"href":"https:\/\/agora.xtec.cat\/iesmoianes\/wp-json\/wp\/v2\/pages\/6145"}],"wp:attachment":[{"href":"https:\/\/agora.xtec.cat\/iesmoianes\/wp-json\/wp\/v2\/media?parent=6331"}],"curies":[{"name":"wp","href":"https:\/\/api.w.org\/{rel}","templated":true}]}}