{"id":6324,"date":"2022-10-26T13:15:37","date_gmt":"2022-10-26T11:15:37","guid":{"rendered":"https:\/\/agora.xtec.cat\/iesmoianes\/?page_id=6324"},"modified":"2023-01-27T19:24:48","modified_gmt":"2023-01-27T18:24:48","slug":"diagnosi","status":"publish","type":"page","link":"https:\/\/agora.xtec.cat\/iesmoianes\/documents-de-gestio-de-centre\/pla-tac\/estrategia-digital\/diagnosi\/","title":{"rendered":"Diagnosi"},"content":{"rendered":"<p style=\"text-align: justify;\"><a href=\"https:\/\/agora.xtec.cat\/iesmoianes\/wp-content\/uploads\/usu258\/2023\/01\/Captura-de-pantalla-2023-01-27-180844-e1674841065613.jpg\"><img loading=\"lazy\" decoding=\"async\" class=\"alignright wp-image-6487\" src=\"https:\/\/agora.xtec.cat\/iesmoianes\/wp-content\/uploads\/usu258\/2023\/01\/Captura-de-pantalla-2023-01-27-180844-e1674841065613-1024x302.jpg\" alt=\"\" width=\"407\" height=\"120\" srcset=\"https:\/\/agora.xtec.cat\/iesmoianes\/wp-content\/uploads\/usu258\/2023\/01\/Captura-de-pantalla-2023-01-27-180844-e1674841065613-1024x302.jpg 1024w, https:\/\/agora.xtec.cat\/iesmoianes\/wp-content\/uploads\/usu258\/2023\/01\/Captura-de-pantalla-2023-01-27-180844-e1674841065613-300x88.jpg 300w, https:\/\/agora.xtec.cat\/iesmoianes\/wp-content\/uploads\/usu258\/2023\/01\/Captura-de-pantalla-2023-01-27-180844-e1674841065613-768x226.jpg 768w, https:\/\/agora.xtec.cat\/iesmoianes\/wp-content\/uploads\/usu258\/2023\/01\/Captura-de-pantalla-2023-01-27-180844-e1674841065613.jpg 1137w\" sizes=\"auto, (max-width: 407px) 100vw, 407px\" \/><\/a>A partir de l&#8217;eina de diagnosi &#8220;<em>Selfie<\/em>&#8220;, que recull de manera an\u00f2nima l&#8217;opini\u00f3 de l&#8217;alumnat, del professorat i de la direcci\u00f3 del centre sobre com s&#8217;empren les tecnologies a l&#8217;Institut Moian\u00e8s, s&#8217;han identificat els punts forts i els punts d\u00e8bils que es descriuen a continuaci\u00f3.<\/p>\n<table class=\" alignright\" style=\"width: 100%; border-collapse: collapse; border-color: #135880;\">\n<tbody>\n<tr>\n<td style=\"width: 50%; border-style: solid; border-color: #0b5394; background-color: #cfe2f3;\">\n<h5 style=\"text-align: center;\"><strong>PUNTS FORTS<\/strong><\/h5>\n<\/td>\n<td style=\"width: 50%; border-style: solid; border-color: #0b5394; background-color: #cfe2f3;\">\n<h5 style=\"text-align: center;\"><strong>PUNTS D\u00c8BILS<\/strong><\/h5>\n<\/td>\n<\/tr>\n<tr>\n<td style=\"width: 50%; text-align: justify; vertical-align: top; border-style: solid; border-color: #0b5394;\"><strong>E1. Recursos educatius en l\u00ednia:\u00a0<\/strong><\/p>\n<p>El professorat del nostre centre cerca recursos educatius digitals en l\u00ednia.<\/td>\n<td style=\"width: 50%; text-align: justify; vertical-align: top; border-style: solid; border-color: #0b5394;\"><strong>D1. Necessitats de formaci\u00f3 permanent:<\/strong><\/p>\n<p>Debatem amb el professorat del nostre centre sobre les seves necessitats de formaci\u00f3 permanent quant a l\u2019ensenyament amb tecnologies digitals.<\/td>\n<\/tr>\n<tr>\n<td style=\"width: 50%; text-align: justify; vertical-align: top; border-style: solid; border-color: #0b5394;\"><strong>E4. Comunicaci\u00f3 amb la\u00a0comunitat educativa:<\/strong><\/p>\n<p>El nostre professorat utilitza tecnologies digitals per a la comunicaci\u00f3 relacionada amb el centre educatiu.<\/td>\n<td style=\"width: 50%; text-align: justify; vertical-align: top; border-style: solid; border-color: #0b5394;\"><strong>B1. Avaluaci\u00f3 del progr\u00e9s:<\/strong><\/p>\n<p>Al nostre centre avaluem els nostres progressos en mat\u00e8ria d\u2019ensenyament i aprenentatge amb tecnologies digitals.<\/td>\n<\/tr>\n<tr>\n<td style=\"width: 50%; text-align: justify; vertical-align: top; border-style: solid; border-color: #0b5394;\"><strong>C1. Infraestructura:<\/strong><\/p>\n<p>Al nostre centre la infraestructura digital recolza l\u2019ensenyament i l\u2019aprenentatge amb tecnologies digitals.<\/td>\n<td style=\"width: 50%; text-align: justify; vertical-align: top; border-style: solid; border-color: #0b5394;\"><strong>B2. Debat sobre l&#8217;\u00fas de la tecnologia:<\/strong><\/p>\n<p>Al nostre centre debatem sobre els avantatges i desavantatges de l\u2019ensenyament i l\u2019aprenentatge amb tecnologies digitals.<\/td>\n<\/tr>\n<tr>\n<td style=\"width: 50%; text-align: justify; vertical-align: top; border-style: solid; border-color: #0b5394;\"><strong>C2. Dispositius digitals per a l\u2019ensenyament:<\/strong><\/p>\n<p>Al nostre centre hi ha dispositius digitals per al seu \u00fas en l\u2019ensenyament.<\/td>\n<td style=\"width: 50%; text-align: justify; vertical-align: top; border-style: solid; border-color: #0b5394;\"><strong>B3. Col\u00b7laboracions:<\/strong><\/p>\n<p>Al nostre centre utilitzem tecnologies digitals en col\u00b7laborar amb d\u2019altres organitzacions.<\/td>\n<\/tr>\n<tr>\n<td style=\"width: 50%; text-align: justify; vertical-align: top; border-style: solid; border-color: #0b5394;\"><strong>C7. Protecci\u00f3 de dades:<\/strong><\/p>\n<p>Al nostre centre existeixen sistemes de protecci\u00f3 de dades.<\/td>\n<td style=\"width: 50%; text-align: justify; vertical-align: top; border-style: solid; border-color: #0b5394;\"><strong>D3. Intercanvi d\u2019experi\u00e8ncies:\u00a0<\/strong><\/p>\n<p>Ajudem el professorat del centre a intercanviar experi\u00e8ncies dins de la comunitat educativa sobre l\u2019ensenyament amb tecnologies digitals.<\/td>\n<\/tr>\n<tr>\n<td style=\"width: 50%; text-align: justify; vertical-align: top; border-style: solid; border-color: #0b5394;\"><strong>E2. Creaci\u00f3 de recursos digitals:<\/strong><\/p>\n<p>El professorat del nostre centre crea recursos digitals per a refor\u00e7ar la seva labor d\u2019ensenyament.<\/td>\n<td style=\"width: 50%; text-align: justify; vertical-align: top; border-style: solid; border-color: #0b5394;\"><strong>G5. Autoreflexi\u00f3 sobre l\u2019aprenentatge:<\/strong><\/p>\n<p>El nostre professorat utilitza tecnologies digitals per facilitar una retroalimentaci\u00f3 adequada (feedback) a l\u2019alumnat.<\/td>\n<\/tr>\n<tr>\n<td style=\"width: 50%; text-align: justify; vertical-align: top; border-style: solid; border-color: #0b5394;\"><strong>E3. \u00das d\u2019entorns virtuals d\u2019aprenentatge:<\/strong><\/p>\n<p>El professorat del nostre centre empra entorns virtuals d\u2019aprenentatge amb l\u2019alumnat.<\/td>\n<td style=\"width: 50%; text-align: justify; vertical-align: top; border-style: solid; border-color: #0b5394;\"><strong>H6. Atorgar reconeixement al\u00a0 treball dels altres:<\/strong><\/p>\n<p>Al nostre centre l\u2019alumnat apr\u00e8n a donar cr\u00e8dit al treball d\u2019altres persones que ha trobat a internet.<\/td>\n<\/tr>\n<tr>\n<td style=\"width: 50%; text-align: justify; vertical-align: top; border-style: solid; border-color: #0b5394;\"><strong>F5. Col\u00b7laboraci\u00f3 de l\u2019alumnat:<\/strong><\/p>\n<p>El nostre professorat utilitza tecnologies digitals per facilitar la col\u00b7laboraci\u00f3 entre l\u2019alumnat.<\/td>\n<td style=\"width: 50%; text-align: justify; vertical-align: top; border-style: solid; border-color: #0b5394;\"><\/td>\n<\/tr>\n<tr>\n<td style=\"width: 50%; text-align: justify; vertical-align: top; border-style: solid; border-color: #0b5394;\"><strong>F6. Projectes interdisciplinaris:<\/strong><\/p>\n<p>El nostre professorat fomenta la participaci\u00f3 de l\u2019alumnat en projectes interdisciplinaris utilitzant tecnologies digitals.<\/td>\n<td style=\"width: 50%; text-align: justify; vertical-align: top; border-style: solid; border-color: #0b5394;\"><\/td>\n<\/tr>\n<tr>\n<td style=\"width: 50%; text-align: justify; vertical-align: top; border-style: solid; border-color: #0b5394;\"><strong>H8. Aprendre a comunicar:<\/strong><\/p>\n<p>Al nostre centre l\u2019alumnat apr\u00e8n a crear continguts digitals.<\/td>\n<td style=\"width: 50%; text-align: justify; vertical-align: top; border-style: solid; border-color: #0b5394;\"><\/td>\n<\/tr>\n<\/tbody>\n<\/table>\n<p>&nbsp;<\/p>\n<p><a href=\"https:\/\/agora.xtec.cat\/iesmoianes\/wp-content\/uploads\/usu258\/2023\/01\/PUNTS-FORTS-I-FEBLES-PER-AMBITS_AREES.png\"><img loading=\"lazy\" decoding=\"async\" class=\"size-full wp-image-6489 aligncenter\" src=\"https:\/\/agora.xtec.cat\/iesmoianes\/wp-content\/uploads\/usu258\/2023\/01\/PUNTS-FORTS-I-FEBLES-PER-AMBITS_AREES.png\" alt=\"\" width=\"749\" height=\"462\" srcset=\"https:\/\/agora.xtec.cat\/iesmoianes\/wp-content\/uploads\/usu258\/2023\/01\/PUNTS-FORTS-I-FEBLES-PER-AMBITS_AREES.png 749w, https:\/\/agora.xtec.cat\/iesmoianes\/wp-content\/uploads\/usu258\/2023\/01\/PUNTS-FORTS-I-FEBLES-PER-AMBITS_AREES-300x185.png 300w\" sizes=\"auto, (max-width: 749px) 100vw, 749px\" \/><\/a><\/p>\n","protected":false},"excerpt":{"rendered":"<p>A partir de l&#8217;eina de diagnosi &#8220;Selfie&#8220;, que recull de manera an\u00f2nima l&#8217;opini\u00f3 de l&#8217;alumnat, del professorat i de la direcci\u00f3 del centre sobre com s&#8217;empren les tecnologies a l&#8217;Institut Moian\u00e8s, s&#8217;han identificat els punts forts i els punts d\u00e8bils que es descriuen a continuaci\u00f3. PUNTS FORTS PUNTS D\u00c8BILS E1. Recursos educatius en l\u00ednia:\u00a0 El [&hellip;]<\/p>\n","protected":false},"author":63,"featured_media":0,"parent":6145,"menu_order":10,"comment_status":"closed","ping_status":"closed","template":"page-templates\/side-menu.php","meta":{"_bbp_topic_count":0,"_bbp_reply_count":0,"_bbp_total_topic_count":0,"_bbp_total_reply_count":0,"_bbp_voice_count":0,"_bbp_anonymous_reply_count":0,"_bbp_topic_count_hidden":0,"_bbp_reply_count_hidden":0,"_bbp_forum_subforum_count":0,"site-sidebar-layout":"default","site-content-layout":"","ast-site-content-layout":"","site-content-style":"default","site-sidebar-style":"default","ast-global-header-display":"","ast-banner-title-visibility":"","ast-main-header-display":"","ast-hfb-above-header-display":"","ast-hfb-below-header-display":"","ast-hfb-mobile-header-display":"","site-post-title":"","ast-breadcrumbs-content":"","ast-featured-img":"","footer-sml-layout":"","theme-transparent-header-meta":"","adv-header-id-meta":"","stick-header-meta":"","header-above-stick-meta":"","header-main-stick-meta":"","header-below-stick-meta":"","astra-migrate-meta-layouts":"default","ast-page-background-enabled":"default","ast-page-background-meta":{"desktop":{"background-color":"var(--ast-global-color-4)","background-image":"","background-repeat":"repeat","background-position":"center center","background-size":"auto","background-attachment":"scroll","background-type":"","background-media":"","overlay-type":"","overlay-color":"","overlay-opacity":"","overlay-gradient":""},"tablet":{"background-color":"","background-image":"","background-repeat":"repeat","background-position":"center center","background-size":"auto","background-attachment":"scroll","background-type":"","background-media":"","overlay-type":"","overlay-color":"","overlay-opacity":"","overlay-gradient":""},"mobile":{"background-color":"","background-image":"","background-repeat":"repeat","background-position":"center center","background-size":"auto","background-attachment":"scroll","background-type":"","background-media":"","overlay-type":"","overlay-color":"","overlay-opacity":"","overlay-gradient":""}},"ast-content-background-meta":{"desktop":{"background-color":"var(--ast-global-color-5)","background-image":"","background-repeat":"repeat","background-position":"center center","background-size":"auto","background-attachment":"scroll","background-type":"","background-media":"","overlay-type":"","overlay-color":"","overlay-opacity":"","overlay-gradient":""},"tablet":{"background-color":"var(--ast-global-color-5)","background-image":"","background-repeat":"repeat","background-position":"center center","background-size":"auto","background-attachment":"scroll","background-type":"","background-media":"","overlay-type":"","overlay-color":"","overlay-opacity":"","overlay-gradient":""},"mobile":{"background-color":"var(--ast-global-color-5)","background-image":"","background-repeat":"repeat","background-position":"center center","background-size":"auto","background-attachment":"scroll","background-type":"","background-media":"","overlay-type":"","overlay-color":"","overlay-opacity":"","overlay-gradient":""}},"footnotes":""},"class_list":["post-6324","page","type-page","status-publish","hentry"],"post_mailing_queue_ids":[],"_links":{"self":[{"href":"https:\/\/agora.xtec.cat\/iesmoianes\/wp-json\/wp\/v2\/pages\/6324","targetHints":{"allow":["GET"]}}],"collection":[{"href":"https:\/\/agora.xtec.cat\/iesmoianes\/wp-json\/wp\/v2\/pages"}],"about":[{"href":"https:\/\/agora.xtec.cat\/iesmoianes\/wp-json\/wp\/v2\/types\/page"}],"author":[{"embeddable":true,"href":"https:\/\/agora.xtec.cat\/iesmoianes\/wp-json\/wp\/v2\/users\/63"}],"replies":[{"embeddable":true,"href":"https:\/\/agora.xtec.cat\/iesmoianes\/wp-json\/wp\/v2\/comments?post=6324"}],"version-history":[{"count":2,"href":"https:\/\/agora.xtec.cat\/iesmoianes\/wp-json\/wp\/v2\/pages\/6324\/revisions"}],"predecessor-version":[{"id":6497,"href":"https:\/\/agora.xtec.cat\/iesmoianes\/wp-json\/wp\/v2\/pages\/6324\/revisions\/6497"}],"up":[{"embeddable":true,"href":"https:\/\/agora.xtec.cat\/iesmoianes\/wp-json\/wp\/v2\/pages\/6145"}],"wp:attachment":[{"href":"https:\/\/agora.xtec.cat\/iesmoianes\/wp-json\/wp\/v2\/media?parent=6324"}],"curies":[{"name":"wp","href":"https:\/\/api.w.org\/{rel}","templated":true}]}}