{"id":549,"date":"2016-06-05T17:30:49","date_gmt":"2016-06-05T16:30:49","guid":{"rendered":"http:\/\/agora.xtec.cat\/iesmoianes\/?page_id=549"},"modified":"2025-10-08T12:26:43","modified_gmt":"2025-10-08T10:26:43","slug":"documents-de-gestio-de-centre","status":"publish","type":"page","link":"https:\/\/agora.xtec.cat\/iesmoianes\/documents-de-gestio-de-centre\/","title":{"rendered":"Documents de gesti\u00f3 de centre"},"content":{"rendered":"<p>La <a href=\"http:\/\/portaljuridic.gencat.cat\/ca\/pjur_ocults\/pjur_resultats_fitxa\/?action=fitxa&amp;mode=single&amp;documentId=480169&amp;language=ca_ES\" target=\"_blank\" rel=\"noopener noreferrer\">Llei 12\/2009<\/a>, de 10 de juliol, d&#8217;educaci\u00f3 i el seu desplegament normatiu (<a href=\"http:\/\/portaljuridic.gencat.cat\/ca\/pjur_ocults\/pjur_resultats_fitxa\/?action=fitxa&amp;mode=single&amp;documentId=545262&amp;language=ca_ES\" target=\"_blank\" rel=\"noopener noreferrer\">Decret 102\/2010<\/a>, de 3 d&#8217;agost d&#8217;autonomia dels centres educatius, <a href=\"http:\/\/portaljuridic.gencat.cat\/ca\/pjur_ocults\/pjur_resultats_fitxa\/?action=fitxa&amp;mode=single&amp;documentId=563091&amp;language=ca_ES\" target=\"_blank\" rel=\"noopener noreferrer\">Decret 155\/2010<\/a>, de 2 de novembre, de la direcci\u00f3 dels centres educatius p\u00fablics i del personal directiu professional docent i el <a href=\"http:\/\/portaljuridic.gencat.cat\/ca\/pjur_ocults\/pjur_resultats_fitxa\/?action=fitxa&amp;mode=single&amp;documentId=658349&amp;language=ca_ES\" target=\"_blank\" rel=\"noopener noreferrer\">Decret 39\/2014<\/a>, de 25 de mar\u00e7, pel qual es regulen els procediments per definir el perfil i la provisi\u00f3 dels llocs de treball docents) situen la presa de decisions en el centre educatiu com a element nuclear del sistema educatiu.<\/p>\n<p>L&#8217;exercici de l&#8217;autonomia per part dels centres, en el marc pels principis rectors del sistema i orientada a l&#8217;\u00e8xit i excel\u00b7l\u00e8ncia educativa, requereix d&#8217;instruments operatius que permetin l&#8217;organitzaci\u00f3 i la gesti\u00f3 del centre per assolir els objectius definits en el projecte educatiu i retre comptes davant la comunitat i l&#8217;administraci\u00f3 educatives. La legislaci\u00f3 vigent preveu que tots els centres elaborin els seus documents de gesti\u00f3 com a eines eficaces que els han de permetre un exercici responsable de l&#8217;autonomia reconeguda.<\/p>\n<p>Aquests documents s\u00f3n el projecte educatiu, les normes d&#8217;organitzaci\u00f3 i funcionament, el projecte de direcci\u00f3 vigent, la programaci\u00f3 general i la mem\u00f2ria anuals. En el cas dels centres p\u00fablics, el projecte de direcci\u00f3 \u00e9s la concreci\u00f3 del projecte educatiu per al per\u00edode de mandat dels directors.<\/p>\n<ul>\n<li style=\"list-style-type: none;\">\n<ul>\n<li>Projecte Educatiu de Centre <a href=\"https:\/\/agora.xtec.cat\/iesmoianes\/documents-de-gestio-de-centre\/projecte-educatiu-de-centre-pec\/\">PEC<\/a><\/li>\n<li>Normes d&#8217;Organitzaci\u00f3 i Funcionament de Centre 2025-2026 <a href=\"https:\/\/drive.google.com\/file\/d\/1lLiAf76T00F1MCZPS_pMHu6z-Bzf7iil\/view?usp=sharing\">NOFC<\/a><\/li>\n<li>Projecte Ling\u00fc\u00edstic de Centre <a href=\"https:\/\/agora.xtec.cat\/iesmoianes\/documents-de-gestio-de-centre\/projecte-linguistic-de-centre\/\">PLC<\/a><\/li>\n<li>Pla <a href=\"https:\/\/agora.xtec.cat\/iesmoianes\/documents-de-gestio-de-centre\/pla-tac\/\">TAC<\/a><\/li>\n<li>Mem\u00f2ria anual <a href=\"https:\/\/agora.xtec.cat\/iesmoianes\/memoria-anual\/\">MA<\/a><\/li>\n<li>Programaci\u00f3 General Anual <a href=\"https:\/\/agora.xtec.cat\/iesmoianes\/documents-de-gestio-de-centre\/programacio-general-anual-pga\/\">PGA<\/a><\/li>\n<\/ul>\n<\/li>\n<\/ul>\n<p>&nbsp;<\/p>\n","protected":false},"excerpt":{"rendered":"<p>La Llei 12\/2009, de 10 de juliol, d&#8217;educaci\u00f3 i el seu desplegament normatiu (Decret 102\/2010, de 3 d&#8217;agost d&#8217;autonomia dels centres educatius, Decret 155\/2010, de 2 de novembre, de la direcci\u00f3 dels centres educatius p\u00fablics i del personal directiu professional docent i el Decret 39\/2014, de 25 de mar\u00e7, pel qual es regulen els procediments [&hellip;]<\/p>\n","protected":false},"author":1,"featured_media":0,"parent":0,"menu_order":0,"comment_status":"closed","ping_status":"closed","template":"page-templates\/side-menu.php","meta":{"_bbp_topic_count":0,"_bbp_reply_count":0,"_bbp_total_topic_count":0,"_bbp_total_reply_count":0,"_bbp_voice_count":0,"_bbp_anonymous_reply_count":0,"_bbp_topic_count_hidden":0,"_bbp_reply_count_hidden":0,"_bbp_forum_subforum_count":0,"site-sidebar-layout":"default","site-content-layout":"","ast-site-content-layout":"","site-content-style":"default","site-sidebar-style":"default","ast-global-header-display":"","ast-banner-title-visibility":"","ast-main-header-display":"","ast-hfb-above-header-display":"","ast-hfb-below-header-display":"","ast-hfb-mobile-header-display":"","site-post-title":"","ast-breadcrumbs-content":"","ast-featured-img":"","footer-sml-layout":"","theme-transparent-header-meta":"","adv-header-id-meta":"","stick-header-meta":"","header-above-stick-meta":"","header-main-stick-meta":"","header-below-stick-meta":"","astra-migrate-meta-layouts":"default","ast-page-background-enabled":"default","ast-page-background-meta":{"desktop":{"background-color":"var(--ast-global-color-4)","background-image":"","background-repeat":"repeat","background-position":"center center","background-size":"auto","background-attachment":"scroll","background-type":"","background-media":"","overlay-type":"","overlay-color":"","overlay-opacity":"","overlay-gradient":""},"tablet":{"background-color":"","background-image":"","background-repeat":"repeat","background-position":"center center","background-size":"auto","background-attachment":"scroll","background-type":"","background-media":"","overlay-type":"","overlay-color":"","overlay-opacity":"","overlay-gradient":""},"mobile":{"background-color":"","background-image":"","background-repeat":"repeat","background-position":"center center","background-size":"auto","background-attachment":"scroll","background-type":"","background-media":"","overlay-type":"","overlay-color":"","overlay-opacity":"","overlay-gradient":""}},"ast-content-background-meta":{"desktop":{"background-color":"var(--ast-global-color-5)","background-image":"","background-repeat":"repeat","background-position":"center center","background-size":"auto","background-attachment":"scroll","background-type":"","background-media":"","overlay-type":"","overlay-color":"","overlay-opacity":"","overlay-gradient":""},"tablet":{"background-color":"var(--ast-global-color-5)","background-image":"","background-repeat":"repeat","background-position":"center center","background-size":"auto","background-attachment":"scroll","background-type":"","background-media":"","overlay-type":"","overlay-color":"","overlay-opacity":"","overlay-gradient":""},"mobile":{"background-color":"var(--ast-global-color-5)","background-image":"","background-repeat":"repeat","background-position":"center center","background-size":"auto","background-attachment":"scroll","background-type":"","background-media":"","overlay-type":"","overlay-color":"","overlay-opacity":"","overlay-gradient":""}},"footnotes":""},"class_list":["post-549","page","type-page","status-publish","hentry"],"post_mailing_queue_ids":[],"_links":{"self":[{"href":"https:\/\/agora.xtec.cat\/iesmoianes\/wp-json\/wp\/v2\/pages\/549","targetHints":{"allow":["GET"]}}],"collection":[{"href":"https:\/\/agora.xtec.cat\/iesmoianes\/wp-json\/wp\/v2\/pages"}],"about":[{"href":"https:\/\/agora.xtec.cat\/iesmoianes\/wp-json\/wp\/v2\/types\/page"}],"author":[{"embeddable":true,"href":"https:\/\/agora.xtec.cat\/iesmoianes\/wp-json\/wp\/v2\/users\/1"}],"replies":[{"embeddable":true,"href":"https:\/\/agora.xtec.cat\/iesmoianes\/wp-json\/wp\/v2\/comments?post=549"}],"version-history":[{"count":7,"href":"https:\/\/agora.xtec.cat\/iesmoianes\/wp-json\/wp\/v2\/pages\/549\/revisions"}],"predecessor-version":[{"id":7392,"href":"https:\/\/agora.xtec.cat\/iesmoianes\/wp-json\/wp\/v2\/pages\/549\/revisions\/7392"}],"wp:attachment":[{"href":"https:\/\/agora.xtec.cat\/iesmoianes\/wp-json\/wp\/v2\/media?parent=549"}],"curies":[{"name":"wp","href":"https:\/\/api.w.org\/{rel}","templated":true}]}}