{"id":5184,"date":"2020-05-20T22:49:48","date_gmt":"2020-05-20T20:49:48","guid":{"rendered":"https:\/\/agora.xtec.cat\/iesmoianes\/?page_id=5184"},"modified":"2026-03-11T13:11:45","modified_gmt":"2026-03-11T12:11:45","slug":"pfi","status":"publish","type":"page","link":"https:\/\/agora.xtec.cat\/iesmoianes\/estudis-2\/pfi\/","title":{"rendered":"PFI agr\u00e0ria"},"content":{"rendered":"<p><a href=\"https:\/\/sites.google.com\/insmoianes.cat\/pfiviversjardinsinsmoianes\/inici\" target=\"_blank\" rel=\"noopener\"><img loading=\"lazy\" decoding=\"async\" class=\"aligncenter wp-image-7015 size-large\" src=\"https:\/\/agora.xtec.cat\/iesmoianes\/wp-content\/uploads\/usu258\/2024\/03\/insmoianes_pfi_vivers_jardineria-1024x458.png\" alt=\"\" width=\"1024\" height=\"458\" srcset=\"https:\/\/agora.xtec.cat\/iesmoianes\/wp-content\/uploads\/usu258\/2024\/03\/insmoianes_pfi_vivers_jardineria-1024x458.png 1024w, https:\/\/agora.xtec.cat\/iesmoianes\/wp-content\/uploads\/usu258\/2024\/03\/insmoianes_pfi_vivers_jardineria-300x134.png 300w, https:\/\/agora.xtec.cat\/iesmoianes\/wp-content\/uploads\/usu258\/2024\/03\/insmoianes_pfi_vivers_jardineria-768x344.png 768w, https:\/\/agora.xtec.cat\/iesmoianes\/wp-content\/uploads\/usu258\/2024\/03\/insmoianes_pfi_vivers_jardineria.png 1327w\" sizes=\"auto, (max-width: 1024px) 100vw, 1024px\" \/><\/a><\/p>\n<p><a href=\"https:\/\/sites.google.com\/insmoianes.cat\/pfiviversjardinsinsmoianes\/inici\" target=\"_blank\" rel=\"noopener\">^Clica per veure tota la informaci\u00f3 ^<\/a><\/p>\n<p>L&#8217;Institut Moian\u00e8s ofereix un <a href=\"https:\/\/triaeducativa.gencat.cat\/ca\/fp\/pfi\/\">PFI<\/a> (Pla de formaci\u00f3 i inserci\u00f3) amb el perfil professional d&#8217;<a href=\"https:\/\/www.gencat.cat\/ensenyament\/eac\/pdf\/PFI_____AR03_CA.pdf\" target=\"_blank\" rel=\"noopener\">auxiliar de vivers i jardineria<\/a>.<\/p>\n<p><a href=\"https:\/\/agora.xtec.cat\/iesmoianes\/wp-content\/uploads\/usu258\/2026\/03\/1.jpg\"><img loading=\"lazy\" decoding=\"async\" class=\"alignnone wp-image-7482 size-large\" src=\"https:\/\/agora.xtec.cat\/iesmoianes\/wp-content\/uploads\/usu258\/2026\/03\/1-1024x724.jpg\" alt=\"\" width=\"1024\" height=\"724\" srcset=\"https:\/\/agora.xtec.cat\/iesmoianes\/wp-content\/uploads\/usu258\/2026\/03\/1-1024x724.jpg 1024w, https:\/\/agora.xtec.cat\/iesmoianes\/wp-content\/uploads\/usu258\/2026\/03\/1-300x212.jpg 300w, https:\/\/agora.xtec.cat\/iesmoianes\/wp-content\/uploads\/usu258\/2026\/03\/1-768x543.jpg 768w, https:\/\/agora.xtec.cat\/iesmoianes\/wp-content\/uploads\/usu258\/2026\/03\/1-1536x1086.jpg 1536w, https:\/\/agora.xtec.cat\/iesmoianes\/wp-content\/uploads\/usu258\/2026\/03\/1.jpg 2000w\" sizes=\"auto, (max-width: 1024px) 100vw, 1024px\" \/><\/a> <a href=\"https:\/\/agora.xtec.cat\/iesmoianes\/wp-content\/uploads\/usu258\/2026\/03\/2.jpg\"><img loading=\"lazy\" decoding=\"async\" class=\"alignnone wp-image-7483 size-large\" src=\"https:\/\/agora.xtec.cat\/iesmoianes\/wp-content\/uploads\/usu258\/2026\/03\/2-1024x724.jpg\" alt=\"\" width=\"1024\" height=\"724\" srcset=\"https:\/\/agora.xtec.cat\/iesmoianes\/wp-content\/uploads\/usu258\/2026\/03\/2-1024x724.jpg 1024w, https:\/\/agora.xtec.cat\/iesmoianes\/wp-content\/uploads\/usu258\/2026\/03\/2-300x212.jpg 300w, https:\/\/agora.xtec.cat\/iesmoianes\/wp-content\/uploads\/usu258\/2026\/03\/2-768x543.jpg 768w, https:\/\/agora.xtec.cat\/iesmoianes\/wp-content\/uploads\/usu258\/2026\/03\/2-1536x1086.jpg 1536w, https:\/\/agora.xtec.cat\/iesmoianes\/wp-content\/uploads\/usu258\/2026\/03\/2.jpg 2000w\" sizes=\"auto, (max-width: 1024px) 100vw, 1024px\" \/><\/a><\/p>\n<p>Els\u00a0<strong>programes de formaci\u00f3 i inserci\u00f3 (PFI)<\/strong>, que s\u00f3n\u00a0<strong>voluntaris<\/strong>\u00a0i duren un curs acad\u00e8mic, estan pensats per a\u00a0<strong>joves d&#8217;entre 16 i 21 anys<\/strong>\u00a0que han deixat l&#8217;educaci\u00f3 secund\u00e0ria obligat\u00f2ria i no segueixen estudis en el sistema educatiu ni participen en cap acci\u00f3 formativa. L&#8217;objectiu\u00a0dels PFI \u00e9s proporcionar-los, d&#8217;una banda, la possibilitat de\u00a0<strong>tornar al sistema educatiu<\/strong>\u00a0(a la formaci\u00f3 professional) i, de l&#8217;altra, l&#8217;aprenentatge imprescindible per\u00a0<strong>accedir al mercat de treball<\/strong>.<\/p>\n<p>Aquest programa t\u2019obrir\u00e0 moltes portes!!! Podreu ser pe\u00f3 en horticultura, pe\u00f3 en fructicultura, pe\u00f3 en cultius herbacis i de flor tallada, de jardineria, de viver, de centres de jardineria, de camps esportius, pe\u00f3 de floristeria, auxiliar de magatzem de flors&#8230;. No dubteu en contactar amb nosaltres per qualsevol aclariment. <a href=\"https:\/\/triaeducativa.gencat.cat\/ca\/fp\/pfi\/\" target=\"_blank\" rel=\"noopener\">M\u00e9s informaci\u00f3.<\/a><\/p>\n<p>Tenen una durada total de 1.000 hores, un curs acad\u00e8mic.<\/p>\n<p><a href=\"https:\/\/agora.xtec.cat\/iesmoianes\/wp-content\/uploads\/usu258\/2024\/04\/pfi-logo-2024-2.png\"><img loading=\"lazy\" decoding=\"async\" class=\"wp-image-7037 alignleft\" src=\"https:\/\/agora.xtec.cat\/iesmoianes\/wp-content\/uploads\/usu258\/2024\/04\/pfi-logo-2024-2-300x300.png\" alt=\"\" width=\"141\" height=\"141\" srcset=\"https:\/\/agora.xtec.cat\/iesmoianes\/wp-content\/uploads\/usu258\/2024\/04\/pfi-logo-2024-2-300x300.png 300w, https:\/\/agora.xtec.cat\/iesmoianes\/wp-content\/uploads\/usu258\/2024\/04\/pfi-logo-2024-2-1024x1024.png 1024w, https:\/\/agora.xtec.cat\/iesmoianes\/wp-content\/uploads\/usu258\/2024\/04\/pfi-logo-2024-2-150x150.png 150w, https:\/\/agora.xtec.cat\/iesmoianes\/wp-content\/uploads\/usu258\/2024\/04\/pfi-logo-2024-2-768x768.png 768w, https:\/\/agora.xtec.cat\/iesmoianes\/wp-content\/uploads\/usu258\/2024\/04\/pfi-logo-2024-2-1536x1536.png 1536w, https:\/\/agora.xtec.cat\/iesmoianes\/wp-content\/uploads\/usu258\/2024\/04\/pfi-logo-2024-2.png 2000w\" sizes=\"auto, (max-width: 141px) 100vw, 141px\" \/><\/a>Podeu trobar m\u00e9s informaci\u00f3 en aquest <a href=\"https:\/\/triaeducativa.gencat.cat\/ca\/fp\/pfi\/\" target=\"_blank\" rel=\"noopener\">enlla\u00e7<\/a> i als seg\u00fcents documents: <a href=\"https:\/\/drive.google.com\/file\/d\/1ZqgxV5PrlkUH9xYae6WW85YBDwgbr8Ex\/view?usp=drive_link\" target=\"_blank\" rel=\"noopener\">tr\u00edptic informatiu del PFI<\/a>,<a href=\"https:\/\/drive.google.com\/file\/d\/1DqlhE3SpTSKzHcmxAgD9CJJxQuVPf3Km\/view\" target=\"_blank\" rel=\"noopener\"> treballem per projectes<\/a> i <a href=\"https:\/\/xtec.gencat.cat\/ca\/curriculum\/professionals\/pfi\/curriculum\/\" target=\"_blank\" rel=\"noopener\">curr\u00edculum<\/a>.<\/p>\n<h3><a href=\"https:\/\/sites.google.com\/insmoianes.cat\/pfiviversjardinsinsmoianes\/inici\"><strong>Consulta tota la informaci\u00f3!<\/strong><\/a><\/h3>\n<p>\u00a0<\/p>\n<p><iframe loading=\"lazy\" title=\"Els Programes de Formaci\u00f3 i Inserci\u00f3\" src=\"https:\/\/www.youtube.com\/embed\/UoTYt5EY-jQ\" width=\"680\" height=\"320\" frameborder=\"0\" allowfullscreen=\"allowfullscreen\"><span data-mce-type=\"bookmark\" style=\"display: inline-block; width: 0px; overflow: hidden; line-height: 0;\" class=\"mce_SELRES_start\">\ufeff<\/span><span data-mce-type=\"bookmark\" style=\"display: inline-block; width: 0px; overflow: hidden; line-height: 0;\" class=\"mce_SELRES_start\">\ufeff<\/span><\/iframe><\/p>\n\n\n<p><\/p>\n","protected":false},"excerpt":{"rendered":"<p>^Clica per veure tota la informaci\u00f3 ^ L&#8217;Institut Moian\u00e8s ofereix un PFI (Pla de formaci\u00f3 i inserci\u00f3) amb el perfil professional d&#8217;auxiliar de vivers i jardineria. Els\u00a0programes de formaci\u00f3 i inserci\u00f3 (PFI), que s\u00f3n\u00a0voluntaris\u00a0i duren un curs acad\u00e8mic, estan pensats per a\u00a0joves d&#8217;entre 16 i 21 anys\u00a0que han deixat l&#8217;educaci\u00f3 secund\u00e0ria obligat\u00f2ria i no segueixen [&hellip;]<\/p>\n","protected":false},"author":1,"featured_media":0,"parent":834,"menu_order":50,"comment_status":"closed","ping_status":"closed","template":"page-templates\/side-menu.php","meta":{"_bbp_topic_count":0,"_bbp_reply_count":0,"_bbp_total_topic_count":0,"_bbp_total_reply_count":0,"_bbp_voice_count":0,"_bbp_anonymous_reply_count":0,"_bbp_topic_count_hidden":0,"_bbp_reply_count_hidden":0,"_bbp_forum_subforum_count":0,"site-sidebar-layout":"default","site-content-layout":"","ast-site-content-layout":"","site-content-style":"default","site-sidebar-style":"default","ast-global-header-display":"","ast-banner-title-visibility":"","ast-main-header-display":"","ast-hfb-above-header-display":"","ast-hfb-below-header-display":"","ast-hfb-mobile-header-display":"","site-post-title":"","ast-breadcrumbs-content":"","ast-featured-img":"","footer-sml-layout":"","theme-transparent-header-meta":"","adv-header-id-meta":"","stick-header-meta":"","header-above-stick-meta":"","header-main-stick-meta":"","header-below-stick-meta":"","astra-migrate-meta-layouts":"default","ast-page-background-enabled":"default","ast-page-background-meta":{"desktop":{"background-color":"var(--ast-global-color-4)","background-image":"","background-repeat":"repeat","background-position":"center center","background-size":"auto","background-attachment":"scroll","background-type":"","background-media":"","overlay-type":"","overlay-color":"","overlay-opacity":"","overlay-gradient":""},"tablet":{"background-color":"","background-image":"","background-repeat":"repeat","background-position":"center center","background-size":"auto","background-attachment":"scroll","background-type":"","background-media":"","overlay-type":"","overlay-color":"","overlay-opacity":"","overlay-gradient":""},"mobile":{"background-color":"","background-image":"","background-repeat":"repeat","background-position":"center center","background-size":"auto","background-attachment":"scroll","background-type":"","background-media":"","overlay-type":"","overlay-color":"","overlay-opacity":"","overlay-gradient":""}},"ast-content-background-meta":{"desktop":{"background-color":"var(--ast-global-color-5)","background-image":"","background-repeat":"repeat","background-position":"center center","background-size":"auto","background-attachment":"scroll","background-type":"","background-media":"","overlay-type":"","overlay-color":"","overlay-opacity":"","overlay-gradient":""},"tablet":{"background-color":"var(--ast-global-color-5)","background-image":"","background-repeat":"repeat","background-position":"center center","background-size":"auto","background-attachment":"scroll","background-type":"","background-media":"","overlay-type":"","overlay-color":"","overlay-opacity":"","overlay-gradient":""},"mobile":{"background-color":"var(--ast-global-color-5)","background-image":"","background-repeat":"repeat","background-position":"center center","background-size":"auto","background-attachment":"scroll","background-type":"","background-media":"","overlay-type":"","overlay-color":"","overlay-opacity":"","overlay-gradient":""}},"footnotes":""},"class_list":["post-5184","page","type-page","status-publish","hentry"],"post_mailing_queue_ids":[],"_links":{"self":[{"href":"https:\/\/agora.xtec.cat\/iesmoianes\/wp-json\/wp\/v2\/pages\/5184","targetHints":{"allow":["GET"]}}],"collection":[{"href":"https:\/\/agora.xtec.cat\/iesmoianes\/wp-json\/wp\/v2\/pages"}],"about":[{"href":"https:\/\/agora.xtec.cat\/iesmoianes\/wp-json\/wp\/v2\/types\/page"}],"author":[{"embeddable":true,"href":"https:\/\/agora.xtec.cat\/iesmoianes\/wp-json\/wp\/v2\/users\/1"}],"replies":[{"embeddable":true,"href":"https:\/\/agora.xtec.cat\/iesmoianes\/wp-json\/wp\/v2\/comments?post=5184"}],"version-history":[{"count":6,"href":"https:\/\/agora.xtec.cat\/iesmoianes\/wp-json\/wp\/v2\/pages\/5184\/revisions"}],"predecessor-version":[{"id":7487,"href":"https:\/\/agora.xtec.cat\/iesmoianes\/wp-json\/wp\/v2\/pages\/5184\/revisions\/7487"}],"up":[{"embeddable":true,"href":"https:\/\/agora.xtec.cat\/iesmoianes\/wp-json\/wp\/v2\/pages\/834"}],"wp:attachment":[{"href":"https:\/\/agora.xtec.cat\/iesmoianes\/wp-json\/wp\/v2\/media?parent=5184"}],"curies":[{"name":"wp","href":"https:\/\/api.w.org\/{rel}","templated":true}]}}