{"id":516,"date":"2016-06-05T07:12:24","date_gmt":"2016-06-05T06:12:24","guid":{"rendered":"http:\/\/agora.xtec.cat\/iesmoianes\/?page_id=516"},"modified":"2025-03-11T12:17:15","modified_gmt":"2025-03-11T11:17:15","slug":"ampa","status":"publish","type":"page","link":"https:\/\/agora.xtec.cat\/iesmoianes\/serveis\/ampa\/","title":{"rendered":"AFA"},"content":{"rendered":"<p><a href=\"http:\/\/ampainstitutmoianes.blogspot.com.es\/\" target=\"_blank\" rel=\"attachment noopener wp-att-538 noreferrer\"><img loading=\"lazy\" decoding=\"async\" class=\"size-full wp-image-538 alignright\" src=\"http:\/\/agora.xtec.cat\/iesmoianes\/wp-content\/uploads\/usu258\/2016\/06\/logo-ampa.jpg\" alt=\"logo ampa\" width=\"143\" height=\"52\" \/><\/a>Existeix en el nostre centre una AFA que col\u00b7labora activament en moltes de les nostres activitats, no nom\u00e9s des del vessant econ\u00f2mic, sin\u00f3 tamb\u00e9 organitzatiu. Des de fa diversos cursos, disposem d\u2019una assistent d&#8217;estudis i d&#8217;una bibliotec\u00e0ria finan\u00e7ades per l&#8217;AFA. Tamb\u00e9 col\u00b7laboren activament en activitats com la jornada de portes obertes i en altres propostes del centre com el projecte Medea.<\/p>\n<p>Per m\u00e9s informaci\u00f3 consulteu el blog de l&#8217;AFA de l&#8217;Institut Moian\u00e8s al seg\u00fcent <a href=\"http:\/\/ampainstitutmoianes.blogspot.com.es\/\" target=\"_blank\" rel=\"noopener noreferrer\">enlla\u00e7<\/a>. Tamb\u00e9 podeu contactar a l&#8217;adre\u00e7a de correu\u00a0<a href=\"mailto:ampainstitutmoianes@moia.cat\">ampainstitutmoianes<span class=\"\">@moia.cat<\/span><\/a><\/p>\n","protected":false},"excerpt":{"rendered":"<p>Existeix en el nostre centre una AFA que col\u00b7labora activament en moltes de les nostres activitats, no nom\u00e9s des del vessant econ\u00f2mic, sin\u00f3 tamb\u00e9 organitzatiu. Des de fa diversos cursos, disposem d\u2019una assistent d&#8217;estudis i d&#8217;una bibliotec\u00e0ria finan\u00e7ades per l&#8217;AFA. Tamb\u00e9 col\u00b7laboren activament en activitats com la jornada de portes obertes i en altres propostes [&hellip;]<\/p>\n","protected":false},"author":1,"featured_media":0,"parent":63,"menu_order":10,"comment_status":"closed","ping_status":"closed","template":"page-templates\/side-menu.php","meta":{"_bbp_topic_count":0,"_bbp_reply_count":0,"_bbp_total_topic_count":0,"_bbp_total_reply_count":0,"_bbp_voice_count":0,"_bbp_anonymous_reply_count":0,"_bbp_topic_count_hidden":0,"_bbp_reply_count_hidden":0,"_bbp_forum_subforum_count":0,"site-sidebar-layout":"default","site-content-layout":"","ast-site-content-layout":"","site-content-style":"default","site-sidebar-style":"default","ast-global-header-display":"","ast-banner-title-visibility":"","ast-main-header-display":"","ast-hfb-above-header-display":"","ast-hfb-below-header-display":"","ast-hfb-mobile-header-display":"","site-post-title":"","ast-breadcrumbs-content":"","ast-featured-img":"","footer-sml-layout":"","theme-transparent-header-meta":"","adv-header-id-meta":"","stick-header-meta":"","header-above-stick-meta":"","header-main-stick-meta":"","header-below-stick-meta":"","astra-migrate-meta-layouts":"default","ast-page-background-enabled":"default","ast-page-background-meta":{"desktop":{"background-color":"var(--ast-global-color-4)","background-image":"","background-repeat":"repeat","background-position":"center center","background-size":"auto","background-attachment":"scroll","background-type":"","background-media":"","overlay-type":"","overlay-color":"","overlay-opacity":"","overlay-gradient":""},"tablet":{"background-color":"","background-image":"","background-repeat":"repeat","background-position":"center center","background-size":"auto","background-attachment":"scroll","background-type":"","background-media":"","overlay-type":"","overlay-color":"","overlay-opacity":"","overlay-gradient":""},"mobile":{"background-color":"","background-image":"","background-repeat":"repeat","background-position":"center center","background-size":"auto","background-attachment":"scroll","background-type":"","background-media":"","overlay-type":"","overlay-color":"","overlay-opacity":"","overlay-gradient":""}},"ast-content-background-meta":{"desktop":{"background-color":"var(--ast-global-color-5)","background-image":"","background-repeat":"repeat","background-position":"center center","background-size":"auto","background-attachment":"scroll","background-type":"","background-media":"","overlay-type":"","overlay-color":"","overlay-opacity":"","overlay-gradient":""},"tablet":{"background-color":"var(--ast-global-color-5)","background-image":"","background-repeat":"repeat","background-position":"center center","background-size":"auto","background-attachment":"scroll","background-type":"","background-media":"","overlay-type":"","overlay-color":"","overlay-opacity":"","overlay-gradient":""},"mobile":{"background-color":"var(--ast-global-color-5)","background-image":"","background-repeat":"repeat","background-position":"center center","background-size":"auto","background-attachment":"scroll","background-type":"","background-media":"","overlay-type":"","overlay-color":"","overlay-opacity":"","overlay-gradient":""}},"footnotes":""},"class_list":["post-516","page","type-page","status-publish","hentry"],"post_mailing_queue_ids":[],"_links":{"self":[{"href":"https:\/\/agora.xtec.cat\/iesmoianes\/wp-json\/wp\/v2\/pages\/516","targetHints":{"allow":["GET"]}}],"collection":[{"href":"https:\/\/agora.xtec.cat\/iesmoianes\/wp-json\/wp\/v2\/pages"}],"about":[{"href":"https:\/\/agora.xtec.cat\/iesmoianes\/wp-json\/wp\/v2\/types\/page"}],"author":[{"embeddable":true,"href":"https:\/\/agora.xtec.cat\/iesmoianes\/wp-json\/wp\/v2\/users\/1"}],"replies":[{"embeddable":true,"href":"https:\/\/agora.xtec.cat\/iesmoianes\/wp-json\/wp\/v2\/comments?post=516"}],"version-history":[{"count":4,"href":"https:\/\/agora.xtec.cat\/iesmoianes\/wp-json\/wp\/v2\/pages\/516\/revisions"}],"predecessor-version":[{"id":7190,"href":"https:\/\/agora.xtec.cat\/iesmoianes\/wp-json\/wp\/v2\/pages\/516\/revisions\/7190"}],"up":[{"embeddable":true,"href":"https:\/\/agora.xtec.cat\/iesmoianes\/wp-json\/wp\/v2\/pages\/63"}],"wp:attachment":[{"href":"https:\/\/agora.xtec.cat\/iesmoianes\/wp-json\/wp\/v2\/media?parent=516"}],"curies":[{"name":"wp","href":"https:\/\/api.w.org\/{rel}","templated":true}]}}