{"id":508,"date":"2016-06-04T17:40:44","date_gmt":"2016-06-04T16:40:44","guid":{"rendered":"http:\/\/agora.xtec.cat\/iesmoianes\/?page_id=508"},"modified":"2025-10-08T09:54:23","modified_gmt":"2025-10-08T07:54:23","slug":"transport-escolar","status":"publish","type":"page","link":"https:\/\/agora.xtec.cat\/iesmoianes\/secretaria\/transport-escolar\/","title":{"rendered":"Transport escolar"},"content":{"rendered":"<p align=\"justify\">Tot l&#8217;alumnat d&#8217;ESO domiciliats als municipis seg\u00fcents tenen gratu\u00eftat en el servei de transport escolar:<\/p>\n<div align=\"justify\">\n<ul>\n<li style=\"list-style-type: none;\">\n<ul>\n<li style=\"list-style-type: none;\">\n<ul>\n<li>Collsuspina<\/li>\n<li>L&#8217;Estany<\/li>\n<\/ul>\n<\/li>\n<\/ul>\n<\/li>\n<\/ul>\n<p>Informacions relatives a l&#8217;\u00fas del transport en el seg\u00fcent enlla\u00e7:<\/p>\n<\/div>\n<p align=\"justify\"><a href=\"http:\/\/www.ccbages.cat\/ensenyament\/transport\/\" target=\"_blank\" rel=\"noopener\">Informaci\u00f3 i sol\u00b7licitud<\/a><\/p>\n<p align=\"justify\">Els alumnes que utilitzen transport p\u00fablic<\/p>\n<p align=\"justify\"><a href=\"https:\/\/www.sagales.com\/\" target=\"_blank\" rel=\"noopener\">Horaris de l&#8217;empresa Sagal\u00e9s<\/a><\/p>\n<p>El protocol de transport escolar del centre s\u2019ha elaborat amb col\u00b7laboraci\u00f3 del Consell Comarcal del Moian\u00e8s i es regeix pels seg\u00fcents documents:<\/p>\n<ul>\n<li style=\"font-weight: 300;\" aria-level=\"1\"><a href=\"https:\/\/drive.google.com\/file\/d\/1su8oOR92eozZjSZvScbu6v4ZAQHctLqa\/view?usp=drive_link\"><span style=\"font-weight: 300;\">Pla de funcionament del servei de transport escolar<\/span><\/a><\/li>\n<li style=\"font-weight: 300;\" aria-level=\"1\"><a href=\"https:\/\/drive.google.com\/file\/d\/10-psJ7Xz8vACuHEdvwSFIramxu1aj_MB\/view?usp=sharing\"><span style=\"font-weight: 300;\">Reglament del Servei de Transport de la Comarca del Moian\u00e8s<\/span><\/a><\/li>\n<\/ul>\n","protected":false},"excerpt":{"rendered":"<p>Tot l&#8217;alumnat d&#8217;ESO domiciliats als municipis seg\u00fcents tenen gratu\u00eftat en el servei de transport escolar: Collsuspina L&#8217;Estany Informacions relatives a l&#8217;\u00fas del transport en el seg\u00fcent enlla\u00e7: Informaci\u00f3 i sol\u00b7licitud Els alumnes que utilitzen transport p\u00fablic Horaris de l&#8217;empresa Sagal\u00e9s El protocol de transport escolar del centre s\u2019ha elaborat amb col\u00b7laboraci\u00f3 del Consell Comarcal del [&hellip;]<\/p>\n","protected":false},"author":1,"featured_media":0,"parent":81,"menu_order":8,"comment_status":"closed","ping_status":"closed","template":"page-templates\/side-menu.php","meta":{"_bbp_topic_count":0,"_bbp_reply_count":0,"_bbp_total_topic_count":0,"_bbp_total_reply_count":0,"_bbp_voice_count":0,"_bbp_anonymous_reply_count":0,"_bbp_topic_count_hidden":0,"_bbp_reply_count_hidden":0,"_bbp_forum_subforum_count":0,"site-sidebar-layout":"default","site-content-layout":"","ast-site-content-layout":"","site-content-style":"default","site-sidebar-style":"default","ast-global-header-display":"","ast-banner-title-visibility":"","ast-main-header-display":"","ast-hfb-above-header-display":"","ast-hfb-below-header-display":"","ast-hfb-mobile-header-display":"","site-post-title":"","ast-breadcrumbs-content":"","ast-featured-img":"","footer-sml-layout":"","theme-transparent-header-meta":"","adv-header-id-meta":"","stick-header-meta":"","header-above-stick-meta":"","header-main-stick-meta":"","header-below-stick-meta":"","astra-migrate-meta-layouts":"default","ast-page-background-enabled":"default","ast-page-background-meta":{"desktop":{"background-color":"var(--ast-global-color-4)","background-image":"","background-repeat":"repeat","background-position":"center center","background-size":"auto","background-attachment":"scroll","background-type":"","background-media":"","overlay-type":"","overlay-color":"","overlay-opacity":"","overlay-gradient":""},"tablet":{"background-color":"","background-image":"","background-repeat":"repeat","background-position":"center center","background-size":"auto","background-attachment":"scroll","background-type":"","background-media":"","overlay-type":"","overlay-color":"","overlay-opacity":"","overlay-gradient":""},"mobile":{"background-color":"","background-image":"","background-repeat":"repeat","background-position":"center center","background-size":"auto","background-attachment":"scroll","background-type":"","background-media":"","overlay-type":"","overlay-color":"","overlay-opacity":"","overlay-gradient":""}},"ast-content-background-meta":{"desktop":{"background-color":"var(--ast-global-color-5)","background-image":"","background-repeat":"repeat","background-position":"center center","background-size":"auto","background-attachment":"scroll","background-type":"","background-media":"","overlay-type":"","overlay-color":"","overlay-opacity":"","overlay-gradient":""},"tablet":{"background-color":"var(--ast-global-color-5)","background-image":"","background-repeat":"repeat","background-position":"center center","background-size":"auto","background-attachment":"scroll","background-type":"","background-media":"","overlay-type":"","overlay-color":"","overlay-opacity":"","overlay-gradient":""},"mobile":{"background-color":"var(--ast-global-color-5)","background-image":"","background-repeat":"repeat","background-position":"center center","background-size":"auto","background-attachment":"scroll","background-type":"","background-media":"","overlay-type":"","overlay-color":"","overlay-opacity":"","overlay-gradient":""}},"footnotes":""},"class_list":["post-508","page","type-page","status-publish","hentry"],"post_mailing_queue_ids":[],"_links":{"self":[{"href":"https:\/\/agora.xtec.cat\/iesmoianes\/wp-json\/wp\/v2\/pages\/508","targetHints":{"allow":["GET"]}}],"collection":[{"href":"https:\/\/agora.xtec.cat\/iesmoianes\/wp-json\/wp\/v2\/pages"}],"about":[{"href":"https:\/\/agora.xtec.cat\/iesmoianes\/wp-json\/wp\/v2\/types\/page"}],"author":[{"embeddable":true,"href":"https:\/\/agora.xtec.cat\/iesmoianes\/wp-json\/wp\/v2\/users\/1"}],"replies":[{"embeddable":true,"href":"https:\/\/agora.xtec.cat\/iesmoianes\/wp-json\/wp\/v2\/comments?post=508"}],"version-history":[{"count":5,"href":"https:\/\/agora.xtec.cat\/iesmoianes\/wp-json\/wp\/v2\/pages\/508\/revisions"}],"predecessor-version":[{"id":7367,"href":"https:\/\/agora.xtec.cat\/iesmoianes\/wp-json\/wp\/v2\/pages\/508\/revisions\/7367"}],"up":[{"embeddable":true,"href":"https:\/\/agora.xtec.cat\/iesmoianes\/wp-json\/wp\/v2\/pages\/81"}],"wp:attachment":[{"href":"https:\/\/agora.xtec.cat\/iesmoianes\/wp-json\/wp\/v2\/media?parent=508"}],"curies":[{"name":"wp","href":"https:\/\/api.w.org\/{rel}","templated":true}]}}