{"id":4952,"date":"2020-02-28T10:26:43","date_gmt":"2020-02-28T09:26:43","guid":{"rendered":"https:\/\/agora.xtec.cat\/iesmoianes\/?page_id=4952"},"modified":"2020-02-28T10:28:22","modified_gmt":"2020-02-28T09:28:22","slug":"sortides-professionals","status":"publish","type":"page","link":"https:\/\/agora.xtec.cat\/iesmoianes\/estudis-2\/cicles-formatius\/sortides-professionals\/","title":{"rendered":"Sortides professionals"},"content":{"rendered":"<p>Cursant el cicle Formatiu de Grau Mitj\u00e0 d\u2019atenci\u00f3 a les persones en situaci\u00f3 de depend\u00e8ncia s&#8217;adquireixen compet\u00e8ncies adequades per treballar en els \u00e0mbits seg\u00fcents:<\/p>\n<ul>\n<li>Assistenta o assistent de persones en situaci\u00f3 de depend\u00e8ncia en institucions i\/o domicilis<\/li>\n<li>Auxiliar responsable de planta de resid\u00e8ncies de persones grans i persones amb discapacitat<\/li>\n<li>Governanta i subgovernanta o governant i subgovernant de persones en situaci\u00f3 de depend\u00e8ncia en institucions<\/li>\n<li>Auxiliar d&#8217;ajuda a domicili<\/li>\n<li>Assistenta o assistent d&#8217;atenci\u00f3 domicili\u00e0ria<\/li>\n<li>Treballadora o treballador familiar<\/li>\n<li>Auxiliar d&#8217;educaci\u00f3 especial<\/li>\n<li>Assistenta o assistent personal<\/li>\n<li>Teleoperadora o teleoperador de teleassist\u00e8ncia<\/li>\n<\/ul>\n","protected":false},"excerpt":{"rendered":"<p>Cursant el cicle Formatiu de Grau Mitj\u00e0 d\u2019atenci\u00f3 a les persones en situaci\u00f3 de depend\u00e8ncia s&#8217;adquireixen compet\u00e8ncies adequades per treballar en els \u00e0mbits seg\u00fcents: Assistenta o assistent de persones en situaci\u00f3 de depend\u00e8ncia en institucions i\/o domicilis Auxiliar responsable de planta de resid\u00e8ncies de persones grans i persones amb discapacitat Governanta i subgovernanta o governant [&hellip;]<\/p>\n","protected":false},"author":1,"featured_media":0,"parent":848,"menu_order":40,"comment_status":"closed","ping_status":"closed","template":"page-templates\/side-menu.php","meta":{"_bbp_topic_count":0,"_bbp_reply_count":0,"_bbp_total_topic_count":0,"_bbp_total_reply_count":0,"_bbp_voice_count":0,"_bbp_anonymous_reply_count":0,"_bbp_topic_count_hidden":0,"_bbp_reply_count_hidden":0,"_bbp_forum_subforum_count":0,"site-sidebar-layout":"default","site-content-layout":"","ast-site-content-layout":"","site-content-style":"default","site-sidebar-style":"default","ast-global-header-display":"","ast-banner-title-visibility":"","ast-main-header-display":"","ast-hfb-above-header-display":"","ast-hfb-below-header-display":"","ast-hfb-mobile-header-display":"","site-post-title":"","ast-breadcrumbs-content":"","ast-featured-img":"","footer-sml-layout":"","theme-transparent-header-meta":"","adv-header-id-meta":"","stick-header-meta":"","header-above-stick-meta":"","header-main-stick-meta":"","header-below-stick-meta":"","astra-migrate-meta-layouts":"default","ast-page-background-enabled":"default","ast-page-background-meta":{"desktop":{"background-color":"var(--ast-global-color-4)","background-image":"","background-repeat":"repeat","background-position":"center center","background-size":"auto","background-attachment":"scroll","background-type":"","background-media":"","overlay-type":"","overlay-color":"","overlay-opacity":"","overlay-gradient":""},"tablet":{"background-color":"","background-image":"","background-repeat":"repeat","background-position":"center center","background-size":"auto","background-attachment":"scroll","background-type":"","background-media":"","overlay-type":"","overlay-color":"","overlay-opacity":"","overlay-gradient":""},"mobile":{"background-color":"","background-image":"","background-repeat":"repeat","background-position":"center center","background-size":"auto","background-attachment":"scroll","background-type":"","background-media":"","overlay-type":"","overlay-color":"","overlay-opacity":"","overlay-gradient":""}},"ast-content-background-meta":{"desktop":{"background-color":"var(--ast-global-color-5)","background-image":"","background-repeat":"repeat","background-position":"center center","background-size":"auto","background-attachment":"scroll","background-type":"","background-media":"","overlay-type":"","overlay-color":"","overlay-opacity":"","overlay-gradient":""},"tablet":{"background-color":"var(--ast-global-color-5)","background-image":"","background-repeat":"repeat","background-position":"center center","background-size":"auto","background-attachment":"scroll","background-type":"","background-media":"","overlay-type":"","overlay-color":"","overlay-opacity":"","overlay-gradient":""},"mobile":{"background-color":"var(--ast-global-color-5)","background-image":"","background-repeat":"repeat","background-position":"center center","background-size":"auto","background-attachment":"scroll","background-type":"","background-media":"","overlay-type":"","overlay-color":"","overlay-opacity":"","overlay-gradient":""}},"footnotes":""},"class_list":["post-4952","page","type-page","status-publish","hentry"],"post_mailing_queue_ids":[],"_links":{"self":[{"href":"https:\/\/agora.xtec.cat\/iesmoianes\/wp-json\/wp\/v2\/pages\/4952","targetHints":{"allow":["GET"]}}],"collection":[{"href":"https:\/\/agora.xtec.cat\/iesmoianes\/wp-json\/wp\/v2\/pages"}],"about":[{"href":"https:\/\/agora.xtec.cat\/iesmoianes\/wp-json\/wp\/v2\/types\/page"}],"author":[{"embeddable":true,"href":"https:\/\/agora.xtec.cat\/iesmoianes\/wp-json\/wp\/v2\/users\/1"}],"replies":[{"embeddable":true,"href":"https:\/\/agora.xtec.cat\/iesmoianes\/wp-json\/wp\/v2\/comments?post=4952"}],"version-history":[{"count":2,"href":"https:\/\/agora.xtec.cat\/iesmoianes\/wp-json\/wp\/v2\/pages\/4952\/revisions"}],"predecessor-version":[{"id":4955,"href":"https:\/\/agora.xtec.cat\/iesmoianes\/wp-json\/wp\/v2\/pages\/4952\/revisions\/4955"}],"up":[{"embeddable":true,"href":"https:\/\/agora.xtec.cat\/iesmoianes\/wp-json\/wp\/v2\/pages\/848"}],"wp:attachment":[{"href":"https:\/\/agora.xtec.cat\/iesmoianes\/wp-json\/wp\/v2\/media?parent=4952"}],"curies":[{"name":"wp","href":"https:\/\/api.w.org\/{rel}","templated":true}]}}