{"id":4938,"date":"2020-02-27T18:27:10","date_gmt":"2020-02-27T17:27:10","guid":{"rendered":"https:\/\/agora.xtec.cat\/iesmoianes\/?page_id=4938"},"modified":"2020-02-27T18:27:10","modified_gmt":"2020-02-27T17:27:10","slug":"valor-afegit-del-cicle-a-linstitut-moianes","status":"publish","type":"page","link":"https:\/\/agora.xtec.cat\/iesmoianes\/estudis-2\/cicles-formatius\/valor-afegit-del-cicle-a-linstitut-moianes\/","title":{"rendered":"Valor afegit del cicle a l&#8217;Institut Moian\u00e8s"},"content":{"rendered":"<p>Realitzar un cicle formatiu t\u00e9 com a avantatge principal el fet de combinar continguts te\u00f2rics i pr\u00e0ctics. A m\u00e9s, realitzar-lo a l&#8217;Institut Moian\u00e8s t\u00e9 alguns avantatges que suposen un valor afegit:<\/p>\n<ul>\n<li>Estudis en torn de mat\u00ed.<\/li>\n<li>Grups redu\u00efts de com a m\u00e0xim 18 alumnes.<\/li>\n<li>La possibilitat de realitzar m\u00f2duls del IOC no presencials al centre.<\/li>\n<li>Disponibilitat d&#8217;un auxiliar de conversa nadiu en angl\u00e8s.<\/li>\n<li>Realitzaci\u00f3 de les pr\u00e0ctiques a empreses de l&#8217;entorn geogr\u00e0fic.<\/li>\n<li>Realitzaci\u00f3 d&#8217;activitats docents amb entitats del sector.<\/li>\n<li>El m\u00e8tode de treball es basa en una atenci\u00f3\u00a0 centrada en la persona.<\/li>\n<li>Tallers i confer\u00e8ncies realitzades per professionals del sector.<\/li>\n<li>Visites t\u00e8cniques a empreses de l&#8217;\u00e0mbit d&#8217;atenci\u00f3 a les persones.<\/li>\n<li>Realitzaci\u00f3 de pr\u00e0ctiques en tres \u00e0mbits: escoles de prim\u00e0ria, centre d&#8217;atenci\u00f3 a persones amb discapacitat intel\u00b7lectual i centres de persones grans.<\/li>\n<\/ul>\n<p>&nbsp;<\/p>\n","protected":false},"excerpt":{"rendered":"<p>Realitzar un cicle formatiu t\u00e9 com a avantatge principal el fet de combinar continguts te\u00f2rics i pr\u00e0ctics. A m\u00e9s, realitzar-lo a l&#8217;Institut Moian\u00e8s t\u00e9 alguns avantatges que suposen un valor afegit: Estudis en torn de mat\u00ed. Grups redu\u00efts de com a m\u00e0xim 18 alumnes. La possibilitat de realitzar m\u00f2duls del IOC no presencials al centre. [&hellip;]<\/p>\n","protected":false},"author":1,"featured_media":0,"parent":848,"menu_order":20,"comment_status":"closed","ping_status":"closed","template":"page-templates\/side-menu.php","meta":{"_bbp_topic_count":0,"_bbp_reply_count":0,"_bbp_total_topic_count":0,"_bbp_total_reply_count":0,"_bbp_voice_count":0,"_bbp_anonymous_reply_count":0,"_bbp_topic_count_hidden":0,"_bbp_reply_count_hidden":0,"_bbp_forum_subforum_count":0,"site-sidebar-layout":"default","site-content-layout":"","ast-site-content-layout":"","site-content-style":"default","site-sidebar-style":"default","ast-global-header-display":"","ast-banner-title-visibility":"","ast-main-header-display":"","ast-hfb-above-header-display":"","ast-hfb-below-header-display":"","ast-hfb-mobile-header-display":"","site-post-title":"","ast-breadcrumbs-content":"","ast-featured-img":"","footer-sml-layout":"","theme-transparent-header-meta":"","adv-header-id-meta":"","stick-header-meta":"","header-above-stick-meta":"","header-main-stick-meta":"","header-below-stick-meta":"","astra-migrate-meta-layouts":"default","ast-page-background-enabled":"default","ast-page-background-meta":{"desktop":{"background-color":"var(--ast-global-color-4)","background-image":"","background-repeat":"repeat","background-position":"center center","background-size":"auto","background-attachment":"scroll","background-type":"","background-media":"","overlay-type":"","overlay-color":"","overlay-opacity":"","overlay-gradient":""},"tablet":{"background-color":"","background-image":"","background-repeat":"repeat","background-position":"center center","background-size":"auto","background-attachment":"scroll","background-type":"","background-media":"","overlay-type":"","overlay-color":"","overlay-opacity":"","overlay-gradient":""},"mobile":{"background-color":"","background-image":"","background-repeat":"repeat","background-position":"center center","background-size":"auto","background-attachment":"scroll","background-type":"","background-media":"","overlay-type":"","overlay-color":"","overlay-opacity":"","overlay-gradient":""}},"ast-content-background-meta":{"desktop":{"background-color":"var(--ast-global-color-5)","background-image":"","background-repeat":"repeat","background-position":"center center","background-size":"auto","background-attachment":"scroll","background-type":"","background-media":"","overlay-type":"","overlay-color":"","overlay-opacity":"","overlay-gradient":""},"tablet":{"background-color":"var(--ast-global-color-5)","background-image":"","background-repeat":"repeat","background-position":"center center","background-size":"auto","background-attachment":"scroll","background-type":"","background-media":"","overlay-type":"","overlay-color":"","overlay-opacity":"","overlay-gradient":""},"mobile":{"background-color":"var(--ast-global-color-5)","background-image":"","background-repeat":"repeat","background-position":"center center","background-size":"auto","background-attachment":"scroll","background-type":"","background-media":"","overlay-type":"","overlay-color":"","overlay-opacity":"","overlay-gradient":""}},"footnotes":""},"class_list":["post-4938","page","type-page","status-publish","hentry"],"post_mailing_queue_ids":[],"_links":{"self":[{"href":"https:\/\/agora.xtec.cat\/iesmoianes\/wp-json\/wp\/v2\/pages\/4938","targetHints":{"allow":["GET"]}}],"collection":[{"href":"https:\/\/agora.xtec.cat\/iesmoianes\/wp-json\/wp\/v2\/pages"}],"about":[{"href":"https:\/\/agora.xtec.cat\/iesmoianes\/wp-json\/wp\/v2\/types\/page"}],"author":[{"embeddable":true,"href":"https:\/\/agora.xtec.cat\/iesmoianes\/wp-json\/wp\/v2\/users\/1"}],"replies":[{"embeddable":true,"href":"https:\/\/agora.xtec.cat\/iesmoianes\/wp-json\/wp\/v2\/comments?post=4938"}],"version-history":[{"count":2,"href":"https:\/\/agora.xtec.cat\/iesmoianes\/wp-json\/wp\/v2\/pages\/4938\/revisions"}],"predecessor-version":[{"id":4940,"href":"https:\/\/agora.xtec.cat\/iesmoianes\/wp-json\/wp\/v2\/pages\/4938\/revisions\/4940"}],"up":[{"embeddable":true,"href":"https:\/\/agora.xtec.cat\/iesmoianes\/wp-json\/wp\/v2\/pages\/848"}],"wp:attachment":[{"href":"https:\/\/agora.xtec.cat\/iesmoianes\/wp-json\/wp\/v2\/media?parent=4938"}],"curies":[{"name":"wp","href":"https:\/\/api.w.org\/{rel}","templated":true}]}}