{"id":4934,"date":"2020-02-27T18:13:55","date_gmt":"2020-02-27T17:13:55","guid":{"rendered":"https:\/\/agora.xtec.cat\/iesmoianes\/?page_id=4934"},"modified":"2026-04-14T17:40:00","modified_gmt":"2026-04-14T15:40:00","slug":"descripcio-del-cicle","status":"publish","type":"page","link":"https:\/\/agora.xtec.cat\/iesmoianes\/estudis-2\/cicles-formatius\/descripcio-del-cicle\/","title":{"rendered":"Descripci\u00f3 del cicle de grau mitj\u00e0"},"content":{"rendered":"<div class=\"subpage-text\">\n<p><strong style=\"font-family: inherit; font-size: 1em;\">Codi<\/strong><span style=\"font-family: inherit; font-size: 1em;\">: CFPM SC10<\/span><\/p>\n<\/div>\n<p><strong>Formaci\u00f3 professional<\/strong>: grau mitj\u00e0 (CFGM)<\/p>\n<p><strong>Fam\u00edlia professional<\/strong>: serveis socioculturals i a la comunitat<\/p>\n<p><strong>T\u00edtol<\/strong>: t\u00e8cnic\/a en atenci\u00f3 a persones en situaci\u00f3 de depend\u00e8ncia<\/p>\n<p><strong>\u00c0mbit professional<\/strong>: human\u00edstic i social, serveis socials<\/p>\n<p><strong>Durada acad\u00e8mica<\/strong>: 2 anys<\/p>\n<p><strong>Marc horari<\/strong>: de 8 a 14.45<\/p>\n","protected":false},"excerpt":{"rendered":"<p>Codi: CFPM SC10 Formaci\u00f3 professional: grau mitj\u00e0 (CFGM) Fam\u00edlia professional: serveis socioculturals i a la comunitat T\u00edtol: t\u00e8cnic\/a en atenci\u00f3 a persones en situaci\u00f3 de depend\u00e8ncia \u00c0mbit professional: human\u00edstic i social, serveis socials Durada acad\u00e8mica: 2 anys Marc horari: de 8 a 14.45<\/p>\n","protected":false},"author":1,"featured_media":0,"parent":848,"menu_order":10,"comment_status":"closed","ping_status":"closed","template":"page-templates\/side-menu.php","meta":{"_bbp_topic_count":0,"_bbp_reply_count":0,"_bbp_total_topic_count":0,"_bbp_total_reply_count":0,"_bbp_voice_count":0,"_bbp_anonymous_reply_count":0,"_bbp_topic_count_hidden":0,"_bbp_reply_count_hidden":0,"_bbp_forum_subforum_count":0,"site-sidebar-layout":"default","site-content-layout":"","ast-site-content-layout":"","site-content-style":"default","site-sidebar-style":"default","ast-global-header-display":"","ast-banner-title-visibility":"","ast-main-header-display":"","ast-hfb-above-header-display":"","ast-hfb-below-header-display":"","ast-hfb-mobile-header-display":"","site-post-title":"","ast-breadcrumbs-content":"","ast-featured-img":"","footer-sml-layout":"","theme-transparent-header-meta":"","adv-header-id-meta":"","stick-header-meta":"","header-above-stick-meta":"","header-main-stick-meta":"","header-below-stick-meta":"","astra-migrate-meta-layouts":"default","ast-page-background-enabled":"default","ast-page-background-meta":{"desktop":{"background-color":"var(--ast-global-color-4)","background-image":"","background-repeat":"repeat","background-position":"center center","background-size":"auto","background-attachment":"scroll","background-type":"","background-media":"","overlay-type":"","overlay-color":"","overlay-opacity":"","overlay-gradient":""},"tablet":{"background-color":"","background-image":"","background-repeat":"repeat","background-position":"center center","background-size":"auto","background-attachment":"scroll","background-type":"","background-media":"","overlay-type":"","overlay-color":"","overlay-opacity":"","overlay-gradient":""},"mobile":{"background-color":"","background-image":"","background-repeat":"repeat","background-position":"center center","background-size":"auto","background-attachment":"scroll","background-type":"","background-media":"","overlay-type":"","overlay-color":"","overlay-opacity":"","overlay-gradient":""}},"ast-content-background-meta":{"desktop":{"background-color":"var(--ast-global-color-5)","background-image":"","background-repeat":"repeat","background-position":"center center","background-size":"auto","background-attachment":"scroll","background-type":"","background-media":"","overlay-type":"","overlay-color":"","overlay-opacity":"","overlay-gradient":""},"tablet":{"background-color":"var(--ast-global-color-5)","background-image":"","background-repeat":"repeat","background-position":"center center","background-size":"auto","background-attachment":"scroll","background-type":"","background-media":"","overlay-type":"","overlay-color":"","overlay-opacity":"","overlay-gradient":""},"mobile":{"background-color":"var(--ast-global-color-5)","background-image":"","background-repeat":"repeat","background-position":"center center","background-size":"auto","background-attachment":"scroll","background-type":"","background-media":"","overlay-type":"","overlay-color":"","overlay-opacity":"","overlay-gradient":""}},"footnotes":""},"class_list":["post-4934","page","type-page","status-publish","hentry"],"post_mailing_queue_ids":[],"_links":{"self":[{"href":"https:\/\/agora.xtec.cat\/iesmoianes\/wp-json\/wp\/v2\/pages\/4934","targetHints":{"allow":["GET"]}}],"collection":[{"href":"https:\/\/agora.xtec.cat\/iesmoianes\/wp-json\/wp\/v2\/pages"}],"about":[{"href":"https:\/\/agora.xtec.cat\/iesmoianes\/wp-json\/wp\/v2\/types\/page"}],"author":[{"embeddable":true,"href":"https:\/\/agora.xtec.cat\/iesmoianes\/wp-json\/wp\/v2\/users\/1"}],"replies":[{"embeddable":true,"href":"https:\/\/agora.xtec.cat\/iesmoianes\/wp-json\/wp\/v2\/comments?post=4934"}],"version-history":[{"count":4,"href":"https:\/\/agora.xtec.cat\/iesmoianes\/wp-json\/wp\/v2\/pages\/4934\/revisions"}],"predecessor-version":[{"id":7490,"href":"https:\/\/agora.xtec.cat\/iesmoianes\/wp-json\/wp\/v2\/pages\/4934\/revisions\/7490"}],"up":[{"embeddable":true,"href":"https:\/\/agora.xtec.cat\/iesmoianes\/wp-json\/wp\/v2\/pages\/848"}],"wp:attachment":[{"href":"https:\/\/agora.xtec.cat\/iesmoianes\/wp-json\/wp\/v2\/media?parent=4934"}],"curies":[{"name":"wp","href":"https:\/\/api.w.org\/{rel}","templated":true}]}}