{"id":491,"date":"2016-06-04T17:18:40","date_gmt":"2016-06-04T16:18:40","guid":{"rendered":"http:\/\/agora.xtec.cat\/iesmoianes\/?page_id=491"},"modified":"2020-10-07T10:08:11","modified_gmt":"2020-10-07T08:08:11","slug":"instancies","status":"publish","type":"page","link":"https:\/\/agora.xtec.cat\/iesmoianes\/secretaria\/instancies\/","title":{"rendered":"Inst\u00e0ncies"},"content":{"rendered":"<p align=\"justify\">Amb aquests models d&#8217;inst\u00e0ncies podeu presentar diverses sol\u00b7licituds al centre.<\/p>\n<ul>\n<li><a href=\"https:\/\/agora.xtec.cat\/iesmoianes\/docs\/instancia\/\" target=\"_blank\" rel=\"noopener noreferrer\">Inst\u00e0ncia de car\u00e0cter general<\/a><\/li>\n<li><a href=\"https:\/\/agora.xtec.cat\/iesmoianes\/docs\/lliurament-de-documentacio-fora-de-termini\/\" target=\"_blank\" rel=\"noopener noreferrer\">Lliurament de documentaci\u00f3 fora de termini<\/a><\/li>\n<li><a href=\"https:\/\/agora.xtec.cat\/iesmoianes\/docs\/permis-per-sortir-fora-del-centre\/\">Perm\u00eds per sortir a l&#8217;hora del pati fora del centre<\/a><\/li>\n<\/ul>\n","protected":false},"excerpt":{"rendered":"<p>Amb aquests models d&#8217;inst\u00e0ncies podeu presentar diverses sol\u00b7licituds al centre. Inst\u00e0ncia de car\u00e0cter general Lliurament de documentaci\u00f3 fora de termini Perm\u00eds per sortir a l&#8217;hora del pati fora del centre<\/p>\n","protected":false},"author":1,"featured_media":0,"parent":81,"menu_order":0,"comment_status":"closed","ping_status":"closed","template":"page-templates\/side-menu.php","meta":{"_bbp_topic_count":0,"_bbp_reply_count":0,"_bbp_total_topic_count":0,"_bbp_total_reply_count":0,"_bbp_voice_count":0,"_bbp_anonymous_reply_count":0,"_bbp_topic_count_hidden":0,"_bbp_reply_count_hidden":0,"_bbp_forum_subforum_count":0,"site-sidebar-layout":"default","site-content-layout":"","ast-site-content-layout":"","site-content-style":"default","site-sidebar-style":"default","ast-global-header-display":"","ast-banner-title-visibility":"","ast-main-header-display":"","ast-hfb-above-header-display":"","ast-hfb-below-header-display":"","ast-hfb-mobile-header-display":"","site-post-title":"","ast-breadcrumbs-content":"","ast-featured-img":"","footer-sml-layout":"","theme-transparent-header-meta":"","adv-header-id-meta":"","stick-header-meta":"","header-above-stick-meta":"","header-main-stick-meta":"","header-below-stick-meta":"","astra-migrate-meta-layouts":"default","ast-page-background-enabled":"default","ast-page-background-meta":{"desktop":{"background-color":"var(--ast-global-color-4)","background-image":"","background-repeat":"repeat","background-position":"center center","background-size":"auto","background-attachment":"scroll","background-type":"","background-media":"","overlay-type":"","overlay-color":"","overlay-opacity":"","overlay-gradient":""},"tablet":{"background-color":"","background-image":"","background-repeat":"repeat","background-position":"center center","background-size":"auto","background-attachment":"scroll","background-type":"","background-media":"","overlay-type":"","overlay-color":"","overlay-opacity":"","overlay-gradient":""},"mobile":{"background-color":"","background-image":"","background-repeat":"repeat","background-position":"center center","background-size":"auto","background-attachment":"scroll","background-type":"","background-media":"","overlay-type":"","overlay-color":"","overlay-opacity":"","overlay-gradient":""}},"ast-content-background-meta":{"desktop":{"background-color":"var(--ast-global-color-5)","background-image":"","background-repeat":"repeat","background-position":"center center","background-size":"auto","background-attachment":"scroll","background-type":"","background-media":"","overlay-type":"","overlay-color":"","overlay-opacity":"","overlay-gradient":""},"tablet":{"background-color":"var(--ast-global-color-5)","background-image":"","background-repeat":"repeat","background-position":"center center","background-size":"auto","background-attachment":"scroll","background-type":"","background-media":"","overlay-type":"","overlay-color":"","overlay-opacity":"","overlay-gradient":""},"mobile":{"background-color":"var(--ast-global-color-5)","background-image":"","background-repeat":"repeat","background-position":"center center","background-size":"auto","background-attachment":"scroll","background-type":"","background-media":"","overlay-type":"","overlay-color":"","overlay-opacity":"","overlay-gradient":""}},"footnotes":""},"class_list":["post-491","page","type-page","status-publish","hentry"],"post_mailing_queue_ids":[],"_links":{"self":[{"href":"https:\/\/agora.xtec.cat\/iesmoianes\/wp-json\/wp\/v2\/pages\/491","targetHints":{"allow":["GET"]}}],"collection":[{"href":"https:\/\/agora.xtec.cat\/iesmoianes\/wp-json\/wp\/v2\/pages"}],"about":[{"href":"https:\/\/agora.xtec.cat\/iesmoianes\/wp-json\/wp\/v2\/types\/page"}],"author":[{"embeddable":true,"href":"https:\/\/agora.xtec.cat\/iesmoianes\/wp-json\/wp\/v2\/users\/1"}],"replies":[{"embeddable":true,"href":"https:\/\/agora.xtec.cat\/iesmoianes\/wp-json\/wp\/v2\/comments?post=491"}],"version-history":[{"count":4,"href":"https:\/\/agora.xtec.cat\/iesmoianes\/wp-json\/wp\/v2\/pages\/491\/revisions"}],"predecessor-version":[{"id":5322,"href":"https:\/\/agora.xtec.cat\/iesmoianes\/wp-json\/wp\/v2\/pages\/491\/revisions\/5322"}],"up":[{"embeddable":true,"href":"https:\/\/agora.xtec.cat\/iesmoianes\/wp-json\/wp\/v2\/pages\/81"}],"wp:attachment":[{"href":"https:\/\/agora.xtec.cat\/iesmoianes\/wp-json\/wp\/v2\/media?parent=491"}],"curies":[{"name":"wp","href":"https:\/\/api.w.org\/{rel}","templated":true}]}}