{"id":4788,"date":"2020-01-09T19:04:42","date_gmt":"2020-01-09T18:04:42","guid":{"rendered":"https:\/\/agora.xtec.cat\/iesmoianes\/?page_id=4788"},"modified":"2025-10-08T09:16:17","modified_gmt":"2025-10-08T07:16:17","slug":"informacions-i-calendari-dinici-de-curs","status":"publish","type":"page","link":"https:\/\/agora.xtec.cat\/iesmoianes\/linstitut\/informacions-i-calendari-dinici-de-curs\/","title":{"rendered":"Informacions i calendari d&#8217;inici de curs"},"content":{"rendered":"<p>En aquest document trobareu les informacions d&#8217;inter\u00e8s per a les fam\u00edlies i el calendari del curs<\/p>\n<ul>\n<li><span style=\"text-decoration: underline;\"><strong><a href=\"https:\/\/drive.google.com\/file\/d\/1gq_BY5FrbtKGvyb-ZCmfc_JnpzzrGTRV\/view?usp=drive_link\" target=\"_blank\" rel=\"noopener\">Informaci\u00f3 a les fam\u00edlies<\/a><\/strong><\/span><\/li>\n<\/ul>\n<ol>\n<li>Calendari del curs 25-26<\/li>\n<li>Distribuci\u00f3 hor\u00e0ria<\/li>\n<li>Informaci\u00f3 general del curs 2025-26<\/li>\n<li>Serveis<\/li>\n<li>Comunitat educativa<\/li>\n<li>Informes<\/li>\n<li>Sortides, festes i jornades<\/li>\n<li>Justificaci\u00f3 de les abs\u00e8ncies<\/li>\n<li>Avisos i recomanacions<\/li>\n<li>Protocol en cas de nevades<\/li>\n<li>Reunions informatives de cada nivell<\/li>\n<li>Conviv\u00e8ncies i viatges<\/li>\n<li>Material<\/li>\n<li>Canals de comunicaci\u00f3 de seguiment del dia a dia al centre<\/li>\n<\/ol>\n<p>&nbsp;<\/p>\n","protected":false},"excerpt":{"rendered":"<p>En aquest document trobareu les informacions d&#8217;inter\u00e8s per a les fam\u00edlies i el calendari del curs Informaci\u00f3 a les fam\u00edlies Calendari del curs 25-26 Distribuci\u00f3 hor\u00e0ria Informaci\u00f3 general del curs 2025-26 Serveis Comunitat educativa Informes Sortides, festes i jornades Justificaci\u00f3 de les abs\u00e8ncies Avisos i recomanacions Protocol en cas de nevades Reunions informatives de cada [&hellip;]<\/p>\n","protected":false},"author":1,"featured_media":0,"parent":19,"menu_order":95,"comment_status":"closed","ping_status":"closed","template":"page-templates\/side-menu.php","meta":{"_bbp_topic_count":0,"_bbp_reply_count":0,"_bbp_total_topic_count":0,"_bbp_total_reply_count":0,"_bbp_voice_count":0,"_bbp_anonymous_reply_count":0,"_bbp_topic_count_hidden":0,"_bbp_reply_count_hidden":0,"_bbp_forum_subforum_count":0,"site-sidebar-layout":"default","site-content-layout":"","ast-site-content-layout":"","site-content-style":"default","site-sidebar-style":"default","ast-global-header-display":"","ast-banner-title-visibility":"","ast-main-header-display":"","ast-hfb-above-header-display":"","ast-hfb-below-header-display":"","ast-hfb-mobile-header-display":"","site-post-title":"","ast-breadcrumbs-content":"","ast-featured-img":"","footer-sml-layout":"","theme-transparent-header-meta":"","adv-header-id-meta":"","stick-header-meta":"","header-above-stick-meta":"","header-main-stick-meta":"","header-below-stick-meta":"","astra-migrate-meta-layouts":"default","ast-page-background-enabled":"default","ast-page-background-meta":{"desktop":{"background-color":"var(--ast-global-color-4)","background-image":"","background-repeat":"repeat","background-position":"center center","background-size":"auto","background-attachment":"scroll","background-type":"","background-media":"","overlay-type":"","overlay-color":"","overlay-opacity":"","overlay-gradient":""},"tablet":{"background-color":"","background-image":"","background-repeat":"repeat","background-position":"center center","background-size":"auto","background-attachment":"scroll","background-type":"","background-media":"","overlay-type":"","overlay-color":"","overlay-opacity":"","overlay-gradient":""},"mobile":{"background-color":"","background-image":"","background-repeat":"repeat","background-position":"center center","background-size":"auto","background-attachment":"scroll","background-type":"","background-media":"","overlay-type":"","overlay-color":"","overlay-opacity":"","overlay-gradient":""}},"ast-content-background-meta":{"desktop":{"background-color":"var(--ast-global-color-5)","background-image":"","background-repeat":"repeat","background-position":"center center","background-size":"auto","background-attachment":"scroll","background-type":"","background-media":"","overlay-type":"","overlay-color":"","overlay-opacity":"","overlay-gradient":""},"tablet":{"background-color":"var(--ast-global-color-5)","background-image":"","background-repeat":"repeat","background-position":"center center","background-size":"auto","background-attachment":"scroll","background-type":"","background-media":"","overlay-type":"","overlay-color":"","overlay-opacity":"","overlay-gradient":""},"mobile":{"background-color":"var(--ast-global-color-5)","background-image":"","background-repeat":"repeat","background-position":"center center","background-size":"auto","background-attachment":"scroll","background-type":"","background-media":"","overlay-type":"","overlay-color":"","overlay-opacity":"","overlay-gradient":""}},"footnotes":""},"class_list":["post-4788","page","type-page","status-publish","hentry"],"post_mailing_queue_ids":[],"_links":{"self":[{"href":"https:\/\/agora.xtec.cat\/iesmoianes\/wp-json\/wp\/v2\/pages\/4788","targetHints":{"allow":["GET"]}}],"collection":[{"href":"https:\/\/agora.xtec.cat\/iesmoianes\/wp-json\/wp\/v2\/pages"}],"about":[{"href":"https:\/\/agora.xtec.cat\/iesmoianes\/wp-json\/wp\/v2\/types\/page"}],"author":[{"embeddable":true,"href":"https:\/\/agora.xtec.cat\/iesmoianes\/wp-json\/wp\/v2\/users\/1"}],"replies":[{"embeddable":true,"href":"https:\/\/agora.xtec.cat\/iesmoianes\/wp-json\/wp\/v2\/comments?post=4788"}],"version-history":[{"count":8,"href":"https:\/\/agora.xtec.cat\/iesmoianes\/wp-json\/wp\/v2\/pages\/4788\/revisions"}],"predecessor-version":[{"id":7363,"href":"https:\/\/agora.xtec.cat\/iesmoianes\/wp-json\/wp\/v2\/pages\/4788\/revisions\/7363"}],"up":[{"embeddable":true,"href":"https:\/\/agora.xtec.cat\/iesmoianes\/wp-json\/wp\/v2\/pages\/19"}],"wp:attachment":[{"href":"https:\/\/agora.xtec.cat\/iesmoianes\/wp-json\/wp\/v2\/media?parent=4788"}],"curies":[{"name":"wp","href":"https:\/\/api.w.org\/{rel}","templated":true}]}}