{"id":4780,"date":"2020-01-09T18:38:02","date_gmt":"2020-01-09T17:38:02","guid":{"rendered":"https:\/\/agora.xtec.cat\/iesmoianes\/?page_id=4780"},"modified":"2020-01-09T18:46:43","modified_gmt":"2020-01-09T17:46:43","slug":"projecte-linguistic-de-centre","status":"publish","type":"page","link":"https:\/\/agora.xtec.cat\/iesmoianes\/documents-de-gestio-de-centre\/projecte-linguistic-de-centre\/","title":{"rendered":"Projecte Ling\u00fc\u00edstic de Centre (PLC)"},"content":{"rendered":"<p class=\"western\">El Projecte Ling\u00fc\u00edstic de Centre (PLC), \u00e9s un document que ens servir\u00e0 per regular l&#8217;\u00fas de les lleng\u00fces al centre i per recollir les propostes educatives per a l&#8217;ensenyament i l&#8217;aprenentatge de les mateixes. Ha de ser flexible i adaptable a la situaci\u00f3 del centre, al seu entorn social i a l&#8217;alumnat.<\/p>\n<p class=\"western\">El PLC tamb\u00e9 ha de ser un instrument de reflexi\u00f3 sobre la import\u00e0ncia de fer que el professorat sigui conscient de la necessitat de desenvolupar les compet\u00e8ncies comunicatives i ling\u00fc\u00edstiques de l&#8217;alumnat per a l&#8217;assoliment dels objectius b\u00e0sics de la pr\u00f2pia mat\u00e8ria. I en aquest sentit caldr\u00e0 que s&#8217;impliqui en l&#8217;elaboraci\u00f3 i aplicaci\u00f3 d&#8217;aquest projecte.<\/p>\n<p class=\"western\">En el projecte ling\u00fc\u00edstic es defineix la llengua catalana com a llengua vehicular i d&#8217;aprenentatge del centre, aix\u00ed com el proc\u00e9s d&#8217;ensenyament i aprenentatge de la llengua castellana i les diferents opcions en refer\u00e8ncia a les lleng\u00fces estrangeres.<\/p>\n<p class=\"western\">Aix\u00ed mateix, tal i com estableix el Pla per a la llengua i la cohesi\u00f3 social, el Projecte Ling\u00fc\u00edstic de Centre promou, entre tot l&#8217;alumnat, el respecte envers totes les lleng\u00fces, la valoraci\u00f3 positiva de la diversitat ling\u00fc\u00edstica, la desaparici\u00f3 dels prejudicis ling\u00fc\u00edstics i la import\u00e0ncia de l&#8217;aprenentatge de noves lleng\u00fces.<\/p>\n<p class=\"western\">Aquest document forma part del Projecte Educatiu de Centre; per aquest motiu l&#8217;ideari del centre i els objectius de l&#8217;institut ja estan definits en el PEC. La direcci\u00f3 del centre vetllar\u00e0 per la seva distribuci\u00f3 i coneixement per part de tota la comunitat educativa, i tamb\u00e9 revisar i actualitzar peri\u00f2dicament per tal que aquest reculli les oportunes variacions que l&#8217;adaptin a possibles canvis i a noves circumst\u00e0ncies ling\u00fc\u00edstiques del centre.<\/p>\n<p><a href=\"https:\/\/agora.xtec.cat\/iesmoianes\/docs\/projecte-linguistic-de-centre-plc\">Projecte Ling\u00fc\u00edstic de Centre (PLC) de l&#8217;INS Moian\u00e8s<\/a><\/p>\n","protected":false},"excerpt":{"rendered":"<p>El Projecte Ling\u00fc\u00edstic de Centre (PLC), \u00e9s un document que ens servir\u00e0 per regular l&#8217;\u00fas de les lleng\u00fces al centre i per recollir les propostes educatives per a l&#8217;ensenyament i l&#8217;aprenentatge de les mateixes. Ha de ser flexible i adaptable a la situaci\u00f3 del centre, al seu entorn social i a l&#8217;alumnat. El PLC tamb\u00e9 [&hellip;]<\/p>\n","protected":false},"author":1,"featured_media":0,"parent":549,"menu_order":20,"comment_status":"closed","ping_status":"closed","template":"page-templates\/side-menu.php","meta":{"_bbp_topic_count":0,"_bbp_reply_count":0,"_bbp_total_topic_count":0,"_bbp_total_reply_count":0,"_bbp_voice_count":0,"_bbp_anonymous_reply_count":0,"_bbp_topic_count_hidden":0,"_bbp_reply_count_hidden":0,"_bbp_forum_subforum_count":0,"site-sidebar-layout":"default","site-content-layout":"","ast-site-content-layout":"","site-content-style":"default","site-sidebar-style":"default","ast-global-header-display":"","ast-banner-title-visibility":"","ast-main-header-display":"","ast-hfb-above-header-display":"","ast-hfb-below-header-display":"","ast-hfb-mobile-header-display":"","site-post-title":"","ast-breadcrumbs-content":"","ast-featured-img":"","footer-sml-layout":"","theme-transparent-header-meta":"","adv-header-id-meta":"","stick-header-meta":"","header-above-stick-meta":"","header-main-stick-meta":"","header-below-stick-meta":"","astra-migrate-meta-layouts":"default","ast-page-background-enabled":"default","ast-page-background-meta":{"desktop":{"background-color":"var(--ast-global-color-4)","background-image":"","background-repeat":"repeat","background-position":"center center","background-size":"auto","background-attachment":"scroll","background-type":"","background-media":"","overlay-type":"","overlay-color":"","overlay-opacity":"","overlay-gradient":""},"tablet":{"background-color":"","background-image":"","background-repeat":"repeat","background-position":"center center","background-size":"auto","background-attachment":"scroll","background-type":"","background-media":"","overlay-type":"","overlay-color":"","overlay-opacity":"","overlay-gradient":""},"mobile":{"background-color":"","background-image":"","background-repeat":"repeat","background-position":"center center","background-size":"auto","background-attachment":"scroll","background-type":"","background-media":"","overlay-type":"","overlay-color":"","overlay-opacity":"","overlay-gradient":""}},"ast-content-background-meta":{"desktop":{"background-color":"var(--ast-global-color-5)","background-image":"","background-repeat":"repeat","background-position":"center center","background-size":"auto","background-attachment":"scroll","background-type":"","background-media":"","overlay-type":"","overlay-color":"","overlay-opacity":"","overlay-gradient":""},"tablet":{"background-color":"var(--ast-global-color-5)","background-image":"","background-repeat":"repeat","background-position":"center center","background-size":"auto","background-attachment":"scroll","background-type":"","background-media":"","overlay-type":"","overlay-color":"","overlay-opacity":"","overlay-gradient":""},"mobile":{"background-color":"var(--ast-global-color-5)","background-image":"","background-repeat":"repeat","background-position":"center center","background-size":"auto","background-attachment":"scroll","background-type":"","background-media":"","overlay-type":"","overlay-color":"","overlay-opacity":"","overlay-gradient":""}},"footnotes":""},"class_list":["post-4780","page","type-page","status-publish","hentry"],"post_mailing_queue_ids":[],"_links":{"self":[{"href":"https:\/\/agora.xtec.cat\/iesmoianes\/wp-json\/wp\/v2\/pages\/4780","targetHints":{"allow":["GET"]}}],"collection":[{"href":"https:\/\/agora.xtec.cat\/iesmoianes\/wp-json\/wp\/v2\/pages"}],"about":[{"href":"https:\/\/agora.xtec.cat\/iesmoianes\/wp-json\/wp\/v2\/types\/page"}],"author":[{"embeddable":true,"href":"https:\/\/agora.xtec.cat\/iesmoianes\/wp-json\/wp\/v2\/users\/1"}],"replies":[{"embeddable":true,"href":"https:\/\/agora.xtec.cat\/iesmoianes\/wp-json\/wp\/v2\/comments?post=4780"}],"version-history":[{"count":3,"href":"https:\/\/agora.xtec.cat\/iesmoianes\/wp-json\/wp\/v2\/pages\/4780\/revisions"}],"predecessor-version":[{"id":4784,"href":"https:\/\/agora.xtec.cat\/iesmoianes\/wp-json\/wp\/v2\/pages\/4780\/revisions\/4784"}],"up":[{"embeddable":true,"href":"https:\/\/agora.xtec.cat\/iesmoianes\/wp-json\/wp\/v2\/pages\/549"}],"wp:attachment":[{"href":"https:\/\/agora.xtec.cat\/iesmoianes\/wp-json\/wp\/v2\/media?parent=4780"}],"curies":[{"name":"wp","href":"https:\/\/api.w.org\/{rel}","templated":true}]}}