{"id":473,"date":"2016-06-04T17:04:11","date_gmt":"2016-06-04T16:04:11","guid":{"rendered":"http:\/\/agora.xtec.cat\/iesmoianes\/?page_id=473"},"modified":"2025-10-08T10:16:16","modified_gmt":"2025-10-08T08:16:16","slug":"tramitacio-de-titols-academics","status":"publish","type":"page","link":"https:\/\/agora.xtec.cat\/iesmoianes\/secretaria\/tramits\/tramitacio-de-titols-academics\/","title":{"rendered":"Tramitaci\u00f3 de t\u00edtols acad\u00e8mics"},"content":{"rendered":"<p><strong>TRAMITACI\u00d3 DE T\u00cdTOLS<\/strong><\/p>\n<p align=\"justify\">Un cop finalitzat un pla d&#8217;estudis, s&#8217;ha d&#8217;expedir el corresponent t\u00edtol acad\u00e8mic.<\/p>\n<p align=\"justify\">En el cas de l&#8217;ESO, el centre tramitar\u00e0 de forma autom\u00e0tica (d&#8217;ofici) el t\u00edtol, ja que aquest est\u00e0 exempt de taxes.<\/p>\n<p align=\"justify\">Pel que fa al Batxillerat i Cicle Formatiu, un cop finalitzat el segon, l&#8217;alumne\/a haur\u00e0 de sol\u00b7licitar-ne l&#8217;expedici\u00f3. La tramitaci\u00f3 de la sol\u00b7licitud requereix pr\u00e8viament el pagament de la taxa del t\u00edtol sol\u00b7licitat. Per fer la sol\u00b7licitud, heu d&#8217;entrar a l&#8217;enlla\u00e7 que us adjuntem i all\u00e0 trobareu una guia on explica tots els passos que heu de fer:<\/p>\n<p align=\"justify\"><a href=\"https:\/\/educacio.gencat.cat\/ca\/tramits\/tramits-temes\/titols-academics-no-universitaris\">Sol\u00b7licitud t\u00edtol batxillerat o CFGM<\/a><\/p>\n<p align=\"justify\">Podeu consultar es tarifes vigents establertes a la Llei de taxes i preus p\u00fablics de la Generalitat de Catalunya en aquest <a href=\"http:\/\/ensenyament.gencat.cat\/ca\/departament\/normativa\/taxes-preus-publics\/taxes\/\">enlla\u00e7<\/a>.<\/p>\n<p align=\"justify\">En el cas que es vulgui gaudir de la reducci\u00f3 de taxa per pert\u00e0nyer a fam\u00edlia nombrosa, caldr\u00e0 acreditar-ho documentalment aportant fotoc\u00f2pia del carnet vigent.<\/p>\n<p align=\"justify\"><strong>LLIURAMENT DE T\u00cdTOLS<\/strong><\/p>\n<p align=\"justify\">El centre notificar\u00e0, per escrit, a la persona interessada que pot passar a recollir el t\u00edtol personalment o b\u00e9 mitjan\u00e7ant una tercera persona degudament autoritzada, segons el seg\u00fcent <a href=\"https:\/\/agora.xtec.cat\/iesmoianes\/docs\/autoritzacio-per-al-lliurament-dun-titol\/\">model<\/a>.<\/p>\n","protected":false},"excerpt":{"rendered":"<p>TRAMITACI\u00d3 DE T\u00cdTOLS Un cop finalitzat un pla d&#8217;estudis, s&#8217;ha d&#8217;expedir el corresponent t\u00edtol acad\u00e8mic. En el cas de l&#8217;ESO, el centre tramitar\u00e0 de forma autom\u00e0tica (d&#8217;ofici) el t\u00edtol, ja que aquest est\u00e0 exempt de taxes. Pel que fa al Batxillerat i Cicle Formatiu, un cop finalitzat el segon, l&#8217;alumne\/a haur\u00e0 de sol\u00b7licitar-ne l&#8217;expedici\u00f3. La [&hellip;]<\/p>\n","protected":false},"author":1,"featured_media":0,"parent":467,"menu_order":20,"comment_status":"closed","ping_status":"closed","template":"page-templates\/side-menu.php","meta":{"_bbp_topic_count":0,"_bbp_reply_count":0,"_bbp_total_topic_count":0,"_bbp_total_reply_count":0,"_bbp_voice_count":0,"_bbp_anonymous_reply_count":0,"_bbp_topic_count_hidden":0,"_bbp_reply_count_hidden":0,"_bbp_forum_subforum_count":0,"site-sidebar-layout":"default","site-content-layout":"","ast-site-content-layout":"","site-content-style":"default","site-sidebar-style":"default","ast-global-header-display":"","ast-banner-title-visibility":"","ast-main-header-display":"","ast-hfb-above-header-display":"","ast-hfb-below-header-display":"","ast-hfb-mobile-header-display":"","site-post-title":"","ast-breadcrumbs-content":"","ast-featured-img":"","footer-sml-layout":"","theme-transparent-header-meta":"","adv-header-id-meta":"","stick-header-meta":"","header-above-stick-meta":"","header-main-stick-meta":"","header-below-stick-meta":"","astra-migrate-meta-layouts":"default","ast-page-background-enabled":"default","ast-page-background-meta":{"desktop":{"background-color":"var(--ast-global-color-4)","background-image":"","background-repeat":"repeat","background-position":"center center","background-size":"auto","background-attachment":"scroll","background-type":"","background-media":"","overlay-type":"","overlay-color":"","overlay-opacity":"","overlay-gradient":""},"tablet":{"background-color":"","background-image":"","background-repeat":"repeat","background-position":"center center","background-size":"auto","background-attachment":"scroll","background-type":"","background-media":"","overlay-type":"","overlay-color":"","overlay-opacity":"","overlay-gradient":""},"mobile":{"background-color":"","background-image":"","background-repeat":"repeat","background-position":"center center","background-size":"auto","background-attachment":"scroll","background-type":"","background-media":"","overlay-type":"","overlay-color":"","overlay-opacity":"","overlay-gradient":""}},"ast-content-background-meta":{"desktop":{"background-color":"var(--ast-global-color-5)","background-image":"","background-repeat":"repeat","background-position":"center center","background-size":"auto","background-attachment":"scroll","background-type":"","background-media":"","overlay-type":"","overlay-color":"","overlay-opacity":"","overlay-gradient":""},"tablet":{"background-color":"var(--ast-global-color-5)","background-image":"","background-repeat":"repeat","background-position":"center center","background-size":"auto","background-attachment":"scroll","background-type":"","background-media":"","overlay-type":"","overlay-color":"","overlay-opacity":"","overlay-gradient":""},"mobile":{"background-color":"var(--ast-global-color-5)","background-image":"","background-repeat":"repeat","background-position":"center center","background-size":"auto","background-attachment":"scroll","background-type":"","background-media":"","overlay-type":"","overlay-color":"","overlay-opacity":"","overlay-gradient":""}},"footnotes":""},"class_list":["post-473","page","type-page","status-publish","hentry"],"post_mailing_queue_ids":[],"_links":{"self":[{"href":"https:\/\/agora.xtec.cat\/iesmoianes\/wp-json\/wp\/v2\/pages\/473","targetHints":{"allow":["GET"]}}],"collection":[{"href":"https:\/\/agora.xtec.cat\/iesmoianes\/wp-json\/wp\/v2\/pages"}],"about":[{"href":"https:\/\/agora.xtec.cat\/iesmoianes\/wp-json\/wp\/v2\/types\/page"}],"author":[{"embeddable":true,"href":"https:\/\/agora.xtec.cat\/iesmoianes\/wp-json\/wp\/v2\/users\/1"}],"replies":[{"embeddable":true,"href":"https:\/\/agora.xtec.cat\/iesmoianes\/wp-json\/wp\/v2\/comments?post=473"}],"version-history":[{"count":4,"href":"https:\/\/agora.xtec.cat\/iesmoianes\/wp-json\/wp\/v2\/pages\/473\/revisions"}],"predecessor-version":[{"id":7372,"href":"https:\/\/agora.xtec.cat\/iesmoianes\/wp-json\/wp\/v2\/pages\/473\/revisions\/7372"}],"up":[{"embeddable":true,"href":"https:\/\/agora.xtec.cat\/iesmoianes\/wp-json\/wp\/v2\/pages\/467"}],"wp:attachment":[{"href":"https:\/\/agora.xtec.cat\/iesmoianes\/wp-json\/wp\/v2\/media?parent=473"}],"curies":[{"name":"wp","href":"https:\/\/api.w.org\/{rel}","templated":true}]}}